{"id":3121,"date":"2024-07-29T10:56:28","date_gmt":"2024-07-29T10:56:28","guid":{"rendered":"https:\/\/www.archaeology.ie\/collections-and-publications\/"},"modified":"2025-03-14T16:51:24","modified_gmt":"2025-03-14T16:51:24","slug":"bailiuchain-agus-foilseachain","status":"publish","type":"page","link":"https:\/\/www.archaeology.ie\/ga\/bailiuchain-agus-foilseachain\/","title":{"rendered":"Baili\u00fach\u00e1in agus Foilseach\u00e1in"},"content":{"rendered":"\n<div class=\"wp-block-columns is-layout-flex wp-container-core-columns-is-layout-51c0b34d wp-block-columns-is-layout-flex\" style=\"padding-top:var(--wp--preset--spacing--50);padding-bottom:var(--wp--preset--spacing--50)\">\n<div class=\"wp-block-column is-layout-flow wp-block-column-is-layout-flow\" style=\"padding-right:0;padding-left:0\">\n<div class=\"wp-block-group card-block is-style-full-height is-layout-constrained wp-block-group-is-layout-constrained\" style=\"min-height:100%\"><a style=\"--color-bkg-hover:#fbfbfb;\" href=\"https:\/\/www.archaeology.ie\/ga\/bailiuchain-agus-foilseachain\/bailiuchain\/\"  aria-label=\"Collections\"  class=\"full-height wp-block-tiptip-hyperlink-group-block\" >\n<div class=\"wp-block-group has-background is-layout-constrained wp-container-core-group-is-layout-c06d165c wp-block-group-is-layout-constrained\" style=\"background-color:#f2f2f2;min-height:100%;padding-top:0;padding-right:0;padding-bottom:0;padding-left:0\">\n<div class=\"wp-block-group is-layout-constrained wp-block-group-is-layout-constrained\">\n<div class=\"wp-block-uagb-image uagb-block-42d59268 wp-block-uagb-image--layout-default wp-block-uagb-image--effect-static wp-block-uagb-image--align-none\"><figure class=\"wp-block-uagb-image__figure\"><img decoding=\"async\"  sizes=\"auto, (max-width: 480px) 150px\" src=\"https:\/\/www.archaeology.ie\/app\/uploads\/2024\/09\/Collections-e1725553589892.jpg\" alt=\"Hand drawing of an archaeological site\" width=\"1024\" height=\"537\" title=\"Hand drawing of an archaeological site\" loading=\"lazy\" role=\"img\"\/><\/figure><\/div>\n<\/div>\n\n\n\n<div class=\"wp-block-group is-layout-constrained wp-container-core-group-is-layout-8aa3d7c1 wp-block-group-is-layout-constrained\" style=\"min-height:100%;margin-top:var(--wp--preset--spacing--20);margin-bottom:var(--wp--preset--spacing--20);padding-top:var(--wp--preset--spacing--30);padding-right:var(--wp--preset--spacing--30);padding-bottom:var(--wp--preset--spacing--30);padding-left:var(--wp--preset--spacing--30)\">\n<div class=\"wp-block-uagb-advanced-heading uagb-block-8f8c8f38\"><h2 class=\"uagb-heading-text\">Baili\u00fach\u00e1in<\/h2><\/div>\n\n\n\n<p style=\"margin-top:0;margin-bottom:0;padding-top:0;padding-right:0;padding-bottom:0;padding-left:0\">Faigh amach faoi bhaili\u00fach\u00e1in suirbh\u00e9anna, tuarasc\u00e1lacha agus grianghraf a bhaineann le seand\u00e1la\u00edocht.<\/p>\n<\/div>\n<\/div>\n<\/a><\/div>\n<\/div>\n\n\n\n<div class=\"wp-block-column is-layout-flow wp-block-column-is-layout-flow\" style=\"padding-right:0;padding-left:0\">\n<div class=\"wp-block-group card-block is-style-full-height is-layout-constrained wp-block-group-is-layout-constrained\" style=\"min-height:100%\"><a style=\"--color-bkg-hover:#fbfbfb;\" href=\"https:\/\/www.archaeology.ie\/ga\/bailiuchain-agus-foilseachain\/foilseachain\/\"  aria-label=\"Publications\"  class=\"full-height wp-block-tiptip-hyperlink-group-block\" >\n<div class=\"wp-block-group has-background is-layout-constrained wp-container-core-group-is-layout-c06d165c wp-block-group-is-layout-constrained\" style=\"background-color:#f2f2f2;min-height:100%;padding-top:0;padding-right:0;padding-bottom:0;padding-left:0\">\n<div class=\"wp-block-group is-layout-constrained wp-block-group-is-layout-constrained\">\n<div class=\"wp-block-uagb-image uagb-block-ce48cf90 wp-block-uagb-image--layout-default wp-block-uagb-image--effect-static wp-block-uagb-image--align-none\"><figure class=\"wp-block-uagb-image__figure\"><img decoding=\"async\"  sizes=\"auto, (max-width: 480px) 150px\" src=\"https:\/\/www.archaeology.ie\/app\/uploads\/2024\/09\/Publications-1.jpg\" alt=\"A person browses through a publication\" width=\"1024\" height=\"537\" title=\"A person browses through a publication\" loading=\"lazy\" role=\"img\"\/><\/figure><\/div>\n<\/div>\n\n\n\n<div class=\"wp-block-group is-layout-constrained wp-container-core-group-is-layout-8aa3d7c1 wp-block-group-is-layout-constrained\" style=\"min-height:100%;margin-top:var(--wp--preset--spacing--20);margin-bottom:var(--wp--preset--spacing--20);padding-top:var(--wp--preset--spacing--30);padding-right:var(--wp--preset--spacing--30);padding-bottom:var(--wp--preset--spacing--30);padding-left:var(--wp--preset--spacing--30)\">\n<div class=\"wp-block-uagb-advanced-heading uagb-block-bef379d1\"><h2 class=\"uagb-heading-text\">Foilseach\u00e1in<\/h2><\/div>\n\n\n\n<p style=\"margin-top:0;margin-bottom:0;padding-top:0;padding-right:0;padding-bottom:0;padding-left:0\">Brabhs\u00e1il foilseach\u00e1in Sheirbh\u00eds na S\u00e9adchomhartha\u00ed N\u00e1isi\u00fanta (SSN) agus doicim\u00e9id eile.<\/p>\n<\/div>\n<\/div>\n<\/a><\/div>\n<\/div>\n\n\n\n<div class=\"wp-block-column is-layout-flow wp-block-column-is-layout-flow\" style=\"padding-right:0;padding-left:0\">\n<div class=\"wp-block-group card-block is-style-full-height is-layout-constrained wp-block-group-is-layout-constrained\" style=\"min-height:100%\"><a style=\"--color-bkg-hover:#fbfbfb;\" href=\"https:\/\/www.archaeology.ie\/ga\/bailiuchain-agus-foilseachain\/acmhainni-ilmheain\/\"  aria-label=\"Multimedia Resources\"  class=\"full-height wp-block-tiptip-hyperlink-group-block\" >\n<div class=\"wp-block-group has-background is-layout-constrained wp-container-core-group-is-layout-c06d165c wp-block-group-is-layout-constrained\" style=\"background-color:#f2f2f2;min-height:100%;padding-top:0;padding-right:0;padding-bottom:0;padding-left:0\">\n<div class=\"wp-block-group is-layout-constrained wp-block-group-is-layout-constrained\">\n<div class=\"wp-block-uagb-image uagb-block-f3d14515 wp-block-uagb-image--layout-default wp-block-uagb-image--effect-static wp-block-uagb-image--align-none\"><figure class=\"wp-block-uagb-image__figure\"><img decoding=\"async\"  sizes=\"auto, (max-width: 480px) 150px\" src=\"https:\/\/www.archaeology.ie\/app\/uploads\/2024\/08\/240222_UNESCO_Paris_PR_035-scaled.jpg\" alt=\"People attend a NMS photographic exhibition\" width=\"1024\" height=\"537\" title=\"People attend a NMS photographic exhibition\" loading=\"lazy\" role=\"img\"\/><\/figure><\/div>\n<\/div>\n\n\n\n<div class=\"wp-block-group is-layout-constrained wp-container-core-group-is-layout-8aa3d7c1 wp-block-group-is-layout-constrained\" style=\"min-height:100%;margin-top:var(--wp--preset--spacing--20);margin-bottom:var(--wp--preset--spacing--20);padding-top:var(--wp--preset--spacing--30);padding-right:var(--wp--preset--spacing--30);padding-bottom:var(--wp--preset--spacing--30);padding-left:var(--wp--preset--spacing--30)\">\n<div class=\"wp-block-uagb-advanced-heading uagb-block-629c09c0\"><h2 class=\"uagb-heading-text\">Acmhainn\u00ed Ilmhe\u00e1in<\/h2><\/div>\n\n\n\n<p style=\"margin-top:0;margin-bottom:0;padding-top:0;padding-right:0;padding-bottom:0;padding-left:0\">Foghlaim faoi na hacmhainn\u00ed ilmhe\u00e1n a chuirimid ar f\u00e1il.<\/p>\n<\/div>\n<\/div>\n<\/a><\/div>\n<\/div>\n<\/div>\n\n\n\n<div class=\"wp-block-columns is-layout-flex wp-container-core-columns-is-layout-51c0b34d wp-block-columns-is-layout-flex\" style=\"padding-top:var(--wp--preset--spacing--50);padding-bottom:var(--wp--preset--spacing--50)\">\n<div class=\"wp-block-column is-layout-flow wp-block-column-is-layout-flow\" style=\"padding-right:0;padding-left:0\">\n<div class=\"wp-block-group card-block is-style-full-height is-layout-constrained wp-block-group-is-layout-constrained\" style=\"min-height:100%\"><a style=\"--color-bkg-hover:#fbfbfb;\" href=\"https:\/\/www.archaeology.ie\/ga\/bailiuchain-agus-foilseachain\/sonrai-oscailte\/\"  aria-label=\"Open Data\"  class=\"full-height wp-block-tiptip-hyperlink-group-block\" >\n<div class=\"wp-block-group has-background is-layout-constrained wp-container-core-group-is-layout-c06d165c wp-block-group-is-layout-constrained\" style=\"background-color:#f2f2f2;min-height:100%;padding-top:0;padding-right:0;padding-bottom:0;padding-left:0\">\n<div class=\"wp-block-group is-layout-constrained wp-block-group-is-layout-constrained\">\n<div class=\"wp-block-uagb-image uagb-block-898993ee wp-block-uagb-image--layout-default wp-block-uagb-image--effect-static wp-block-uagb-image--align-none\"><figure class=\"wp-block-uagb-image__figure\"><img decoding=\"async\"  sizes=\"auto, (max-width: 480px) 150px\" src=\"https:\/\/www.archaeology.ie\/app\/uploads\/2024\/08\/BioCon-153.jpg\" alt=\"A person uses a laptop to access information\" width=\"1024\" height=\"537\" title=\"A person uses a laptop to access information\" loading=\"lazy\" role=\"img\"\/><\/figure><\/div>\n<\/div>\n\n\n\n<div class=\"wp-block-group is-layout-constrained wp-container-core-group-is-layout-8aa3d7c1 wp-block-group-is-layout-constrained\" style=\"min-height:100%;margin-top:var(--wp--preset--spacing--20);margin-bottom:var(--wp--preset--spacing--20);padding-top:var(--wp--preset--spacing--30);padding-right:var(--wp--preset--spacing--30);padding-bottom:var(--wp--preset--spacing--30);padding-left:var(--wp--preset--spacing--30)\">\n<div class=\"wp-block-uagb-advanced-heading uagb-block-f7806cf9\"><h3 class=\"uagb-heading-text\">Sonra\u00ed Oscailte<\/h3><\/div>\n\n\n\n<p style=\"margin-top:0;margin-bottom:0;padding-top:0;padding-right:0;padding-bottom:0;padding-left:0\">Faigh rochtain ar na h\u00edosl\u00f3d\u00e1lacha sonra\u00ed oscailte agus seirbh\u00eds\u00ed gr\u00e9as\u00e1in againn is m\u00f3 a bhfuil t\u00f3ir orthu.<\/p>\n<\/div>\n<\/div>\n<\/a><\/div>\n<\/div>\n\n\n\n<div class=\"wp-block-column is-layout-flow wp-block-column-is-layout-flow\" style=\"padding-right:0;padding-left:0\"><\/div>\n\n\n\n<div class=\"wp-block-column is-layout-flow wp-block-column-is-layout-flow\" style=\"padding-right:0;padding-left:0\"><\/div>\n<\/div>\n","protected":false},"excerpt":{"rendered":"","protected":false},"author":2,"featured_media":0,"parent":0,"menu_order":0,"comment_status":"closed","ping_status":"closed","template":"","meta":{"_acf_changed":false,"_uag_custom_page_level_css":"","site-sidebar-layout":"default","site-content-layout":"","ast-site-content-layout":"default","site-content-style":"default","site-sidebar-style":"default","ast-global-header-display":"","ast-banner-title-visibility":"","ast-main-header-display":"","ast-hfb-above-header-display":"","ast-hfb-below-header-display":"","ast-hfb-mobile-header-display":"","site-post-title":"","ast-breadcrumbs-content":"","ast-featured-img":"","footer-sml-layout":"","ast-disable-related-posts":"","theme-transparent-header-meta":"","adv-header-id-meta":"","stick-header-meta":"","header-above-stick-meta":"","header-main-stick-meta":"","header-below-stick-meta":"","astra-migrate-meta-layouts":"default","ast-page-background-enabled":"default","ast-page-background-meta":{"desktop":{"background-color":"var(--ast-global-color-4)","background-image":"","background-repeat":"repeat","background-position":"center center","background-size":"auto","background-attachment":"scroll","background-type":"","background-media":"","overlay-type":"","overlay-color":"","overlay-opacity":"","overlay-gradient":""},"tablet":{"background-color":"","background-image":"","background-repeat":"repeat","background-position":"center center","background-size":"auto","background-attachment":"scroll","background-type":"","background-media":"","overlay-type":"","overlay-color":"","overlay-opacity":"","overlay-gradient":""},"mobile":{"background-color":"","background-image":"","background-repeat":"repeat","background-position":"center center","background-size":"auto","background-attachment":"scroll","background-type":"","background-media":"","overlay-type":"","overlay-color":"","overlay-opacity":"","overlay-gradient":""}},"ast-content-background-meta":{"desktop":{"background-color":"var(--ast-global-color-5)","background-image":"","background-repeat":"repeat","background-position":"center center","background-size":"auto","background-attachment":"scroll","background-type":"","background-media":"","overlay-type":"","overlay-color":"","overlay-opacity":"","overlay-gradient":""},"tablet":{"background-color":"var(--ast-global-color-5)","background-image":"","background-repeat":"repeat","background-position":"center center","background-size":"auto","background-attachment":"scroll","background-type":"","background-media":"","overlay-type":"","overlay-color":"","overlay-opacity":"","overlay-gradient":""},"mobile":{"background-color":"var(--ast-global-color-5)","background-image":"","background-repeat":"repeat","background-position":"center center","background-size":"auto","background-attachment":"scroll","background-type":"","background-media":"","overlay-type":"","overlay-color":"","overlay-opacity":"","overlay-gradient":""}},"footnotes":""},"class_list":["post-3121","page","type-page","status-publish","hentry"],"acf":[],"yoast_head":"<!-- This site is optimized with the Yoast SEO plugin v27.3 - https:\/\/yoast.com\/product\/yoast-seo-wordpress\/ -->\n<title>Baili\u00fach\u00e1in agus Foilseach\u00e1in - Seirbh\u00eds na S\u00e9adchomhartha\u00edN\u00e1isi\u00fanta<\/title>\n<meta name=\"robots\" content=\"index, follow, max-snippet:-1, max-image-preview:large, max-video-preview:-1\" \/>\n<link rel=\"canonical\" href=\"https:\/\/www.archaeology.ie\/ga\/bailiuchain-agus-foilseachain\/\" \/>\n<meta property=\"og:locale\" content=\"ga_IE\" \/>\n<meta property=\"og:type\" content=\"article\" \/>\n<meta property=\"og:title\" content=\"Baili\u00fach\u00e1in agus Foilseach\u00e1in - Seirbh\u00eds na S\u00e9adchomhartha\u00edN\u00e1isi\u00fanta\" \/>\n<meta property=\"og:url\" content=\"https:\/\/www.archaeology.ie\/ga\/bailiuchain-agus-foilseachain\/\" \/>\n<meta property=\"og:site_name\" content=\"Seirbh\u00eds na S\u00e9adchomhartha\u00edN\u00e1isi\u00fanta\" \/>\n<meta property=\"article:publisher\" content=\"https:\/\/www.facebook.com\/NationalMons\/\" \/>\n<meta property=\"article:modified_time\" content=\"2025-03-14T16:51:24+00:00\" \/>\n<meta property=\"og:image\" content=\"https:\/\/www.archaeology.ie\/app\/uploads\/2024\/09\/Collections-e1725553589892.jpg\" \/>\n<meta name=\"twitter:card\" content=\"summary_large_image\" \/>\n<meta name=\"twitter:site\" content=\"@NationalMons\" \/>\n<!-- \/ Yoast SEO plugin. -->","yoast_head_json":{"title":"Baili\u00fach\u00e1in agus Foilseach\u00e1in - Seirbh\u00eds na S\u00e9adchomhartha\u00edN\u00e1isi\u00fanta","robots":{"index":"index","follow":"follow","max-snippet":"max-snippet:-1","max-image-preview":"max-image-preview:large","max-video-preview":"max-video-preview:-1"},"canonical":"https:\/\/www.archaeology.ie\/ga\/bailiuchain-agus-foilseachain\/","og_locale":"ga_IE","og_type":"article","og_title":"Baili\u00fach\u00e1in agus Foilseach\u00e1in - Seirbh\u00eds na S\u00e9adchomhartha\u00edN\u00e1isi\u00fanta","og_url":"https:\/\/www.archaeology.ie\/ga\/bailiuchain-agus-foilseachain\/","og_site_name":"Seirbh\u00eds na S\u00e9adchomhartha\u00edN\u00e1isi\u00fanta","article_publisher":"https:\/\/www.facebook.com\/NationalMons\/","article_modified_time":"2025-03-14T16:51:24+00:00","og_image":[{"url":"https:\/\/www.archaeology.ie\/app\/uploads\/2024\/09\/Collections-e1725553589892.jpg","type":"","width":"","height":""}],"twitter_card":"summary_large_image","twitter_site":"@NationalMons","schema":{"@context":"https:\/\/schema.org","@graph":[{"@type":"WebPage","@id":"https:\/\/www.archaeology.ie\/ga\/bailiuchain-agus-foilseachain\/","url":"https:\/\/www.archaeology.ie\/ga\/bailiuchain-agus-foilseachain\/","name":"Baili\u00fach\u00e1in agus Foilseach\u00e1in - Seirbh\u00eds na S\u00e9adchomhartha\u00edN\u00e1isi\u00fanta","isPartOf":{"@id":"https:\/\/www.archaeology.ie\/ga\/#website"},"primaryImageOfPage":{"@id":"https:\/\/www.archaeology.ie\/ga\/bailiuchain-agus-foilseachain\/#primaryimage"},"image":{"@id":"https:\/\/www.archaeology.ie\/ga\/bailiuchain-agus-foilseachain\/#primaryimage"},"thumbnailUrl":"https:\/\/www.archaeology.ie\/app\/uploads\/2024\/09\/Collections-e1725553589892.jpg","datePublished":"2024-07-29T10:56:28+00:00","dateModified":"2025-03-14T16:51:24+00:00","breadcrumb":{"@id":"https:\/\/www.archaeology.ie\/ga\/bailiuchain-agus-foilseachain\/#breadcrumb"},"inLanguage":"ga-IE","potentialAction":[{"@type":"ReadAction","target":["https:\/\/www.archaeology.ie\/ga\/bailiuchain-agus-foilseachain\/"]}]},{"@type":"ImageObject","inLanguage":"ga-IE","@id":"https:\/\/www.archaeology.ie\/ga\/bailiuchain-agus-foilseachain\/#primaryimage","url":"https:\/\/www.archaeology.ie\/app\/uploads\/2024\/09\/Collections-e1725553589892.jpg","contentUrl":"https:\/\/www.archaeology.ie\/app\/uploads\/2024\/09\/Collections-e1725553589892.jpg"},{"@type":"BreadcrumbList","@id":"https:\/\/www.archaeology.ie\/ga\/bailiuchain-agus-foilseachain\/#breadcrumb","itemListElement":[{"@type":"ListItem","position":1,"name":"Baile","item":"https:\/\/www.archaeology.ie\/ga\/"},{"@type":"ListItem","position":2,"name":"Baili\u00fach\u00e1in agus Foilseach\u00e1in"}]},{"@type":"WebSite","@id":"https:\/\/www.archaeology.ie\/ga\/#website","url":"https:\/\/www.archaeology.ie\/ga\/","name":"National Monuments Service","description":"National Monuments Service","publisher":{"@id":"https:\/\/www.archaeology.ie\/ga\/#organization"},"potentialAction":[{"@type":"SearchAction","target":{"@type":"EntryPoint","urlTemplate":"https:\/\/www.archaeology.ie\/ga\/?s={search_term_string}"},"query-input":{"@type":"PropertyValueSpecification","valueRequired":true,"valueName":"search_term_string"}}],"inLanguage":"ga-IE"},{"@type":"Organization","@id":"https:\/\/www.archaeology.ie\/ga\/#organization","name":"National Monuments Service","url":"https:\/\/www.archaeology.ie\/ga\/","logo":{"@type":"ImageObject","inLanguage":"ga-IE","@id":"https:\/\/www.archaeology.ie\/ga\/#\/schema\/logo\/image\/","url":"https:\/\/www.archaeology.ie\/app\/uploads\/2024\/07\/nms-logo.png","contentUrl":"https:\/\/www.archaeology.ie\/app\/uploads\/2024\/07\/nms-logo.png","width":503,"height":124,"caption":"National Monuments Service"},"image":{"@id":"https:\/\/www.archaeology.ie\/ga\/#\/schema\/logo\/image\/"},"sameAs":["https:\/\/www.facebook.com\/NationalMons\/","https:\/\/x.com\/NationalMons"]}]}},"spectra_custom_meta":{"_wpml_media_duplicate":["1"],"_wpml_media_featured":["1"],"_top_nav_excluded":[""],"_cms_nav_minihome":[""],"_last_translation_edit_mode":["native-editor"],"_wp_page_template":[""],"_edit_lock":["1741971086:5"],"_edit_last":["5"],"_wpml_media_has_media":["1"],"_yoast_wpseo_content_score":["90"],"_yoast_wpseo_estimated-reading-time-minutes":["2"],"cmplz_hide_cookiebanner":[""],"_uag_css_file_name":["uag-css-3121.css"]},"uagb_featured_image_src":{"full":false,"thumbnail":false,"medium":false,"medium_large":false,"large":false,"1536x1536":false,"2048x2048":false,"gform-image-choice-sm":false,"gform-image-choice-md":false,"gform-image-choice-lg":false},"uagb_author_info":{"display_name":"Jose","author_link":"https:\/\/www.archaeology.ie\/ga\/author\/jose\/"},"uagb_comment_info":0,"uagb_excerpt":null,"_links":{"self":[{"href":"https:\/\/www.archaeology.ie\/ga\/wp-json\/wp\/v2\/pages\/3121","targetHints":{"allow":["GET"]}}],"collection":[{"href":"https:\/\/www.archaeology.ie\/ga\/wp-json\/wp\/v2\/pages"}],"about":[{"href":"https:\/\/www.archaeology.ie\/ga\/wp-json\/wp\/v2\/types\/page"}],"author":[{"embeddable":true,"href":"https:\/\/www.archaeology.ie\/ga\/wp-json\/wp\/v2\/users\/2"}],"replies":[{"embeddable":true,"href":"https:\/\/www.archaeology.ie\/ga\/wp-json\/wp\/v2\/comments?post=3121"}],"version-history":[{"count":16,"href":"https:\/\/www.archaeology.ie\/ga\/wp-json\/wp\/v2\/pages\/3121\/revisions"}],"predecessor-version":[{"id":4412,"href":"https:\/\/www.archaeology.ie\/ga\/wp-json\/wp\/v2\/pages\/3121\/revisions\/4412"}],"wp:attachment":[{"href":"https:\/\/www.archaeology.ie\/ga\/wp-json\/wp\/v2\/media?parent=3121"}],"curies":[{"name":"wp","href":"https:\/\/api.w.org\/{rel}","templated":true}]}}