{"id":3298,"date":"2024-09-16T11:01:16","date_gmt":"2024-09-16T11:01:16","guid":{"rendered":"https:\/\/www.archaeology.ie\/ceadunas-tochailte\/"},"modified":"2025-04-04T13:56:44","modified_gmt":"2025-04-04T13:56:44","slug":"ceadunas-tochailte","status":"publish","type":"page","link":"https:\/\/www.archaeology.ie\/ga\/comhairle-agus-tacaiocht\/dean-iarratas-ar-cheadunais-agus-ar-thoilithe\/ceadunas-tochailte\/","title":{"rendered":"Cead\u00fanas Tochailte"},"content":{"rendered":"\n<h2 class=\"wp-block-heading\">Cathain a bh\u00edonn Cead\u00fanas Tochailte ag teast\u00e1il?<\/h2>\n\n\n\n<p>T\u00e1 Cead\u00fanas Tochailte \u00e9igeantach nuair a bh\u00edonn aon tochailt \u00e1 d\u00e9anamh chun cr\u00edocha seand\u00e1la\u00edochta (mura bhfuil na hoibreacha \u00e1 nd\u00e9anamh faoi <a href=\"https:\/\/www.archaeology.ie\/ga\/comhairle-agus-tacaiocht\/dean-iarratas-ar-cheadunais-agus-ar-thoilithe\/ordachan-on-aire\/\">Ordach\u00e1n \u00f3n Aire<\/a> n\u00f3 faoi <a href=\"https:\/\/www.archaeology.ie\/ga\/comhairle-agus-tacaiocht\/dean-iarratas-ar-cheadunais-agus-ar-thoilithe\/cead-on-aire\/\">Thoili\u00fa an Aire<\/a>). Chomh maith leis sin, molaimid go bhfaightear Cead\u00fanas Tochailte nuair a bh\u00edonn faireach\u00e1n seand\u00e1la\u00edochta \u00e1 dh\u00e9anamh. <\/p>\n\n\n\n<p><strong>Tabhair faoi deara:<\/strong> Le haghaidh cine\u00e1lacha \u00e1irithe d\u2019ini\u00fachadh seand\u00e1la\u00edochta, b\u2019fh\u00e9idir go mbeadh s\u00e9 riachtanach toilithe n\u00f3 cead\u00fanais thaca\u00edochta eile a fh\u00e1il ag an am c\u00e9anna leis an gCead\u00fanas Tochailte. Mar shampla, teasta\u00edonn <a href=\"https:\/\/www.archaeology.ie\/ga\/comhairle-agus-tacaiocht\/dean-iarratas-ar-cheadunais-agus-ar-thoilithe\/toiliu-maidir-le-feiste-braite\/\">Toili\u00fa Gl\u00e9is Braite<\/a> chun brathad\u00f3ir miotail a \u00fas\u00e1id chun d\u00e9ant\u00e1in a chuardach mar chuid d\u2019ini\u00fachadh seand\u00e1la\u00edochta; teasta\u00edonn <a href=\"https:\/\/www.archaeology.ie\/ga\/comhairle-agus-tacaiocht\/dean-iarratas-ar-cheadunais-agus-ar-thoilithe\/ceadunas-tumadoireachtadive-licence\/\">Cead\u00fanas Tumad\u00f3ireachta<\/a> chun tochailt a dh\u00e9anamh ag l\u00e1ithre\u00e1n faoi uisce. <\/p>\n\n\n\n<h2 class=\"wp-block-heading\">C\u00e9 hiad na daoine a bhfuil cead acu iarratas a dh\u00e9anamh ar Chead\u00fanas Tochailte?<\/h2>\n\n\n\n<p>Ba cheart go mbeadh gach iarratas\u00f3ir ar Chead\u00fanais Tochailte eolach ar sheand\u00e1la\u00edocht go ginear\u00e1lta\u2014agus ar sheand\u00e1la\u00edocht na h\u00c9ireann go h\u00e1irithe\u2014agus n\u00ed m\u00f3r go mbeid\u00eds in ann tochailt seand\u00e1la\u00edochta a dh\u00e9anamh. D\u00e9antar \u00e9 sin a mheas ag agallamh inni\u00falachta. F\u00e9adfaidh seand\u00e1laithe \u00f3 bhallst\u00e1it an Aontais Eorpaigh (AE) agus \u00f3n Limist\u00e9ar Eorpach Eacnama\u00edoch (LEE) ar mian leo tochailt\u00ed seand\u00e1la\u00edochta a dh\u00e9anamh in \u00c9irinn ar bhonn sealadach n\u00f3 \u00f3c\u00e1ideach iarratas a dh\u00e9anamh ar dh\u00edol\u00faine i nd\u00e1il leis an gceanglas a bhaineann le hagallamh a dh\u00e9anamh. F\u00e9ach ar an rann\u00f3g dar teideal <a href=\"https:\/\/www.archaeology.ie\/ga\/comhairle-agus-tacaiocht\/dean-iarratas-ar-cheadunais-agus-ar-thoilithe\/ceadunas-tochailte\/agallamh-inniulachta\/\">Agallamh Inni\u00falachta<\/a> m\u00e1 theasta\u00edonn n\u00edos m\u00f3 eolais uait maidir le bheith inch\u00e1ilithe chun cead\u00fanas a fh\u00e1il tr\u00ed agallamh a dh\u00e9anamh n\u00f3 tr\u00edd an bpr\u00f3iseas d\u00edol\u00faine.  <\/p>\n\n\n\n<p>N\u00ed m\u00f3r go mbeadh \u2018dea-chl\u00fa\u2019 ar na hiarratas\u00f3ir\u00ed tr\u00e1th d\u00e9anta iarratais: n\u00ed m\u00f3r go mbeadh coinn\u00edollacha aon chead\u00fanais a eis\u00edodh d\u00f3ibh roimhe sin comhl\u00edonta go s\u00e1s\u00fail, agus go h\u00e1irithe, n\u00ed m\u00f3r go mbeadh na ceanglais tuairiscithe ar fad comhl\u00edonta acu. Mura bhfuil \u2018dea-chl\u00fa\u2019 ar iarratas\u00f3ir, ansin d\u2019fh\u00e9adfa\u00ed moill a chur ar phr\u00f3ise\u00e1il iarratais fad is at\u00e1thar ag d\u00edri\u00fa ar aon cheanglas gan r\u00e9iteach a bhain le cead\u00fanais a bh\u00ed acu roimhe sin. Chomh maith leis sin, coime\u00e1dann Seirbh\u00eds na S\u00e9adchomhartha\u00ed N\u00e1isi\u00fanta an ceart di\u00falt\u00fa d\u2019iarratais ar chead\u00fanas sa ch\u00e1s go bhfuil a leith\u00e9id de cheisteanna gan r\u00e9iteach.  <\/p>\n\n\n\n<div class=\"wp-block-columns is-layout-flex wp-container-core-columns-is-layout-b5449230 wp-block-columns-is-layout-flex\" style=\"padding-top:var(--wp--preset--spacing--50);padding-right:0;padding-bottom:var(--wp--preset--spacing--50);padding-left:0\">\n<div class=\"wp-block-column is-layout-flow wp-block-column-is-layout-flow\" style=\"padding-right:0;padding-left:0\">\n<div class=\"wp-block-group card-block is-style-full-height is-layout-constrained wp-block-group-is-layout-constrained\" style=\"min-height:100%\"><a style=\"--color-bkg-hover:#fbfbfb;\" href=\"https:\/\/www.archaeology.ie\/ga\/comhairle-agus-tacaiocht\/dean-iarratas-ar-cheadunais-agus-ar-thoilithe\/ceadunas-tochailte\/proiseas-iarratais\/\"  aria-label=\"Application Process\"  class=\"full-height wp-block-tiptip-hyperlink-group-block\" >\n<div class=\"wp-block-group has-background is-layout-constrained wp-container-core-group-is-layout-c06d165c wp-block-group-is-layout-constrained\" style=\"background-color:#f2f2f2;min-height:100%;padding-top:0;padding-right:0;padding-bottom:0;padding-left:0\">\n<div class=\"wp-block-group is-layout-constrained wp-block-group-is-layout-constrained\">\n<div class=\"wp-block-uagb-image uagb-block-42d59268 wp-block-uagb-image--layout-default wp-block-uagb-image--effect-static wp-block-uagb-image--align-none\"><figure class=\"wp-block-uagb-image__figure\"><img decoding=\"async\" srcset=\"https:\/\/www.archaeology.ie\/app\/uploads\/2024\/10\/Application-Process-1024x683.jpg ,https:\/\/www.archaeology.ie\/app\/uploads\/2024\/10\/Application-Process.jpg 780w, https:\/\/www.archaeology.ie\/app\/uploads\/2024\/10\/Application-Process.jpg 360w\" sizes=\"auto, (max-width: 480px) 150px\" src=\"https:\/\/www.archaeology.ie\/app\/uploads\/2024\/10\/Application-Process-1024x683.jpg\" alt=\"Duine ag cl\u00e1r\u00fa sonra\u00ed tochailte\" class=\"uag-image-2435\" width=\"1024\" height=\"537\" title=\"Duine ag cl\u00e1r\u00fa sonra\u00ed tochailte\" loading=\"lazy\" role=\"img\"\/><\/figure><\/div>\n<\/div>\n\n\n\n<div class=\"wp-block-group is-layout-constrained wp-container-core-group-is-layout-8aa3d7c1 wp-block-group-is-layout-constrained\" style=\"min-height:100%;margin-top:var(--wp--preset--spacing--20);margin-bottom:var(--wp--preset--spacing--20);padding-top:var(--wp--preset--spacing--30);padding-right:var(--wp--preset--spacing--30);padding-bottom:var(--wp--preset--spacing--30);padding-left:var(--wp--preset--spacing--30)\">\n<div class=\"wp-block-uagb-advanced-heading uagb-block-8f8c8f38\"><h2 class=\"uagb-heading-text\">Pr\u00f3iseas Iarratais<\/h2><\/div>\n\n\n\n<p style=\"margin-top:0;margin-bottom:0;padding-top:0;padding-right:0;padding-bottom:0;padding-left:0\">Faigh eolas maidir le conas iarratas a dh\u00e9anamh ar Chead\u00fanas Tochailte n\u00f3 Cead\u00fanas at\u00e1 eisithe cheana f\u00e9in a nuashonr\u00fa\/a athr\u00fa.<\/p>\n<\/div>\n<\/div>\n<\/a><\/div>\n<\/div>\n\n\n\n<div class=\"wp-block-column is-layout-flow wp-block-column-is-layout-flow\" style=\"padding-right:0;padding-left:0\">\n<div class=\"wp-block-group card-block is-style-full-height is-layout-constrained wp-block-group-is-layout-constrained\" style=\"min-height:100%\"><a style=\"--color-bkg-hover:#fbfbfb;\" href=\"https:\/\/www.archaeology.ie\/ga\/comhairle-agus-tacaiocht\/dean-iarratas-ar-cheadunais-agus-ar-thoilithe\/ceadunas-tochailte\/agallamh-inniulachta\/\"  aria-label=\"Competency Interview\"  class=\"full-height wp-block-tiptip-hyperlink-group-block\" >\n<div class=\"wp-block-group has-background is-layout-constrained wp-container-core-group-is-layout-c06d165c wp-block-group-is-layout-constrained\" style=\"background-color:#f2f2f2;min-height:100%;padding-top:0;padding-right:0;padding-bottom:0;padding-left:0\">\n<div class=\"wp-block-group is-layout-constrained wp-block-group-is-layout-constrained\">\n<div class=\"wp-block-uagb-image uagb-block-ce48cf90 wp-block-uagb-image--layout-default wp-block-uagb-image--effect-static wp-block-uagb-image--align-none\"><figure class=\"wp-block-uagb-image__figure\"><img decoding=\"async\" srcset=\"https:\/\/www.archaeology.ie\/app\/uploads\/2024\/10\/Competancy-Interview-1024x683.jpg ,https:\/\/www.archaeology.ie\/app\/uploads\/2024\/10\/Competancy-Interview.jpg 780w, https:\/\/www.archaeology.ie\/app\/uploads\/2024\/10\/Competancy-Interview.jpg 360w\" sizes=\"auto, (max-width: 480px) 150px\" src=\"https:\/\/www.archaeology.ie\/app\/uploads\/2024\/10\/Competancy-Interview-1024x683.jpg\" alt=\"Seand\u00e1la\u00ed ag obair ar thochailt\" class=\"uag-image-2437\" width=\"1024\" height=\"537\" title=\"Seand\u00e1la\u00ed ag obair ar thochailt\" loading=\"lazy\" role=\"img\"\/><\/figure><\/div>\n<\/div>\n\n\n\n<div class=\"wp-block-group is-layout-constrained wp-container-core-group-is-layout-8aa3d7c1 wp-block-group-is-layout-constrained\" style=\"min-height:100%;margin-top:var(--wp--preset--spacing--20);margin-bottom:var(--wp--preset--spacing--20);padding-top:var(--wp--preset--spacing--30);padding-right:var(--wp--preset--spacing--30);padding-bottom:var(--wp--preset--spacing--30);padding-left:var(--wp--preset--spacing--30)\">\n<div class=\"wp-block-uagb-advanced-heading uagb-block-bef379d1\"><h2 class=\"uagb-heading-text\">Agallamh Inni\u00falachta<\/h2><\/div>\n\n\n\n<p style=\"margin-top:0;margin-bottom:0;padding-top:0;padding-right:0;padding-bottom:0;padding-left:0\">Faigh eolas maidir le pr\u00f3iseas an Agallaimh Inni\u00falachta d\u2019iarratas\u00f3ir\u00ed c\u00e9aduaire agus maidir leis na d\u00edol\u00faint\u00ed at\u00e1 i bhfeidhm.<\/p>\n<\/div>\n<\/div>\n<\/a><\/div>\n<\/div>\n\n\n\n<div class=\"wp-block-column is-layout-flow wp-block-column-is-layout-flow\" style=\"padding-right:0;padding-left:0\">\n<div class=\"wp-block-group card-block is-style-full-height is-layout-constrained wp-block-group-is-layout-constrained\" style=\"min-height:100%\"><a style=\"--color-bkg-hover:#fbfbfb;\" href=\"https:\/\/www.archaeology.ie\/ga\/comhairle-agus-tacaiocht\/dean-iarratas-ar-cheadunais-agus-ar-thoilithe\/ceadunas-tochailte\/tuarascalacha-tochailte\/\"  aria-label=\"Excavation Reports\"  class=\"full-height wp-block-tiptip-hyperlink-group-block\" >\n<div class=\"wp-block-group has-background is-layout-constrained wp-container-core-group-is-layout-c06d165c wp-block-group-is-layout-constrained\" style=\"background-color:#f2f2f2;min-height:100%;padding-top:0;padding-right:0;padding-bottom:0;padding-left:0\">\n<div class=\"wp-block-group is-layout-constrained wp-block-group-is-layout-constrained\">\n<div class=\"wp-block-uagb-image uagb-block-f3d14515 wp-block-uagb-image--layout-default wp-block-uagb-image--effect-static wp-block-uagb-image--align-none\"><figure class=\"wp-block-uagb-image__figure\"><img decoding=\"async\" srcset=\"https:\/\/www.archaeology.ie\/app\/uploads\/2024\/10\/Excavation-Reports-1024x683.jpg ,https:\/\/www.archaeology.ie\/app\/uploads\/2024\/10\/Excavation-Reports.jpg 780w, https:\/\/www.archaeology.ie\/app\/uploads\/2024\/10\/Excavation-Reports.jpg 360w\" sizes=\"auto, (max-width: 480px) 150px\" src=\"https:\/\/www.archaeology.ie\/app\/uploads\/2024\/10\/Excavation-Reports-1024x683.jpg\" alt=\"Radharc de Chartlann Sheirbh\u00eds na S\u00e9adchomhartha\u00ed N\u00e1isi\u00fanta\" class=\"uag-image-2439\" width=\"1024\" height=\"537\" title=\"Radharc de Chartlann Sheirbh\u00eds na S\u00e9adchomhartha\u00ed N\u00e1isi\u00fanta\" loading=\"lazy\" role=\"img\"\/><\/figure><\/div>\n<\/div>\n\n\n\n<div class=\"wp-block-group is-layout-constrained wp-container-core-group-is-layout-8aa3d7c1 wp-block-group-is-layout-constrained\" style=\"min-height:100%;margin-top:var(--wp--preset--spacing--20);margin-bottom:var(--wp--preset--spacing--20);padding-top:var(--wp--preset--spacing--30);padding-right:var(--wp--preset--spacing--30);padding-bottom:var(--wp--preset--spacing--30);padding-left:var(--wp--preset--spacing--30)\">\n<div class=\"wp-block-uagb-advanced-heading uagb-block-629c09c0\"><h2 class=\"uagb-heading-text\">Tuarasc\u00e1lacha Tochailte<\/h2><\/div>\n\n\n\n<p style=\"margin-top:0;margin-bottom:0;padding-top:0;padding-right:0;padding-bottom:0;padding-left:0\">Faigh amach faoi na riachtanais tuairiscithe le haghaidh tochailt\u00ed cr\u00edochnaithe.<\/p>\n<\/div>\n<\/div>\n<\/a><\/div>\n<\/div>\n<\/div>\n\n\n\n<h2 class=\"wp-block-heading\">C\u00e1 bhfuil an reachta\u00edocht \u00e1bhartha le f\u00e1il?<\/h2>\n\n\n\n<ul class=\"wp-block-list\">\n<li>Achtanna na S\u00e9adchomhartha\u00ed N\u00e1isi\u00fanta, 1930\u20132014<ul><li><a href=\"https:\/\/www.irishstatutebook.ie\/eli\/1930\/act\/2\/section\/26\/enacted\/en\/html#sec26\">Alt 26 (1930)<\/a><a href=\"https:\/\/www.irishstatutebook.ie\/eli\/1987\/act\/17\/section\/16\/enacted\/en\/html#sec16\"> arna leas\u00fa (1987)<\/a><\/li><\/ul>\n<ul class=\"wp-block-list\">\n<li><a href=\"https:\/\/www.irishstatutebook.ie\/eli\/1994\/act\/17\/section\/21\/enacted\/en\/html#sec21\">arna leas\u00fa (1994)<\/a><\/li>\n<\/ul>\n<\/li>\n<\/ul>\n","protected":false},"excerpt":{"rendered":"<p>Cathain a bh\u00edonn Cead\u00fanas Tochailte ag teast\u00e1il? T\u00e1 Cead\u00fanas Tochailte \u00e9igeantach nuair a bh\u00edonn aon tochailt \u00e1 d\u00e9anamh chun cr\u00edocha [&hellip;]<\/p>\n","protected":false},"author":8,"featured_media":0,"parent":3724,"menu_order":0,"comment_status":"closed","ping_status":"closed","template":"","meta":{"_acf_changed":false,"_uag_custom_page_level_css":"","site-sidebar-layout":"default","site-content-layout":"","ast-site-content-layout":"default","site-content-style":"default","site-sidebar-style":"default","ast-global-header-display":"","ast-banner-title-visibility":"","ast-main-header-display":"","ast-hfb-above-header-display":"","ast-hfb-below-header-display":"","ast-hfb-mobile-header-display":"","site-post-title":"","ast-breadcrumbs-content":"","ast-featured-img":"","footer-sml-layout":"","ast-disable-related-posts":"","theme-transparent-header-meta":"","adv-header-id-meta":"","stick-header-meta":"","header-above-stick-meta":"","header-main-stick-meta":"","header-below-stick-meta":"","astra-migrate-meta-layouts":"default","ast-page-background-enabled":"default","ast-page-background-meta":{"desktop":{"background-color":"var(--ast-global-color-4)","background-image":"","background-repeat":"repeat","background-position":"center center","background-size":"auto","background-attachment":"scroll","background-type":"","background-media":"","overlay-type":"","overlay-color":"","overlay-opacity":"","overlay-gradient":""},"tablet":{"background-color":"","background-image":"","background-repeat":"repeat","background-position":"center center","background-size":"auto","background-attachment":"scroll","background-type":"","background-media":"","overlay-type":"","overlay-color":"","overlay-opacity":"","overlay-gradient":""},"mobile":{"background-color":"","background-image":"","background-repeat":"repeat","background-position":"center center","background-size":"auto","background-attachment":"scroll","background-type":"","background-media":"","overlay-type":"","overlay-color":"","overlay-opacity":"","overlay-gradient":""}},"ast-content-background-meta":{"desktop":{"background-color":"var(--ast-global-color-5)","background-image":"","background-repeat":"repeat","background-position":"center center","background-size":"auto","background-attachment":"scroll","background-type":"","background-media":"","overlay-type":"","overlay-color":"","overlay-opacity":"","overlay-gradient":""},"tablet":{"background-color":"var(--ast-global-color-5)","background-image":"","background-repeat":"repeat","background-position":"center center","background-size":"auto","background-attachment":"scroll","background-type":"","background-media":"","overlay-type":"","overlay-color":"","overlay-opacity":"","overlay-gradient":""},"mobile":{"background-color":"var(--ast-global-color-5)","background-image":"","background-repeat":"repeat","background-position":"center center","background-size":"auto","background-attachment":"scroll","background-type":"","background-media":"","overlay-type":"","overlay-color":"","overlay-opacity":"","overlay-gradient":""}},"footnotes":""},"class_list":["post-3298","page","type-page","status-publish","hentry"],"acf":[],"yoast_head":"<!-- This site is optimized with the Yoast SEO plugin v27.3 - https:\/\/yoast.com\/product\/yoast-seo-wordpress\/ -->\n<title>Cead\u00fanas Tochailte - Seirbh\u00eds na S\u00e9adchomhartha\u00edN\u00e1isi\u00fanta<\/title>\n<meta name=\"robots\" content=\"index, follow, max-snippet:-1, max-image-preview:large, max-video-preview:-1\" \/>\n<link rel=\"canonical\" href=\"https:\/\/www.archaeology.ie\/ga\/comhairle-agus-tacaiocht\/dean-iarratas-ar-cheadunais-agus-ar-thoilithe\/ceadunas-tochailte\/\" \/>\n<meta property=\"og:locale\" content=\"ga_IE\" \/>\n<meta property=\"og:type\" content=\"article\" \/>\n<meta property=\"og:title\" content=\"Cead\u00fanas Tochailte - Seirbh\u00eds na S\u00e9adchomhartha\u00edN\u00e1isi\u00fanta\" \/>\n<meta property=\"og:description\" content=\"Cathain a bh\u00edonn Cead\u00fanas Tochailte ag teast\u00e1il? T\u00e1 Cead\u00fanas Tochailte \u00e9igeantach nuair a bh\u00edonn aon tochailt \u00e1 d\u00e9anamh chun cr\u00edocha [&hellip;]\" \/>\n<meta property=\"og:url\" content=\"https:\/\/www.archaeology.ie\/ga\/comhairle-agus-tacaiocht\/dean-iarratas-ar-cheadunais-agus-ar-thoilithe\/ceadunas-tochailte\/\" \/>\n<meta property=\"og:site_name\" content=\"Seirbh\u00eds na S\u00e9adchomhartha\u00edN\u00e1isi\u00fanta\" \/>\n<meta property=\"article:publisher\" content=\"https:\/\/www.facebook.com\/NationalMons\/\" \/>\n<meta property=\"article:modified_time\" content=\"2025-04-04T13:56:44+00:00\" \/>\n<meta property=\"og:image\" content=\"https:\/\/www.archaeology.ie\/app\/uploads\/2024\/10\/Application-Process-1024x683.jpg\" \/>\n<meta name=\"twitter:card\" content=\"summary_large_image\" \/>\n<meta name=\"twitter:site\" content=\"@NationalMons\" \/>\n<!-- \/ Yoast SEO plugin. -->","yoast_head_json":{"title":"Cead\u00fanas Tochailte - Seirbh\u00eds na S\u00e9adchomhartha\u00edN\u00e1isi\u00fanta","robots":{"index":"index","follow":"follow","max-snippet":"max-snippet:-1","max-image-preview":"max-image-preview:large","max-video-preview":"max-video-preview:-1"},"canonical":"https:\/\/www.archaeology.ie\/ga\/comhairle-agus-tacaiocht\/dean-iarratas-ar-cheadunais-agus-ar-thoilithe\/ceadunas-tochailte\/","og_locale":"ga_IE","og_type":"article","og_title":"Cead\u00fanas Tochailte - Seirbh\u00eds na S\u00e9adchomhartha\u00edN\u00e1isi\u00fanta","og_description":"Cathain a bh\u00edonn Cead\u00fanas Tochailte ag teast\u00e1il? T\u00e1 Cead\u00fanas Tochailte \u00e9igeantach nuair a bh\u00edonn aon tochailt \u00e1 d\u00e9anamh chun cr\u00edocha [&hellip;]","og_url":"https:\/\/www.archaeology.ie\/ga\/comhairle-agus-tacaiocht\/dean-iarratas-ar-cheadunais-agus-ar-thoilithe\/ceadunas-tochailte\/","og_site_name":"Seirbh\u00eds na S\u00e9adchomhartha\u00edN\u00e1isi\u00fanta","article_publisher":"https:\/\/www.facebook.com\/NationalMons\/","article_modified_time":"2025-04-04T13:56:44+00:00","og_image":[{"url":"https:\/\/www.archaeology.ie\/app\/uploads\/2024\/10\/Application-Process-1024x683.jpg","type":"","width":"","height":""}],"twitter_card":"summary_large_image","twitter_site":"@NationalMons","schema":{"@context":"https:\/\/schema.org","@graph":[{"@type":"WebPage","@id":"https:\/\/www.archaeology.ie\/ga\/comhairle-agus-tacaiocht\/dean-iarratas-ar-cheadunais-agus-ar-thoilithe\/ceadunas-tochailte\/","url":"https:\/\/www.archaeology.ie\/ga\/comhairle-agus-tacaiocht\/dean-iarratas-ar-cheadunais-agus-ar-thoilithe\/ceadunas-tochailte\/","name":"Cead\u00fanas Tochailte - Seirbh\u00eds na S\u00e9adchomhartha\u00edN\u00e1isi\u00fanta","isPartOf":{"@id":"https:\/\/www.archaeology.ie\/ga\/#website"},"primaryImageOfPage":{"@id":"https:\/\/www.archaeology.ie\/ga\/comhairle-agus-tacaiocht\/dean-iarratas-ar-cheadunais-agus-ar-thoilithe\/ceadunas-tochailte\/#primaryimage"},"image":{"@id":"https:\/\/www.archaeology.ie\/ga\/comhairle-agus-tacaiocht\/dean-iarratas-ar-cheadunais-agus-ar-thoilithe\/ceadunas-tochailte\/#primaryimage"},"thumbnailUrl":"https:\/\/www.archaeology.ie\/app\/uploads\/2024\/10\/Application-Process-1024x683.jpg","datePublished":"2024-09-16T11:01:16+00:00","dateModified":"2025-04-04T13:56:44+00:00","breadcrumb":{"@id":"https:\/\/www.archaeology.ie\/ga\/comhairle-agus-tacaiocht\/dean-iarratas-ar-cheadunais-agus-ar-thoilithe\/ceadunas-tochailte\/#breadcrumb"},"inLanguage":"ga-IE","potentialAction":[{"@type":"ReadAction","target":["https:\/\/www.archaeology.ie\/ga\/comhairle-agus-tacaiocht\/dean-iarratas-ar-cheadunais-agus-ar-thoilithe\/ceadunas-tochailte\/"]}]},{"@type":"ImageObject","inLanguage":"ga-IE","@id":"https:\/\/www.archaeology.ie\/ga\/comhairle-agus-tacaiocht\/dean-iarratas-ar-cheadunais-agus-ar-thoilithe\/ceadunas-tochailte\/#primaryimage","url":"https:\/\/www.archaeology.ie\/app\/uploads\/2024\/10\/Application-Process-1024x683.jpg","contentUrl":"https:\/\/www.archaeology.ie\/app\/uploads\/2024\/10\/Application-Process-1024x683.jpg"},{"@type":"BreadcrumbList","@id":"https:\/\/www.archaeology.ie\/ga\/comhairle-agus-tacaiocht\/dean-iarratas-ar-cheadunais-agus-ar-thoilithe\/ceadunas-tochailte\/#breadcrumb","itemListElement":[{"@type":"ListItem","position":1,"name":"Baile","item":"https:\/\/www.archaeology.ie\/ga\/"},{"@type":"ListItem","position":2,"name":"Comhairle agus Taca\u00edocht","item":"https:\/\/www.archaeology.ie\/ga\/advice-and-support\/"},{"@type":"ListItem","position":3,"name":"D\u00e9an Iarratas ar Chead\u00fanais agus ar Thoilithe","item":"https:\/\/www.archaeology.ie\/ga\/advice-and-support\/apply-for-a-licence-consent\/"},{"@type":"ListItem","position":4,"name":"Cead\u00fanas Tochailte"}]},{"@type":"WebSite","@id":"https:\/\/www.archaeology.ie\/ga\/#website","url":"https:\/\/www.archaeology.ie\/ga\/","name":"National Monuments Service","description":"National Monuments Service","publisher":{"@id":"https:\/\/www.archaeology.ie\/ga\/#organization"},"potentialAction":[{"@type":"SearchAction","target":{"@type":"EntryPoint","urlTemplate":"https:\/\/www.archaeology.ie\/ga\/?s={search_term_string}"},"query-input":{"@type":"PropertyValueSpecification","valueRequired":true,"valueName":"search_term_string"}}],"inLanguage":"ga-IE"},{"@type":"Organization","@id":"https:\/\/www.archaeology.ie\/ga\/#organization","name":"National Monuments Service","url":"https:\/\/www.archaeology.ie\/ga\/","logo":{"@type":"ImageObject","inLanguage":"ga-IE","@id":"https:\/\/www.archaeology.ie\/ga\/#\/schema\/logo\/image\/","url":"https:\/\/www.archaeology.ie\/app\/uploads\/2024\/07\/nms-logo.png","contentUrl":"https:\/\/www.archaeology.ie\/app\/uploads\/2024\/07\/nms-logo.png","width":503,"height":124,"caption":"National Monuments Service"},"image":{"@id":"https:\/\/www.archaeology.ie\/ga\/#\/schema\/logo\/image\/"},"sameAs":["https:\/\/www.facebook.com\/NationalMons\/","https:\/\/x.com\/NationalMons"]}]}},"spectra_custom_meta":{"adv-header-id-meta":[""],"stick-header-meta":[""],"site-post-title":[""],"theme-transparent-header-meta":[""],"_wpml_media_duplicate":["1"],"_wpml_media_featured":["1"],"_top_nav_excluded":[""],"_cms_nav_minihome":[""],"_last_translation_edit_mode":["native-editor"],"_edit_lock":["1743776182:7"],"_edit_last":["7"],"_wpml_media_has_media":["1"],"_wp_page_template":[""],"_yoast_wpseo_content_score":["60"],"_yoast_wpseo_estimated-reading-time-minutes":["3"],"cmplz_hide_cookiebanner":[""],"_wpml_word_count":["513"],"_uag_css_file_name":["uag-css-3298.css"]},"uagb_featured_image_src":{"full":false,"thumbnail":false,"medium":false,"medium_large":false,"large":false,"1536x1536":false,"2048x2048":false,"gform-image-choice-sm":false,"gform-image-choice-md":false,"gform-image-choice-lg":false},"uagb_author_info":{"display_name":"Teresa Bolger","author_link":"https:\/\/www.archaeology.ie\/ga\/author\/teresa-bolger\/"},"uagb_comment_info":0,"uagb_excerpt":"Cathain a bh\u00edonn Cead\u00fanas Tochailte ag teast\u00e1il? T\u00e1 Cead\u00fanas Tochailte \u00e9igeantach nuair a bh\u00edonn aon tochailt \u00e1 d\u00e9anamh chun cr\u00edocha [&hellip;]","_links":{"self":[{"href":"https:\/\/www.archaeology.ie\/ga\/wp-json\/wp\/v2\/pages\/3298","targetHints":{"allow":["GET"]}}],"collection":[{"href":"https:\/\/www.archaeology.ie\/ga\/wp-json\/wp\/v2\/pages"}],"about":[{"href":"https:\/\/www.archaeology.ie\/ga\/wp-json\/wp\/v2\/types\/page"}],"author":[{"embeddable":true,"href":"https:\/\/www.archaeology.ie\/ga\/wp-json\/wp\/v2\/users\/8"}],"replies":[{"embeddable":true,"href":"https:\/\/www.archaeology.ie\/ga\/wp-json\/wp\/v2\/comments?post=3298"}],"version-history":[{"count":14,"href":"https:\/\/www.archaeology.ie\/ga\/wp-json\/wp\/v2\/pages\/3298\/revisions"}],"predecessor-version":[{"id":4896,"href":"https:\/\/www.archaeology.ie\/ga\/wp-json\/wp\/v2\/pages\/3298\/revisions\/4896"}],"up":[{"embeddable":true,"href":"https:\/\/www.archaeology.ie\/ga\/wp-json\/wp\/v2\/pages\/3724"}],"wp:attachment":[{"href":"https:\/\/www.archaeology.ie\/ga\/wp-json\/wp\/v2\/media?parent=3298"}],"curies":[{"name":"wp","href":"https:\/\/api.w.org\/{rel}","templated":true}]}}