{"id":3567,"date":"2024-09-16T11:08:58","date_gmt":"2024-09-16T11:08:58","guid":{"rendered":"https:\/\/www.archaeology.ie\/ceadunas-tochailte\/proiseas-iarratais\/"},"modified":"2025-04-04T14:48:33","modified_gmt":"2025-04-04T14:48:33","slug":"proiseas-iarratais","status":"publish","type":"page","link":"https:\/\/www.archaeology.ie\/ga\/comhairle-agus-tacaiocht\/dean-iarratas-ar-cheadunais-agus-ar-thoilithe\/ceadunas-tochailte\/proiseas-iarratais\/","title":{"rendered":"Pr\u00f3iseas Iarratais"},"content":{"rendered":"\n<h2 class=\"wp-block-heading\">Conas is f\u00e9idir liom Iarratas a dh\u00e9anamh ar Chead\u00fanas Tochailte?<\/h2>\n\n<p>Comhl\u00e1naigh an <a href=\"https:\/\/www.archaeology.ie\/publications\/excavation-licence-application-form\/\">Fhoirm Iarratais &#8211; Cead\u00fanas Tochailte<\/a>. Is f\u00e9idir foirmeacha comhl\u00e1naithe a sheoladh chuig an seoladh r\u00edomhphoist: <a href=\"mailto:licensingsection@housing.gov.ie\">licensingsection@housing.gov.ie<\/a> <\/p>\n\n<p>Cinntigh go gcuireann t\u00fa na nithe seo a leanas ar f\u00e1il le d\u2019iarratas:<\/p>\n\n<ul class=\"wp-block-list\">\n<li>R\u00e1iteas Modha mionsonraithe<\/li>\n\n\n\n<li><a href=\"https:\/\/www.archaeology.ie\/publications\/information-note-on-funding-letter-required-to-be-submitted-along-with-applications-for-archaeological-excavation-licences\/\">Litir Mhaoinithe<\/a>, ar ph\u00e1ip\u00e9ar ceannteidil agus s\u00ednithe go cu\u00ed (cuirtear teimpl\u00e9ad ar f\u00e1il in aguis\u00edn leis an bhfoirm iarratais)<\/li>\n\n\n\n<li>C\u00f3ip de na coinn\u00edollacha plean\u00e1la (sa ch\u00e1s go mbaineann na hoibreacha a bhfuil an cead\u00fanas ag teast\u00e1il lena n-aghaidh le cead plean\u00e1la)<\/li>\n<\/ul>\n\n<p>Ba cheart go mbeadh an t-eolas seo a leanas (ar a laghad) le f\u00e1il sa R\u00e1iteas Modha:<\/p>\n\n<ul class=\"wp-block-list\">\n<li>Achoimre ar an tochailt at\u00e1 beartaithe, lena n-\u00e1ir\u00edtear sonra\u00ed maidir leis an gcusp\u00f3ir agus leis an tr\u00e9imhse ama<\/li>\n\n\n\n<li>Cur s\u00edos ar an l\u00e1ithre\u00e1n, lena n-\u00e1ir\u00edtear topagrafa\u00edocht agus bail faoi l\u00e1thair, mar aon le haon \u00fas\u00e1id \u00e1bhartha a bhaineann leis an tr\u00e9imhse roimhe seo<\/li>\n\n\n\n<li>Eolas c\u00falra \u00e1bhartha, lena n-\u00e1ir\u00edtear (ach gan a bheith teoranta do):\n<ul class=\"wp-block-list\">\n<li>comhth\u00e9acs seand\u00e1la\u00edochta agus stairi\u00fail \u00e1iti\u00fail an l\u00e1ithre\u00e1in<\/li>\n\n\n\n<li>c\u00falra plean\u00e1la agus cur s\u00edos ar an bhforbairt (m\u00e1s infheidhme)<\/li>\n\n\n\n<li>aidhmeanna agus cusp\u00f3ir\u00ed taighde<\/li>\n<\/ul>\n<\/li>\n<\/ul>\n\n<ul class=\"wp-block-list\">\n<li>Strait\u00e9is tochailte, lena n-\u00e1ir\u00edtear (ach gan a bheith teoranta do):\n<ul class=\"wp-block-list\">\n<li>m\u00e9id agus fairsinge l\u00e1ithre\u00e1n\/ghearrthacha\/thrins\u00ed na tochailte (de r\u00e9ir mar is cu\u00ed<\/li>\n\n\n\n<li>modhanna tochailte, lena n-\u00e1ir\u00edtear aon \u00fas\u00e1id at\u00e1 beartaithe a bhaint as trealamh meicni\u00fail<\/li>\n\n\n\n<li>modhanna suirbh\u00e9 agus taifeadta<\/li>\n\n\n\n<li>strait\u00e9is aimsithe earra\u00ed<\/li>\n\n\n\n<li>strait\u00e9is sampl\u00e1la<\/li>\n\n\n\n<li>srianta ar mhodhanna seand\u00e1la\u00edochta<\/li>\n\n\n\n<li>ceanglais agus\/n\u00f3 srianta sl\u00e1inte agus s\u00e1bh\u00e1ilteachta<\/li>\n<\/ul>\n<\/li>\n<\/ul>\n\n<ul class=\"wp-block-list\">\n<li>Cl\u00e1r tochailte ina nd\u00e9antar cur s\u00edos ar an tr\u00e9imhse a bhfuiltear ag s\u00fail a mhairfidh aon\/gach c\u00e9im den obair ar an l\u00e1ithre\u00e1n<\/li>\n\n\n\n<li>Foireann agus strucht\u00far an tionscadail, lena n-\u00e1ir\u00edtear pearsanra, speisialt\u00f3ir\u00ed agus caomhn\u00f3ir ar an l\u00e1ithre\u00e1n<\/li>\n\n\n\n<li>Socruithe st\u00f3r\u00e1la d\u2019earra\u00ed a fhaightear\/do shampla\u00ed\/do chartlanna<\/li>\n\n\n\n<li>Strait\u00e9is tuairiscithe, lena n-\u00e1ir\u00edtear d\u00e1ta\u00ed seachadta<\/li>\n\n\n\n<li>Map\u00e1il agus l\u00e9ar\u00e1id\u00ed, lena n-\u00e1ir\u00edtear (ach gan a bheith teoranta do):\n<ul class=\"wp-block-list\">\n<li>l\u00e9arsc\u00e1il de shu\u00edomh an l\u00e1ithre\u00e1in: L\u00e9arsc\u00e1il OSi (1:5000) do cheantair thuaithe agus (1:1000) do cheantair uirbeacha (n\u00f3 leagan coibh\u00e9iseach oiri\u00fanach)<\/li>\n\n\n\n<li>map\u00e1il stairi\u00fail \u00e1bhartha<\/li>\n\n\n\n<li>plean an l\u00e1ithre\u00e1in (sc\u00e1laithe), ar a dtaispe\u00e1ntar go soil\u00e9ir su\u00edomh, fairsinge agus leagan amach na tochailte at\u00e1 beartaithe<\/li>\n\n\n\n<li>plean den fhorbairt at\u00e1 beartaithe (m\u00e1s infheidhme)<\/li>\n<\/ul>\n<\/li>\n<\/ul>\n\n<p>Ba cheart duit d\u2019iarratais a dh\u00e9anamh ar a laghad <strong>3 SEACHTAINE<\/strong> sula bhfuil s\u00e9 beartaithe t\u00fas a chur leis na hoibreacha seand\u00e1la\u00edochta, chun am a thabhairt d\u00fainn chun an t-iarratas a mheas agus a phr\u00f3ise\u00e1il.<\/p>\n\n<p>T\u00e1 sraith chaighde\u00e1nach coinn\u00edollacha le f\u00e1il san fhoirm iarratais ar chead\u00fanas tochailte, d\u00edreach mar eolas. D\u2019fh\u00e9adfa\u00ed an na coinn\u00edollacha sin a chuimsi\u00fa i gcead\u00fanas, m\u00e1 eis\u00edtear a leith\u00e9id, mar aon le haon choinn\u00edoll n\u00f3 srian eile a bhaineann go sonrach leis an l\u00e1ithre\u00e1n a mheastar at\u00e1 oiri\u00fanach. T\u00e1 freagracht dhl\u00edthi\u00fail ar an gcead\u00fana\u00ed as a chinnti\u00fa go gclo\u00edtear le gach coinn\u00edoll den chead\u00fanas i gceart.  <\/p>\n\n<h2 class=\"wp-block-heading\">Conas is f\u00e9idir liom an Mhodheola\u00edocht do Chead\u00fanas Tochailte a nuashonr\u00fa?<\/h2>\n\n<p>N\u00ed m\u00f3r go mbeadh na hoibreacha seand\u00e1la\u00edochta ar fad a chuirtear i gcr\u00edch ar an l\u00e1ithre\u00e1n ag teacht leis an r\u00e1iteas modha comhaontaithe ar cuid den iarratas ceadaithe \u00e9. D\u2019fh\u00e9adfadh imthosca athr\u00fa, \u00e1fach, roimh th\u00fas a chur leis na hoibreacha ar an l\u00e1ithre\u00e1n n\u00f3 ina dhiaidh, a dteasta\u00edonn athruithe ar an modh comhaontaithe d\u00e1 mbarr. Sa ch\u00e1s go dtarla\u00edonn a leith\u00e9id, n\u00ed m\u00f3r r\u00e1iteas modha seand\u00e1la\u00edochta nuashonraithe a chur ar f\u00e1il chun cr\u00edche ceada. Cuims\u00edtear i measc na n-imthosca a d\u2019fh\u00e9adfadh a bheith mar bhonn lena leith\u00e9id de nuashonr\u00fa (ach gan a bheith teoranta do):   <\/p>\n\n<ul class=\"wp-block-list\">\n<li>Athruithe ar eagar trinse\u00e1la (chun seirbh\u00eds\u00ed n\u00f3 fiadh\u00falra cosanta a sheachaint mar shampla)<\/li>\n\n\n\n<li>Limist\u00e9ar tochailte a mh\u00e9ad\u00fa<\/li>\n\n\n\n<li>Uirlis\u00ed meicni\u00fala a \u00fas\u00e1id n\u00f3 athr\u00fa \u00fas\u00e1ide chomh fada is a bhaineann le huirlis\u00ed meicni\u00fala n\u00f3 an cine\u00e1l uirlise meicni\u00fala<\/li>\n\n\n\n<li>Athruithe ar phr\u00edomh-mhodhanna taifeadta ar an l\u00e1ithre\u00e1n<\/li>\n\n\n\n<li>\u00c1bhar seand\u00e1la\u00edochta nua a aimsi\u00fa (i rith faireach\u00e1n seand\u00e1la\u00edochta mar shampla)<\/li>\n\n\n\n<li>Tais\u00ed daonna a aimsi\u00fa gan choinne.<\/li>\n<\/ul>\n\n<p>N\u00ed m\u00f3r an r\u00e1iteas modha nuashonraithe, ina bhfuil cur s\u00edos ioml\u00e1n ar na hathruithe at\u00e1 d\u00e9anta ar an strait\u00e9is tochailte, i dteannta le l\u00e9arsc\u00e1ileanna agus l\u00e9ar\u00e1id\u00ed oiri\u00fanacha, a sheoladh chuig Seirbh\u00eds na S\u00e9adchomhartha\u00ed N\u00e1isi\u00fanta chuig an seoladh r\u00edomhphoist: <a href=\"mailto:licensingsection@housing.gov.ie\">licensingsection@housing.gov.ie<\/a><\/p>\n\n<p>Cinntigh go bhfuil uimhir an chead\u00fanais sonraithe i l\u00edne an \u00e1bhair do r\u00edomhphoist agus sonraithe go soil\u00e9ir ar leathanach teidil an doicim\u00e9id.<\/p>\n\n<p>N\u00ed m\u00f3r an r\u00e1iteas modha nuashonraithe a athbhreithni\u00fa agus a chomhaont\u00fa le Seirbh\u00eds na S\u00e9adchomhartha\u00ed N\u00e1isi\u00fanta sula nd\u00e9antar aon ghn\u00edomha\u00edocht at\u00e1 sonraithe ann ar an l\u00e1ithre\u00e1n. <\/p>\n\n<h2 class=\"wp-block-heading\">Conas is f\u00e9idir liom S\u00edneadh a Chur le Cead\u00fanas Tochailte\/Cead\u00fanas Tochailte a Athghn\u00edomhacht\u00fa?<\/h2>\n\n<p>Eis\u00edtear gach cead\u00fanas do thr\u00e9imhse sheasta. Mura f\u00e9idir an cl\u00e1r oibreacha beartaithe faoin gcead\u00fanas a chur i gcr\u00edch laistigh den tr\u00e9imhse a bhfuiltear ag s\u00fail l\u00e9i agus m\u00e1s g\u00e1 lean\u00faint ar aghaidh le hoibreacha ar an l\u00e1ithre\u00e1n, n\u00ed m\u00f3r don chead\u00fana\u00ed iarratas a dh\u00e9anamh chun s\u00edneadh a chur leis an gcead\u00fanas. N\u00ed m\u00f3r iarratais ar sh\u00ednt\u00ed a chur isteach roimh dh\u00e1ta deiridh an chead\u00fanais reatha.  <\/p>\n\n<p>M\u00e1 t\u00e1 an cead\u00fanas imithe in \u00e9ag, f\u00e9adfaidh an cead\u00fana\u00ed iarratas a dh\u00e9anamh chun an cead\u00fanas a athghn\u00edomhacht\u00fa. D\u2019fh\u00e9adfadh s\u00e9 sin a bheith riachtanach chun an cl\u00e1r oibre a bh\u00ed beartaithe ag an t\u00fas a chr\u00edochn\u00fa n\u00f3 chun c\u00e9im bhreise d\u2019oibreacha seand\u00e1la\u00edochta a chur i gcr\u00edch ag an l\u00e1ithre\u00e1n n\u00f3 ag an su\u00edomh c\u00e9anna. <\/p>\n\n<p>Is f\u00e9idir iarratais ar sh\u00ednt\u00ed n\u00f3 ar athghn\u00edomhachtuithe a sheoladh tr\u00ed r\u00edomhphost chuig: <a href=\"mailto:licensingsection@housing.gov.ie\">licensingsection@housing.gov.ie<\/a><\/p>\n\n<p>Cinntigh go bhfuil uimhir an chead\u00fanais sonraithe i l\u00edne an \u00e1bhair do r\u00edomhphoist.<\/p>\n\n<h2 class=\"wp-block-heading\">An f\u00e9idir Cead\u00fanas Tochailte a Aistri\u00fa?<\/h2>\n\n<p>Mura f\u00e9idir leis an seand\u00e1la\u00ed bunaidh ar eis\u00edodh cead\u00fanas d\u00f3ibh an cl\u00e1r oibreacha a bh\u00ed beartaithe ar an l\u00e1ithre\u00e1n a dh\u00e9anamh, an cl\u00e1r ioml\u00e1n n\u00f3 cuid de, ansin is f\u00e9idir an cead\u00fanas a aistri\u00fa chuig seand\u00e1la\u00ed eile. N\u00edor cheart cead\u00fanais a aistri\u00fa ach amh\u00e1in nuair at\u00e1 n\u00f3 m\u00e1 t\u00e1 obair allamuigh ar an l\u00e1ithre\u00e1n f\u00f3s le cr\u00edochn\u00fa. <\/p>\n\n<p><strong>Tabhair faoi deara<\/strong>: T\u00e1 aistri\u00fa cead\u00fanais f\u00f3s faoi r\u00e9ir na seice\u00e1lacha comhl\u00edontachta c\u00e9anna le hiarratas nua ar chead\u00fanas. N\u00ed m\u00f3r go mbeadh an duine a bhfuil an cead\u00fanas \u00e1 aistri\u00fa chucu inch\u00e1ilithe chun cead\u00fanas a fh\u00e1il, agus n\u00ed m\u00f3r go mbeadh \u2018dea-chl\u00fa\u2019 orthu an tr\u00e1th a nd\u00e9antar an t-iarratas ar aistri\u00fa. Nuair a bh\u00edonn an t-aistri\u00fa cr\u00edochnaithe, b\u00edonn freagracht dhl\u00edthi\u00fail ar an gcead\u00fana\u00ed nua as a chinnti\u00fa go gclo\u00edtear le gach coinn\u00edoll den chead\u00fanas i gceart. Glacann siad le freagracht as aon rud \u00e1rsa, \u00e9iceadh\u00e9ant\u00e1n, cartlann agus ceanglas tuairiscithe a d\u2019fh\u00e9adfadh f\u00f3s a bheith ag baint le haon ch\u00e9im oibre curtha i gcr\u00edch faoin gcead\u00fanas ach sula nglacadh leis an aistri\u00fa. T\u00e1 an seand\u00e1la\u00ed at\u00e1 ag glacadh leis an aistri\u00fa freagrach as carachtar agus st\u00e1das a leith\u00e9id sin a chinnti\u00fa sula gcomhl\u00e1na\u00edtear an t-iarratas aistrithe.    <\/p>\n\n<p>N\u00ed m\u00f3r don bheirt seand\u00e1laithe an <a href=\"https:\/\/www.archaeology.ie\/collections-and-publications\/publications\/licence-transfer-application-form\/\">Fhoirm um Aistri\u00fa Cead\u00fanais<\/a>, a chomhl\u00e1n\u00fa agus a sh\u00edni\u00fa, agus a sheoladh chuig an seoladh r\u00edomhphoist seo: <a href=\"mailto:licensingsection@housing.gov.ie\">licensingsection@housing.gov.ie<\/a><\/p>\n\n<p>Cinntigh go bhfuil uimhir an chead\u00fanais luaite i l\u00edne an \u00e1bhair an r\u00edomhphoist agus go bhfuil <a href=\"https:\/\/www.archaeology.ie\/publications\/information-note-on-funding-letter-required-to-be-submitted-along-with-applications-for-archaeological-excavation-licences\/\">Litir Mhaoinithe<\/a> nuashonraithe curtha san \u00e1ireamh ar a bhfuil ainm an tseand\u00e1la\u00ed at\u00e1 chun freagracht a ghlacadh as an gcead\u00fanas.<\/p>\n\n<p>M\u00e1 t\u00e1 aon athr\u00fa tagtha ar an modheola\u00edocht a ceada\u00edodh roimhe sin, ar an raon oibreacha n\u00f3 ar an limist\u00e9ar tochailte, n\u00ed m\u00f3r r\u00e1iteas modha nuashonraithe a chur ar f\u00e1il leis an iarratas ar aistri\u00fa cead\u00fanais. Seachas sin, b\u00edtear ag s\u00fail go nd\u00e9anfaidh an cead\u00fana\u00ed nua oibreacha de r\u00e9ir an r\u00e1itis modha a comhaonta\u00edodh ar dt\u00fas. <\/p>\n\n<h2 class=\"wp-block-heading\">C\u00e9ard iad na coinn\u00edollacha a bhaineann le Cead\u00fanas Tochailte a Cheal\u00fa?<\/h2>\n\n<p>Sa ch\u00e1s gur eol do chead\u00fana\u00ed nach nd\u00e9anfar oibreacha a bhfuarthas cead\u00fanas lena n-aghaidh, ba cheart d\u00f3ibh teagmh\u00e1il a dh\u00e9anamh le Seirbh\u00eds na S\u00e9adchomhartha\u00ed N\u00e1isi\u00fanta chomh luath agus is f\u00e9idir, chun f\u00f3gra a thabhairt d\u00fainn agus chun iarratas a dh\u00e9anamh chun an cead\u00fanas a cheal\u00fa. D\u2019fh\u00e9adfadh teip iarratas a dh\u00e9anamh chun cead\u00fanas nach bhfuil ag teast\u00e1il n\u00edos m\u00f3 a cheal\u00fa a bheith mar bhonn le moill ar phr\u00f3ise\u00e1il aon iarratas lean\u00fanach n\u00f3 todhcha\u00edoch ar chead\u00fanas \u00f3n iarratas\u00f3ir c\u00e9anna. N\u00ed f\u00e9idir cead\u00fanais a cheal\u00fa ach amh\u00e1in mura bhfuil aon cheann de na hoibreacha\/de na gn\u00edomha\u00edochta\u00ed a ceada\u00edodh faoin gcead\u00fanas curtha i gcr\u00edch. M\u00e1 t\u00e1 aon chine\u00e1l oibreacha d\u00e9anta (is cuma faoi c\u00e9 chomh teoranta is at\u00e1 an raon), ansin beidh feidhm f\u00f3s leis na gn\u00e1thcheanglais tuairiscithe agus chartlannaithe chun cead\u00fanas a dh\u00fanadh.   <\/p>\n\n<p>Is f\u00e9idir iarratais ar cheal\u00fa a sheoladh chuig an seoladh r\u00edomhphoist: <a href=\"mailto:licensingsection@housing.gov.ie\">licensingsection@housing.gov.ie<\/a>; cinntigh, le do thoil, go bhfuil uimhir an chead\u00fanais sonraithe i l\u00edne an \u00e1bhair.<\/p>\n","protected":false},"excerpt":{"rendered":"<p>Conas is f\u00e9idir liom Iarratas a dh\u00e9anamh ar Chead\u00fanas Tochailte? Comhl\u00e1naigh an Fhoirm Iarratais &#8211; Cead\u00fanas Tochailte. Is f\u00e9idir foirmeacha [&hellip;]<\/p>\n","protected":false},"author":8,"featured_media":0,"parent":3298,"menu_order":0,"comment_status":"closed","ping_status":"closed","template":"","meta":{"_acf_changed":false,"_uag_custom_page_level_css":"","site-sidebar-layout":"default","site-content-layout":"","ast-site-content-layout":"default","site-content-style":"default","site-sidebar-style":"default","ast-global-header-display":"","ast-banner-title-visibility":"","ast-main-header-display":"","ast-hfb-above-header-display":"","ast-hfb-below-header-display":"","ast-hfb-mobile-header-display":"","site-post-title":"","ast-breadcrumbs-content":"","ast-featured-img":"","footer-sml-layout":"","ast-disable-related-posts":"","theme-transparent-header-meta":"","adv-header-id-meta":"","stick-header-meta":"","header-above-stick-meta":"","header-main-stick-meta":"","header-below-stick-meta":"","astra-migrate-meta-layouts":"default","ast-page-background-enabled":"default","ast-page-background-meta":{"desktop":{"background-color":"var(--ast-global-color-4)","background-image":"","background-repeat":"repeat","background-position":"center center","background-size":"auto","background-attachment":"scroll","background-type":"","background-media":"","overlay-type":"","overlay-color":"","overlay-opacity":"","overlay-gradient":""},"tablet":{"background-color":"","background-image":"","background-repeat":"repeat","background-position":"center center","background-size":"auto","background-attachment":"scroll","background-type":"","background-media":"","overlay-type":"","overlay-color":"","overlay-opacity":"","overlay-gradient":""},"mobile":{"background-color":"","background-image":"","background-repeat":"repeat","background-position":"center center","background-size":"auto","background-attachment":"scroll","background-type":"","background-media":"","overlay-type":"","overlay-color":"","overlay-opacity":"","overlay-gradient":""}},"ast-content-background-meta":{"desktop":{"background-color":"var(--ast-global-color-5)","background-image":"","background-repeat":"repeat","background-position":"center center","background-size":"auto","background-attachment":"scroll","background-type":"","background-media":"","overlay-type":"","overlay-color":"","overlay-opacity":"","overlay-gradient":""},"tablet":{"background-color":"var(--ast-global-color-5)","background-image":"","background-repeat":"repeat","background-position":"center center","background-size":"auto","background-attachment":"scroll","background-type":"","background-media":"","overlay-type":"","overlay-color":"","overlay-opacity":"","overlay-gradient":""},"mobile":{"background-color":"var(--ast-global-color-5)","background-image":"","background-repeat":"repeat","background-position":"center center","background-size":"auto","background-attachment":"scroll","background-type":"","background-media":"","overlay-type":"","overlay-color":"","overlay-opacity":"","overlay-gradient":""}},"footnotes":""},"class_list":["post-3567","page","type-page","status-publish","hentry"],"acf":[],"yoast_head":"<!-- This site is optimized with the Yoast SEO plugin v27.3 - https:\/\/yoast.com\/product\/yoast-seo-wordpress\/ -->\n<title>Pr\u00f3iseas Iarratais - Seirbh\u00eds na S\u00e9adchomhartha\u00edN\u00e1isi\u00fanta<\/title>\n<meta name=\"robots\" content=\"index, follow, max-snippet:-1, max-image-preview:large, max-video-preview:-1\" \/>\n<link rel=\"canonical\" href=\"https:\/\/www.archaeology.ie\/ga\/comhairle-agus-tacaiocht\/dean-iarratas-ar-cheadunais-agus-ar-thoilithe\/ceadunas-tochailte\/proiseas-iarratais\/\" \/>\n<meta property=\"og:locale\" content=\"ga_IE\" \/>\n<meta property=\"og:type\" content=\"article\" \/>\n<meta property=\"og:title\" content=\"Pr\u00f3iseas Iarratais - Seirbh\u00eds na S\u00e9adchomhartha\u00edN\u00e1isi\u00fanta\" \/>\n<meta property=\"og:description\" content=\"Conas is f\u00e9idir liom Iarratas a dh\u00e9anamh ar Chead\u00fanas Tochailte? Comhl\u00e1naigh an Fhoirm Iarratais &#8211; Cead\u00fanas Tochailte. Is f\u00e9idir foirmeacha [&hellip;]\" \/>\n<meta property=\"og:url\" content=\"https:\/\/www.archaeology.ie\/ga\/comhairle-agus-tacaiocht\/dean-iarratas-ar-cheadunais-agus-ar-thoilithe\/ceadunas-tochailte\/proiseas-iarratais\/\" \/>\n<meta property=\"og:site_name\" content=\"Seirbh\u00eds na S\u00e9adchomhartha\u00edN\u00e1isi\u00fanta\" \/>\n<meta property=\"article:publisher\" content=\"https:\/\/www.facebook.com\/NationalMons\/\" \/>\n<meta property=\"article:modified_time\" content=\"2025-04-04T14:48:33+00:00\" \/>\n<meta name=\"twitter:card\" content=\"summary_large_image\" \/>\n<meta name=\"twitter:site\" content=\"@NationalMons\" \/>\n<!-- \/ Yoast SEO plugin. -->","yoast_head_json":{"title":"Pr\u00f3iseas Iarratais - Seirbh\u00eds na S\u00e9adchomhartha\u00edN\u00e1isi\u00fanta","robots":{"index":"index","follow":"follow","max-snippet":"max-snippet:-1","max-image-preview":"max-image-preview:large","max-video-preview":"max-video-preview:-1"},"canonical":"https:\/\/www.archaeology.ie\/ga\/comhairle-agus-tacaiocht\/dean-iarratas-ar-cheadunais-agus-ar-thoilithe\/ceadunas-tochailte\/proiseas-iarratais\/","og_locale":"ga_IE","og_type":"article","og_title":"Pr\u00f3iseas Iarratais - Seirbh\u00eds na S\u00e9adchomhartha\u00edN\u00e1isi\u00fanta","og_description":"Conas is f\u00e9idir liom Iarratas a dh\u00e9anamh ar Chead\u00fanas Tochailte? Comhl\u00e1naigh an Fhoirm Iarratais &#8211; Cead\u00fanas Tochailte. Is f\u00e9idir foirmeacha [&hellip;]","og_url":"https:\/\/www.archaeology.ie\/ga\/comhairle-agus-tacaiocht\/dean-iarratas-ar-cheadunais-agus-ar-thoilithe\/ceadunas-tochailte\/proiseas-iarratais\/","og_site_name":"Seirbh\u00eds na S\u00e9adchomhartha\u00edN\u00e1isi\u00fanta","article_publisher":"https:\/\/www.facebook.com\/NationalMons\/","article_modified_time":"2025-04-04T14:48:33+00:00","twitter_card":"summary_large_image","twitter_site":"@NationalMons","schema":{"@context":"https:\/\/schema.org","@graph":[{"@type":"WebPage","@id":"https:\/\/www.archaeology.ie\/ga\/comhairle-agus-tacaiocht\/dean-iarratas-ar-cheadunais-agus-ar-thoilithe\/ceadunas-tochailte\/proiseas-iarratais\/","url":"https:\/\/www.archaeology.ie\/ga\/comhairle-agus-tacaiocht\/dean-iarratas-ar-cheadunais-agus-ar-thoilithe\/ceadunas-tochailte\/proiseas-iarratais\/","name":"Pr\u00f3iseas Iarratais - Seirbh\u00eds na S\u00e9adchomhartha\u00edN\u00e1isi\u00fanta","isPartOf":{"@id":"https:\/\/www.archaeology.ie\/ga\/#website"},"datePublished":"2024-09-16T11:08:58+00:00","dateModified":"2025-04-04T14:48:33+00:00","breadcrumb":{"@id":"https:\/\/www.archaeology.ie\/ga\/comhairle-agus-tacaiocht\/dean-iarratas-ar-cheadunais-agus-ar-thoilithe\/ceadunas-tochailte\/proiseas-iarratais\/#breadcrumb"},"inLanguage":"ga-IE","potentialAction":[{"@type":"ReadAction","target":["https:\/\/www.archaeology.ie\/ga\/comhairle-agus-tacaiocht\/dean-iarratas-ar-cheadunais-agus-ar-thoilithe\/ceadunas-tochailte\/proiseas-iarratais\/"]}]},{"@type":"BreadcrumbList","@id":"https:\/\/www.archaeology.ie\/ga\/comhairle-agus-tacaiocht\/dean-iarratas-ar-cheadunais-agus-ar-thoilithe\/ceadunas-tochailte\/proiseas-iarratais\/#breadcrumb","itemListElement":[{"@type":"ListItem","position":1,"name":"Baile","item":"https:\/\/www.archaeology.ie\/ga\/"},{"@type":"ListItem","position":2,"name":"Comhairle agus Taca\u00edocht","item":"https:\/\/www.archaeology.ie\/ga\/advice-and-support\/"},{"@type":"ListItem","position":3,"name":"D\u00e9an Iarratas ar Chead\u00fanais agus ar Thoilithe","item":"https:\/\/www.archaeology.ie\/ga\/advice-and-support\/apply-for-a-licence-consent\/"},{"@type":"ListItem","position":4,"name":"Cead\u00fanas Tochailte","item":"https:\/\/www.archaeology.ie\/ga\/advice-and-support\/apply-for-a-licence-consent\/excavation-licence\/"},{"@type":"ListItem","position":5,"name":"Pr\u00f3iseas Iarratais"}]},{"@type":"WebSite","@id":"https:\/\/www.archaeology.ie\/ga\/#website","url":"https:\/\/www.archaeology.ie\/ga\/","name":"National Monuments Service","description":"National Monuments Service","publisher":{"@id":"https:\/\/www.archaeology.ie\/ga\/#organization"},"potentialAction":[{"@type":"SearchAction","target":{"@type":"EntryPoint","urlTemplate":"https:\/\/www.archaeology.ie\/ga\/?s={search_term_string}"},"query-input":{"@type":"PropertyValueSpecification","valueRequired":true,"valueName":"search_term_string"}}],"inLanguage":"ga-IE"},{"@type":"Organization","@id":"https:\/\/www.archaeology.ie\/ga\/#organization","name":"National Monuments Service","url":"https:\/\/www.archaeology.ie\/ga\/","logo":{"@type":"ImageObject","inLanguage":"ga-IE","@id":"https:\/\/www.archaeology.ie\/ga\/#\/schema\/logo\/image\/","url":"https:\/\/www.archaeology.ie\/app\/uploads\/2024\/07\/nms-logo.png","contentUrl":"https:\/\/www.archaeology.ie\/app\/uploads\/2024\/07\/nms-logo.png","width":503,"height":124,"caption":"National Monuments Service"},"image":{"@id":"https:\/\/www.archaeology.ie\/ga\/#\/schema\/logo\/image\/"},"sameAs":["https:\/\/www.facebook.com\/NationalMons\/","https:\/\/x.com\/NationalMons"]}]}},"spectra_custom_meta":{"_wpml_media_duplicate":["1"],"_wpml_media_featured":["1"],"_top_nav_excluded":[""],"_cms_nav_minihome":[""],"_last_translation_edit_mode":["translation-editor"],"_wp_page_template":[""],"_edit_lock":["1743088996:5"],"_edit_last":["5"],"cmplz_hide_cookiebanner":[""],"_yoast_wpseo_content_score":["30"],"_yoast_wpseo_estimated-reading-time-minutes":["6"],"_wpml_word_count":["1555"],"_uag_css_file_name":["uag-css-3567.css"]},"uagb_featured_image_src":{"full":false,"thumbnail":false,"medium":false,"medium_large":false,"large":false,"1536x1536":false,"2048x2048":false,"gform-image-choice-sm":false,"gform-image-choice-md":false,"gform-image-choice-lg":false},"uagb_author_info":{"display_name":"Teresa Bolger","author_link":"https:\/\/www.archaeology.ie\/ga\/author\/teresa-bolger\/"},"uagb_comment_info":0,"uagb_excerpt":"Conas is f\u00e9idir liom Iarratas a dh\u00e9anamh ar Chead\u00fanas Tochailte? Comhl\u00e1naigh an Fhoirm Iarratais &#8211; Cead\u00fanas Tochailte. Is f\u00e9idir foirmeacha [&hellip;]","_links":{"self":[{"href":"https:\/\/www.archaeology.ie\/ga\/wp-json\/wp\/v2\/pages\/3567","targetHints":{"allow":["GET"]}}],"collection":[{"href":"https:\/\/www.archaeology.ie\/ga\/wp-json\/wp\/v2\/pages"}],"about":[{"href":"https:\/\/www.archaeology.ie\/ga\/wp-json\/wp\/v2\/types\/page"}],"author":[{"embeddable":true,"href":"https:\/\/www.archaeology.ie\/ga\/wp-json\/wp\/v2\/users\/8"}],"replies":[{"embeddable":true,"href":"https:\/\/www.archaeology.ie\/ga\/wp-json\/wp\/v2\/comments?post=3567"}],"version-history":[{"count":4,"href":"https:\/\/www.archaeology.ie\/ga\/wp-json\/wp\/v2\/pages\/3567\/revisions"}],"predecessor-version":[{"id":4902,"href":"https:\/\/www.archaeology.ie\/ga\/wp-json\/wp\/v2\/pages\/3567\/revisions\/4902"}],"up":[{"embeddable":true,"href":"https:\/\/www.archaeology.ie\/ga\/wp-json\/wp\/v2\/pages\/3298"}],"wp:attachment":[{"href":"https:\/\/www.archaeology.ie\/ga\/wp-json\/wp\/v2\/media?parent=3567"}],"curies":[{"name":"wp","href":"https:\/\/api.w.org\/{rel}","templated":true}]}}