{"id":3648,"date":"2024-09-10T16:44:30","date_gmt":"2024-09-10T16:44:30","guid":{"rendered":"https:\/\/www.archaeology.ie\/fogra-i-dtaca-le-halt-12\/"},"modified":"2025-03-27T15:31:07","modified_gmt":"2025-03-27T15:31:07","slug":"fogra-i-dtaca-le-halt-12","status":"publish","type":"page","link":"https:\/\/www.archaeology.ie\/ga\/comhairle-agus-tacaiocht\/dean-iarratas-ar-cheadunais-agus-ar-thoilithe\/fogra-i-dtaca-le-halt-12\/","title":{"rendered":"F\u00f3gra i dtaca le hAlt 12"},"content":{"rendered":"\n<h2 class=\"wp-block-heading\">Cathain a bh\u00edonn g\u00e1 le F\u00f3gra i dtaca le hAlt 12?<\/h2>\n\n\n\n<p>Is S\u00e9adchomhartha\u00ed Taifeadta iad go leor de na <a href=\"https:\/\/www.archaeology.ie\/ga\/comhairle-agus-tacaiocht\/cosaint-agus-sonru-seadchomharthai\/\">s\u00e9adchomhartha\u00ed seand\u00e1la\u00edochta<\/a> aitheanta in \u00c9irinn, agus ceangla\u00edtear ar aon duine a bhfuil s\u00e9 beartaithe acu obair a dh\u00e9anamh ag n\u00f3 i nd\u00e1il le S\u00e9adchomhartha Taifeadta f\u00f3gra i scr\u00edbhinn a thabhairt don Aire dh\u00e1 mh\u00ed sula gcuirtear t\u00fas leis an obair sin. Tugann an F\u00f3gra i dtaca le hAlt 12 sin am do Sheirbh\u00eds na S\u00e9adchomhartha\u00ed N\u00e1isi\u00fanta breithni\u00fa a dh\u00e9anamh ar an obair at\u00e1 beartaithe agus ar an tsl\u00ed is fearr chun an s\u00e9adchomhartha a chosaint. <\/p>\n\n\n\n<p>Baineann an ceanglas chun f\u00f3gra a thabhairt le hoibreacha d\u2019aon chine\u00e1l ag an s\u00e9adchomhartha n\u00f3 in aice leis, n\u00ed d\u00edreach aon chine\u00e1l oibreacha n\u00f3 gn\u00edomha\u00edochta\u00ed seand\u00e1la\u00edochta. Is \u00ed an t-aon eisceacht sa chomhth\u00e9acs seo aon chine\u00e1l oibreacha ag <a href=\"https:\/\/www.archaeology.ie\/ga\/comhairle-agus-tacaiocht\/cosaint-agus-sonru-seadchomharthai\/\">S\u00e9adchomhartha\u00ed N\u00e1isi\u00fanta<\/a> n\u00f3 in aice leo. I gc\u00e1sanna d\u00e1 leith\u00e9id, n\u00ed m\u00f3r <a href=\"https:\/\/www.archaeology.ie\/ga\/comhairle-agus-tacaiocht\/dean-iarratas-ar-cheadunais-agus-ar-thoilithe\/cead-on-aire\/\">Toili\u00fa an Aire<\/a> a fh\u00e1il.  <\/p>\n\n\n\n<p><strong>Tabhair faoi deara:<\/strong> m\u00e1 t\u00e1 iarratas ar chead plean\u00e1la d\u00e9anta agat le haghaidh na n-oibreacha beartaithe agus m\u00e1 t\u00e1 an cead plean\u00e1la sin ceadaithe go hioml\u00e1n, ansin b\u2019fh\u00e9idir nach mbeadh g\u00e1 le f\u00f3gra i dtaca le hAlt 12 i ngach c\u00e1s. D\u00e9an teagmh\u00e1il linn go d\u00edreach m\u00e1 theasta\u00edonn comhairle uait faoin gceist seo. <\/p>\n\n\n\n<h2 class=\"wp-block-heading\">Conas is f\u00e9idir liom F\u00f3gra i dtaca le hAlt 12 a dh\u00e9anamh?<\/h2>\n\n\n\n<p>Comhl\u00e1naigh an <a href=\"https:\/\/www.archaeology.ie\/ga\/collections-and-publications\/publications\/section-12-notification-form\/\">Fhoirm \u2013 F\u00f3gra i dtaca le hAlt 12<\/a> le do thoil. Is f\u00e9idir foirmeacha comhl\u00e1naithe a sheoladh chuig an seoladh r\u00edomhphoist seo a leanas: <a href=\"mailto:nationalmonuments@housing.gov.ie\">nationalmonuments@housing.gov.ie<\/a><\/p>\n\n\n\n<p>Cinntigh go gcuireann t\u00fa na nithe seo a leanas ar f\u00e1il le d\u2019iarratas:<\/p>\n\n\n\n<ul class=\"wp-block-list\">\n<li>L\u00e9arsc\u00e1il SO, ag ceann amh\u00e1in de na sc\u00e1la\u00ed seo a leanas, ar a marc\u00e1iltear su\u00edomh an l\u00e1ithre\u00e1in:\n<ul class=\"wp-block-list\">\n<li>su\u00edomh tuaithe 1:5000\/1:10000<\/li>\n\n\n\n<li>su\u00edomh uirbeach 1:1000<\/li>\n<\/ul>\n<\/li>\n\n\n\n<li>Ainm agus sonra\u00ed teagmh\u00e1la an tseand\u00e1la\u00ed\/an ailtire\/an innealt\u00f3ra at\u00e1 ag ullmh\u00fa na ndoicim\u00e9ad<\/li>\n\n\n\n<li>Litir \u00f3n \u00dadar\u00e1s \u00c1iti\u00fail (m\u00e1 t\u00e1 f\u00f3gra \u00e1 thabhairt thar ceann \u00dadar\u00e1is \u00c1iti\u00fail) n\u00f3 deimhni\u00fa i scr\u00edbhinn maidir le cead an \u00fain\u00e9ara<\/li>\n\n\n\n<li>Litir \u00f3n \u00dadar\u00e1s \u00c1iti\u00fail (m\u00e1 t\u00e1 f\u00f3gra \u00e1 thabhairt thar ceann \u00dadar\u00e1is \u00c1iti\u00fail) n\u00f3 deimhni\u00fa i scr\u00edbhinn maidir le cead an \u00fain\u00e9ara <\/li>\n<\/ul>\n\n\n\n<p>N\u00ed m\u00f3r an f\u00f3gra seo a chomhl\u00e1n\u00fa agus a chur faoi bhr\u00e1id Sheirbh\u00eds na S\u00e9adchomhartha\u00ed N\u00e1isi\u00fanta <strong>AR A LAGHAD 2 MH\u00cd<\/strong> sula nd\u00e9antar aon obair ar strucht\u00far n\u00f3 ar l\u00e1ithre\u00e1n seand\u00e1la\u00edochta\/stairi\u00fail at\u00e1 san \u00e1ireamh sa Taifead S\u00e9adchomhartha\u00ed n\u00f3 i gCl\u00e1r na S\u00e9adchomhartha\u00ed Stairi\u00fala.<\/p>\n\n\n\n<p><strong>N\u00f3ta T\u00e1bhachtach<\/strong>: N\u00edor cheart glacadh leis go bhfuil an fhoirm sin i dtaca le f\u00f3gra faighte ag Seirbh\u00eds na S\u00e9adchomhartha\u00ed N\u00e1isi\u00fanta go dt\u00ed go bhfaigheann t\u00fa deimhni\u00fa i scr\u00edbhinn \u00e1 chur sin in i\u00fal duit.<\/p>\n\n\n\n<h2 class=\"wp-block-heading\">C\u00e1 bhfuil an reachta\u00edocht \u00e1bhartha le f\u00e1il?<\/h2>\n\n\n\n<ul class=\"wp-block-list\">\n<li>Achtanna na S\u00e9adchomhartha\u00ed N\u00e1isi\u00fanta, 1930\u20132014\n<ul class=\"wp-block-list\">\n<li><a href=\"https:\/\/www.irishstatutebook.ie\/eli\/1994\/act\/17\/section\/12\/enacted\/en\/html#sec12\">Alt 12, Acht na S\u00e9adchomhartha\u00ed N\u00e1isi\u00fanta (Leas\u00fa), 1994<\/a><\/li>\n<\/ul>\n<\/li>\n<\/ul>\n","protected":false},"excerpt":{"rendered":"<p>Cathain a bh\u00edonn g\u00e1 le F\u00f3gra i dtaca le hAlt 12? Is S\u00e9adchomhartha\u00ed Taifeadta iad go leor de na s\u00e9adchomhartha\u00ed [&hellip;]<\/p>\n","protected":false},"author":8,"featured_media":0,"parent":3724,"menu_order":0,"comment_status":"closed","ping_status":"closed","template":"","meta":{"_acf_changed":false,"_uag_custom_page_level_css":"","site-sidebar-layout":"default","site-content-layout":"","ast-site-content-layout":"default","site-content-style":"default","site-sidebar-style":"default","ast-global-header-display":"","ast-banner-title-visibility":"","ast-main-header-display":"","ast-hfb-above-header-display":"","ast-hfb-below-header-display":"","ast-hfb-mobile-header-display":"","site-post-title":"","ast-breadcrumbs-content":"","ast-featured-img":"","footer-sml-layout":"","ast-disable-related-posts":"","theme-transparent-header-meta":"","adv-header-id-meta":"","stick-header-meta":"","header-above-stick-meta":"","header-main-stick-meta":"","header-below-stick-meta":"","astra-migrate-meta-layouts":"default","ast-page-background-enabled":"default","ast-page-background-meta":{"desktop":{"background-color":"var(--ast-global-color-4)","background-image":"","background-repeat":"repeat","background-position":"center center","background-size":"auto","background-attachment":"scroll","background-type":"","background-media":"","overlay-type":"","overlay-color":"","overlay-opacity":"","overlay-gradient":""},"tablet":{"background-color":"","background-image":"","background-repeat":"repeat","background-position":"center center","background-size":"auto","background-attachment":"scroll","background-type":"","background-media":"","overlay-type":"","overlay-color":"","overlay-opacity":"","overlay-gradient":""},"mobile":{"background-color":"","background-image":"","background-repeat":"repeat","background-position":"center center","background-size":"auto","background-attachment":"scroll","background-type":"","background-media":"","overlay-type":"","overlay-color":"","overlay-opacity":"","overlay-gradient":""}},"ast-content-background-meta":{"desktop":{"background-color":"var(--ast-global-color-5)","background-image":"","background-repeat":"repeat","background-position":"center center","background-size":"auto","background-attachment":"scroll","background-type":"","background-media":"","overlay-type":"","overlay-color":"","overlay-opacity":"","overlay-gradient":""},"tablet":{"background-color":"var(--ast-global-color-5)","background-image":"","background-repeat":"repeat","background-position":"center center","background-size":"auto","background-attachment":"scroll","background-type":"","background-media":"","overlay-type":"","overlay-color":"","overlay-opacity":"","overlay-gradient":""},"mobile":{"background-color":"var(--ast-global-color-5)","background-image":"","background-repeat":"repeat","background-position":"center center","background-size":"auto","background-attachment":"scroll","background-type":"","background-media":"","overlay-type":"","overlay-color":"","overlay-opacity":"","overlay-gradient":""}},"footnotes":""},"class_list":["post-3648","page","type-page","status-publish","hentry"],"acf":[],"yoast_head":"<!-- This site is optimized with the Yoast SEO plugin v27.3 - https:\/\/yoast.com\/product\/yoast-seo-wordpress\/ -->\n<title>F\u00f3gra i dtaca le hAlt 12 - Seirbh\u00eds na S\u00e9adchomhartha\u00edN\u00e1isi\u00fanta<\/title>\n<meta name=\"robots\" content=\"index, follow, max-snippet:-1, max-image-preview:large, max-video-preview:-1\" \/>\n<link rel=\"canonical\" href=\"https:\/\/www.archaeology.ie\/ga\/comhairle-agus-tacaiocht\/dean-iarratas-ar-cheadunais-agus-ar-thoilithe\/fogra-i-dtaca-le-halt-12\/\" \/>\n<meta property=\"og:locale\" content=\"ga_IE\" \/>\n<meta property=\"og:type\" content=\"article\" \/>\n<meta property=\"og:title\" content=\"F\u00f3gra i dtaca le hAlt 12 - Seirbh\u00eds na S\u00e9adchomhartha\u00edN\u00e1isi\u00fanta\" \/>\n<meta property=\"og:description\" content=\"Cathain a bh\u00edonn g\u00e1 le F\u00f3gra i dtaca le hAlt 12? Is S\u00e9adchomhartha\u00ed Taifeadta iad go leor de na s\u00e9adchomhartha\u00ed [&hellip;]\" \/>\n<meta property=\"og:url\" content=\"https:\/\/www.archaeology.ie\/ga\/comhairle-agus-tacaiocht\/dean-iarratas-ar-cheadunais-agus-ar-thoilithe\/fogra-i-dtaca-le-halt-12\/\" \/>\n<meta property=\"og:site_name\" content=\"Seirbh\u00eds na S\u00e9adchomhartha\u00edN\u00e1isi\u00fanta\" \/>\n<meta property=\"article:publisher\" content=\"https:\/\/www.facebook.com\/NationalMons\/\" \/>\n<meta property=\"article:modified_time\" content=\"2025-03-27T15:31:07+00:00\" \/>\n<meta name=\"twitter:card\" content=\"summary_large_image\" \/>\n<meta name=\"twitter:site\" content=\"@NationalMons\" \/>\n<!-- \/ Yoast SEO plugin. -->","yoast_head_json":{"title":"F\u00f3gra i dtaca le hAlt 12 - Seirbh\u00eds na S\u00e9adchomhartha\u00edN\u00e1isi\u00fanta","robots":{"index":"index","follow":"follow","max-snippet":"max-snippet:-1","max-image-preview":"max-image-preview:large","max-video-preview":"max-video-preview:-1"},"canonical":"https:\/\/www.archaeology.ie\/ga\/comhairle-agus-tacaiocht\/dean-iarratas-ar-cheadunais-agus-ar-thoilithe\/fogra-i-dtaca-le-halt-12\/","og_locale":"ga_IE","og_type":"article","og_title":"F\u00f3gra i dtaca le hAlt 12 - Seirbh\u00eds na S\u00e9adchomhartha\u00edN\u00e1isi\u00fanta","og_description":"Cathain a bh\u00edonn g\u00e1 le F\u00f3gra i dtaca le hAlt 12? Is S\u00e9adchomhartha\u00ed Taifeadta iad go leor de na s\u00e9adchomhartha\u00ed [&hellip;]","og_url":"https:\/\/www.archaeology.ie\/ga\/comhairle-agus-tacaiocht\/dean-iarratas-ar-cheadunais-agus-ar-thoilithe\/fogra-i-dtaca-le-halt-12\/","og_site_name":"Seirbh\u00eds na S\u00e9adchomhartha\u00edN\u00e1isi\u00fanta","article_publisher":"https:\/\/www.facebook.com\/NationalMons\/","article_modified_time":"2025-03-27T15:31:07+00:00","twitter_card":"summary_large_image","twitter_site":"@NationalMons","schema":{"@context":"https:\/\/schema.org","@graph":[{"@type":"WebPage","@id":"https:\/\/www.archaeology.ie\/ga\/comhairle-agus-tacaiocht\/dean-iarratas-ar-cheadunais-agus-ar-thoilithe\/fogra-i-dtaca-le-halt-12\/","url":"https:\/\/www.archaeology.ie\/ga\/comhairle-agus-tacaiocht\/dean-iarratas-ar-cheadunais-agus-ar-thoilithe\/fogra-i-dtaca-le-halt-12\/","name":"F\u00f3gra i dtaca le hAlt 12 - Seirbh\u00eds na S\u00e9adchomhartha\u00edN\u00e1isi\u00fanta","isPartOf":{"@id":"https:\/\/www.archaeology.ie\/ga\/#website"},"datePublished":"2024-09-10T16:44:30+00:00","dateModified":"2025-03-27T15:31:07+00:00","breadcrumb":{"@id":"https:\/\/www.archaeology.ie\/ga\/comhairle-agus-tacaiocht\/dean-iarratas-ar-cheadunais-agus-ar-thoilithe\/fogra-i-dtaca-le-halt-12\/#breadcrumb"},"inLanguage":"ga-IE","potentialAction":[{"@type":"ReadAction","target":["https:\/\/www.archaeology.ie\/ga\/comhairle-agus-tacaiocht\/dean-iarratas-ar-cheadunais-agus-ar-thoilithe\/fogra-i-dtaca-le-halt-12\/"]}]},{"@type":"BreadcrumbList","@id":"https:\/\/www.archaeology.ie\/ga\/comhairle-agus-tacaiocht\/dean-iarratas-ar-cheadunais-agus-ar-thoilithe\/fogra-i-dtaca-le-halt-12\/#breadcrumb","itemListElement":[{"@type":"ListItem","position":1,"name":"Baile","item":"https:\/\/www.archaeology.ie\/ga\/"},{"@type":"ListItem","position":2,"name":"Comhairle agus Taca\u00edocht","item":"https:\/\/www.archaeology.ie\/ga\/advice-and-support\/"},{"@type":"ListItem","position":3,"name":"D\u00e9an Iarratas ar Chead\u00fanais agus ar Thoilithe","item":"https:\/\/www.archaeology.ie\/ga\/advice-and-support\/apply-for-a-licence-consent\/"},{"@type":"ListItem","position":4,"name":"F\u00f3gra i dtaca le hAlt 12"}]},{"@type":"WebSite","@id":"https:\/\/www.archaeology.ie\/ga\/#website","url":"https:\/\/www.archaeology.ie\/ga\/","name":"National Monuments Service","description":"National Monuments Service","publisher":{"@id":"https:\/\/www.archaeology.ie\/ga\/#organization"},"potentialAction":[{"@type":"SearchAction","target":{"@type":"EntryPoint","urlTemplate":"https:\/\/www.archaeology.ie\/ga\/?s={search_term_string}"},"query-input":{"@type":"PropertyValueSpecification","valueRequired":true,"valueName":"search_term_string"}}],"inLanguage":"ga-IE"},{"@type":"Organization","@id":"https:\/\/www.archaeology.ie\/ga\/#organization","name":"National Monuments Service","url":"https:\/\/www.archaeology.ie\/ga\/","logo":{"@type":"ImageObject","inLanguage":"ga-IE","@id":"https:\/\/www.archaeology.ie\/ga\/#\/schema\/logo\/image\/","url":"https:\/\/www.archaeology.ie\/app\/uploads\/2024\/07\/nms-logo.png","contentUrl":"https:\/\/www.archaeology.ie\/app\/uploads\/2024\/07\/nms-logo.png","width":503,"height":124,"caption":"National Monuments Service"},"image":{"@id":"https:\/\/www.archaeology.ie\/ga\/#\/schema\/logo\/image\/"},"sameAs":["https:\/\/www.facebook.com\/NationalMons\/","https:\/\/x.com\/NationalMons"]}]}},"spectra_custom_meta":{"_wpml_media_duplicate":["1"],"_wpml_media_featured":["1"],"_top_nav_excluded":[""],"_cms_nav_minihome":[""],"_last_translation_edit_mode":["native-editor"],"_wp_page_template":[""],"_edit_lock":["1743089469:5"],"_edit_last":["5"],"cmplz_hide_cookiebanner":[""],"_yoast_wpseo_content_score":["60"],"_yoast_wpseo_estimated-reading-time-minutes":["2"],"_uag_css_file_name":["uag-css-3648.css"]},"uagb_featured_image_src":{"full":false,"thumbnail":false,"medium":false,"medium_large":false,"large":false,"1536x1536":false,"2048x2048":false,"gform-image-choice-sm":false,"gform-image-choice-md":false,"gform-image-choice-lg":false},"uagb_author_info":{"display_name":"Teresa Bolger","author_link":"https:\/\/www.archaeology.ie\/ga\/author\/teresa-bolger\/"},"uagb_comment_info":0,"uagb_excerpt":"Cathain a bh\u00edonn g\u00e1 le F\u00f3gra i dtaca le hAlt 12? Is S\u00e9adchomhartha\u00ed Taifeadta iad go leor de na s\u00e9adchomhartha\u00ed [&hellip;]","_links":{"self":[{"href":"https:\/\/www.archaeology.ie\/ga\/wp-json\/wp\/v2\/pages\/3648","targetHints":{"allow":["GET"]}}],"collection":[{"href":"https:\/\/www.archaeology.ie\/ga\/wp-json\/wp\/v2\/pages"}],"about":[{"href":"https:\/\/www.archaeology.ie\/ga\/wp-json\/wp\/v2\/types\/page"}],"author":[{"embeddable":true,"href":"https:\/\/www.archaeology.ie\/ga\/wp-json\/wp\/v2\/users\/8"}],"replies":[{"embeddable":true,"href":"https:\/\/www.archaeology.ie\/ga\/wp-json\/wp\/v2\/comments?post=3648"}],"version-history":[{"count":7,"href":"https:\/\/www.archaeology.ie\/ga\/wp-json\/wp\/v2\/pages\/3648\/revisions"}],"predecessor-version":[{"id":4827,"href":"https:\/\/www.archaeology.ie\/ga\/wp-json\/wp\/v2\/pages\/3648\/revisions\/4827"}],"up":[{"embeddable":true,"href":"https:\/\/www.archaeology.ie\/ga\/wp-json\/wp\/v2\/pages\/3724"}],"wp:attachment":[{"href":"https:\/\/www.archaeology.ie\/ga\/wp-json\/wp\/v2\/media?parent=3648"}],"curies":[{"name":"wp","href":"https:\/\/api.w.org\/{rel}","templated":true}]}}