{"id":3658,"date":"2024-09-12T17:29:09","date_gmt":"2024-09-12T17:29:09","guid":{"rendered":"https:\/\/www.archaeology.ie\/caighdeain-agus-treoir\/"},"modified":"2025-03-27T15:18:57","modified_gmt":"2025-03-27T15:18:57","slug":"caighdeain-agus-treoir","status":"publish","type":"page","link":"https:\/\/www.archaeology.ie\/ga\/comhairle-agus-tacaiocht\/dean-iarratas-ar-cheadunais-agus-ar-thoilithe\/caighdeain-agus-treoir\/","title":{"rendered":"Caighde\u00e1in agus Treoir"},"content":{"rendered":"\n<h2 class=\"wp-block-heading\">Forbhreathn\u00fa<\/h2>\n\n\n\n<p>T\u00e1 Seirbh\u00eds na S\u00e9adchomhartha\u00ed N\u00e1isi\u00fanta ag s\u00fail go mbeidh na hoibreacha ar fad curtha i gcr\u00edch faoi na <a href=\"https:\/\/www.archaeology.ie\/ga\/comhairle-agus-tacaiocht\/dean-iarratas-ar-cheadunais-agus-ar-thoilithe\/\">Cead\u00fanais n\u00f3 na Toilithe<\/a> a eis\u00edmid \u00e1 nd\u00e9anamh ag na caighde\u00e1in is airde de dhea-chleachtas reatha.<\/p>\n\n\n\n<h2 class=\"wp-block-heading\">\u00c1r gCaighde\u00e1in agus Treoir<\/h2>\n\n\n\n<p>Chun tac\u00fa le dea-chleachtas i nd\u00e1il le hoibreacha seand\u00e1la\u00edochta a dh\u00e9anamh agus chun a leith\u00e9id a chur chun cinn, t\u00e1 na doicim\u00e9id treorach agus caighde\u00e1n seo a leanas curtha i dtoll a ch\u00e9ile againn:<\/p>\n\n\n\n<ul class=\"wp-block-list\">\n<li><a href=\"https:\/\/www.archaeology.ie\/ga\/collections-and-publications\/publications\/framework-and-principles-for-the-protection-of-the-archaeological-heritage\/\">An Creat agus na Prionsabail um Chosaint na hOidhreachta Seand\u00e1la\u00edochta<\/a>\u2014r\u00e1iteas uileghabh\u00e1lach maidir le beartas agus cleachtas ginear\u00e1lta um chosaint na hoidhreachta seand\u00e1la\u00edochta<\/li>\n\n\n\n<li><a href=\"https:\/\/www.archaeology.ie\/ga\/collections-and-publications\/publications\/policy-and-guidelines-on-archaeological-excavation\/\">Beartas agus Treoirl\u00ednte maidir le Tochailt Seand\u00e1la\u00edochta<\/a>\u2014treoir dhea-chleachtais maidir le tochailt\u00ed seand\u00e1la\u00edochta at\u00e1 comhl\u00edontach leis an dl\u00ed a dh\u00e9anamh<\/li>\n\n\n\n<li><a href=\"https:\/\/www.archaeology.ie\/ga\/collections-and-publications\/publications\/guidelines-for-the-authors-of-reports-on-archaeological-excavations\/\">Treoirl\u00edne d&#8217;\u00dadair Tuarasc\u00e1lacha maidir le Tochailt Seand\u00e1la\u00edochta<\/a>\u2014treoir dhea-chleachtais maidir le tuarasc\u00e1lacha a chur i dtoll a ch\u00e9ile faoi thortha\u00ed tochailt\u00ed seand\u00e1la\u00edochta<\/li>\n\n\n\n<li><a href=\"https:\/\/www.archaeology.ie\/ga\/collections-and-publications\/publications\/advice-on-the-use-of-metal-detection-devices\/\">Comhairle don Phobal maidir le Gl\u00e9asanna Miotalbhraite a \u00fas\u00e1id<\/a>\u2014treoir dhea-chleachtais maidir le gl\u00e9asanna miotalbhraite a \u00fas\u00e1id<\/li>\n\n\n\n<li>Sc\u00e9imeanna Seand\u00e1la\u00edochta agus Cosanta Tuilte: <a href=\"https:\/\/www.archaeology.ie\/ga\/collections-and-publications\/publications\/archaeology-and-flood-relief-schemes-guidelines\/\">Treoirl\u00ednte agus Aguis\u00edn<\/a>\u2014treoir dhea-chleachtais maidir le seand\u00e1la\u00edocht a bhainisti\u00fa agus oibreacha seand\u00e1la\u00edochta a dh\u00e9anamh i gcomhth\u00e9acs Sc\u00e9imeanna Cosanta Tuilte<\/li>\n<\/ul>\n\n\n\n<h2 class=\"wp-block-heading\">Caighde\u00e1in agus Treoir Eile<\/h2>\n\n\n\n<p>Chomh maith leis sin, sol\u00e1thra\u00edonn na heagra\u00edochta\u00ed seo a leanas doicim\u00e9id treorach agus caighde\u00e1n at\u00e1 \u00e1bhartha d&#8217;oibreacha agus do ghn\u00edomha\u00edochta\u00ed seand\u00e1la\u00edochta a chur i gcr\u00edch:<\/p>\n\n\n\n<ul class=\"wp-block-list\">\n<li><a href=\"https:\/\/www.museum.ie\/en-IE\/Collections-Research\/Irish-Antiquities-Division-Collections\/Licensing-and-Services-for-Professional-Archaeolog\">Ard-Mh\u00fasaem na h\u00c9ireann<\/a>\u2014treoir maidir le caitheamh le d\u00e9ant\u00e1in agus tais\u00ed daonna<\/li>\n\n\n\n<li><a href=\"https:\/\/www.iai.ie\/codes-of-conduct\/\">Institi\u00faid Seand\u00e1laithe na h\u00c9ireann<\/a>\u2014raon caighde\u00e1n agus treorach maidir le dea-chleachtas do sheand\u00e1laithe gairmi\u00fala<\/li>\n\n\n\n<li><a href=\"https:\/\/www.heritagecouncil.ie\/publications\">An Chomhairle Oidhreachta<\/a>\u2014raon caighde\u00e1n agus treorach maidir le dea-chleachtas do sheand\u00e1laithe gairmi\u00fala agus d\u00f3ibh si\u00fad a bhfuil oibreacha seand\u00e1la\u00edochta \u00e1 gcoimisi\u00fan\u00fa acu<\/li>\n\n\n\n<li><a href=\"https:\/\/www.tii.ie\/en\/technical-services\/archaeology\/\">Bonneagar Iompair \u00c9ireann<\/a>\u2014treoir dhea-chleachtais maidir le hoibreacha seand\u00e1la\u00edochta a bhaineann le tionscadail bh\u00f3thair agus iarnr\u00f3id \u00e9adroim a bhainisti\u00fa agus a chur i gcr\u00edch<\/li>\n\n\n\n<li><a href=\"https:\/\/cms.eirgrid.ie\/sites\/default\/files\/publications\/Cultural-Heritage-Guidance-for-Electricity-Transmission-Projects.pdf\">Eirgrid<\/a>\u2014treoir dhea-chleachtais maidir le hoibreacha seand\u00e1la\u00edochta a bhaineann le tionscadail bonneagair fuinnimh a bhainisti\u00fa agus a chur i gcr\u00edch<\/li>\n<\/ul>\n","protected":false},"excerpt":{"rendered":"<p>Forbhreathn\u00fa T\u00e1 Seirbh\u00eds na S\u00e9adchomhartha\u00ed N\u00e1isi\u00fanta ag s\u00fail go mbeidh na hoibreacha ar fad curtha i gcr\u00edch faoi na Cead\u00fanais [&hellip;]<\/p>\n","protected":false},"author":8,"featured_media":0,"parent":3724,"menu_order":0,"comment_status":"closed","ping_status":"closed","template":"","meta":{"_acf_changed":false,"_uag_custom_page_level_css":"","site-sidebar-layout":"default","site-content-layout":"","ast-site-content-layout":"default","site-content-style":"default","site-sidebar-style":"default","ast-global-header-display":"","ast-banner-title-visibility":"","ast-main-header-display":"","ast-hfb-above-header-display":"","ast-hfb-below-header-display":"","ast-hfb-mobile-header-display":"","site-post-title":"","ast-breadcrumbs-content":"","ast-featured-img":"","footer-sml-layout":"","ast-disable-related-posts":"","theme-transparent-header-meta":"","adv-header-id-meta":"","stick-header-meta":"","header-above-stick-meta":"","header-main-stick-meta":"","header-below-stick-meta":"","astra-migrate-meta-layouts":"default","ast-page-background-enabled":"default","ast-page-background-meta":{"desktop":{"background-color":"var(--ast-global-color-4)","background-image":"","background-repeat":"repeat","background-position":"center center","background-size":"auto","background-attachment":"scroll","background-type":"","background-media":"","overlay-type":"","overlay-color":"","overlay-opacity":"","overlay-gradient":""},"tablet":{"background-color":"","background-image":"","background-repeat":"repeat","background-position":"center center","background-size":"auto","background-attachment":"scroll","background-type":"","background-media":"","overlay-type":"","overlay-color":"","overlay-opacity":"","overlay-gradient":""},"mobile":{"background-color":"","background-image":"","background-repeat":"repeat","background-position":"center center","background-size":"auto","background-attachment":"scroll","background-type":"","background-media":"","overlay-type":"","overlay-color":"","overlay-opacity":"","overlay-gradient":""}},"ast-content-background-meta":{"desktop":{"background-color":"var(--ast-global-color-5)","background-image":"","background-repeat":"repeat","background-position":"center center","background-size":"auto","background-attachment":"scroll","background-type":"","background-media":"","overlay-type":"","overlay-color":"","overlay-opacity":"","overlay-gradient":""},"tablet":{"background-color":"var(--ast-global-color-5)","background-image":"","background-repeat":"repeat","background-position":"center center","background-size":"auto","background-attachment":"scroll","background-type":"","background-media":"","overlay-type":"","overlay-color":"","overlay-opacity":"","overlay-gradient":""},"mobile":{"background-color":"var(--ast-global-color-5)","background-image":"","background-repeat":"repeat","background-position":"center center","background-size":"auto","background-attachment":"scroll","background-type":"","background-media":"","overlay-type":"","overlay-color":"","overlay-opacity":"","overlay-gradient":""}},"footnotes":""},"class_list":["post-3658","page","type-page","status-publish","hentry"],"acf":[],"yoast_head":"<!-- This site is optimized with the Yoast SEO plugin v27.3 - https:\/\/yoast.com\/product\/yoast-seo-wordpress\/ -->\n<title>Caighde\u00e1in agus Treoir - Seirbh\u00eds na S\u00e9adchomhartha\u00edN\u00e1isi\u00fanta<\/title>\n<meta name=\"robots\" content=\"index, follow, max-snippet:-1, max-image-preview:large, max-video-preview:-1\" \/>\n<link rel=\"canonical\" href=\"https:\/\/www.archaeology.ie\/ga\/comhairle-agus-tacaiocht\/dean-iarratas-ar-cheadunais-agus-ar-thoilithe\/caighdeain-agus-treoir\/\" \/>\n<meta property=\"og:locale\" content=\"ga_IE\" \/>\n<meta property=\"og:type\" content=\"article\" \/>\n<meta property=\"og:title\" content=\"Caighde\u00e1in agus Treoir - Seirbh\u00eds na S\u00e9adchomhartha\u00edN\u00e1isi\u00fanta\" \/>\n<meta property=\"og:description\" content=\"Forbhreathn\u00fa T\u00e1 Seirbh\u00eds na S\u00e9adchomhartha\u00ed N\u00e1isi\u00fanta ag s\u00fail go mbeidh na hoibreacha ar fad curtha i gcr\u00edch faoi na Cead\u00fanais [&hellip;]\" \/>\n<meta property=\"og:url\" content=\"https:\/\/www.archaeology.ie\/ga\/comhairle-agus-tacaiocht\/dean-iarratas-ar-cheadunais-agus-ar-thoilithe\/caighdeain-agus-treoir\/\" \/>\n<meta property=\"og:site_name\" content=\"Seirbh\u00eds na S\u00e9adchomhartha\u00edN\u00e1isi\u00fanta\" \/>\n<meta property=\"article:publisher\" content=\"https:\/\/www.facebook.com\/NationalMons\/\" \/>\n<meta property=\"article:modified_time\" content=\"2025-03-27T15:18:57+00:00\" \/>\n<meta name=\"twitter:card\" content=\"summary_large_image\" \/>\n<meta name=\"twitter:site\" content=\"@NationalMons\" \/>\n<!-- \/ Yoast SEO plugin. -->","yoast_head_json":{"title":"Caighde\u00e1in agus Treoir - Seirbh\u00eds na S\u00e9adchomhartha\u00edN\u00e1isi\u00fanta","robots":{"index":"index","follow":"follow","max-snippet":"max-snippet:-1","max-image-preview":"max-image-preview:large","max-video-preview":"max-video-preview:-1"},"canonical":"https:\/\/www.archaeology.ie\/ga\/comhairle-agus-tacaiocht\/dean-iarratas-ar-cheadunais-agus-ar-thoilithe\/caighdeain-agus-treoir\/","og_locale":"ga_IE","og_type":"article","og_title":"Caighde\u00e1in agus Treoir - Seirbh\u00eds na S\u00e9adchomhartha\u00edN\u00e1isi\u00fanta","og_description":"Forbhreathn\u00fa T\u00e1 Seirbh\u00eds na S\u00e9adchomhartha\u00ed N\u00e1isi\u00fanta ag s\u00fail go mbeidh na hoibreacha ar fad curtha i gcr\u00edch faoi na Cead\u00fanais [&hellip;]","og_url":"https:\/\/www.archaeology.ie\/ga\/comhairle-agus-tacaiocht\/dean-iarratas-ar-cheadunais-agus-ar-thoilithe\/caighdeain-agus-treoir\/","og_site_name":"Seirbh\u00eds na S\u00e9adchomhartha\u00edN\u00e1isi\u00fanta","article_publisher":"https:\/\/www.facebook.com\/NationalMons\/","article_modified_time":"2025-03-27T15:18:57+00:00","twitter_card":"summary_large_image","twitter_site":"@NationalMons","schema":{"@context":"https:\/\/schema.org","@graph":[{"@type":"WebPage","@id":"https:\/\/www.archaeology.ie\/ga\/comhairle-agus-tacaiocht\/dean-iarratas-ar-cheadunais-agus-ar-thoilithe\/caighdeain-agus-treoir\/","url":"https:\/\/www.archaeology.ie\/ga\/comhairle-agus-tacaiocht\/dean-iarratas-ar-cheadunais-agus-ar-thoilithe\/caighdeain-agus-treoir\/","name":"Caighde\u00e1in agus Treoir - Seirbh\u00eds na S\u00e9adchomhartha\u00edN\u00e1isi\u00fanta","isPartOf":{"@id":"https:\/\/www.archaeology.ie\/ga\/#website"},"datePublished":"2024-09-12T17:29:09+00:00","dateModified":"2025-03-27T15:18:57+00:00","breadcrumb":{"@id":"https:\/\/www.archaeology.ie\/ga\/comhairle-agus-tacaiocht\/dean-iarratas-ar-cheadunais-agus-ar-thoilithe\/caighdeain-agus-treoir\/#breadcrumb"},"inLanguage":"ga-IE","potentialAction":[{"@type":"ReadAction","target":["https:\/\/www.archaeology.ie\/ga\/comhairle-agus-tacaiocht\/dean-iarratas-ar-cheadunais-agus-ar-thoilithe\/caighdeain-agus-treoir\/"]}]},{"@type":"BreadcrumbList","@id":"https:\/\/www.archaeology.ie\/ga\/comhairle-agus-tacaiocht\/dean-iarratas-ar-cheadunais-agus-ar-thoilithe\/caighdeain-agus-treoir\/#breadcrumb","itemListElement":[{"@type":"ListItem","position":1,"name":"Baile","item":"https:\/\/www.archaeology.ie\/ga\/"},{"@type":"ListItem","position":2,"name":"Comhairle agus Taca\u00edocht","item":"https:\/\/www.archaeology.ie\/ga\/advice-and-support\/"},{"@type":"ListItem","position":3,"name":"D\u00e9an Iarratas ar Chead\u00fanais agus ar Thoilithe","item":"https:\/\/www.archaeology.ie\/ga\/advice-and-support\/apply-for-a-licence-consent\/"},{"@type":"ListItem","position":4,"name":"Caighde\u00e1in agus Treoir"}]},{"@type":"WebSite","@id":"https:\/\/www.archaeology.ie\/ga\/#website","url":"https:\/\/www.archaeology.ie\/ga\/","name":"National Monuments Service","description":"National Monuments Service","publisher":{"@id":"https:\/\/www.archaeology.ie\/ga\/#organization"},"potentialAction":[{"@type":"SearchAction","target":{"@type":"EntryPoint","urlTemplate":"https:\/\/www.archaeology.ie\/ga\/?s={search_term_string}"},"query-input":{"@type":"PropertyValueSpecification","valueRequired":true,"valueName":"search_term_string"}}],"inLanguage":"ga-IE"},{"@type":"Organization","@id":"https:\/\/www.archaeology.ie\/ga\/#organization","name":"National Monuments Service","url":"https:\/\/www.archaeology.ie\/ga\/","logo":{"@type":"ImageObject","inLanguage":"ga-IE","@id":"https:\/\/www.archaeology.ie\/ga\/#\/schema\/logo\/image\/","url":"https:\/\/www.archaeology.ie\/app\/uploads\/2024\/07\/nms-logo.png","contentUrl":"https:\/\/www.archaeology.ie\/app\/uploads\/2024\/07\/nms-logo.png","width":503,"height":124,"caption":"National Monuments Service"},"image":{"@id":"https:\/\/www.archaeology.ie\/ga\/#\/schema\/logo\/image\/"},"sameAs":["https:\/\/www.facebook.com\/NationalMons\/","https:\/\/x.com\/NationalMons"]}]}},"spectra_custom_meta":{"_wpml_media_duplicate":["1"],"_wpml_media_featured":["1"],"_top_nav_excluded":[""],"_cms_nav_minihome":[""],"_last_translation_edit_mode":["native-editor"],"_edit_lock":["1743088740:5"],"_edit_last":["5"],"cmplz_hide_cookiebanner":[""],"_wp_page_template":[""],"_yoast_wpseo_content_score":["60"],"_yoast_wpseo_estimated-reading-time-minutes":["2"],"_uag_css_file_name":["uag-css-3658.css"]},"uagb_featured_image_src":{"full":false,"thumbnail":false,"medium":false,"medium_large":false,"large":false,"1536x1536":false,"2048x2048":false,"gform-image-choice-sm":false,"gform-image-choice-md":false,"gform-image-choice-lg":false},"uagb_author_info":{"display_name":"Teresa Bolger","author_link":"https:\/\/www.archaeology.ie\/ga\/author\/teresa-bolger\/"},"uagb_comment_info":0,"uagb_excerpt":"Forbhreathn\u00fa T\u00e1 Seirbh\u00eds na S\u00e9adchomhartha\u00ed N\u00e1isi\u00fanta ag s\u00fail go mbeidh na hoibreacha ar fad curtha i gcr\u00edch faoi na Cead\u00fanais [&hellip;]","_links":{"self":[{"href":"https:\/\/www.archaeology.ie\/ga\/wp-json\/wp\/v2\/pages\/3658","targetHints":{"allow":["GET"]}}],"collection":[{"href":"https:\/\/www.archaeology.ie\/ga\/wp-json\/wp\/v2\/pages"}],"about":[{"href":"https:\/\/www.archaeology.ie\/ga\/wp-json\/wp\/v2\/types\/page"}],"author":[{"embeddable":true,"href":"https:\/\/www.archaeology.ie\/ga\/wp-json\/wp\/v2\/users\/8"}],"replies":[{"embeddable":true,"href":"https:\/\/www.archaeology.ie\/ga\/wp-json\/wp\/v2\/comments?post=3658"}],"version-history":[{"count":2,"href":"https:\/\/www.archaeology.ie\/ga\/wp-json\/wp\/v2\/pages\/3658\/revisions"}],"predecessor-version":[{"id":4816,"href":"https:\/\/www.archaeology.ie\/ga\/wp-json\/wp\/v2\/pages\/3658\/revisions\/4816"}],"up":[{"embeddable":true,"href":"https:\/\/www.archaeology.ie\/ga\/wp-json\/wp\/v2\/pages\/3724"}],"wp:attachment":[{"href":"https:\/\/www.archaeology.ie\/ga\/wp-json\/wp\/v2\/media?parent=3658"}],"curies":[{"name":"wp","href":"https:\/\/api.w.org\/{rel}","templated":true}]}}