{"id":3663,"date":"2024-09-16T11:27:10","date_gmt":"2024-09-16T11:27:10","guid":{"rendered":"https:\/\/www.archaeology.ie\/ceadunas-tochailte\/tuarascalacha-tochailte\/"},"modified":"2025-03-27T15:26:42","modified_gmt":"2025-03-27T15:26:42","slug":"tuarascalacha-tochailte","status":"publish","type":"page","link":"https:\/\/www.archaeology.ie\/ga\/comhairle-agus-tacaiocht\/dean-iarratas-ar-cheadunais-agus-ar-thoilithe\/ceadunas-tochailte\/tuarascalacha-tochailte\/","title":{"rendered":"Tuarasc\u00e1lacha Tochailte"},"content":{"rendered":"\n<h2 class=\"wp-block-heading\">Forbhreathn\u00fa<\/h2>\n\n\n\n<p>Teasta\u00edonn tr\u00ed thuarasc\u00e1il mar choinn\u00edoll a bhaineann le haon Chead\u00fanas Tochailte a eis\u00edtear:<\/p>\n\n\n\n<ul class=\"wp-block-list\">\n<li>R\u00e9amhthuarasc\u00e1il\u2014le cur ar f\u00e1il laistigh de 4 seachtaine i ndiaidh na n-oibreacha uile ar an l\u00e1ithre\u00e1n a chr\u00edochn\u00fa, n\u00f3 laistigh de 4 seachtaine \u00f3 dheireadh an ts\u00e9as\u00fair tochailte do thionscadail ilbhliant\u00fala<\/li>\n\n\n\n<li>Tuarasc\u00e1il Deiridh\u2014le cur ar f\u00e1il laistigh de 12 mh\u00ed \u00f3 na hoibreacha uile ar an l\u00e1ithre\u00e1n a chr\u00edochn\u00fa. N\u00ed m\u00f3r gurb ionann an Tuarasc\u00e1il sin agus cuntas ioml\u00e1n agus deiridh ar na hoibreacha, agus ba cheart an anail\u00eds taca\u00edochta ar fad at\u00e1 d\u00e9anta ag speisialt\u00f3ir\u00ed a chur san \u00e1ireamh. Le haghaidh ini\u00fachta\u00ed m\u00f3ra n\u00f3 in imthosca \u00e1irithe, d\u2019fh\u00e9adfa\u00ed tr\u00e9imhse ama n\u00edos faide a chead\u00fa; n\u00ed m\u00f3r \u00e9 sin a chomhaont\u00fa linn ar bhonn an ch\u00e1is.  <\/li>\n\n\n\n<li><a href=\"https:\/\/excavations.ie\/submission-guidelines\/\">Tuarasc\u00e1il Achomair<\/a>\u2014le cur ar f\u00e1il do gach bliain f\u00e9ilire ina bhfuil cead\u00fanas gn\u00edomhach; is tuarasc\u00e1il achomair at\u00e1 ansin don fheasach\u00e1n bliant\u00fail Tochailt\u00ed.<\/li>\n<\/ul>\n\n\n\n<p><strong>Tabhair faoi deara<\/strong>: I gc\u00e1sanna \u00e1irithe (mura bhfuil g\u00e1 le haon anail\u00eds iarthochailte eile n\u00f3 oibreacha speisialaithe eile agus m\u00e1 t\u00e1 cuntas ioml\u00e1n sa tuarasc\u00e1il ar na hoibreacha a rinneadh) is f\u00e9idir d\u00edreach an Tuarasc\u00e1il Deiridh a chur ar f\u00e1il, ar an gcoinn\u00edoll go gcuirtear a leith\u00e9id de thuarasc\u00e1il ar f\u00e1il laistigh de 4 seachtaine i ndiaidh na n-oibreacha uile ar an l\u00e1ithre\u00e1n a chr\u00edochn\u00fa. Teasta\u00edonn Tuarasc\u00e1il Achomair i gc\u00f3na\u00ed.. <\/p>\n\n\n\n<h2 class=\"wp-block-heading\">Form\u00e1id na Tuarasc\u00e1la<\/h2>\n\n\n\n<p>T\u00e1 form\u00e1id tuairiscithe dh\u00e1 chuid \u00e9igeantach do gach Cead\u00fanas Tochailte a eis\u00edodh \u00f3 Ean\u00e1ir 2019. <strong>Tabhair faoi deara<\/strong>: baineann s\u00e9 sin le cead\u00fanais n\u00edos sine freisin a athnuadh n\u00f3 ar cuireadh s\u00edneadh leo i ndiaidh an d\u00e1ta sin.<\/p>\n\n\n\n<p>Ba cheart go mbeadh na codanna strucht\u00fartha mar seo a leanas:<\/p>\n\n\n\n<ul class=\"wp-block-list\">\n<li>Sa Ch\u00e9ad Chuid, ba cheart go mbeadh eolas seand\u00e1la\u00edochta le f\u00e1il, agus n\u00edor cheart go mbeadh aon sonra\u00ed pearsanta ar f\u00e1il seachas ainm an chead\u00fana\u00ed. Chomh fada is a bhaineann leis na tuarasc\u00e1lacha deiridh do thochailt\u00ed m\u00f3ra, is f\u00e9idir an Ch\u00e9ad Chuid a roinnt in imleabhair \u00e9ags\u00fala. Ba cheart go mbeadh uimhir an chead\u00fanais le f\u00e1il ar chl\u00fadach gach imleabhair.  <\/li>\n\n\n\n<li>T\u00e1 an Dara Cuid srianta d\u2019eolas eile, cos\u00fail le hainm an chliaint\/fhorbr\u00f3ra agus c\u00falra plean\u00e1la agus forbartha (m\u00e1s cu\u00ed) na tochailte. Sa dara cuid, ba cheart go mbeadh uimhir an chead\u00fanais le f\u00e1il ar an gcl\u00fadach ach go mbeadh \u2018X\u2019 iarcheangailte leis. <\/li>\n<\/ul>\n\n\n\n<p>T\u00e1 <a href=\"https:\/\/www.archaeology.ie\/ga\/collections-and-publications\/publications\/template-for-second-part-of-excavation-report\/\">teimpl\u00e9ad do thuarasc\u00e1il na Dara Coda<\/a>, mar aon le n\u00f3ta\u00ed comhairle maidir leis na form\u00e1id\u00ed tuarasc\u00e1la a eis\u00edodh in <a href=\"https:\/\/www.archaeology.ie\/ga\/collections-and-publications\/publications\/information-note-on-requirement-to-submit-reports-on-archaeological-excavations-in-two-parts\/\">2018<\/a> agus in <a href=\"https:\/\/www.archaeology.ie\/ga\/collections-and-publications\/publications\/further-information-note-on-requirement-to-submit-reports-on-archaeological-excavations-in-two-parts\/\">2020<\/a>, ar f\u00e1il.<\/p>\n\n\n\n<p>Ba cheart an d\u00e1 chuid de do thuarasc\u00e1il a chur ar f\u00e1il mar imleabhair ar leithligh faoi chl\u00fadach crua agus mar chomhaid dhigiteacha aonair (f\u00e9ach ar an rann\u00f3g dar teideal Tuarasc\u00e1il a Chur Isteach th\u00edos). <\/p>\n\n\n\n<p>N\u00ed ghlacfaidh Seirbh\u00eds na S\u00e9adchomhartha\u00ed N\u00e1isi\u00fanta le tuarasc\u00e1lacha tochailte do chead\u00fanais a eis\u00edodh i ndiaidh Ean\u00e1ir 2019 nach bhfuil san fhorm\u00e1id sin.<\/p>\n\n\n\n<h2 class=\"wp-block-heading\">\u00c1bhar agus Caighde\u00e1n<\/h2>\n\n\n\n<p>N\u00ed m\u00f3r go gcuimseofa\u00ed sa <strong>r\u00e9amhthuarasc\u00e1il<\/strong> cuntas tosaigh ar thortha\u00ed na tochailte. Ba cheart go gcuimseofa\u00ed ansin cuntas ar an stratagrafa\u00edocht agus ar na gn\u00e9ithe tochailte; catal\u00f3ga bun\u00fasacha d\u2019earra\u00ed a aims\u00edodh, de shampla\u00ed, de ghrianghraif, de phleananna agus d\u2019\u00e1bhar eile a coime\u00e1dadh \u00f3n tochailt; mar aon le map\u00e1il le l\u00e9ar\u00e1id\u00ed oiri\u00fanacha. Chomh maith leis sin, ba cheart strait\u00e9is iarthochailte a chur ar f\u00e1il ina nd\u00e9antar cur s\u00edos ar anail\u00eds\u00ed speisialaithe agus ar thaighde breise a rinneadh chun teacht ar thuiscint n\u00edos fearr ar thortha\u00ed na tochailte agus chun an l\u00e1ithre\u00e1n a lonn\u00fa ina chomhth\u00e9acs seand\u00e1la\u00edochta agus stairi\u00fail.  <\/p>\n\n\n\n<p>N\u00ed m\u00f3r go gcuimseofa\u00ed sa <strong>tuarasc\u00e1il deiridh<\/strong> cuntas ioml\u00e1n ar an stratagrafa\u00edocht, ar na gn\u00e9ithe agus ar na tortha\u00ed, agus n\u00ed m\u00f3r tuarasc\u00e1lacha speisialaithe a chur ar f\u00e1il agus l\u00e9ar\u00e1id\u00ed oiri\u00fanacha. N\u00ed m\u00f3r l\u00e9argas a thabhairt ar an l\u00e1ithre\u00e1n agus ar a \u00e1it ina chomhth\u00e9acs seand\u00e1la\u00edochta agus stairi\u00fail. Chomh maith leis sin, n\u00ed m\u00f3r go gcuimseofa\u00ed sa tuarasc\u00e1il sin cuntas ioml\u00e1n ar gach d\u00e9ant\u00e1n, \u00e9iceadh\u00e9ant\u00e1in agus taifead cartlainne a bhaineann leis na hoibreacha ar an l\u00e1ithre\u00e1n agus lasmuigh den l\u00e1ithre\u00e1n go dt\u00ed seo, mar aon le sraith ioml\u00e1n molta\u00ed chun an t-\u00e1bhar a chur ar f\u00e1il d\u2019Ard-Mh\u00fasaem na h\u00c9ireann n\u00f3 do chartlann seand\u00e1la\u00edochta oiri\u00fanach cos\u00fail le <a href=\"https:\/\/www.archaeology.ie\/ga\/fuinne\/cad-a-dheanaimid\/cartlann-na-seadchomharthai-naisiunta\/\">Cartlann SSN<\/a> n\u00f3 do <a href=\"https:\/\/www.dublincity.ie\/residential\/libraries\/heritage-and-history\/dublin-city-archaeological-archive\">Chartlann Seand\u00e1la\u00edochta Chathair Bhaile \u00c1tha Cliath<\/a> (de r\u00e9ir mar is cu\u00ed).  <\/p>\n\n\n\n<p>T\u00e1 tuilleadh eolais le f\u00e1il in\u00e1r <a href=\"https:\/\/www.archaeology.ie\/ga\/collections-and-publications\/publications\/guidelines-for-the-authors-of-reports-on-archaeological-excavations\/\">dTreoirl\u00ednte d\u2019\u00dadair Tuarasc\u00e1lacha maidir le Tochailt Seand\u00e1la\u00edochta<\/a>.<\/p>\n\n\n\n<p>Coime\u00e1dann Seirbh\u00eds na S\u00e9adchomhartha\u00ed N\u00e1isi\u00fanta an ceart chun feabhsuithe agus ceart\u00fach\u00e1in ar thuarasc\u00e1lacha a lorg a mheastar at\u00e1 neamhioml\u00e1n, m\u00edcheart n\u00f3 nach bhfuil \u00e1r dtreoirl\u00ednte \u00e1 gcomhl\u00edonadh acu. N\u00ed ghlacfar leis go bhfuil ceanglais tuairiscithe an chead\u00fanais comhl\u00edonta go dt\u00ed go mb\u00edonn tuarasc\u00e1il chomhl\u00edontach curtha ar f\u00e1il ag an gcead\u00fana\u00ed d\u00fainn at\u00e1 comhl\u00edontach dar linn. <\/p>\n\n\n\n<h2 class=\"wp-block-heading\">R\u00e9amhthuarasc\u00e1lacha agus Tuarasc\u00e1lacha Deiridh a Chur ar F\u00e1il<\/h2>\n\n\n\n<p>I ngach c\u00e1s, n\u00ed m\u00f3r c\u00f3ip dhigiteach amh\u00e1in den R\u00e9amhthuarasc\u00e1il agus den Tuarasc\u00e1il Deiridh a chur faoi bhr\u00e1id Sheirbh\u00eds na S\u00e9adchomhartha\u00ed N\u00e1isi\u00fanta. Chomh maith leis sin, n\u00ed m\u00f3r c\u00f3ip amh\u00e1in faoi chl\u00fadach crua agus c\u00f3ip dhigiteach amh\u00e1in de gach tuarasc\u00e1il a chur faoi bhr\u00e1id Ard-Mh\u00fasaem na h\u00c9ireann. <\/p>\n\n\n\n<p>Is f\u00e9idir c\u00f3ipeanna digiteacha de thuarasc\u00e1lacha a sheoladh tr\u00ed r\u00edomhphost chuig: <a href=\"mailto:licensingsection@housing.gov.ie\">licensingsection@housing.gov.ie<\/a>; cinntigh, le do thoil, go bhfuil uimhir an chead\u00fanais sonraithe i l\u00edne an \u00e1bhair do r\u00edomhphoist.<\/p>\n\n\n\n<p>Chomh fada is a bhaineann le tuarasc\u00e1lacha a bhfuil a m\u00e9ideanna comhaid r\u00f3mh\u00f3r do r\u00edomhphost, is f\u00e9idir nasc uasl\u00f3d\u00e1la a lorg uainn tr\u00ed r\u00edomhphost a sheoladh chuig an seoladh c\u00e9anna.<\/p>\n\n\n\n<p>Cuirtear gach tuarasc\u00e1il a bhaineann le Cead\u00fanais Tochailte a chuirtear faoin\u00e1r mbr\u00e1id <a href=\"https:\/\/www.archaeology.ie\/ga\/bailiuchain-agus-foilseachain\/bailiuchain\/rochtain-ar-bhailiuchain-agus-iad-a-chur-i-dtaisce\/\">ar f\u00e1il go poibl\u00ed<\/a> in am tr\u00e1tha.<\/p>\n\n\n\n<h2 class=\"wp-block-heading\">Cartlann\u00fa<\/h2>\n\n\n\n<p>Nuair a bh\u00edonn gach cine\u00e1l oibreacha iarthochailte a bhaineann le haon chead\u00fanas cr\u00edochnaithe agus nuair a bh\u00edonn an Tuarasc\u00e1il Deiridh curtha ar f\u00e1il agus glactha, n\u00ed m\u00f3r don Chead\u00fana\u00ed socruithe a dh\u00e9anamh chun gach \u00e1bhar cartlainne a bhaineann leis an tochailt a chur ar f\u00e1il do <a href=\"https:\/\/www.archaeology.ie\/ga\/bailiuchain-agus-foilseachain\/bailiuchain\/rochtain-ar-bhailiuchain-agus-iad-a-chur-i-dtaisce\/\">Chartlann SSN<\/a>. N\u00ed f\u00e9idir aon \u00e1bhar \u00f3 chartlanna an l\u00e1ithre\u00e1in a dhi\u00fascairt gan a leith\u00e9id a chomhaont\u00fa linn. <\/p>\n\n\n\n<p>Ar an gcuma ch\u00e9anna, n\u00ed m\u00f3r teacht ar chomhaont\u00fa le <a href=\"https:\/\/www.museum.ie\/en-IE\/Collections-Research\/Irish-Antiquities-Division-Collections\/Licensing-and-Services-for-Professional-Archaeolog\">hArd-Mh\u00fasaem na h\u00c9ireann<\/a> maidir le gach d\u00e9ant\u00e1n agus \u00e9iceadh\u00e9ant\u00e1n \u00f3n tochailt seand\u00e1la\u00edochta a thaisceadh.<\/p>\n","protected":false},"excerpt":{"rendered":"<p>Forbhreathn\u00fa Teasta\u00edonn tr\u00ed thuarasc\u00e1il mar choinn\u00edoll a bhaineann le haon Chead\u00fanas Tochailte a eis\u00edtear: Tabhair faoi deara: I gc\u00e1sanna \u00e1irithe [&hellip;]<\/p>\n","protected":false},"author":8,"featured_media":0,"parent":3298,"menu_order":0,"comment_status":"closed","ping_status":"closed","template":"","meta":{"_acf_changed":false,"_uag_custom_page_level_css":"","site-sidebar-layout":"default","site-content-layout":"","ast-site-content-layout":"default","site-content-style":"default","site-sidebar-style":"default","ast-global-header-display":"","ast-banner-title-visibility":"","ast-main-header-display":"","ast-hfb-above-header-display":"","ast-hfb-below-header-display":"","ast-hfb-mobile-header-display":"","site-post-title":"","ast-breadcrumbs-content":"","ast-featured-img":"","footer-sml-layout":"","ast-disable-related-posts":"","theme-transparent-header-meta":"","adv-header-id-meta":"","stick-header-meta":"","header-above-stick-meta":"","header-main-stick-meta":"","header-below-stick-meta":"","astra-migrate-meta-layouts":"default","ast-page-background-enabled":"default","ast-page-background-meta":{"desktop":{"background-color":"var(--ast-global-color-4)","background-image":"","background-repeat":"repeat","background-position":"center center","background-size":"auto","background-attachment":"scroll","background-type":"","background-media":"","overlay-type":"","overlay-color":"","overlay-opacity":"","overlay-gradient":""},"tablet":{"background-color":"","background-image":"","background-repeat":"repeat","background-position":"center center","background-size":"auto","background-attachment":"scroll","background-type":"","background-media":"","overlay-type":"","overlay-color":"","overlay-opacity":"","overlay-gradient":""},"mobile":{"background-color":"","background-image":"","background-repeat":"repeat","background-position":"center center","background-size":"auto","background-attachment":"scroll","background-type":"","background-media":"","overlay-type":"","overlay-color":"","overlay-opacity":"","overlay-gradient":""}},"ast-content-background-meta":{"desktop":{"background-color":"var(--ast-global-color-5)","background-image":"","background-repeat":"repeat","background-position":"center center","background-size":"auto","background-attachment":"scroll","background-type":"","background-media":"","overlay-type":"","overlay-color":"","overlay-opacity":"","overlay-gradient":""},"tablet":{"background-color":"var(--ast-global-color-5)","background-image":"","background-repeat":"repeat","background-position":"center center","background-size":"auto","background-attachment":"scroll","background-type":"","background-media":"","overlay-type":"","overlay-color":"","overlay-opacity":"","overlay-gradient":""},"mobile":{"background-color":"var(--ast-global-color-5)","background-image":"","background-repeat":"repeat","background-position":"center center","background-size":"auto","background-attachment":"scroll","background-type":"","background-media":"","overlay-type":"","overlay-color":"","overlay-opacity":"","overlay-gradient":""}},"footnotes":""},"class_list":["post-3663","page","type-page","status-publish","hentry"],"acf":[],"yoast_head":"<!-- This site is optimized with the Yoast SEO plugin v27.3 - https:\/\/yoast.com\/product\/yoast-seo-wordpress\/ -->\n<title>Tuarasc\u00e1lacha Tochailte - Seirbh\u00eds na S\u00e9adchomhartha\u00edN\u00e1isi\u00fanta<\/title>\n<meta name=\"robots\" content=\"index, follow, max-snippet:-1, max-image-preview:large, max-video-preview:-1\" \/>\n<link rel=\"canonical\" href=\"https:\/\/www.archaeology.ie\/ga\/comhairle-agus-tacaiocht\/dean-iarratas-ar-cheadunais-agus-ar-thoilithe\/ceadunas-tochailte\/tuarascalacha-tochailte\/\" \/>\n<meta property=\"og:locale\" content=\"ga_IE\" \/>\n<meta property=\"og:type\" content=\"article\" \/>\n<meta property=\"og:title\" content=\"Tuarasc\u00e1lacha Tochailte - Seirbh\u00eds na S\u00e9adchomhartha\u00edN\u00e1isi\u00fanta\" \/>\n<meta property=\"og:description\" content=\"Forbhreathn\u00fa Teasta\u00edonn tr\u00ed thuarasc\u00e1il mar choinn\u00edoll a bhaineann le haon Chead\u00fanas Tochailte a eis\u00edtear: Tabhair faoi deara: I gc\u00e1sanna \u00e1irithe [&hellip;]\" \/>\n<meta property=\"og:url\" content=\"https:\/\/www.archaeology.ie\/ga\/comhairle-agus-tacaiocht\/dean-iarratas-ar-cheadunais-agus-ar-thoilithe\/ceadunas-tochailte\/tuarascalacha-tochailte\/\" \/>\n<meta property=\"og:site_name\" content=\"Seirbh\u00eds na S\u00e9adchomhartha\u00edN\u00e1isi\u00fanta\" \/>\n<meta property=\"article:publisher\" content=\"https:\/\/www.facebook.com\/NationalMons\/\" \/>\n<meta property=\"article:modified_time\" content=\"2025-03-27T15:26:42+00:00\" \/>\n<meta name=\"twitter:card\" content=\"summary_large_image\" \/>\n<meta name=\"twitter:site\" content=\"@NationalMons\" \/>\n<!-- \/ Yoast SEO plugin. -->","yoast_head_json":{"title":"Tuarasc\u00e1lacha Tochailte - Seirbh\u00eds na S\u00e9adchomhartha\u00edN\u00e1isi\u00fanta","robots":{"index":"index","follow":"follow","max-snippet":"max-snippet:-1","max-image-preview":"max-image-preview:large","max-video-preview":"max-video-preview:-1"},"canonical":"https:\/\/www.archaeology.ie\/ga\/comhairle-agus-tacaiocht\/dean-iarratas-ar-cheadunais-agus-ar-thoilithe\/ceadunas-tochailte\/tuarascalacha-tochailte\/","og_locale":"ga_IE","og_type":"article","og_title":"Tuarasc\u00e1lacha Tochailte - Seirbh\u00eds na S\u00e9adchomhartha\u00edN\u00e1isi\u00fanta","og_description":"Forbhreathn\u00fa Teasta\u00edonn tr\u00ed thuarasc\u00e1il mar choinn\u00edoll a bhaineann le haon Chead\u00fanas Tochailte a eis\u00edtear: Tabhair faoi deara: I gc\u00e1sanna \u00e1irithe [&hellip;]","og_url":"https:\/\/www.archaeology.ie\/ga\/comhairle-agus-tacaiocht\/dean-iarratas-ar-cheadunais-agus-ar-thoilithe\/ceadunas-tochailte\/tuarascalacha-tochailte\/","og_site_name":"Seirbh\u00eds na S\u00e9adchomhartha\u00edN\u00e1isi\u00fanta","article_publisher":"https:\/\/www.facebook.com\/NationalMons\/","article_modified_time":"2025-03-27T15:26:42+00:00","twitter_card":"summary_large_image","twitter_site":"@NationalMons","schema":{"@context":"https:\/\/schema.org","@graph":[{"@type":"WebPage","@id":"https:\/\/www.archaeology.ie\/ga\/comhairle-agus-tacaiocht\/dean-iarratas-ar-cheadunais-agus-ar-thoilithe\/ceadunas-tochailte\/tuarascalacha-tochailte\/","url":"https:\/\/www.archaeology.ie\/ga\/comhairle-agus-tacaiocht\/dean-iarratas-ar-cheadunais-agus-ar-thoilithe\/ceadunas-tochailte\/tuarascalacha-tochailte\/","name":"Tuarasc\u00e1lacha Tochailte - Seirbh\u00eds na S\u00e9adchomhartha\u00edN\u00e1isi\u00fanta","isPartOf":{"@id":"https:\/\/www.archaeology.ie\/ga\/#website"},"datePublished":"2024-09-16T11:27:10+00:00","dateModified":"2025-03-27T15:26:42+00:00","breadcrumb":{"@id":"https:\/\/www.archaeology.ie\/ga\/comhairle-agus-tacaiocht\/dean-iarratas-ar-cheadunais-agus-ar-thoilithe\/ceadunas-tochailte\/tuarascalacha-tochailte\/#breadcrumb"},"inLanguage":"ga-IE","potentialAction":[{"@type":"ReadAction","target":["https:\/\/www.archaeology.ie\/ga\/comhairle-agus-tacaiocht\/dean-iarratas-ar-cheadunais-agus-ar-thoilithe\/ceadunas-tochailte\/tuarascalacha-tochailte\/"]}]},{"@type":"BreadcrumbList","@id":"https:\/\/www.archaeology.ie\/ga\/comhairle-agus-tacaiocht\/dean-iarratas-ar-cheadunais-agus-ar-thoilithe\/ceadunas-tochailte\/tuarascalacha-tochailte\/#breadcrumb","itemListElement":[{"@type":"ListItem","position":1,"name":"Baile","item":"https:\/\/www.archaeology.ie\/ga\/"},{"@type":"ListItem","position":2,"name":"Comhairle agus Taca\u00edocht","item":"https:\/\/www.archaeology.ie\/ga\/advice-and-support\/"},{"@type":"ListItem","position":3,"name":"D\u00e9an Iarratas ar Chead\u00fanais agus ar Thoilithe","item":"https:\/\/www.archaeology.ie\/ga\/advice-and-support\/apply-for-a-licence-consent\/"},{"@type":"ListItem","position":4,"name":"Cead\u00fanas Tochailte","item":"https:\/\/www.archaeology.ie\/ga\/advice-and-support\/apply-for-a-licence-consent\/excavation-licence\/"},{"@type":"ListItem","position":5,"name":"Tuarasc\u00e1lacha Tochailte"}]},{"@type":"WebSite","@id":"https:\/\/www.archaeology.ie\/ga\/#website","url":"https:\/\/www.archaeology.ie\/ga\/","name":"National Monuments Service","description":"National Monuments Service","publisher":{"@id":"https:\/\/www.archaeology.ie\/ga\/#organization"},"potentialAction":[{"@type":"SearchAction","target":{"@type":"EntryPoint","urlTemplate":"https:\/\/www.archaeology.ie\/ga\/?s={search_term_string}"},"query-input":{"@type":"PropertyValueSpecification","valueRequired":true,"valueName":"search_term_string"}}],"inLanguage":"ga-IE"},{"@type":"Organization","@id":"https:\/\/www.archaeology.ie\/ga\/#organization","name":"National Monuments Service","url":"https:\/\/www.archaeology.ie\/ga\/","logo":{"@type":"ImageObject","inLanguage":"ga-IE","@id":"https:\/\/www.archaeology.ie\/ga\/#\/schema\/logo\/image\/","url":"https:\/\/www.archaeology.ie\/app\/uploads\/2024\/07\/nms-logo.png","contentUrl":"https:\/\/www.archaeology.ie\/app\/uploads\/2024\/07\/nms-logo.png","width":503,"height":124,"caption":"National Monuments Service"},"image":{"@id":"https:\/\/www.archaeology.ie\/ga\/#\/schema\/logo\/image\/"},"sameAs":["https:\/\/www.facebook.com\/NationalMons\/","https:\/\/x.com\/NationalMons"]}]}},"spectra_custom_meta":{"_wpml_media_duplicate":["1"],"_wpml_media_featured":["1"],"_top_nav_excluded":[""],"_cms_nav_minihome":[""],"_last_translation_edit_mode":["native-editor"],"_wp_page_template":[""],"_edit_lock":["1743089204:5"],"_edit_last":["5"],"cmplz_hide_cookiebanner":[""],"_yoast_wpseo_content_score":["60"],"_yoast_wpseo_estimated-reading-time-minutes":["5"],"_uag_css_file_name":["uag-css-3663.css"]},"uagb_featured_image_src":{"full":false,"thumbnail":false,"medium":false,"medium_large":false,"large":false,"1536x1536":false,"2048x2048":false,"gform-image-choice-sm":false,"gform-image-choice-md":false,"gform-image-choice-lg":false},"uagb_author_info":{"display_name":"Teresa Bolger","author_link":"https:\/\/www.archaeology.ie\/ga\/author\/teresa-bolger\/"},"uagb_comment_info":0,"uagb_excerpt":"Forbhreathn\u00fa Teasta\u00edonn tr\u00ed thuarasc\u00e1il mar choinn\u00edoll a bhaineann le haon Chead\u00fanas Tochailte a eis\u00edtear: Tabhair faoi deara: I gc\u00e1sanna \u00e1irithe [&hellip;]","_links":{"self":[{"href":"https:\/\/www.archaeology.ie\/ga\/wp-json\/wp\/v2\/pages\/3663","targetHints":{"allow":["GET"]}}],"collection":[{"href":"https:\/\/www.archaeology.ie\/ga\/wp-json\/wp\/v2\/pages"}],"about":[{"href":"https:\/\/www.archaeology.ie\/ga\/wp-json\/wp\/v2\/types\/page"}],"author":[{"embeddable":true,"href":"https:\/\/www.archaeology.ie\/ga\/wp-json\/wp\/v2\/users\/8"}],"replies":[{"embeddable":true,"href":"https:\/\/www.archaeology.ie\/ga\/wp-json\/wp\/v2\/comments?post=3663"}],"version-history":[{"count":5,"href":"https:\/\/www.archaeology.ie\/ga\/wp-json\/wp\/v2\/pages\/3663\/revisions"}],"predecessor-version":[{"id":4826,"href":"https:\/\/www.archaeology.ie\/ga\/wp-json\/wp\/v2\/pages\/3663\/revisions\/4826"}],"up":[{"embeddable":true,"href":"https:\/\/www.archaeology.ie\/ga\/wp-json\/wp\/v2\/pages\/3298"}],"wp:attachment":[{"href":"https:\/\/www.archaeology.ie\/ga\/wp-json\/wp\/v2\/media?parent=3663"}],"curies":[{"name":"wp","href":"https:\/\/api.w.org\/{rel}","templated":true}]}}