{"id":3667,"date":"2024-09-13T14:37:31","date_gmt":"2024-09-13T14:37:31","guid":{"rendered":"https:\/\/www.archaeology.ie\/ceadunas-tumadoireachtadive-licence\/"},"modified":"2026-02-13T16:40:03","modified_gmt":"2026-02-13T16:40:03","slug":"ceadunas-tumadoireachtadive-licence","status":"publish","type":"page","link":"https:\/\/www.archaeology.ie\/ga\/comhairle-agus-tacaiocht\/dean-iarratas-ar-cheadunais-agus-ar-thoilithe\/ceadunas-tumadoireachtadive-licence\/","title":{"rendered":"Cead\u00fanas Tumad\u00f3ireachta"},"content":{"rendered":"\n<h2 class=\"wp-block-heading\">Cathain a bh\u00edonn Cead\u00fanas Tumad\u00f3ireachta ag teast\u00e1il?<\/h2>\n\n\n\n<p>T\u00e1 Cead\u00fanas Tumad\u00f3ireachta \u00e9igeantach nuair a bh\u00edonn tumtha\u00ed, suirbh\u00e9anna n\u00f3 gn\u00edomha\u00edochta\u00ed seand\u00e1la\u00edochta eile \u00e1 nd\u00e9anamh ag b\u00e1id bhriste, ag ruda\u00ed \u00e1rsa faoi uisce n\u00f3 ag aon l\u00e1ithre\u00e1n oidhreachta cult\u00fartha cosanta faoi uisce (ach amh\u00e1in m\u00e1 t\u00e1 na hoibreacha \u00e1 gcur i gcr\u00edch faoi <a href=\"https:\/\/www.archaeology.ie\/ga\/comhairle-agus-tacaiocht\/dean-iarratas-ar-cheadunais-agus-ar-thoilithe\/ordachan-on-aire\/\">Ordach\u00e1n \u00f3n Aire<\/a> n\u00f3 faoi <a href=\"https:\/\/www.archaeology.ie\/ga\/comhairle-agus-tacaiocht\/dean-iarratas-ar-cheadunais-agus-ar-thoilithe\/cead-on-aire\/\">Thoili\u00fa an Aire<\/a>).<\/p>\n\n\n\n<p>Teasta\u00edonn Cead\u00fanas Tumad\u00f3ireachta do thumtha\u00ed \u00e1ineasa ag su\u00edomhanna cosanta agus do shuirbh\u00e9anna agus d\u2019ini\u00fachta\u00ed seand\u00e1la\u00edochta faoi uisce.<\/p>\n\n\n\n<p><strong>Tabhair faoi deara:<\/strong> Le haghaidh cine\u00e1lacha \u00e1irithe d\u2019ini\u00fachadh seand\u00e1la\u00edochta, b\u2019fh\u00e9idir go mbeadh s\u00e9 riachtanach toilithe n\u00f3 cead\u00fanais taca\u00edochta eile a fh\u00e1il ag an am c\u00e9anna leis an gCead\u00fanas Tumad\u00f3ireachta. Mar shampla, teasta\u00edonn Toili\u00fa Gl\u00e9is Braite chun brathad\u00f3ir miotail a \u00fas\u00e1id chun d\u00e9ant\u00e1in a chuardach mar chuid d\u2019ini\u00fachadh; teasta\u00edonn Cead\u00fanas Tochailte chun tochailt a dh\u00e9anamh ag l\u00e1ithre\u00e1n faoi uisce. <\/p>\n\n\n\n<h2 class=\"wp-block-heading\">Conas is f\u00e9idir liom Iarratas a dh\u00e9anamh ar Chead\u00fanas Tumad\u00f3ireachta?<\/h2>\n\n\n\n<p>Comhl\u00e1naigh an <a href=\"https:\/\/www.archaeology.ie\/ga\/collections-and-publications\/publications\/application-for-a-licence-to-dive-and-survey\/\">Fhoirm Iarratais &#8211; Cead\u00fanas Tumad\u00f3ireachta<\/a>. Is f\u00e9idir foirmeacha comhl\u00e1naithe a sheoladh chuig an seoladh r\u00edomhphoist: <a href=\"mailto:licensingsection@housing.gov.ie\">licensingsection@housing.gov.ie<\/a><\/p>\n\n\n\n<p>M\u00e1 t\u00e1 iarratas \u00e1 dh\u00e9anamh agat ar chead\u00fanas do thumadh \u00e1ineasa, n\u00ed m\u00f3r duit litir chumhdaigh a chur ar f\u00e1il le d\u2019iarratas. Ba cheart go mbeadh an t-eolas seo a leanas le f\u00e1il sa litir chumhdaigh: <\/p>\n\n\n\n<ul class=\"wp-block-list\">\n<li>Ainm agus sonra\u00ed phr\u00edomhiarratas\u00f3ir an chead\u00fanais (ainm an duine)<\/li>\n\n\n\n<li>Su\u00edomh an tumtha at\u00e1 beartaithe, lena n-\u00e1ir\u00edtear comhordan\u00e1id\u00ed<\/li>\n\n\n\n<li>L\u00e9arsc\u00e1il\/cairt mhionsonraithe ar a bhfuil su\u00edomh an tumtha agus ainm an bh\u00e1id bhriste marc\u00e1ilte go soil\u00e9ir<\/li>\n\n\n\n<li>Cusp\u00f3ir n\u00f3 aidhmeanna an tumtha<\/li>\n\n\n\n<li>Liosta pearsanra at\u00e1 cl\u00fadaithe ag an gcead\u00fanas<\/li>\n\n\n\n<li>Tr\u00e9imhse ama agus minic\u00edocht an tumtha at\u00e1 beartaithe<\/li>\n<\/ul>\n\n\n\n<p>M\u00e1 t\u00e1 iarratas \u00e1 dh\u00e9anamh agat ar Chead\u00fanas Tumad\u00f3ireachta chun suirbh\u00e9anna n\u00f3 gn\u00edomha\u00edochta\u00ed seand\u00e1la\u00edochta a dh\u00e9anamh mar chuid de thionscadal tr\u00e1cht\u00e1la n\u00f3 taighde, n\u00ed m\u00f3r duit ansin <strong>R\u00e1iteas Modha<\/strong> a chur ar f\u00e1il le d\u2019iarratas.<\/p>\n\n\n\n<p>Ba cheart go mbeadh an t-eolas seo a leanas (ar a laghad) le f\u00e1il sa R\u00e1iteas Modha:<\/p>\n\n\n\n<ul class=\"wp-block-list\">\n<li>Achoimre ar na hoibreacha at\u00e1 beartaithe, lena n-\u00e1ir\u00edtear an cusp\u00f3ir agus sonra\u00ed na tr\u00e9imhse at\u00e1 i gceist<\/li>\n\n\n\n<li>Cur s\u00edos ar an l\u00e1ithre\u00e1n, lena n-\u00e1ir\u00edtear topagrafa\u00edocht agus bail faoi l\u00e1thair mar aon le haon \u00fas\u00e1id\/teagmhas \u00e1bhartha a bhaineann leis an tr\u00e9imhse roimhe seo<\/li>\n\n\n\n<li>Eolas c\u00falra \u00e1bhartha, lena n-\u00e1ir\u00edtear (ach gan a bheith teoranta do):\n<ul class=\"wp-block-list\">\n<li>comhth\u00e9acs seand\u00e1la\u00edochta agus stairi\u00fail \u00e1iti\u00fail an l\u00e1ithre\u00e1in<\/li>\n\n\n\n<li>c\u00falra plean\u00e1la agus cur s\u00edos ar an bhforbairt (m\u00e1s infheidhme)<\/li>\n\n\n\n<li>aidhmeanna agus cusp\u00f3ir\u00ed taighde<\/li>\n<\/ul>\n<\/li>\n\n\n\n<li>Strait\u00e9is an tionscadail, lena n-\u00e1ir\u00edtear (ach gan a bheith teoranta do):\n<ul class=\"wp-block-list\">\n<li>m\u00e9id agus fairsinge limist\u00e9ar an tsuirbh\u00e9<\/li>\n\n\n\n<li>modhanna suirbh\u00e9 agus taifeadta<\/li>\n\n\n\n<li>srianta ar mhodhanna seand\u00e1la\u00edochta<\/li>\n\n\n\n<li>ceanglais agus\/n\u00f3 srianta sl\u00e1inte agus s\u00e1bh\u00e1ilteachta<\/li>\n<\/ul>\n<\/li>\n\n\n\n<li>Cur s\u00edos ar an tumadh agus ar a sceideal (m\u00e1s \u00e1bhartha)<\/li>\n\n\n\n<li>Foireann agus strucht\u00far an tionscadail, lena n-\u00e1ir\u00edtear l\u00edon na dtumad\u00f3ir\u00ed\/na seand\u00e1laithe\/na maoirseoir\u00ed; bearta c\u00faltaca, taca\u00edocht l\u00f3ist\u00edocht\u00fail<\/li>\n\n\n\n<li>Strait\u00e9is tuairiscithe, lena n-\u00e1ir\u00edtear d\u00e1ta\u00ed seachadta<\/li>\n\n\n\n<li>Map\u00e1il agus l\u00e9ar\u00e1id\u00ed, lena n-\u00e1ir\u00edtear (ach gan a bheith teoranta do):\n<ul class=\"wp-block-list\">\n<li>l\u00e9arsc\u00e1il de shu\u00edomh an l\u00e1ithre\u00e1in: Cairt Aimir\u00e9alachta n\u00f3 l\u00e9arsc\u00e1il OSi (1:5000) do cheantair thuaithe agus (1:1000) do cheantar uirbeacha (n\u00f3 leagan coibh\u00e9iseach oiri\u00fanach)<\/li>\n\n\n\n<li>map\u00e1il stairi\u00fail \u00e1bhartha<\/li>\n\n\n\n<li>plean an l\u00e1ithre\u00e1in (sc\u00e1laithe) ar a dtaispe\u00e1ntar go soil\u00e9ir su\u00edomh, fairsinge agus leagan amach na tochailte at\u00e1 beartaithe<\/li>\n\n\n\n<li>plean den fhorbairt at\u00e1 beartaithe (m\u00e1s infheidhme)<\/li>\n<\/ul>\n<\/li>\n<\/ul>\n\n\n\n<p>Ba cheart iarratais a dh\u00e9anamh ar a laghad <strong>3 SEACHTAINE<\/strong> sula gcuirfear t\u00fas leis an tumadh, chun am a thabhairt d\u00fainn chun an t-iarratas a mheas agus a phr\u00f3ise\u00e1il.<\/p>\n\n\n\n<p>T\u00e1 sraith chaighde\u00e1nach coinn\u00edollacha tumtha le f\u00e1il san fhoirm iarratais ar chead\u00fanas tumad\u00f3ireachta, d\u00edreach mar eolas. D\u2019fh\u00e9adfa\u00ed na coinn\u00edollacha sin a chuimsi\u00fa i gcead\u00fanas, m\u00e1 eis\u00edtear a leith\u00e9id, n\u00f3 aon choinn\u00edoll n\u00f3 srian eile a mheastar at\u00e1 oiri\u00fanach. T\u00e1 freagracht dhl\u00edthi\u00fail ar an gcead\u00fana\u00ed as a chinnti\u00fa go gclo\u00edtear le gach coinn\u00edoll den chead\u00fanas i gceart. Ba cheart a thabhairt faoi deara go bhfuiltear ag s\u00fail go mbeidh an cead\u00fana\u00ed i l\u00e1thair nuair a bh\u00edonn tumtha\u00ed \u00e1 nd\u00e9anamh.    <\/p>\n\n\n\n<p>Sa ghn\u00e1thch\u00farsa, n\u00ed eiseofar cead\u00fanas ach do bh\u00e1d briste n\u00f3 do cheantar geografach amh\u00e1in. N\u00ed m\u00f3r c\u00e1s taca\u00edochta a dh\u00e9anamh i nd\u00e1il le hiarratais lena nd\u00e9antar iarracht roinnt su\u00edomhanna a chl\u00fadach, agus n\u00ed m\u00f3r \u00e9 sin a leagan amach sa r\u00e1iteas modha a ghabhann leo. <\/p>\n\n\n\n<h2 class=\"wp-block-heading\">C\u00e1 bhfuil an reachta\u00edocht \u00e1bhartha le f\u00e1il?<\/h2>\n\n\n\n<ul class=\"wp-block-list\">\n<li>Achtanna na S\u00e9adchomhartha\u00ed N\u00e1isi\u00fanta, 1930\u20132014\n<ul class=\"wp-block-list\">\n<li><a href=\"https:\/\/www.irishstatutebook.ie\/eli\/1987\/act\/17\/section\/3\/enacted\/en\/html#sec3\">Alt 3(5), Acht na S\u00e9adchomhartha\u00ed N\u00e1isi\u00fanta (Leas\u00fa), 1987<\/a><\/li>\n<\/ul>\n<\/li>\n<\/ul>\n","protected":false},"excerpt":{"rendered":"<p>Cathain a bh\u00edonn Cead\u00fanas Tumad\u00f3ireachta ag teast\u00e1il? T\u00e1 Cead\u00fanas Tumad\u00f3ireachta \u00e9igeantach nuair a bh\u00edonn tumtha\u00ed, suirbh\u00e9anna n\u00f3 gn\u00edomha\u00edochta\u00ed seand\u00e1la\u00edochta eile [&hellip;]<\/p>\n","protected":false},"author":8,"featured_media":0,"parent":3724,"menu_order":0,"comment_status":"closed","ping_status":"closed","template":"","meta":{"_acf_changed":false,"_uag_custom_page_level_css":"","site-sidebar-layout":"default","site-content-layout":"","ast-site-content-layout":"default","site-content-style":"default","site-sidebar-style":"default","ast-global-header-display":"","ast-banner-title-visibility":"","ast-main-header-display":"","ast-hfb-above-header-display":"","ast-hfb-below-header-display":"","ast-hfb-mobile-header-display":"","site-post-title":"","ast-breadcrumbs-content":"","ast-featured-img":"","footer-sml-layout":"","ast-disable-related-posts":"","theme-transparent-header-meta":"","adv-header-id-meta":"","stick-header-meta":"","header-above-stick-meta":"","header-main-stick-meta":"","header-below-stick-meta":"","astra-migrate-meta-layouts":"default","ast-page-background-enabled":"default","ast-page-background-meta":{"desktop":{"background-color":"var(--ast-global-color-4)","background-image":"","background-repeat":"repeat","background-position":"center center","background-size":"auto","background-attachment":"scroll","background-type":"","background-media":"","overlay-type":"","overlay-color":"","overlay-opacity":"","overlay-gradient":""},"tablet":{"background-color":"","background-image":"","background-repeat":"repeat","background-position":"center center","background-size":"auto","background-attachment":"scroll","background-type":"","background-media":"","overlay-type":"","overlay-color":"","overlay-opacity":"","overlay-gradient":""},"mobile":{"background-color":"","background-image":"","background-repeat":"repeat","background-position":"center center","background-size":"auto","background-attachment":"scroll","background-type":"","background-media":"","overlay-type":"","overlay-color":"","overlay-opacity":"","overlay-gradient":""}},"ast-content-background-meta":{"desktop":{"background-color":"var(--ast-global-color-5)","background-image":"","background-repeat":"repeat","background-position":"center center","background-size":"auto","background-attachment":"scroll","background-type":"","background-media":"","overlay-type":"","overlay-color":"","overlay-opacity":"","overlay-gradient":""},"tablet":{"background-color":"var(--ast-global-color-5)","background-image":"","background-repeat":"repeat","background-position":"center center","background-size":"auto","background-attachment":"scroll","background-type":"","background-media":"","overlay-type":"","overlay-color":"","overlay-opacity":"","overlay-gradient":""},"mobile":{"background-color":"var(--ast-global-color-5)","background-image":"","background-repeat":"repeat","background-position":"center center","background-size":"auto","background-attachment":"scroll","background-type":"","background-media":"","overlay-type":"","overlay-color":"","overlay-opacity":"","overlay-gradient":""}},"footnotes":""},"class_list":["post-3667","page","type-page","status-publish","hentry"],"acf":[],"yoast_head":"<!-- This site is optimized with the Yoast SEO plugin v27.3 - https:\/\/yoast.com\/product\/yoast-seo-wordpress\/ -->\n<title>Cead\u00fanas Tumad\u00f3ireachta - Seirbh\u00eds na S\u00e9adchomhartha\u00edN\u00e1isi\u00fanta<\/title>\n<meta name=\"robots\" content=\"index, follow, max-snippet:-1, max-image-preview:large, max-video-preview:-1\" \/>\n<link rel=\"canonical\" href=\"https:\/\/www.archaeology.ie\/ga\/comhairle-agus-tacaiocht\/dean-iarratas-ar-cheadunais-agus-ar-thoilithe\/ceadunas-tumadoireachtadive-licence\/\" \/>\n<meta property=\"og:locale\" content=\"ga_IE\" \/>\n<meta property=\"og:type\" content=\"article\" \/>\n<meta property=\"og:title\" content=\"Cead\u00fanas Tumad\u00f3ireachta - Seirbh\u00eds na S\u00e9adchomhartha\u00edN\u00e1isi\u00fanta\" \/>\n<meta property=\"og:description\" content=\"Cathain a bh\u00edonn Cead\u00fanas Tumad\u00f3ireachta ag teast\u00e1il? T\u00e1 Cead\u00fanas Tumad\u00f3ireachta \u00e9igeantach nuair a bh\u00edonn tumtha\u00ed, suirbh\u00e9anna n\u00f3 gn\u00edomha\u00edochta\u00ed seand\u00e1la\u00edochta eile [&hellip;]\" \/>\n<meta property=\"og:url\" content=\"https:\/\/www.archaeology.ie\/ga\/comhairle-agus-tacaiocht\/dean-iarratas-ar-cheadunais-agus-ar-thoilithe\/ceadunas-tumadoireachtadive-licence\/\" \/>\n<meta property=\"og:site_name\" content=\"Seirbh\u00eds na S\u00e9adchomhartha\u00edN\u00e1isi\u00fanta\" \/>\n<meta property=\"article:publisher\" content=\"https:\/\/www.facebook.com\/NationalMons\/\" \/>\n<meta property=\"article:modified_time\" content=\"2026-02-13T16:40:03+00:00\" \/>\n<meta name=\"twitter:card\" content=\"summary_large_image\" \/>\n<meta name=\"twitter:site\" content=\"@NationalMons\" \/>\n<!-- \/ Yoast SEO plugin. -->","yoast_head_json":{"title":"Cead\u00fanas Tumad\u00f3ireachta - Seirbh\u00eds na S\u00e9adchomhartha\u00edN\u00e1isi\u00fanta","robots":{"index":"index","follow":"follow","max-snippet":"max-snippet:-1","max-image-preview":"max-image-preview:large","max-video-preview":"max-video-preview:-1"},"canonical":"https:\/\/www.archaeology.ie\/ga\/comhairle-agus-tacaiocht\/dean-iarratas-ar-cheadunais-agus-ar-thoilithe\/ceadunas-tumadoireachtadive-licence\/","og_locale":"ga_IE","og_type":"article","og_title":"Cead\u00fanas Tumad\u00f3ireachta - Seirbh\u00eds na S\u00e9adchomhartha\u00edN\u00e1isi\u00fanta","og_description":"Cathain a bh\u00edonn Cead\u00fanas Tumad\u00f3ireachta ag teast\u00e1il? T\u00e1 Cead\u00fanas Tumad\u00f3ireachta \u00e9igeantach nuair a bh\u00edonn tumtha\u00ed, suirbh\u00e9anna n\u00f3 gn\u00edomha\u00edochta\u00ed seand\u00e1la\u00edochta eile [&hellip;]","og_url":"https:\/\/www.archaeology.ie\/ga\/comhairle-agus-tacaiocht\/dean-iarratas-ar-cheadunais-agus-ar-thoilithe\/ceadunas-tumadoireachtadive-licence\/","og_site_name":"Seirbh\u00eds na S\u00e9adchomhartha\u00edN\u00e1isi\u00fanta","article_publisher":"https:\/\/www.facebook.com\/NationalMons\/","article_modified_time":"2026-02-13T16:40:03+00:00","twitter_card":"summary_large_image","twitter_site":"@NationalMons","schema":{"@context":"https:\/\/schema.org","@graph":[{"@type":"WebPage","@id":"https:\/\/www.archaeology.ie\/ga\/comhairle-agus-tacaiocht\/dean-iarratas-ar-cheadunais-agus-ar-thoilithe\/ceadunas-tumadoireachtadive-licence\/","url":"https:\/\/www.archaeology.ie\/ga\/comhairle-agus-tacaiocht\/dean-iarratas-ar-cheadunais-agus-ar-thoilithe\/ceadunas-tumadoireachtadive-licence\/","name":"Cead\u00fanas Tumad\u00f3ireachta - Seirbh\u00eds na S\u00e9adchomhartha\u00edN\u00e1isi\u00fanta","isPartOf":{"@id":"https:\/\/www.archaeology.ie\/ga\/#website"},"datePublished":"2024-09-13T14:37:31+00:00","dateModified":"2026-02-13T16:40:03+00:00","breadcrumb":{"@id":"https:\/\/www.archaeology.ie\/ga\/comhairle-agus-tacaiocht\/dean-iarratas-ar-cheadunais-agus-ar-thoilithe\/ceadunas-tumadoireachtadive-licence\/#breadcrumb"},"inLanguage":"ga-IE","potentialAction":[{"@type":"ReadAction","target":["https:\/\/www.archaeology.ie\/ga\/comhairle-agus-tacaiocht\/dean-iarratas-ar-cheadunais-agus-ar-thoilithe\/ceadunas-tumadoireachtadive-licence\/"]}]},{"@type":"BreadcrumbList","@id":"https:\/\/www.archaeology.ie\/ga\/comhairle-agus-tacaiocht\/dean-iarratas-ar-cheadunais-agus-ar-thoilithe\/ceadunas-tumadoireachtadive-licence\/#breadcrumb","itemListElement":[{"@type":"ListItem","position":1,"name":"Baile","item":"https:\/\/www.archaeology.ie\/ga\/"},{"@type":"ListItem","position":2,"name":"Comhairle agus Taca\u00edocht","item":"https:\/\/www.archaeology.ie\/ga\/advice-and-support\/"},{"@type":"ListItem","position":3,"name":"D\u00e9an Iarratas ar Chead\u00fanais agus ar Thoilithe","item":"https:\/\/www.archaeology.ie\/ga\/advice-and-support\/apply-for-a-licence-consent\/"},{"@type":"ListItem","position":4,"name":"Cead\u00fanas Tumad\u00f3ireachta"}]},{"@type":"WebSite","@id":"https:\/\/www.archaeology.ie\/ga\/#website","url":"https:\/\/www.archaeology.ie\/ga\/","name":"National Monuments Service","description":"National Monuments Service","publisher":{"@id":"https:\/\/www.archaeology.ie\/ga\/#organization"},"potentialAction":[{"@type":"SearchAction","target":{"@type":"EntryPoint","urlTemplate":"https:\/\/www.archaeology.ie\/ga\/?s={search_term_string}"},"query-input":{"@type":"PropertyValueSpecification","valueRequired":true,"valueName":"search_term_string"}}],"inLanguage":"ga-IE"},{"@type":"Organization","@id":"https:\/\/www.archaeology.ie\/ga\/#organization","name":"National Monuments Service","url":"https:\/\/www.archaeology.ie\/ga\/","logo":{"@type":"ImageObject","inLanguage":"ga-IE","@id":"https:\/\/www.archaeology.ie\/ga\/#\/schema\/logo\/image\/","url":"https:\/\/www.archaeology.ie\/app\/uploads\/2024\/07\/nms-logo.png","contentUrl":"https:\/\/www.archaeology.ie\/app\/uploads\/2024\/07\/nms-logo.png","width":503,"height":124,"caption":"National Monuments Service"},"image":{"@id":"https:\/\/www.archaeology.ie\/ga\/#\/schema\/logo\/image\/"},"sameAs":["https:\/\/www.facebook.com\/NationalMons\/","https:\/\/x.com\/NationalMons"]}]}},"spectra_custom_meta":{"_wpml_media_duplicate":["1"],"_wpml_media_featured":["1"],"_top_nav_excluded":[""],"_cms_nav_minihome":[""],"_last_translation_edit_mode":["translation-editor"],"_wp_page_template":[""],"_edit_lock":["1743088830:5"],"_edit_last":["5"],"cmplz_hide_cookiebanner":[""],"_yoast_wpseo_content_score":["60"],"_yoast_wpseo_estimated-reading-time-minutes":["3"],"_wpml_word_count":["837"]},"uagb_featured_image_src":{"full":false,"thumbnail":false,"medium":false,"medium_large":false,"large":false,"1536x1536":false,"2048x2048":false,"gform-image-choice-sm":false,"gform-image-choice-md":false,"gform-image-choice-lg":false},"uagb_author_info":{"display_name":"Teresa Bolger","author_link":"https:\/\/www.archaeology.ie\/ga\/author\/teresa-bolger\/"},"uagb_comment_info":0,"uagb_excerpt":"Cathain a bh\u00edonn Cead\u00fanas Tumad\u00f3ireachta ag teast\u00e1il? T\u00e1 Cead\u00fanas Tumad\u00f3ireachta \u00e9igeantach nuair a bh\u00edonn tumtha\u00ed, suirbh\u00e9anna n\u00f3 gn\u00edomha\u00edochta\u00ed seand\u00e1la\u00edochta eile [&hellip;]","_links":{"self":[{"href":"https:\/\/www.archaeology.ie\/ga\/wp-json\/wp\/v2\/pages\/3667","targetHints":{"allow":["GET"]}}],"collection":[{"href":"https:\/\/www.archaeology.ie\/ga\/wp-json\/wp\/v2\/pages"}],"about":[{"href":"https:\/\/www.archaeology.ie\/ga\/wp-json\/wp\/v2\/types\/page"}],"author":[{"embeddable":true,"href":"https:\/\/www.archaeology.ie\/ga\/wp-json\/wp\/v2\/users\/8"}],"replies":[{"embeddable":true,"href":"https:\/\/www.archaeology.ie\/ga\/wp-json\/wp\/v2\/comments?post=3667"}],"version-history":[{"count":7,"href":"https:\/\/www.archaeology.ie\/ga\/wp-json\/wp\/v2\/pages\/3667\/revisions"}],"predecessor-version":[{"id":4818,"href":"https:\/\/www.archaeology.ie\/ga\/wp-json\/wp\/v2\/pages\/3667\/revisions\/4818"}],"up":[{"embeddable":true,"href":"https:\/\/www.archaeology.ie\/ga\/wp-json\/wp\/v2\/pages\/3724"}],"wp:attachment":[{"href":"https:\/\/www.archaeology.ie\/ga\/wp-json\/wp\/v2\/media?parent=3667"}],"curies":[{"name":"wp","href":"https:\/\/api.w.org\/{rel}","templated":true}]}}