{"id":3675,"date":"2024-09-09T14:50:56","date_gmt":"2024-09-09T14:50:56","guid":{"rendered":"https:\/\/www.archaeology.ie\/amharcoir-raice\/"},"modified":"2025-11-05T15:01:07","modified_gmt":"2025-11-05T15:01:07","slug":"amharcoir-raice","status":"publish","type":"page","link":"https:\/\/www.archaeology.ie\/ga\/comhairle-agus-tacaiocht\/aimsigh-seadchomhartha-no-raic\/amharcoir-raice\/","title":{"rendered":"Amharc\u00f3ir Raice"},"content":{"rendered":"\n<figure class=\"wp-block-image size-large is-resized\"><img loading=\"lazy\" decoding=\"async\" width=\"1024\" height=\"495\" src=\"https:\/\/www.archaeology.ie\/app\/uploads\/2024\/09\/wreck-viewer-screenshot1-1024x495.png\" alt=\"Aip Amharc&#xF3;ir Raice\" class=\"wp-image-1590\" style=\"width:829px;height:auto\" srcset=\"https:\/\/www.archaeology.ie\/app\/uploads\/2024\/09\/wreck-viewer-screenshot1-1024x495.png 1024w, https:\/\/www.archaeology.ie\/app\/uploads\/2024\/09\/wreck-viewer-screenshot1-300x145.png 300w, https:\/\/www.archaeology.ie\/app\/uploads\/2024\/09\/wreck-viewer-screenshot1-768x371.png 768w, https:\/\/www.archaeology.ie\/app\/uploads\/2024\/09\/wreck-viewer-screenshot1.png 1249w\" sizes=\"auto, (max-width: 1024px) 100vw, 1024px\" \/><\/figure>\n\n<p>The <a href=\"https:\/\/dahg.maps.arcgis.com\/apps\/webappviewer\/index.html?id=89e50518e5f4437abfa6284ff39fd640\" target=\"_blank\" rel=\"noreferrer noopener\">Wreck Viewer<\/a> app has been developed to facilitate online viewing and querying of the National Monuments Service\u2019s Wreck Inventory of Ireland Database (WIID). Development of the Wreck Viewer is ongoing and the app should not be relied upon as a definitive listing or display of all known wreck data. Records will be added to, refined and updated on an ongoing basis and as new information becomes available.<\/p>\n\n<p><a href=\"https:\/\/dahg.maps.arcgis.com\/apps\/webappviewer\/index.html?id=89e50518e5f4437abfa6284ff39fd640\" target=\"_blank\" rel=\"noreferrer noopener\">Lainse\u00e1il feidhmchl\u00e1r an Amharc\u00f3ra Raice<\/a><\/p>\n\n<p><a href=\"https:\/\/www.archaeology.ie\/collections-and-publications\/publications\/wreck-viewer-user-guide\/\" target=\"_blank\" rel=\"noreferrer noopener\">\u00cdosl\u00f3d\u00e1il Treoir \u00das\u00e1ideora an Amharc\u00f3ra Raice<\/a><\/p>\n\n<h2 class=\"wp-block-heading\">N\u00f3ta ar Fhaisn\u00e9is san \u00e1ireamh san Amharc\u00f3ir Raice<\/h2>\n\n<p>Coime\u00e1dann Bunachar Sonra\u00ed Fhardal Raice na h\u00c9ireann (BSFR\u00c9) taifid de n\u00edos m\u00f3 n\u00e1 18,000 l\u00e1ithre\u00e1n raice aitheanta agus f\u00e9ideartha in uiscebheala\u00ed mara agus int\u00edre na h\u00c9ireann. Cuims\u00edonn BSFR\u00c9 gach raic aitheanta a th\u00e9ann siar go dt\u00ed am roimh 1946, ach t\u00e1 roinnt raiceanna n\u00edos d\u00e9ana\u00ed san \u00e1ireamh freisin. Ina theannta sin, t\u00e1 taifid ann de raiceanna aer\u00e1rtha\u00ed i gc\u00e1s gur th\u00e1inig siad sin ar \u00e1r n-aire. Baineann raiceanna sa bhunachar sonra\u00ed le gach tr\u00e9imhse; is iad na soith\u00ed is luaithe a l\u00e9ir\u00edtear n\u00e1 crainn sn\u00e1mha r\u00e9amhstairi\u00fala, at\u00e1 le f\u00e1il go pr\u00edomha in uiscebheala\u00ed int\u00edre na h\u00c9ireann.   <\/p>\n\n<p>Tagann faisn\u00e9is sa BSFR\u00c9 \u00f3 r\u00e9imse leathan foins\u00ed, lena n-\u00e1ir\u00edtear: sonra\u00ed raice UKHO; Ard-Mh\u00fasaem na h\u00c9ireann; suirbh\u00e9anna agus cairteacha farraige \u00f3n 18\u00fa agus \u00f3n 19\u00fa haois; Liosta Lloyd agus Cl\u00e1r Loingseoireachta Lloyd; nuacht\u00e1in stairi\u00fala; p\u00e1ip\u00e9ir pharlaiminteacha; iris\u00ed \u00e1iti\u00fala agus idirn\u00e1isi\u00fanta; marcanna iascair\u00ed; cairteacha agus foins\u00ed cartagrafacha.<\/p>\n\n<p>Bail\u00edodh eolas t\u00e1bhachtach faoi raiceanna le linn obair allamuigh spriocdh\u00edrithe a rinne Aonad Seand\u00e1la\u00edochta Faoi Uisce (ASU) na Seirbh\u00edse S\u00e9adchomhartha\u00ed N\u00e1isi\u00fanta, inar tarraing\u00edodh ar chuntais phearsanta \u00f3 thumad\u00f3ir\u00ed, iascair\u00ed t\u00edre, si\u00fal\u00f3ir\u00ed c\u00f3sta, seand\u00e1laithe neamhsple\u00e1cha agus \u00fas\u00e1ideoir\u00ed eile uiscebheala\u00ed mara agus int\u00edre. Is tacar sonra\u00ed t\u00e1bhachtach in BSFR\u00c9 \u00e9 raiceanna a aims\u00edodh le linn an chl\u00e1ir fhairsing map\u00e1la ar ghrinneall na farraige a rinne Suirbh\u00e9ireacht Gheola\u00edochta na h\u00c9ireann agus Foras na Mara mar chuid de thionscadal INFOMAR. <\/p>\n\n<p><strong>Tabhair faoi deara:<\/strong> n\u00ed thaispe\u00e1nann an tAmharc\u00f3ir Raice ach raiceanna at\u00e1 in BSFR\u00c9 a bhfuil su\u00edomh taifeadta ar eolas ina leith (<em>c<\/em>. 4,000 iontr\u00e1il raice); l\u00e9ir\u00edtear iad seo ar chanbh\u00e1s na l\u00e9arsc\u00e1ile mar phoncanna dearga. Is ionann an ponc agus neas-l\u00e1rphointe aitheanta na raice agus n\u00ed l\u00e9iri\u00fa \u00e9 ar a fhairsinge gheografach n\u00e1 sp\u00e1s\u00fail. Is ionann raiceanna le l\u00e1ithreacha aitheanta agus thart ar 22% de l\u00edon ioml\u00e1n na dtaifead at\u00e1 in BSFR\u00c9. Cialla\u00edonn s\u00e9 seo go bhfuil thart ar 14,000 raic in\u00e1r mbunachar sonra\u00ed nach bhfuil aon su\u00edomh taifeadta acu n\u00f3 nach bhfuil su\u00edomh deimhnithe d\u00f3ibh f\u00f3s. Is f\u00e9idir faisn\u00e9is raiceanna at\u00e1 aimsithe go beacht agus raiceanna doicim\u00e9adaithe, nach bhfuil su\u00edomh beacht acu go f\u00f3ill, a \u00edosl\u00f3d\u00e1il \u00f3n Amharc\u00f3ir Raic tr\u00edd an nasc \u2018\u00cdosl\u00f3d\u00e1il Sonra\u00ed Raice\u2019 ar mheirge\/ceannt\u00e1sc an Amharc\u00f3ra Raice. N\u00ed thaispe\u00e1ntar raiceanna neamhaimsithe san amharc\u00f3ir, ach is f\u00e9idir eolas f\u00fathu a \u00edosl\u00f3d\u00e1il tr\u00edd an nasc c\u00e9anna.     <\/p>\n\n<p>T\u00e1 n\u00edos m\u00f3 n\u00e1 18,000 comhad p\u00e1ip\u00e9ir sa Chartlann Raiceanna ina bhfuil faisn\u00e9is a bhaineann le gach raic aonair a taifeadadh in BSFR\u00c9. Is f\u00e9idir f\u00e9achaint ar na comhaid ph\u00e1ip\u00e9ir tr\u00ed shocr\u00fa a dh\u00e9anamh roimh r\u00e9 le hAonad Cartlainne SSN. <\/p>\n\n<p>D\u00e9anann SSN iarracht a chinnti\u00fa go bhfuil an t-eolas ar an Amharc\u00f3ir Raice chomh cruinn agus is f\u00e9idir. T\u00e1im an-bhu\u00edoch as aon fhaisn\u00e9is ar f\u00e9idir l\u00e9i su\u00edmh a shoil\u00e9iri\u00fa n\u00f3 fionnachtana nua a dheimhni\u00fa, agus cuirfear eolas nua leis an Amharc\u00f3ir ar bhonn lean\u00fanach de r\u00e9ir mar a chuirtear \u00e9 ar f\u00e1il. <\/p>\n\n<h2 class=\"wp-block-heading has-large-font-size\">T\u00e9arma\u00ed agus Coinn\u00edollacha \u00das\u00e1ide<\/h2>\n\n<p><strong>Tabhair faoi deara:<\/strong> t\u00e1 feidhm ag r\u00e1iteas c\u00f3ipchirt agus admh\u00e1la agus an tAmharc\u00f3ir Raice in \u00fas\u00e1id. Cl\u00fada\u00edonn s\u00e9 an tSeirbh\u00eds S\u00e9adchomhartha\u00ed N\u00e1isi\u00fanta agus c\u00f3ipcheart tr\u00ed\u00fa p\u00e1irt\u00ed araon, mar shampla bunl\u00e9arsc\u00e1ileanna a chuireann an Institi\u00faid Taighde Eacnama\u00edochta agus S\u00f3isialta (ITES) ar f\u00e1il. I ndiaidh an aip a chur ar si\u00fal, iarrfar ar \u00fas\u00e1ideoir\u00ed na T\u00e9arma\u00ed agus Coinn\u00edollacha a admh\u00e1il agus glacadh leo.  <\/p>\n\n<h2 class=\"wp-block-heading\">Rochtain ar Shonra\u00ed Oscailte<\/h2>\n\n<p>T\u00e1 na tacair sonra\u00ed at\u00e1 le feice\u00e1il san Amharc\u00f3ir Raice ar f\u00e1il le h\u00edosl\u00f3d\u00e1il tr\u00edn\u00e1r <a href=\"https:\/\/www.archaeology.ie\/ga\/bailiuchain-agus-foilseachain\/sonrai-oscailte\/\">leathanach Sonra\u00ed Oscailte<\/a>.<\/p>\n\n<p><\/p>\n","protected":false},"excerpt":{"rendered":"<p>The Wreck Viewer app has been developed to facilitate online viewing and querying of the National Monuments Service\u2019s Wreck Inventory [&hellip;]<\/p>\n","protected":false},"author":7,"featured_media":0,"parent":3789,"menu_order":0,"comment_status":"closed","ping_status":"closed","template":"","meta":{"_acf_changed":false,"_uag_custom_page_level_css":"","site-sidebar-layout":"default","site-content-layout":"","ast-site-content-layout":"default","site-content-style":"default","site-sidebar-style":"default","ast-global-header-display":"","ast-banner-title-visibility":"","ast-main-header-display":"","ast-hfb-above-header-display":"","ast-hfb-below-header-display":"","ast-hfb-mobile-header-display":"","site-post-title":"","ast-breadcrumbs-content":"","ast-featured-img":"","footer-sml-layout":"","ast-disable-related-posts":"","theme-transparent-header-meta":"","adv-header-id-meta":"","stick-header-meta":"","header-above-stick-meta":"","header-main-stick-meta":"","header-below-stick-meta":"","astra-migrate-meta-layouts":"default","ast-page-background-enabled":"default","ast-page-background-meta":{"desktop":{"background-color":"var(--ast-global-color-4)","background-image":"","background-repeat":"repeat","background-position":"center center","background-size":"auto","background-attachment":"scroll","background-type":"","background-media":"","overlay-type":"","overlay-color":"","overlay-opacity":"","overlay-gradient":""},"tablet":{"background-color":"","background-image":"","background-repeat":"repeat","background-position":"center center","background-size":"auto","background-attachment":"scroll","background-type":"","background-media":"","overlay-type":"","overlay-color":"","overlay-opacity":"","overlay-gradient":""},"mobile":{"background-color":"","background-image":"","background-repeat":"repeat","background-position":"center center","background-size":"auto","background-attachment":"scroll","background-type":"","background-media":"","overlay-type":"","overlay-color":"","overlay-opacity":"","overlay-gradient":""}},"ast-content-background-meta":{"desktop":{"background-color":"var(--ast-global-color-5)","background-image":"","background-repeat":"repeat","background-position":"center center","background-size":"auto","background-attachment":"scroll","background-type":"","background-media":"","overlay-type":"","overlay-color":"","overlay-opacity":"","overlay-gradient":""},"tablet":{"background-color":"var(--ast-global-color-5)","background-image":"","background-repeat":"repeat","background-position":"center center","background-size":"auto","background-attachment":"scroll","background-type":"","background-media":"","overlay-type":"","overlay-color":"","overlay-opacity":"","overlay-gradient":""},"mobile":{"background-color":"var(--ast-global-color-5)","background-image":"","background-repeat":"repeat","background-position":"center center","background-size":"auto","background-attachment":"scroll","background-type":"","background-media":"","overlay-type":"","overlay-color":"","overlay-opacity":"","overlay-gradient":""}},"footnotes":""},"class_list":["post-3675","page","type-page","status-publish","hentry"],"acf":[],"yoast_head":"<!-- This site is optimized with the Yoast SEO plugin v27.3 - https:\/\/yoast.com\/product\/yoast-seo-wordpress\/ -->\n<title>Amharc\u00f3ir Raice - Seirbh\u00eds na S\u00e9adchomhartha\u00edN\u00e1isi\u00fanta<\/title>\n<meta name=\"robots\" content=\"index, follow, max-snippet:-1, max-image-preview:large, max-video-preview:-1\" \/>\n<link rel=\"canonical\" href=\"https:\/\/www.archaeology.ie\/ga\/comhairle-agus-tacaiocht\/aimsigh-seadchomhartha-no-raic\/amharcoir-raice\/\" \/>\n<meta property=\"og:locale\" content=\"ga_IE\" \/>\n<meta property=\"og:type\" content=\"article\" \/>\n<meta property=\"og:title\" content=\"Amharc\u00f3ir Raice - Seirbh\u00eds na S\u00e9adchomhartha\u00edN\u00e1isi\u00fanta\" \/>\n<meta property=\"og:description\" content=\"The Wreck Viewer app has been developed to facilitate online viewing and querying of the National Monuments Service\u2019s Wreck Inventory [&hellip;]\" \/>\n<meta property=\"og:url\" content=\"https:\/\/www.archaeology.ie\/ga\/comhairle-agus-tacaiocht\/aimsigh-seadchomhartha-no-raic\/amharcoir-raice\/\" \/>\n<meta property=\"og:site_name\" content=\"Seirbh\u00eds na S\u00e9adchomhartha\u00edN\u00e1isi\u00fanta\" \/>\n<meta property=\"article:publisher\" content=\"https:\/\/www.facebook.com\/NationalMons\/\" \/>\n<meta property=\"article:modified_time\" content=\"2025-11-05T15:01:07+00:00\" \/>\n<meta property=\"og:image\" content=\"https:\/\/www.archaeology.ie\/app\/uploads\/2024\/09\/wreck-viewer-screenshot1.png\" \/>\n\t<meta property=\"og:image:width\" content=\"1249\" \/>\n\t<meta property=\"og:image:height\" content=\"604\" \/>\n\t<meta property=\"og:image:type\" content=\"image\/png\" \/>\n<meta name=\"twitter:card\" content=\"summary_large_image\" \/>\n<meta name=\"twitter:site\" content=\"@NationalMons\" \/>\n<!-- \/ Yoast SEO plugin. -->","yoast_head_json":{"title":"Amharc\u00f3ir Raice - Seirbh\u00eds na S\u00e9adchomhartha\u00edN\u00e1isi\u00fanta","robots":{"index":"index","follow":"follow","max-snippet":"max-snippet:-1","max-image-preview":"max-image-preview:large","max-video-preview":"max-video-preview:-1"},"canonical":"https:\/\/www.archaeology.ie\/ga\/comhairle-agus-tacaiocht\/aimsigh-seadchomhartha-no-raic\/amharcoir-raice\/","og_locale":"ga_IE","og_type":"article","og_title":"Amharc\u00f3ir Raice - Seirbh\u00eds na S\u00e9adchomhartha\u00edN\u00e1isi\u00fanta","og_description":"The Wreck Viewer app has been developed to facilitate online viewing and querying of the National Monuments Service\u2019s Wreck Inventory [&hellip;]","og_url":"https:\/\/www.archaeology.ie\/ga\/comhairle-agus-tacaiocht\/aimsigh-seadchomhartha-no-raic\/amharcoir-raice\/","og_site_name":"Seirbh\u00eds na S\u00e9adchomhartha\u00edN\u00e1isi\u00fanta","article_publisher":"https:\/\/www.facebook.com\/NationalMons\/","article_modified_time":"2025-11-05T15:01:07+00:00","og_image":[{"width":1249,"height":604,"url":"https:\/\/www.archaeology.ie\/app\/uploads\/2024\/09\/wreck-viewer-screenshot1.png","type":"image\/png"}],"twitter_card":"summary_large_image","twitter_site":"@NationalMons","schema":{"@context":"https:\/\/schema.org","@graph":[{"@type":"WebPage","@id":"https:\/\/www.archaeology.ie\/ga\/comhairle-agus-tacaiocht\/aimsigh-seadchomhartha-no-raic\/amharcoir-raice\/","url":"https:\/\/www.archaeology.ie\/ga\/comhairle-agus-tacaiocht\/aimsigh-seadchomhartha-no-raic\/amharcoir-raice\/","name":"Amharc\u00f3ir Raice - Seirbh\u00eds na S\u00e9adchomhartha\u00edN\u00e1isi\u00fanta","isPartOf":{"@id":"https:\/\/www.archaeology.ie\/ga\/#website"},"primaryImageOfPage":{"@id":"https:\/\/www.archaeology.ie\/ga\/comhairle-agus-tacaiocht\/aimsigh-seadchomhartha-no-raic\/amharcoir-raice\/#primaryimage"},"image":{"@id":"https:\/\/www.archaeology.ie\/ga\/comhairle-agus-tacaiocht\/aimsigh-seadchomhartha-no-raic\/amharcoir-raice\/#primaryimage"},"thumbnailUrl":"https:\/\/www.archaeology.ie\/app\/uploads\/2024\/09\/wreck-viewer-screenshot1-1024x495.png","datePublished":"2024-09-09T14:50:56+00:00","dateModified":"2025-11-05T15:01:07+00:00","breadcrumb":{"@id":"https:\/\/www.archaeology.ie\/ga\/comhairle-agus-tacaiocht\/aimsigh-seadchomhartha-no-raic\/amharcoir-raice\/#breadcrumb"},"inLanguage":"ga-IE","potentialAction":[{"@type":"ReadAction","target":["https:\/\/www.archaeology.ie\/ga\/comhairle-agus-tacaiocht\/aimsigh-seadchomhartha-no-raic\/amharcoir-raice\/"]}]},{"@type":"ImageObject","inLanguage":"ga-IE","@id":"https:\/\/www.archaeology.ie\/ga\/comhairle-agus-tacaiocht\/aimsigh-seadchomhartha-no-raic\/amharcoir-raice\/#primaryimage","url":"https:\/\/www.archaeology.ie\/app\/uploads\/2024\/09\/wreck-viewer-screenshot1-1024x495.png","contentUrl":"https:\/\/www.archaeology.ie\/app\/uploads\/2024\/09\/wreck-viewer-screenshot1-1024x495.png"},{"@type":"BreadcrumbList","@id":"https:\/\/www.archaeology.ie\/ga\/comhairle-agus-tacaiocht\/aimsigh-seadchomhartha-no-raic\/amharcoir-raice\/#breadcrumb","itemListElement":[{"@type":"ListItem","position":1,"name":"Baile","item":"https:\/\/www.archaeology.ie\/ga\/"},{"@type":"ListItem","position":2,"name":"Comhairle agus Taca\u00edocht","item":"https:\/\/www.archaeology.ie\/ga\/advice-and-support\/"},{"@type":"ListItem","position":3,"name":"Aimsigh S\u00e9adchomhartha n\u00f3 Raic","item":"https:\/\/www.archaeology.ie\/ga\/advice-and-support\/locate-a-monument-or-wreck\/"},{"@type":"ListItem","position":4,"name":"Amharc\u00f3ir Raice"}]},{"@type":"WebSite","@id":"https:\/\/www.archaeology.ie\/ga\/#website","url":"https:\/\/www.archaeology.ie\/ga\/","name":"National Monuments Service","description":"National Monuments Service","publisher":{"@id":"https:\/\/www.archaeology.ie\/ga\/#organization"},"potentialAction":[{"@type":"SearchAction","target":{"@type":"EntryPoint","urlTemplate":"https:\/\/www.archaeology.ie\/ga\/?s={search_term_string}"},"query-input":{"@type":"PropertyValueSpecification","valueRequired":true,"valueName":"search_term_string"}}],"inLanguage":"ga-IE"},{"@type":"Organization","@id":"https:\/\/www.archaeology.ie\/ga\/#organization","name":"National Monuments Service","url":"https:\/\/www.archaeology.ie\/ga\/","logo":{"@type":"ImageObject","inLanguage":"ga-IE","@id":"https:\/\/www.archaeology.ie\/ga\/#\/schema\/logo\/image\/","url":"https:\/\/www.archaeology.ie\/app\/uploads\/2024\/07\/nms-logo.png","contentUrl":"https:\/\/www.archaeology.ie\/app\/uploads\/2024\/07\/nms-logo.png","width":503,"height":124,"caption":"National Monuments Service"},"image":{"@id":"https:\/\/www.archaeology.ie\/ga\/#\/schema\/logo\/image\/"},"sameAs":["https:\/\/www.facebook.com\/NationalMons\/","https:\/\/x.com\/NationalMons"]}]}},"spectra_custom_meta":{"_wpml_media_duplicate":["1"],"_wpml_media_featured":["1"],"_top_nav_excluded":[""],"_cms_nav_minihome":[""],"_last_translation_edit_mode":["translation-editor"],"_edit_lock":["1743086897:5"],"_wp_page_template":[""],"_wpml_word_count":["747"]},"uagb_featured_image_src":{"full":false,"thumbnail":false,"medium":false,"medium_large":false,"large":false,"1536x1536":false,"2048x2048":false,"gform-image-choice-sm":false,"gform-image-choice-md":false,"gform-image-choice-lg":false},"uagb_author_info":{"display_name":"Gareth John","author_link":"https:\/\/www.archaeology.ie\/ga\/author\/gar-john\/"},"uagb_comment_info":0,"uagb_excerpt":"The Wreck Viewer app has been developed to facilitate online viewing and querying of the National Monuments Service\u2019s Wreck Inventory [&hellip;]","_links":{"self":[{"href":"https:\/\/www.archaeology.ie\/ga\/wp-json\/wp\/v2\/pages\/3675","targetHints":{"allow":["GET"]}}],"collection":[{"href":"https:\/\/www.archaeology.ie\/ga\/wp-json\/wp\/v2\/pages"}],"about":[{"href":"https:\/\/www.archaeology.ie\/ga\/wp-json\/wp\/v2\/types\/page"}],"author":[{"embeddable":true,"href":"https:\/\/www.archaeology.ie\/ga\/wp-json\/wp\/v2\/users\/7"}],"replies":[{"embeddable":true,"href":"https:\/\/www.archaeology.ie\/ga\/wp-json\/wp\/v2\/comments?post=3675"}],"version-history":[{"count":4,"href":"https:\/\/www.archaeology.ie\/ga\/wp-json\/wp\/v2\/pages\/3675\/revisions"}],"predecessor-version":[{"id":5457,"href":"https:\/\/www.archaeology.ie\/ga\/wp-json\/wp\/v2\/pages\/3675\/revisions\/5457"}],"up":[{"embeddable":true,"href":"https:\/\/www.archaeology.ie\/ga\/wp-json\/wp\/v2\/pages\/3789"}],"wp:attachment":[{"href":"https:\/\/www.archaeology.ie\/ga\/wp-json\/wp\/v2\/media?parent=3675"}],"curies":[{"name":"wp","href":"https:\/\/api.w.org\/{rel}","templated":true}]}}