{"id":3685,"date":"2024-09-11T13:25:35","date_gmt":"2024-09-11T13:25:35","guid":{"rendered":"https:\/\/www.archaeology.ie\/comhairle-agus-tacaiocht\/tuairiscigh-bagairt-no-damaiste-ar-sheadchomhartha\/"},"modified":"2025-01-21T13:36:32","modified_gmt":"2025-01-21T13:36:32","slug":"tuairiscigh-bagairt-no-damaiste-ar-sheadchomhartha","status":"publish","type":"page","link":"https:\/\/www.archaeology.ie\/ga\/comhairle-agus-tacaiocht\/tuairiscigh-bagairt-no-damaiste-ar-sheadchomhartha\/","title":{"rendered":"Tuairiscigh Bagairt n\u00f3 Dam\u00e1iste ar Sh\u00e9adchomhartha"},"content":{"rendered":"\n<p>D\u00e9anann Seirbh\u00eds na S\u00e9adchomhartha\u00ed N\u00e1isi\u00fanta imscr\u00fad\u00fa ar thuairisc\u00ed faoi bhagairt n\u00f3 dam\u00e1iste ar \u00e1r n-oidhreacht seand\u00e1la\u00edochta.<\/p>\n\n<p>Is f\u00e9idir leat dam\u00e1iste n\u00f3 bagairt fh\u00e9ideartha don oidhreacht seand\u00e1la\u00edochta a thuairisci\u00fa tr\u00ed ghlaoch orainn ag +353 (0)1 8882000 n\u00f3 tr\u00ed r\u00edomhphost a sheoladh chugainn ag: <a href=\"mailto:nationalmonuments@housing.gov.ie\">nationalmonuments@housing.gov.ie<\/a> chomh luath agus is f\u00e9idir i ndiaidh duit dam\u00e1iste n\u00f3 bagairt d\u00e1r n-oidhreacht seand\u00e1la\u00edochta a thabhairt faoi deara.<\/p>\n\n<p>Is m\u00f3r againn c\u00fanamh an phobail sna c\u00farsa\u00ed seo.<\/p>\n\n<p><\/p>\n","protected":false},"excerpt":{"rendered":"<p>D\u00e9anann Seirbh\u00eds na S\u00e9adchomhartha\u00ed N\u00e1isi\u00fanta imscr\u00fad\u00fa ar thuairisc\u00ed faoi bhagairt n\u00f3 dam\u00e1iste ar \u00e1r n-oidhreacht seand\u00e1la\u00edochta. Is f\u00e9idir leat dam\u00e1iste [&hellip;]<\/p>\n","protected":false},"author":7,"featured_media":0,"parent":3335,"menu_order":0,"comment_status":"closed","ping_status":"closed","template":"","meta":{"_acf_changed":false,"_uag_custom_page_level_css":"","site-sidebar-layout":"default","site-content-layout":"","ast-site-content-layout":"default","site-content-style":"default","site-sidebar-style":"default","ast-global-header-display":"","ast-banner-title-visibility":"","ast-main-header-display":"","ast-hfb-above-header-display":"","ast-hfb-below-header-display":"","ast-hfb-mobile-header-display":"","site-post-title":"","ast-breadcrumbs-content":"","ast-featured-img":"","footer-sml-layout":"","ast-disable-related-posts":"","theme-transparent-header-meta":"","adv-header-id-meta":"","stick-header-meta":"","header-above-stick-meta":"","header-main-stick-meta":"","header-below-stick-meta":"","astra-migrate-meta-layouts":"default","ast-page-background-enabled":"default","ast-page-background-meta":{"desktop":{"background-color":"var(--ast-global-color-4)","background-image":"","background-repeat":"repeat","background-position":"center center","background-size":"auto","background-attachment":"scroll","background-type":"","background-media":"","overlay-type":"","overlay-color":"","overlay-opacity":"","overlay-gradient":""},"tablet":{"background-color":"","background-image":"","background-repeat":"repeat","background-position":"center center","background-size":"auto","background-attachment":"scroll","background-type":"","background-media":"","overlay-type":"","overlay-color":"","overlay-opacity":"","overlay-gradient":""},"mobile":{"background-color":"","background-image":"","background-repeat":"repeat","background-position":"center center","background-size":"auto","background-attachment":"scroll","background-type":"","background-media":"","overlay-type":"","overlay-color":"","overlay-opacity":"","overlay-gradient":""}},"ast-content-background-meta":{"desktop":{"background-color":"var(--ast-global-color-5)","background-image":"","background-repeat":"repeat","background-position":"center center","background-size":"auto","background-attachment":"scroll","background-type":"","background-media":"","overlay-type":"","overlay-color":"","overlay-opacity":"","overlay-gradient":""},"tablet":{"background-color":"var(--ast-global-color-5)","background-image":"","background-repeat":"repeat","background-position":"center center","background-size":"auto","background-attachment":"scroll","background-type":"","background-media":"","overlay-type":"","overlay-color":"","overlay-opacity":"","overlay-gradient":""},"mobile":{"background-color":"var(--ast-global-color-5)","background-image":"","background-repeat":"repeat","background-position":"center center","background-size":"auto","background-attachment":"scroll","background-type":"","background-media":"","overlay-type":"","overlay-color":"","overlay-opacity":"","overlay-gradient":""}},"footnotes":""},"class_list":["post-3685","page","type-page","status-publish","hentry"],"acf":[],"yoast_head":"<!-- This site is optimized with the Yoast SEO plugin v27.3 - https:\/\/yoast.com\/product\/yoast-seo-wordpress\/ -->\n<title>Tuairiscigh Bagairt n\u00f3 Dam\u00e1iste ar Sh\u00e9adchomhartha - Seirbh\u00eds na S\u00e9adchomhartha\u00edN\u00e1isi\u00fanta<\/title>\n<meta name=\"robots\" content=\"index, follow, max-snippet:-1, max-image-preview:large, max-video-preview:-1\" \/>\n<link rel=\"canonical\" href=\"https:\/\/www.archaeology.ie\/ga\/comhairle-agus-tacaiocht\/tuairiscigh-bagairt-no-damaiste-ar-sheadchomhartha\/\" \/>\n<meta property=\"og:locale\" content=\"ga_IE\" \/>\n<meta property=\"og:type\" content=\"article\" \/>\n<meta property=\"og:title\" content=\"Tuairiscigh Bagairt n\u00f3 Dam\u00e1iste ar Sh\u00e9adchomhartha - Seirbh\u00eds na S\u00e9adchomhartha\u00edN\u00e1isi\u00fanta\" \/>\n<meta property=\"og:description\" content=\"D\u00e9anann Seirbh\u00eds na S\u00e9adchomhartha\u00ed N\u00e1isi\u00fanta imscr\u00fad\u00fa ar thuairisc\u00ed faoi bhagairt n\u00f3 dam\u00e1iste ar \u00e1r n-oidhreacht seand\u00e1la\u00edochta. Is f\u00e9idir leat dam\u00e1iste [&hellip;]\" \/>\n<meta property=\"og:url\" content=\"https:\/\/www.archaeology.ie\/ga\/comhairle-agus-tacaiocht\/tuairiscigh-bagairt-no-damaiste-ar-sheadchomhartha\/\" \/>\n<meta property=\"og:site_name\" content=\"Seirbh\u00eds na S\u00e9adchomhartha\u00edN\u00e1isi\u00fanta\" \/>\n<meta property=\"article:publisher\" content=\"https:\/\/www.facebook.com\/NationalMons\/\" \/>\n<meta property=\"article:modified_time\" content=\"2025-01-21T13:36:32+00:00\" \/>\n<meta name=\"twitter:card\" content=\"summary_large_image\" \/>\n<meta name=\"twitter:site\" content=\"@NationalMons\" \/>\n<!-- \/ Yoast SEO plugin. -->","yoast_head_json":{"title":"Tuairiscigh Bagairt n\u00f3 Dam\u00e1iste ar Sh\u00e9adchomhartha - Seirbh\u00eds na S\u00e9adchomhartha\u00edN\u00e1isi\u00fanta","robots":{"index":"index","follow":"follow","max-snippet":"max-snippet:-1","max-image-preview":"max-image-preview:large","max-video-preview":"max-video-preview:-1"},"canonical":"https:\/\/www.archaeology.ie\/ga\/comhairle-agus-tacaiocht\/tuairiscigh-bagairt-no-damaiste-ar-sheadchomhartha\/","og_locale":"ga_IE","og_type":"article","og_title":"Tuairiscigh Bagairt n\u00f3 Dam\u00e1iste ar Sh\u00e9adchomhartha - Seirbh\u00eds na S\u00e9adchomhartha\u00edN\u00e1isi\u00fanta","og_description":"D\u00e9anann Seirbh\u00eds na S\u00e9adchomhartha\u00ed N\u00e1isi\u00fanta imscr\u00fad\u00fa ar thuairisc\u00ed faoi bhagairt n\u00f3 dam\u00e1iste ar \u00e1r n-oidhreacht seand\u00e1la\u00edochta. Is f\u00e9idir leat dam\u00e1iste [&hellip;]","og_url":"https:\/\/www.archaeology.ie\/ga\/comhairle-agus-tacaiocht\/tuairiscigh-bagairt-no-damaiste-ar-sheadchomhartha\/","og_site_name":"Seirbh\u00eds na S\u00e9adchomhartha\u00edN\u00e1isi\u00fanta","article_publisher":"https:\/\/www.facebook.com\/NationalMons\/","article_modified_time":"2025-01-21T13:36:32+00:00","twitter_card":"summary_large_image","twitter_site":"@NationalMons","schema":{"@context":"https:\/\/schema.org","@graph":[{"@type":"WebPage","@id":"https:\/\/www.archaeology.ie\/ga\/comhairle-agus-tacaiocht\/tuairiscigh-bagairt-no-damaiste-ar-sheadchomhartha\/","url":"https:\/\/www.archaeology.ie\/ga\/comhairle-agus-tacaiocht\/tuairiscigh-bagairt-no-damaiste-ar-sheadchomhartha\/","name":"Tuairiscigh Bagairt n\u00f3 Dam\u00e1iste ar Sh\u00e9adchomhartha - Seirbh\u00eds na S\u00e9adchomhartha\u00edN\u00e1isi\u00fanta","isPartOf":{"@id":"https:\/\/www.archaeology.ie\/ga\/#website"},"datePublished":"2024-09-11T13:25:35+00:00","dateModified":"2025-01-21T13:36:32+00:00","breadcrumb":{"@id":"https:\/\/www.archaeology.ie\/ga\/comhairle-agus-tacaiocht\/tuairiscigh-bagairt-no-damaiste-ar-sheadchomhartha\/#breadcrumb"},"inLanguage":"ga-IE","potentialAction":[{"@type":"ReadAction","target":["https:\/\/www.archaeology.ie\/ga\/comhairle-agus-tacaiocht\/tuairiscigh-bagairt-no-damaiste-ar-sheadchomhartha\/"]}]},{"@type":"BreadcrumbList","@id":"https:\/\/www.archaeology.ie\/ga\/comhairle-agus-tacaiocht\/tuairiscigh-bagairt-no-damaiste-ar-sheadchomhartha\/#breadcrumb","itemListElement":[{"@type":"ListItem","position":1,"name":"Baile","item":"https:\/\/www.archaeology.ie\/ga\/"},{"@type":"ListItem","position":2,"name":"Comhairle agus Taca\u00edocht","item":"https:\/\/www.archaeology.ie\/ga\/advice-and-support\/"},{"@type":"ListItem","position":3,"name":"Tuairiscigh Bagairt n\u00f3 Dam\u00e1iste ar Sh\u00e9adchomhartha"}]},{"@type":"WebSite","@id":"https:\/\/www.archaeology.ie\/ga\/#website","url":"https:\/\/www.archaeology.ie\/ga\/","name":"National Monuments Service","description":"National Monuments Service","publisher":{"@id":"https:\/\/www.archaeology.ie\/ga\/#organization"},"potentialAction":[{"@type":"SearchAction","target":{"@type":"EntryPoint","urlTemplate":"https:\/\/www.archaeology.ie\/ga\/?s={search_term_string}"},"query-input":{"@type":"PropertyValueSpecification","valueRequired":true,"valueName":"search_term_string"}}],"inLanguage":"ga-IE"},{"@type":"Organization","@id":"https:\/\/www.archaeology.ie\/ga\/#organization","name":"National Monuments Service","url":"https:\/\/www.archaeology.ie\/ga\/","logo":{"@type":"ImageObject","inLanguage":"ga-IE","@id":"https:\/\/www.archaeology.ie\/ga\/#\/schema\/logo\/image\/","url":"https:\/\/www.archaeology.ie\/app\/uploads\/2024\/07\/nms-logo.png","contentUrl":"https:\/\/www.archaeology.ie\/app\/uploads\/2024\/07\/nms-logo.png","width":503,"height":124,"caption":"National Monuments Service"},"image":{"@id":"https:\/\/www.archaeology.ie\/ga\/#\/schema\/logo\/image\/"},"sameAs":["https:\/\/www.facebook.com\/NationalMons\/","https:\/\/x.com\/NationalMons"]}]}},"spectra_custom_meta":{"_wpml_media_duplicate":["1"],"_wpml_media_featured":["1"],"_top_nav_excluded":[""],"_cms_nav_minihome":[""],"_last_translation_edit_mode":["translation-editor"],"_wp_page_template":[""],"_uag_css_file_name":["uag-css-3685.css"]},"uagb_featured_image_src":{"full":false,"thumbnail":false,"medium":false,"medium_large":false,"large":false,"1536x1536":false,"2048x2048":false,"gform-image-choice-sm":false,"gform-image-choice-md":false,"gform-image-choice-lg":false},"uagb_author_info":{"display_name":"Gareth John","author_link":"https:\/\/www.archaeology.ie\/ga\/author\/gar-john\/"},"uagb_comment_info":0,"uagb_excerpt":"D\u00e9anann Seirbh\u00eds na S\u00e9adchomhartha\u00ed N\u00e1isi\u00fanta imscr\u00fad\u00fa ar thuairisc\u00ed faoi bhagairt n\u00f3 dam\u00e1iste ar \u00e1r n-oidhreacht seand\u00e1la\u00edochta. Is f\u00e9idir leat dam\u00e1iste [&hellip;]","_links":{"self":[{"href":"https:\/\/www.archaeology.ie\/ga\/wp-json\/wp\/v2\/pages\/3685","targetHints":{"allow":["GET"]}}],"collection":[{"href":"https:\/\/www.archaeology.ie\/ga\/wp-json\/wp\/v2\/pages"}],"about":[{"href":"https:\/\/www.archaeology.ie\/ga\/wp-json\/wp\/v2\/types\/page"}],"author":[{"embeddable":true,"href":"https:\/\/www.archaeology.ie\/ga\/wp-json\/wp\/v2\/users\/7"}],"replies":[{"embeddable":true,"href":"https:\/\/www.archaeology.ie\/ga\/wp-json\/wp\/v2\/comments?post=3685"}],"version-history":[{"count":1,"href":"https:\/\/www.archaeology.ie\/ga\/wp-json\/wp\/v2\/pages\/3685\/revisions"}],"predecessor-version":[{"id":3686,"href":"https:\/\/www.archaeology.ie\/ga\/wp-json\/wp\/v2\/pages\/3685\/revisions\/3686"}],"up":[{"embeddable":true,"href":"https:\/\/www.archaeology.ie\/ga\/wp-json\/wp\/v2\/pages\/3335"}],"wp:attachment":[{"href":"https:\/\/www.archaeology.ie\/ga\/wp-json\/wp\/v2\/media?parent=3685"}],"curies":[{"name":"wp","href":"https:\/\/api.w.org\/{rel}","templated":true}]}}