{"id":3868,"date":"2024-09-06T14:59:27","date_gmt":"2024-09-06T14:59:27","guid":{"rendered":"https:\/\/www.archaeology.ie\/ar-rol-sa-phroiseas-pleanala\/"},"modified":"2025-03-28T08:29:00","modified_gmt":"2025-03-28T08:29:00","slug":"ar-rol-sa-phroiseas-pleanala","status":"publish","type":"page","link":"https:\/\/www.archaeology.ie\/ga\/comhairle-agus-tacaiocht\/pleanail-agus-treoir\/ar-rol-sa-phroiseas-pleanala\/","title":{"rendered":"\u00c1r R\u00f3l sa Phr\u00f3iseas Plean\u00e1la"},"content":{"rendered":"\n<h2 class=\"wp-block-heading\">Forbhreathn\u00fa<\/h2>\n\n\n\n<p>T\u00e1 r\u00f3l l\u00e1rnach ag dl\u00ed plean\u00e1la na h\u00c9ireann maidir len\u00e1r n-oidhreacht seand\u00e1la\u00edochta a chosaint. Taca\u00edonn plean\u00e1il chu\u00ed agus forbairt inbhuanaithe le cosaint na hoidhreachta seand\u00e1la\u00edochta (idir tal\u00fan agus faoi uisce). Cialla\u00edonn s\u00e9 seo go mbeidh cosaint na hoidhreachta seand\u00e1la\u00edochta ina ceist th\u00e1bhachtach i gc\u00f3na\u00ed agus cinnt\u00ed plean\u00e1la agus ceada \u00e1 nd\u00e9anamh.  <\/p>\n\n\n\n<p>D\u2019fh\u00e9adfadh an tionchar a thiocfadh a bheith ag aon fhorbairt bheartaithe ar leith ar oidhreacht seand\u00e1la\u00edochta a bheith \u00e9ags\u00fail go m\u00f3r. Molaimid gur ch\u00f3ir go mbeadh meas\u00fan\u00fa tionchair seand\u00e1la\u00edochta cuimsitheach sain-su\u00edomh mar bhonn eolais ag cinnt\u00ed plean\u00e1la agus ceada. <\/p>\n\n\n\n<h2 class=\"wp-block-heading\">\u00c1r R\u00f3l Comhairleach<\/h2>\n\n\n\n<p>T\u00e1 feidhmeanna reacht\u00fala ag Seirbh\u00eds na S\u00e9adchomhartha\u00ed N\u00e1isi\u00fanta laistigh den ch\u00f3ras plean\u00e1la mar chuid d\u00e1r raon freagrachta\u00ed n\u00edos leithne. Cuirimid comhairle ar f\u00e1il maidir le h\u00e1bhair a bhaineann le hoidhreacht seand\u00e1la\u00edochta agus i dtaca lena cosaint: <\/p>\n\n\n\n<ul class=\"wp-block-list\">\n<li>d\u2019\u00fadar\u00e1is phlean\u00e1la\/cheadaithe<\/li>\n\n\n\n<li>d\u2019fhorbr\u00f3ir\u00ed<\/li>\n\n\n\n<li>d\u2019aon duine eile a bhfuil baint acu leis an bpr\u00f3iseas plean\u00e1la.<\/li>\n<\/ul>\n\n\n\n<p>Cuirtear iarratais phlean\u00e1la agus ceadanna eile ar aghaidh chugainn go rialta le haghaidh comhairli\u00fach\u00e1in agus tuairim\u00ed mar chuid den phr\u00f3iseas cinnteoireachta. D\u2019fh\u00e9adfadh forbairt\u00ed ar mh\u00f3rsc\u00e1la (cos\u00fail le forbairt\u00ed m\u00f3ra tith\u00edochta, feirmeacha gr\u00e9ine, feirmeacha gaoithe amach \u00f3n gc\u00f3sta n\u00f3 ar an gcladach agus forbairt\u00ed bonneagair) agus forbairt\u00ed arna nd\u00e9anamh ag \u00fadar\u00e1is \u00e1iti\u00fala chomh maith le togra\u00ed n\u00edos l\u00fa a bheith i measc na n-atreoruithe.  <\/p>\n\n\n\n<p>D\u00e9anann Aonad na nIarratas Forbartha (AIF) den Roinn Tith\u00edochta, Rialtais \u00c1iti\u00fail agus Oidhreachta comhord\u00fa ar mheas\u00fan\u00fa na n-iarratas ar fad a chuirtear ar aghaidh chugainn. Scr\u00fada\u00edtear gach iarratas agus tagairt \u00e1 d\u00e9anamh don tionchar f\u00e9ideartha ar oidhreacht seand\u00e1la\u00edochta at\u00e1 ar eolas agus nach bhfuil aitheanta go f\u00f3ill (talamh agus faoi uisce). Bunaithe ar an scr\u00fad\u00fa sin, f\u00e9adfaimid molta\u00ed a bhaineann go sonrach leis an su\u00edomh agus leis an \u00fadar\u00e1s cinnteoireachta a dh\u00e9anamh.  <\/p>\n\n\n\n<h2 class=\"wp-block-heading\">R\u00f3l an \u00dadar\u00e1is Phlean\u00e1la<\/h2>\n\n\n\n<p>Is \u00e9 an t-\u00fadar\u00e1s plean\u00e1la n\u00f3 cead\u00fach\u00e1in \u00e1bhartha an d\u00e9ant\u00f3ir cinnt\u00ed. Cuirfidh s\u00e9 \u00e1r gcomhairle san \u00e1ireamh agus breithneoidh s\u00e9 \u00ed in \u00e9ineacht le gach saincheist \u00e1bhartha eile agus cinneadh \u00e1 dh\u00e9anamh ar aon iarratas.  <\/p>\n\n\n\n<p>F\u00e9adfar coinn\u00edollacha chun oidhreacht seand\u00e1la\u00edochta a chosaint a \u00e1ireamh mar chuid d\u2019aon chead a thugtar. T\u00e1 na hoibreacha seand\u00e1la\u00edochta a theasta\u00edonn chun na coinn\u00edollacha sin a chomhl\u00edonadh faoi r\u00e9ir rialach\u00e1in \u00f3n tSeirbh\u00eds S\u00e9adchomhartha\u00ed N\u00e1isi\u00fanta (f\u00e9ach th\u00edos). N\u00ed f\u00e9idir linn na coinn\u00edollacha arna bhforchur ag \u00fadar\u00e1s plean\u00e1la n\u00f3 cead\u00fach\u00e1in a athr\u00fa, \u00e1fach. C\u00e9 go gcuirimid comhairle ar na h\u00fadar\u00e1is sin maidir le h\u00e1bhair a bhaineann le hoidhreacht seand\u00e1la\u00edochta, coime\u00e1dann an t-\u00fadar\u00e1s plean\u00e1la n\u00f3 cead\u00fach\u00e1in a fhreagracht as forfheidhmi\u00fa.   <\/p>\n\n\n\n<h2 class=\"wp-block-heading\">Cead Plean\u00e1la agus <a href=\"https:\/\/www.archaeology.ie\/ga\/comhairle-agus-tacaiocht\/dean-iarratas-ar-cheadunais-agus-ar-thoilithe\/\">Cead\u00fanais agus Toilithe eile<\/a><\/h2>\n\n\n\n<p>N\u00ed bhainfidh deon\u00fa cead plean\u00e1la an g\u00e1 at\u00e1 le ceanglais dhl\u00edthi\u00fala eile a chomhl\u00edonadh. M\u00e1 t\u00e1 forbairt c\u00f3ngarach do <a href=\"https:\/\/www.archaeology.ie\/ga\/comhairle-agus-tacaiocht\/cosaint-agus-sonru-seadchomharthai\/\">Sh\u00e9adchomhartha N\u00e1isi\u00fanta<\/a> (ar n\u00f3s balla baile), mar shampla, <a href=\"https:\/\/www.archaeology.ie\/ga\/comhairle-agus-tacaiocht\/dean-iarratas-ar-cheadunais-agus-ar-thoilithe\/cead-on-aire\/\">n\u00ed m\u00f3r Cead Aire<\/a> a fh\u00e1il f\u00f3s chun tabhairt faoi na hoibreacha molta.  <\/p>\n\n\n\n<p>N\u00ed m\u00f3r do dhuine inni\u00fail aon oibreacha seand\u00e1la\u00edochta rialaithe a d\u2019fh\u00e9adfadh a bheith ag teast\u00e1il chun na coinn\u00edollacha a bhaineann le cead plean\u00e1la a chomhl\u00edonadh, amhail suirbh\u00e9ireacht geoifisiceach seand\u00e1la\u00edochta n\u00f3 trinse\u00e1il t\u00e1st\u00e1la seand\u00e1la\u00edochta, a dh\u00e9anamh, de r\u00e9ir an <a href=\"https:\/\/www.archaeology.ie\/ga\/comhairle-agus-tacaiocht\/dean-iarratas-ar-cheadunais-agus-ar-thoilithe\/\">Chead\u00fanais n\u00f3 an Toili\u00fa cu\u00ed<\/a>.<\/p>\n\n\n\n<h2 class=\"wp-block-heading\">Faigh tuilleadh eolais<\/h2>\n\n\n\n<p>Chun tuilleadh a fh\u00e1il amach faoin tseand\u00e1la\u00edocht sa phr\u00f3iseas plean\u00e1la, f\u00e9ach le do thoil:<\/p>\n\n\n\n<ul class=\"wp-block-list\">\n<li><a href=\"https:\/\/www.opr.ie\/wp-content\/uploads\/2022\/10\/Planning-Leaflet-13-Archaeology-in-the-Planning-Process.pdf\">Bileog Phlean\u00e1la 13: Seand\u00e1la\u00edocht sa Phr\u00f3iseas Plean\u00e1la<\/a><\/li>\n\n\n\n<li><a href=\"https:\/\/www.archaeology.ie\/collections-and-publications\/publications\/framework-and-principles-for-the-protection-of-the-archaeological-heritage\/\">Creat agus Prionsabail chun an Oidhreacht Seand\u00e1la\u00edochta a Chosaint<\/a><\/li>\n\n\n\n<li><a href=\"https:\/\/www.archaeology.ie\/ga\/collections-and-publications\/publications\/advice-to-the-public-on-irelands-underwater-archaeological-heritage\/\">Comhairle don Phobal maidir le hOidhreacht Seand\u00e1la\u00edochta Faoi Uisce na h\u00c9ireann<\/a><\/li>\n\n\n\n<li><a href=\"https:\/\/www.archaeology.ie\/ga\/collections-and-publications\/publications\/archaeology-and-flood-relief-schemes-guidelines\/\">Sc\u00e9imeanna Seand\u00e1la\u00edochta agus Cosanta Tuilte: <\/a>Treoirl\u00ednte agus Aguis\u00edn<\/li>\n\n\n\n<li><a href=\"https:\/\/publications.opr.ie\/planning-practice-view-file\/GIHSDMZ3F8\" target=\"_blank\" rel=\"noreferrer noopener\">N\u00f3ta Cleachtais ORP PN03: Coinn\u00edollacha Plean\u00e1la <\/a>(go h\u00e1irithe, an N\u00f3ta M\u00edni\u00fach\u00e1in agus Gluais na dT\u00e9arma\u00ed a ghabhann le Coinn\u00edollacha Seand\u00e1la\u00edochta)<\/li>\n\n\n\n<li><a href=\"https:\/\/www.opr.ie\/wp-content\/uploads\/2023\/09\/Planning-Leaflet-list.pdf\" target=\"_blank\" rel=\"noreferrer noopener\">Sraith Bileoga Plean\u00e1la ORP<\/a><\/li>\n\n\n\n<li><a href=\"https:\/\/www.heritagecouncil.ie\/content\/files\/archaeology_development_guidelines_good_practices_for_developers_2000_1mb.pdf\" target=\"_blank\" rel=\"noreferrer noopener\">Seand\u00e1la\u00edocht &amp; Forbairt: Treoirl\u00ednte Dea-Chleachtais d\u2019Fhorbr\u00f3ir\u00ed<\/a> (\u00f3n gComhairle Oidhreachta)<\/li>\n<\/ul>\n\n\n\n<p><\/p>\n","protected":false},"excerpt":{"rendered":"<p>Forbhreathn\u00fa T\u00e1 r\u00f3l l\u00e1rnach ag dl\u00ed plean\u00e1la na h\u00c9ireann maidir len\u00e1r n-oidhreacht seand\u00e1la\u00edochta a chosaint. Taca\u00edonn plean\u00e1il chu\u00ed agus forbairt [&hellip;]<\/p>\n","protected":false},"author":8,"featured_media":0,"parent":4097,"menu_order":0,"comment_status":"closed","ping_status":"closed","template":"","meta":{"_acf_changed":false,"_uag_custom_page_level_css":"","site-sidebar-layout":"default","site-content-layout":"","ast-site-content-layout":"default","site-content-style":"default","site-sidebar-style":"default","ast-global-header-display":"","ast-banner-title-visibility":"","ast-main-header-display":"","ast-hfb-above-header-display":"","ast-hfb-below-header-display":"","ast-hfb-mobile-header-display":"","site-post-title":"","ast-breadcrumbs-content":"","ast-featured-img":"","footer-sml-layout":"","ast-disable-related-posts":"","theme-transparent-header-meta":"","adv-header-id-meta":"","stick-header-meta":"","header-above-stick-meta":"","header-main-stick-meta":"","header-below-stick-meta":"","astra-migrate-meta-layouts":"default","ast-page-background-enabled":"default","ast-page-background-meta":{"desktop":{"background-color":"var(--ast-global-color-4)","background-image":"","background-repeat":"repeat","background-position":"center center","background-size":"auto","background-attachment":"scroll","background-type":"","background-media":"","overlay-type":"","overlay-color":"","overlay-opacity":"","overlay-gradient":""},"tablet":{"background-color":"","background-image":"","background-repeat":"repeat","background-position":"center center","background-size":"auto","background-attachment":"scroll","background-type":"","background-media":"","overlay-type":"","overlay-color":"","overlay-opacity":"","overlay-gradient":""},"mobile":{"background-color":"","background-image":"","background-repeat":"repeat","background-position":"center center","background-size":"auto","background-attachment":"scroll","background-type":"","background-media":"","overlay-type":"","overlay-color":"","overlay-opacity":"","overlay-gradient":""}},"ast-content-background-meta":{"desktop":{"background-color":"var(--ast-global-color-5)","background-image":"","background-repeat":"repeat","background-position":"center center","background-size":"auto","background-attachment":"scroll","background-type":"","background-media":"","overlay-type":"","overlay-color":"","overlay-opacity":"","overlay-gradient":""},"tablet":{"background-color":"var(--ast-global-color-5)","background-image":"","background-repeat":"repeat","background-position":"center center","background-size":"auto","background-attachment":"scroll","background-type":"","background-media":"","overlay-type":"","overlay-color":"","overlay-opacity":"","overlay-gradient":""},"mobile":{"background-color":"var(--ast-global-color-5)","background-image":"","background-repeat":"repeat","background-position":"center center","background-size":"auto","background-attachment":"scroll","background-type":"","background-media":"","overlay-type":"","overlay-color":"","overlay-opacity":"","overlay-gradient":""}},"footnotes":""},"class_list":["post-3868","page","type-page","status-publish","hentry"],"acf":[],"yoast_head":"<!-- This site is optimized with the Yoast SEO plugin v27.3 - https:\/\/yoast.com\/product\/yoast-seo-wordpress\/ -->\n<title>\u00c1r R\u00f3l sa Phr\u00f3iseas Plean\u00e1la - Seirbh\u00eds na S\u00e9adchomhartha\u00edN\u00e1isi\u00fanta<\/title>\n<meta name=\"robots\" content=\"index, follow, max-snippet:-1, max-image-preview:large, max-video-preview:-1\" \/>\n<link rel=\"canonical\" href=\"https:\/\/www.archaeology.ie\/ga\/comhairle-agus-tacaiocht\/pleanail-agus-treoir\/ar-rol-sa-phroiseas-pleanala\/\" \/>\n<meta property=\"og:locale\" content=\"ga_IE\" \/>\n<meta property=\"og:type\" content=\"article\" \/>\n<meta property=\"og:title\" content=\"\u00c1r R\u00f3l sa Phr\u00f3iseas Plean\u00e1la - Seirbh\u00eds na S\u00e9adchomhartha\u00edN\u00e1isi\u00fanta\" \/>\n<meta property=\"og:description\" content=\"Forbhreathn\u00fa T\u00e1 r\u00f3l l\u00e1rnach ag dl\u00ed plean\u00e1la na h\u00c9ireann maidir len\u00e1r n-oidhreacht seand\u00e1la\u00edochta a chosaint. Taca\u00edonn plean\u00e1il chu\u00ed agus forbairt [&hellip;]\" \/>\n<meta property=\"og:url\" content=\"https:\/\/www.archaeology.ie\/ga\/comhairle-agus-tacaiocht\/pleanail-agus-treoir\/ar-rol-sa-phroiseas-pleanala\/\" \/>\n<meta property=\"og:site_name\" content=\"Seirbh\u00eds na S\u00e9adchomhartha\u00edN\u00e1isi\u00fanta\" \/>\n<meta property=\"article:publisher\" content=\"https:\/\/www.facebook.com\/NationalMons\/\" \/>\n<meta property=\"article:modified_time\" content=\"2025-03-28T08:29:00+00:00\" \/>\n<meta name=\"twitter:card\" content=\"summary_large_image\" \/>\n<meta name=\"twitter:site\" content=\"@NationalMons\" \/>\n<!-- \/ Yoast SEO plugin. -->","yoast_head_json":{"title":"\u00c1r R\u00f3l sa Phr\u00f3iseas Plean\u00e1la - Seirbh\u00eds na S\u00e9adchomhartha\u00edN\u00e1isi\u00fanta","robots":{"index":"index","follow":"follow","max-snippet":"max-snippet:-1","max-image-preview":"max-image-preview:large","max-video-preview":"max-video-preview:-1"},"canonical":"https:\/\/www.archaeology.ie\/ga\/comhairle-agus-tacaiocht\/pleanail-agus-treoir\/ar-rol-sa-phroiseas-pleanala\/","og_locale":"ga_IE","og_type":"article","og_title":"\u00c1r R\u00f3l sa Phr\u00f3iseas Plean\u00e1la - Seirbh\u00eds na S\u00e9adchomhartha\u00edN\u00e1isi\u00fanta","og_description":"Forbhreathn\u00fa T\u00e1 r\u00f3l l\u00e1rnach ag dl\u00ed plean\u00e1la na h\u00c9ireann maidir len\u00e1r n-oidhreacht seand\u00e1la\u00edochta a chosaint. Taca\u00edonn plean\u00e1il chu\u00ed agus forbairt [&hellip;]","og_url":"https:\/\/www.archaeology.ie\/ga\/comhairle-agus-tacaiocht\/pleanail-agus-treoir\/ar-rol-sa-phroiseas-pleanala\/","og_site_name":"Seirbh\u00eds na S\u00e9adchomhartha\u00edN\u00e1isi\u00fanta","article_publisher":"https:\/\/www.facebook.com\/NationalMons\/","article_modified_time":"2025-03-28T08:29:00+00:00","twitter_card":"summary_large_image","twitter_site":"@NationalMons","schema":{"@context":"https:\/\/schema.org","@graph":[{"@type":"WebPage","@id":"https:\/\/www.archaeology.ie\/ga\/comhairle-agus-tacaiocht\/pleanail-agus-treoir\/ar-rol-sa-phroiseas-pleanala\/","url":"https:\/\/www.archaeology.ie\/ga\/comhairle-agus-tacaiocht\/pleanail-agus-treoir\/ar-rol-sa-phroiseas-pleanala\/","name":"\u00c1r R\u00f3l sa Phr\u00f3iseas Plean\u00e1la - Seirbh\u00eds na S\u00e9adchomhartha\u00edN\u00e1isi\u00fanta","isPartOf":{"@id":"https:\/\/www.archaeology.ie\/ga\/#website"},"datePublished":"2024-09-06T14:59:27+00:00","dateModified":"2025-03-28T08:29:00+00:00","breadcrumb":{"@id":"https:\/\/www.archaeology.ie\/ga\/comhairle-agus-tacaiocht\/pleanail-agus-treoir\/ar-rol-sa-phroiseas-pleanala\/#breadcrumb"},"inLanguage":"ga-IE","potentialAction":[{"@type":"ReadAction","target":["https:\/\/www.archaeology.ie\/ga\/comhairle-agus-tacaiocht\/pleanail-agus-treoir\/ar-rol-sa-phroiseas-pleanala\/"]}]},{"@type":"BreadcrumbList","@id":"https:\/\/www.archaeology.ie\/ga\/comhairle-agus-tacaiocht\/pleanail-agus-treoir\/ar-rol-sa-phroiseas-pleanala\/#breadcrumb","itemListElement":[{"@type":"ListItem","position":1,"name":"Baile","item":"https:\/\/www.archaeology.ie\/ga\/"},{"@type":"ListItem","position":2,"name":"Comhairle agus Taca\u00edocht","item":"https:\/\/www.archaeology.ie\/ga\/advice-and-support\/"},{"@type":"ListItem","position":3,"name":"Plean\u00e1il agus Treoir","item":"https:\/\/www.archaeology.ie\/ga\/advice-and-support\/planning-and-guidance\/"},{"@type":"ListItem","position":4,"name":"\u00c1r R\u00f3l sa Phr\u00f3iseas Plean\u00e1la"}]},{"@type":"WebSite","@id":"https:\/\/www.archaeology.ie\/ga\/#website","url":"https:\/\/www.archaeology.ie\/ga\/","name":"National Monuments Service","description":"National Monuments Service","publisher":{"@id":"https:\/\/www.archaeology.ie\/ga\/#organization"},"potentialAction":[{"@type":"SearchAction","target":{"@type":"EntryPoint","urlTemplate":"https:\/\/www.archaeology.ie\/ga\/?s={search_term_string}"},"query-input":{"@type":"PropertyValueSpecification","valueRequired":true,"valueName":"search_term_string"}}],"inLanguage":"ga-IE"},{"@type":"Organization","@id":"https:\/\/www.archaeology.ie\/ga\/#organization","name":"National Monuments Service","url":"https:\/\/www.archaeology.ie\/ga\/","logo":{"@type":"ImageObject","inLanguage":"ga-IE","@id":"https:\/\/www.archaeology.ie\/ga\/#\/schema\/logo\/image\/","url":"https:\/\/www.archaeology.ie\/app\/uploads\/2024\/07\/nms-logo.png","contentUrl":"https:\/\/www.archaeology.ie\/app\/uploads\/2024\/07\/nms-logo.png","width":503,"height":124,"caption":"National Monuments Service"},"image":{"@id":"https:\/\/www.archaeology.ie\/ga\/#\/schema\/logo\/image\/"},"sameAs":["https:\/\/www.facebook.com\/NationalMons\/","https:\/\/x.com\/NationalMons"]}]}},"spectra_custom_meta":{"_wpml_media_duplicate":["1"],"_wpml_media_featured":["1"],"_top_nav_excluded":[""],"_cms_nav_minihome":[""],"_last_translation_edit_mode":["native-editor"],"_wp_page_template":[""],"_edit_lock":["1743150612:7"],"_edit_last":["7"],"cmplz_hide_cookiebanner":[""],"_yoast_wpseo_content_score":["60"],"_yoast_wpseo_estimated-reading-time-minutes":["3"],"_uag_css_file_name":["uag-css-3868.css"]},"uagb_featured_image_src":{"full":false,"thumbnail":false,"medium":false,"medium_large":false,"large":false,"1536x1536":false,"2048x2048":false,"gform-image-choice-sm":false,"gform-image-choice-md":false,"gform-image-choice-lg":false},"uagb_author_info":{"display_name":"Teresa Bolger","author_link":"https:\/\/www.archaeology.ie\/ga\/author\/teresa-bolger\/"},"uagb_comment_info":0,"uagb_excerpt":"Forbhreathn\u00fa T\u00e1 r\u00f3l l\u00e1rnach ag dl\u00ed plean\u00e1la na h\u00c9ireann maidir len\u00e1r n-oidhreacht seand\u00e1la\u00edochta a chosaint. Taca\u00edonn plean\u00e1il chu\u00ed agus forbairt [&hellip;]","_links":{"self":[{"href":"https:\/\/www.archaeology.ie\/ga\/wp-json\/wp\/v2\/pages\/3868","targetHints":{"allow":["GET"]}}],"collection":[{"href":"https:\/\/www.archaeology.ie\/ga\/wp-json\/wp\/v2\/pages"}],"about":[{"href":"https:\/\/www.archaeology.ie\/ga\/wp-json\/wp\/v2\/types\/page"}],"author":[{"embeddable":true,"href":"https:\/\/www.archaeology.ie\/ga\/wp-json\/wp\/v2\/users\/8"}],"replies":[{"embeddable":true,"href":"https:\/\/www.archaeology.ie\/ga\/wp-json\/wp\/v2\/comments?post=3868"}],"version-history":[{"count":5,"href":"https:\/\/www.archaeology.ie\/ga\/wp-json\/wp\/v2\/pages\/3868\/revisions"}],"predecessor-version":[{"id":4836,"href":"https:\/\/www.archaeology.ie\/ga\/wp-json\/wp\/v2\/pages\/3868\/revisions\/4836"}],"up":[{"embeddable":true,"href":"https:\/\/www.archaeology.ie\/ga\/wp-json\/wp\/v2\/pages\/4097"}],"wp:attachment":[{"href":"https:\/\/www.archaeology.ie\/ga\/wp-json\/wp\/v2\/media?parent=3868"}],"curies":[{"name":"wp","href":"https:\/\/api.w.org\/{rel}","templated":true}]}}