{"id":3951,"date":"2024-09-11T21:30:36","date_gmt":"2024-09-11T21:30:36","guid":{"rendered":"https:\/\/www.archaeology.ie\/bailiuchain-agus-foilseachain\/sonrai-oscailte\/"},"modified":"2025-11-05T14:39:16","modified_gmt":"2025-11-05T14:39:16","slug":"sonrai-oscailte","status":"publish","type":"page","link":"https:\/\/www.archaeology.ie\/ga\/bailiuchain-agus-foilseachain\/sonrai-oscailte\/","title":{"rendered":"Sonra\u00ed Oscailte"},"content":{"rendered":"\n<p>T\u00e1 s\u00e9 mar aidhm ag Seirbh\u00eds na S\u00e9adchomhartha\u00ed N\u00e1isi\u00fanta (SSN) agus an Roinn Tith\u00edochta, Rialtais \u00c1iti\u00fail agus Oidhreachta a mbaili\u00fach\u00e1in sonra\u00ed oidhreachta a fhoilsi\u00fa, nuair is f\u00e9idir, mar <a href=\"https:\/\/data.gov.ie\/about_page\" target=\"_blank\" rel=\"noreferrer noopener\">Shonra\u00ed Oscailte<\/a> agus i gcomhr\u00e9ir le <a href=\"https:\/\/www.go-fair.org\/\" target=\"_blank\" rel=\"noreferrer noopener\">prionsabail FAIR<\/a>. Foils\u00edtear meiteashonra\u00ed fionnachtana achomair do Shonra\u00ed Oscailte SSN ar na catal\u00f3ga sonra\u00ed ar l\u00edne de chuid na hearn\u00e1la poibl\u00ed seo a leanas: <\/p>\n\n<ul class=\"wp-block-list\">\n<li><a href=\"https:\/\/data.gov.ie\/\" target=\"_blank\" rel=\"noreferrer noopener\">Tairseach Sonra\u00ed Oscailte Rialtas na h\u00c9ireann<\/a><\/li>\n\n\n\n<li><a href=\"https:\/\/www.isde.ie\/\" target=\"_blank\" rel=\"noreferrer noopener\">Malart\u00fa Sonra\u00ed Sp\u00e1s\u00fala na h\u00c9ireann<\/a><\/li>\n<\/ul>\n\n<h2 class=\"wp-block-heading\">Sonra\u00ed Oscailte Ar F\u00e1il Faoi L\u00e1thair<\/h2>\n\n<ul class=\"wp-block-list\">\n<li><a href=\"https:\/\/data.gov.ie\/dataset\/national-monuments-service-archaeological-survey-of-ireland\" target=\"_blank\" rel=\"noreferrer noopener\">Suirbh\u00e9 Seand\u00e1la\u00edochta na h\u00c9ireann <\/a>(lena n-\u00e1ir\u00edtear Taifead L\u00e1ithre\u00e1n agus S\u00e9adchomhartha\u00ed agus Criosanna TLS)<\/li>\n\n\n\n<li><a href=\"https:\/\/data.gov.ie\/dataset\/national-monuments-service-wreck-inventory-of-ireland\" target=\"_blank\" rel=\"noreferrer noopener\">Fardal Raic na h\u00c9ireann<\/a><\/li>\n\n\n\n<li><a href=\"https:\/\/data.gov.ie\/en_GB\/dataset\/national-monuments-service-stone-circles?package_type=dataset\" target=\"_blank\" rel=\"noreferrer noopener\">Ciorcail Liag in \u00c9irinn<\/a><\/li>\n\n\n\n<li><a href=\"https:\/\/data.gov.ie\/dataset\/national-monuments-service-sweathouses\" target=\"_blank\" rel=\"noreferrer noopener\">Tithe Allais in \u00c9irinn<\/a><\/li>\n\n\n\n<li><a href=\"https:\/\/data.gov.ie\/dataset\/national-monuments-service-holy-wells\" target=\"_blank\" rel=\"noreferrer noopener\">Toibreacha Beannaithe in \u00c9irinn<\/a><\/li>\n\n\n\n<li><a href=\"https:\/\/data.gov.ie\/dataset\/national-monuments-service-prehistoric-rock-art\" target=\"_blank\" rel=\"noreferrer noopener\">Eala\u00edn Charraige R\u00e9amhstairi\u00fail in \u00c9irinn<\/a><\/li>\n\n\n\n<li><a href=\"https:\/\/data.gov.ie\/dataset\/national-monuments-service-world-heritage-properties\" target=\"_blank\" rel=\"noreferrer noopener\">R\u00e9admhaoin Oidhreachta Domhanda EOECNA<\/a><\/li>\n\n\n\n<li><a href=\"https:\/\/data.gov.ie\/dataset\/national-monuments-service-monuments-to-visit\" target=\"_blank\" rel=\"noreferrer noopener\">S\u00e9adchomhartha\u00ed le cuairt a thabhairt orthu<\/a><\/li>\n<\/ul>\n\n<p>T\u00e1 tacar sonra\u00ed Shuirbh\u00e9 Seand\u00e1la\u00edochta na h\u00c9ireann agus tacar sonra\u00ed Fhardal Raic na h\u00c9ireann ar f\u00e1il mar sheirbh\u00eds\u00ed gr\u00e9as\u00e1in c\u00f3rais faisn\u00e9ise gr\u00e9as\u00e1in (CFG) agus mar bhulc\u00edosl\u00f3d\u00e1lacha sonra\u00ed.<\/p>\n\n<h2 class=\"wp-block-heading\">Coinn\u00edollacha \u00das\u00e1ide Sonra\u00ed Oscailte<\/h2>\n\n<p>T\u00e1 na tacair sonra\u00ed sin \u00e1 gcur ar f\u00e1il le haghaidh ath\u00fas\u00e1ide poibl\u00ed faoi thionscnamh Shonra\u00ed Oscailte an Rialtais. Mura luaitear a mhalairt, t\u00e1 na sonra\u00ed sin cead\u00fanaithe le haghaidh ath\u00fas\u00e1ide faoi <a href=\"https:\/\/creativecommons.org\/licenses\/by\/4.0\/\" target=\"_blank\" rel=\"noreferrer noopener\">Chead\u00fanas Creative Commons 4.0 International<\/a> a chuirtear i leith Sheirbh\u00eds na S\u00e9adchomhartha\u00ed N\u00e1isi\u00fanta, Rialtas na h\u00c9ireann. <\/p>\n\n<h2 class=\"wp-block-heading\">Treoir d\u2019\u00das\u00e1ideoir\u00ed ar Shonra\u00ed Oscailte SSN<\/h2>\n\n<p>T\u00e1 <a href=\"https:\/\/www.archaeology.ie\/collections-and-publications\/publications\/open-data-user-guide\/\">Treoir d\u2019\u00das\u00e1ideoir\u00ed ar Shonra\u00ed Oscailt<\/a>e foilsithe ag SSN chun cabhr\u00fa le h\u00fas\u00e1ideoir\u00ed t\u00fas a chur lena gcuid acmhainn\u00ed sonra\u00ed oscailte a ini\u00fachadh.<\/p>\n\n<h2 class=\"wp-block-heading\">Amharc\u00f3ir Timpeallachta Stairi\u00fail<\/h2>\n\n<p>Is f\u00e9idir sonra\u00ed oscailte Shuirbh\u00e9 Seand\u00e1la\u00edochta na h\u00c9ireann a fheice\u00e1il ar l\u00edne freisin agus iad a \u00edosl\u00f3d\u00e1il go roghnaitheach leis an bhfeidhmchl\u00e1r <a href=\"https:\/\/heritagedata.maps.arcgis.com\/apps\/webappviewer\/index.html?id=0c9eb9575b544081b0d296436d8f60f8\" target=\"_blank\" rel=\"noreferrer noopener\">Amharc\u00f3ir Timpeallachta Stairi\u00fala<\/a>. <\/p>\n\n<p>T\u00e1 <a href=\"https:\/\/www.archaeology.ie\/collections-and-publications\/publications\/historic-environment-viewer-user-guide\/\" target=\"_blank\" rel=\"noreferrer noopener\">Amharc\u00f3ir Timpeallachta Stairi\u00fala<\/a> ann freisin \u2013 Doicim\u00e9ad eolais ar f\u00e1il.<\/p>\n\n<h2 class=\"wp-block-heading\">Amharc\u00f3ir Raice<\/h2>\n\n<p>Is f\u00e9idir breathn\u00fa ar an bhFardal Raice ar l\u00edne agus \u00e9 a \u00edosl\u00f3d\u00e1il go roghnaitheach leis an bhfeidhmchl\u00e1r <a href=\"https:\/\/dahg.maps.arcgis.com\/apps\/webappviewer\/index.html?id=89e50518e5f4437abfa6284ff39fd640\" target=\"_blank\" rel=\"noreferrer noopener\">Amharc\u00f3ra Raice<\/a>.<\/p>\n\n<p>T\u00e1 Amharc\u00f3ir Raice freisin \u2013 <a href=\"https:\/\/www.archaeology.ie\/collections-and-publications\/publications\/wreck-viewer-user-guide\/\" target=\"_blank\" rel=\"noreferrer noopener\">Doicim\u00e9ad eolais<\/a> ar f\u00e1il.<\/p>\n\n<h2 class=\"wp-block-heading\">Tuilleadh eolais\/aiseolais faoin\u00e1r n-acmhainn\u00ed sonra\u00ed<\/h2>\n\n<p>M\u00e1 theasta\u00edonn aon eolas breise uait, n\u00f3 m\u00e1s mian leat aiseolas a thabhairt ar thacair sonra\u00ed SSN n\u00f3 ar amharc\u00f3ir\u00ed l\u00e9arsc\u00e1ile, seol r\u00edomhphost chuig an seoladh seo a leanas leis an l\u00edne \u00e1bhair \u201cAcmhainn\u00ed Sonra\u00ed\u201d: <a href=\"mailto:nationalmonuments@housing.gov.ie\">nationalmonuments@housing.gov.ie<\/a><\/p>\n\n<p>T\u00e1 an SSN ag plean\u00e1il go gn\u00edomhach scaoileadh tacar sonra\u00ed agus baili\u00fach\u00e1n oidhreachta breise, mar sin d\u00e9an athbhreithni\u00fa rialta ar an leathanach gr\u00e9as\u00e1in seo agus ar <a href=\"https:\/\/data.gov.ie\/\" target=\"_blank\" rel=\"noreferrer noopener\">data.gov.ie<\/a>.<\/p>\n","protected":false},"excerpt":{"rendered":"<p>T\u00e1 s\u00e9 mar aidhm ag Seirbh\u00eds na S\u00e9adchomhartha\u00ed N\u00e1isi\u00fanta (SSN) agus an Roinn Tith\u00edochta, Rialtais \u00c1iti\u00fail agus Oidhreachta a mbaili\u00fach\u00e1in [&hellip;]<\/p>\n","protected":false},"author":7,"featured_media":0,"parent":3121,"menu_order":0,"comment_status":"closed","ping_status":"closed","template":"","meta":{"_acf_changed":false,"_uag_custom_page_level_css":"","site-sidebar-layout":"default","site-content-layout":"","ast-site-content-layout":"default","site-content-style":"default","site-sidebar-style":"default","ast-global-header-display":"","ast-banner-title-visibility":"","ast-main-header-display":"","ast-hfb-above-header-display":"","ast-hfb-below-header-display":"","ast-hfb-mobile-header-display":"","site-post-title":"","ast-breadcrumbs-content":"","ast-featured-img":"","footer-sml-layout":"","ast-disable-related-posts":"","theme-transparent-header-meta":"","adv-header-id-meta":"","stick-header-meta":"","header-above-stick-meta":"","header-main-stick-meta":"","header-below-stick-meta":"","astra-migrate-meta-layouts":"default","ast-page-background-enabled":"default","ast-page-background-meta":{"desktop":{"background-color":"var(--ast-global-color-4)","background-image":"","background-repeat":"repeat","background-position":"center center","background-size":"auto","background-attachment":"scroll","background-type":"","background-media":"","overlay-type":"","overlay-color":"","overlay-opacity":"","overlay-gradient":""},"tablet":{"background-color":"","background-image":"","background-repeat":"repeat","background-position":"center center","background-size":"auto","background-attachment":"scroll","background-type":"","background-media":"","overlay-type":"","overlay-color":"","overlay-opacity":"","overlay-gradient":""},"mobile":{"background-color":"","background-image":"","background-repeat":"repeat","background-position":"center center","background-size":"auto","background-attachment":"scroll","background-type":"","background-media":"","overlay-type":"","overlay-color":"","overlay-opacity":"","overlay-gradient":""}},"ast-content-background-meta":{"desktop":{"background-color":"var(--ast-global-color-5)","background-image":"","background-repeat":"repeat","background-position":"center center","background-size":"auto","background-attachment":"scroll","background-type":"","background-media":"","overlay-type":"","overlay-color":"","overlay-opacity":"","overlay-gradient":""},"tablet":{"background-color":"var(--ast-global-color-5)","background-image":"","background-repeat":"repeat","background-position":"center center","background-size":"auto","background-attachment":"scroll","background-type":"","background-media":"","overlay-type":"","overlay-color":"","overlay-opacity":"","overlay-gradient":""},"mobile":{"background-color":"var(--ast-global-color-5)","background-image":"","background-repeat":"repeat","background-position":"center center","background-size":"auto","background-attachment":"scroll","background-type":"","background-media":"","overlay-type":"","overlay-color":"","overlay-opacity":"","overlay-gradient":""}},"footnotes":""},"class_list":["post-3951","page","type-page","status-publish","hentry"],"acf":[],"yoast_head":"<!-- This site is optimized with the Yoast SEO plugin v27.3 - https:\/\/yoast.com\/product\/yoast-seo-wordpress\/ -->\n<title>Sonra\u00ed Oscailte - Seirbh\u00eds na S\u00e9adchomhartha\u00edN\u00e1isi\u00fanta<\/title>\n<meta name=\"robots\" content=\"index, follow, max-snippet:-1, max-image-preview:large, max-video-preview:-1\" \/>\n<link rel=\"canonical\" href=\"https:\/\/www.archaeology.ie\/ga\/bailiuchain-agus-foilseachain\/sonrai-oscailte\/\" \/>\n<meta property=\"og:locale\" content=\"ga_IE\" \/>\n<meta property=\"og:type\" content=\"article\" \/>\n<meta property=\"og:title\" content=\"Sonra\u00ed Oscailte - Seirbh\u00eds na S\u00e9adchomhartha\u00edN\u00e1isi\u00fanta\" \/>\n<meta property=\"og:description\" content=\"T\u00e1 s\u00e9 mar aidhm ag Seirbh\u00eds na S\u00e9adchomhartha\u00ed N\u00e1isi\u00fanta (SSN) agus an Roinn Tith\u00edochta, Rialtais \u00c1iti\u00fail agus Oidhreachta a mbaili\u00fach\u00e1in [&hellip;]\" \/>\n<meta property=\"og:url\" content=\"https:\/\/www.archaeology.ie\/ga\/bailiuchain-agus-foilseachain\/sonrai-oscailte\/\" \/>\n<meta property=\"og:site_name\" content=\"Seirbh\u00eds na S\u00e9adchomhartha\u00edN\u00e1isi\u00fanta\" \/>\n<meta property=\"article:publisher\" content=\"https:\/\/www.facebook.com\/NationalMons\/\" \/>\n<meta property=\"article:modified_time\" content=\"2025-11-05T14:39:16+00:00\" \/>\n<meta name=\"twitter:card\" content=\"summary_large_image\" \/>\n<meta name=\"twitter:site\" content=\"@NationalMons\" \/>\n<!-- \/ Yoast SEO plugin. -->","yoast_head_json":{"title":"Sonra\u00ed Oscailte - Seirbh\u00eds na S\u00e9adchomhartha\u00edN\u00e1isi\u00fanta","robots":{"index":"index","follow":"follow","max-snippet":"max-snippet:-1","max-image-preview":"max-image-preview:large","max-video-preview":"max-video-preview:-1"},"canonical":"https:\/\/www.archaeology.ie\/ga\/bailiuchain-agus-foilseachain\/sonrai-oscailte\/","og_locale":"ga_IE","og_type":"article","og_title":"Sonra\u00ed Oscailte - Seirbh\u00eds na S\u00e9adchomhartha\u00edN\u00e1isi\u00fanta","og_description":"T\u00e1 s\u00e9 mar aidhm ag Seirbh\u00eds na S\u00e9adchomhartha\u00ed N\u00e1isi\u00fanta (SSN) agus an Roinn Tith\u00edochta, Rialtais \u00c1iti\u00fail agus Oidhreachta a mbaili\u00fach\u00e1in [&hellip;]","og_url":"https:\/\/www.archaeology.ie\/ga\/bailiuchain-agus-foilseachain\/sonrai-oscailte\/","og_site_name":"Seirbh\u00eds na S\u00e9adchomhartha\u00edN\u00e1isi\u00fanta","article_publisher":"https:\/\/www.facebook.com\/NationalMons\/","article_modified_time":"2025-11-05T14:39:16+00:00","twitter_card":"summary_large_image","twitter_site":"@NationalMons","schema":{"@context":"https:\/\/schema.org","@graph":[{"@type":"WebPage","@id":"https:\/\/www.archaeology.ie\/ga\/bailiuchain-agus-foilseachain\/sonrai-oscailte\/","url":"https:\/\/www.archaeology.ie\/ga\/bailiuchain-agus-foilseachain\/sonrai-oscailte\/","name":"Sonra\u00ed Oscailte - Seirbh\u00eds na S\u00e9adchomhartha\u00edN\u00e1isi\u00fanta","isPartOf":{"@id":"https:\/\/www.archaeology.ie\/ga\/#website"},"datePublished":"2024-09-11T21:30:36+00:00","dateModified":"2025-11-05T14:39:16+00:00","breadcrumb":{"@id":"https:\/\/www.archaeology.ie\/ga\/bailiuchain-agus-foilseachain\/sonrai-oscailte\/#breadcrumb"},"inLanguage":"ga-IE","potentialAction":[{"@type":"ReadAction","target":["https:\/\/www.archaeology.ie\/ga\/bailiuchain-agus-foilseachain\/sonrai-oscailte\/"]}]},{"@type":"BreadcrumbList","@id":"https:\/\/www.archaeology.ie\/ga\/bailiuchain-agus-foilseachain\/sonrai-oscailte\/#breadcrumb","itemListElement":[{"@type":"ListItem","position":1,"name":"Baile","item":"https:\/\/www.archaeology.ie\/ga\/"},{"@type":"ListItem","position":2,"name":"Baili\u00fach\u00e1in agus Foilseach\u00e1in","item":"https:\/\/www.archaeology.ie\/ga\/bailiuchain-agus-foilseachain\/"},{"@type":"ListItem","position":3,"name":"Sonra\u00ed Oscailte"}]},{"@type":"WebSite","@id":"https:\/\/www.archaeology.ie\/ga\/#website","url":"https:\/\/www.archaeology.ie\/ga\/","name":"National Monuments Service","description":"National Monuments Service","publisher":{"@id":"https:\/\/www.archaeology.ie\/ga\/#organization"},"potentialAction":[{"@type":"SearchAction","target":{"@type":"EntryPoint","urlTemplate":"https:\/\/www.archaeology.ie\/ga\/?s={search_term_string}"},"query-input":{"@type":"PropertyValueSpecification","valueRequired":true,"valueName":"search_term_string"}}],"inLanguage":"ga-IE"},{"@type":"Organization","@id":"https:\/\/www.archaeology.ie\/ga\/#organization","name":"National Monuments Service","url":"https:\/\/www.archaeology.ie\/ga\/","logo":{"@type":"ImageObject","inLanguage":"ga-IE","@id":"https:\/\/www.archaeology.ie\/ga\/#\/schema\/logo\/image\/","url":"https:\/\/www.archaeology.ie\/app\/uploads\/2024\/07\/nms-logo.png","contentUrl":"https:\/\/www.archaeology.ie\/app\/uploads\/2024\/07\/nms-logo.png","width":503,"height":124,"caption":"National Monuments Service"},"image":{"@id":"https:\/\/www.archaeology.ie\/ga\/#\/schema\/logo\/image\/"},"sameAs":["https:\/\/www.facebook.com\/NationalMons\/","https:\/\/x.com\/NationalMons"]}]}},"spectra_custom_meta":{"_wpml_media_duplicate":["1"],"_wpml_media_featured":["1"],"_top_nav_excluded":[""],"_cms_nav_minihome":[""],"_last_translation_edit_mode":["translation-editor"],"_wp_page_template":[""],"_wpml_word_count":["474"]},"uagb_featured_image_src":{"full":false,"thumbnail":false,"medium":false,"medium_large":false,"large":false,"1536x1536":false,"2048x2048":false,"gform-image-choice-sm":false,"gform-image-choice-md":false,"gform-image-choice-lg":false},"uagb_author_info":{"display_name":"Gareth John","author_link":"https:\/\/www.archaeology.ie\/ga\/author\/gar-john\/"},"uagb_comment_info":0,"uagb_excerpt":"T\u00e1 s\u00e9 mar aidhm ag Seirbh\u00eds na S\u00e9adchomhartha\u00ed N\u00e1isi\u00fanta (SSN) agus an Roinn Tith\u00edochta, Rialtais \u00c1iti\u00fail agus Oidhreachta a mbaili\u00fach\u00e1in [&hellip;]","_links":{"self":[{"href":"https:\/\/www.archaeology.ie\/ga\/wp-json\/wp\/v2\/pages\/3951","targetHints":{"allow":["GET"]}}],"collection":[{"href":"https:\/\/www.archaeology.ie\/ga\/wp-json\/wp\/v2\/pages"}],"about":[{"href":"https:\/\/www.archaeology.ie\/ga\/wp-json\/wp\/v2\/types\/page"}],"author":[{"embeddable":true,"href":"https:\/\/www.archaeology.ie\/ga\/wp-json\/wp\/v2\/users\/7"}],"replies":[{"embeddable":true,"href":"https:\/\/www.archaeology.ie\/ga\/wp-json\/wp\/v2\/comments?post=3951"}],"version-history":[{"count":2,"href":"https:\/\/www.archaeology.ie\/ga\/wp-json\/wp\/v2\/pages\/3951\/revisions"}],"predecessor-version":[{"id":5456,"href":"https:\/\/www.archaeology.ie\/ga\/wp-json\/wp\/v2\/pages\/3951\/revisions\/5456"}],"up":[{"embeddable":true,"href":"https:\/\/www.archaeology.ie\/ga\/wp-json\/wp\/v2\/pages\/3121"}],"wp:attachment":[{"href":"https:\/\/www.archaeology.ie\/ga\/wp-json\/wp\/v2\/media?parent=3951"}],"curies":[{"name":"wp","href":"https:\/\/api.w.org\/{rel}","templated":true}]}}