{"id":3953,"date":"2024-09-23T19:49:30","date_gmt":"2024-09-23T19:49:30","guid":{"rendered":"https:\/\/www.archaeology.ie\/bailiuchain-agus-foilseachain\/acmhainni-ilmheain\/"},"modified":"2025-04-11T13:03:33","modified_gmt":"2025-04-11T13:03:33","slug":"acmhainni-ilmheain","status":"publish","type":"page","link":"https:\/\/www.archaeology.ie\/ga\/bailiuchain-agus-foilseachain\/acmhainni-ilmheain\/","title":{"rendered":"Acmhainn\u00ed Ilmhe\u00e1in"},"content":{"rendered":"\n<p>F\u00e1ilte chuig su\u00edomh gr\u00e9as\u00e1in \u00e1r n-acmhainn\u00ed ilmhe\u00e1nacha, \u00e1it ina bhfuil r\u00e9imse \u00e9ags\u00fail inneachair chun aird \u00e1r lucht f\u00e9achana a mhealladh agus a spreagadh. F\u00e9ach thart ar \u00e1r taispe\u00e1ntais ar l\u00edne at\u00e1 ag tabhairt s\u00e1rthaispe\u00e1ntais ar obair an SSN. B\u00ed linn ar feadh comhdh\u00e1lacha agus camchuairteanna f\u00edor\u00fala chun cuardach n\u00edos doimhne a dh\u00e9anamh ar topaic\u00ed agus t\u00e9ama\u00ed \u00e9ags\u00fala, n\u00f3 b\u00ed p\u00e1irteach in\u00e1r tionscadail iontacha at\u00e1 mar sprioc acu cruthaitheacht agus malart\u00fa cult\u00fartha a chur chun cinn.   <\/p>\n\n\n\n<div class=\"wp-block-columns is-layout-flex wp-container-core-columns-is-layout-51c0b34d wp-block-columns-is-layout-flex\" style=\"padding-top:var(--wp--preset--spacing--50);padding-bottom:var(--wp--preset--spacing--50)\">\n<div class=\"wp-block-column is-layout-flow wp-block-column-is-layout-flow\" style=\"padding-right:0;padding-left:0\">\n<div class=\"wp-block-group card-block is-style-full-height is-layout-constrained wp-block-group-is-layout-constrained\" style=\"min-height:100%\"><a style=\"--color-bkg-hover:#fbfbfb;\" href=\"https:\/\/www.archaeology.ie\/ga\/bailiuchain-agus-foilseachain\/acmhainni-ilmheain\/comhdhalacha\/\"  aria-label=\"Conferences\"  class=\"full-height wp-block-tiptip-hyperlink-group-block\" >\n<div class=\"wp-block-group has-background is-layout-constrained wp-container-core-group-is-layout-c06d165c wp-block-group-is-layout-constrained\" style=\"background-color:#f2f2f2;min-height:100%;padding-top:0;padding-right:0;padding-bottom:0;padding-left:0\">\n<div class=\"wp-block-group is-layout-constrained wp-block-group-is-layout-constrained\">\n<div class=\"wp-block-uagb-image uagb-block-cf9a1ce0 wp-block-uagb-image--layout-default wp-block-uagb-image--effect-static wp-block-uagb-image--align-none\"><figure class=\"wp-block-uagb-image__figure\"><img decoding=\"async\"  sizes=\"auto, (max-width: 480px) 150px\" src=\"https:\/\/www.archaeology.ie\/app\/uploads\/2024\/09\/Conferences-1024x683.jpg\" alt=\"Carrowmore, County Sligo\" width=\"1024\" height=\"537\" title=\"Carrowmore, County Sligo\" loading=\"lazy\" role=\"img\"\/><\/figure><\/div>\n<\/div>\n\n\n\n<div class=\"wp-block-group is-layout-constrained wp-container-core-group-is-layout-8aa3d7c1 wp-block-group-is-layout-constrained\" style=\"min-height:100%;margin-top:var(--wp--preset--spacing--20);margin-bottom:var(--wp--preset--spacing--20);padding-top:var(--wp--preset--spacing--30);padding-right:var(--wp--preset--spacing--30);padding-bottom:var(--wp--preset--spacing--30);padding-left:var(--wp--preset--spacing--30)\">\n<div class=\"wp-block-uagb-advanced-heading uagb-block-8f8c8f38\"><h2 class=\"uagb-heading-text\">Comhdh\u00e1lacha<\/h2><\/div>\n\n\n\n<p style=\"margin-top:0;margin-bottom:0;padding-top:0;padding-right:0;padding-bottom:0;padding-left:0\">B\u00ed i dteagmh\u00e1il le saineolaithe sa r\u00e9imse ag \u00e1r gcomhdh\u00e1lacha bliant\u00fala.<\/p>\n<\/div>\n<\/div>\n<\/a><\/div>\n<\/div>\n\n\n\n<div class=\"wp-block-column is-layout-flow wp-block-column-is-layout-flow\" style=\"padding-right:0;padding-left:0\">\n<div class=\"wp-block-group card-block is-style-full-height is-layout-constrained wp-block-group-is-layout-constrained\" style=\"min-height:100%\"><a style=\"--color-bkg-hover:#fbfbfb;\" href=\"https:\/\/www.archaeology.ie\/ga\/bailiuchain-agus-foilseachain\/acmhainni-ilmheain\/seadchomharthai-on-aer\/\"  aria-label=\"Monuments from the Air\"  class=\"full-height wp-block-tiptip-hyperlink-group-block\" >\n<div class=\"wp-block-group has-background is-layout-constrained wp-container-core-group-is-layout-c06d165c wp-block-group-is-layout-constrained\" style=\"background-color:#f2f2f2;min-height:100%;padding-top:0;padding-right:0;padding-bottom:0;padding-left:0\">\n<div class=\"wp-block-group is-layout-constrained wp-block-group-is-layout-constrained\">\n<div class=\"wp-block-uagb-image uagb-block-ce48cf90 wp-block-uagb-image--layout-default wp-block-uagb-image--effect-static wp-block-uagb-image--align-none\"><figure class=\"wp-block-uagb-image__figure\"><img decoding=\"async\" srcset=\"https:\/\/www.archaeology.ie\/app\/uploads\/2024\/09\/Virtual-Tours-2-1024x683.jpg ,https:\/\/www.archaeology.ie\/app\/uploads\/2024\/09\/Virtual-Tours-2-scaled.jpg 780w, https:\/\/www.archaeology.ie\/app\/uploads\/2024\/09\/Virtual-Tours-2-scaled.jpg 360w\" sizes=\"auto, (max-width: 480px) 150px\" src=\"https:\/\/www.archaeology.ie\/app\/uploads\/2024\/09\/Virtual-Tours-2-1024x683.jpg\" alt=\"Carrowmore, County Sligo\" class=\"uag-image-1993\" width=\"1024\" height=\"537\" title=\"Carrowmore, County Sligo\" loading=\"lazy\" role=\"img\"\/><\/figure><\/div>\n<\/div>\n\n\n\n<div class=\"wp-block-group is-layout-constrained wp-container-core-group-is-layout-8aa3d7c1 wp-block-group-is-layout-constrained\" style=\"min-height:100%;margin-top:var(--wp--preset--spacing--20);margin-bottom:var(--wp--preset--spacing--20);padding-top:var(--wp--preset--spacing--30);padding-right:var(--wp--preset--spacing--30);padding-bottom:var(--wp--preset--spacing--30);padding-left:var(--wp--preset--spacing--30)\">\n<div class=\"wp-block-uagb-advanced-heading uagb-block-bef379d1\"><h2 class=\"uagb-heading-text\">S\u00e9adchomhartha\u00ed \u00f3n Aer<\/h2><\/div>\n\n\n\n<p style=\"margin-top:0;margin-bottom:0;padding-top:0;padding-right:0;padding-bottom:0;padding-left:0\">B\u00ed \u00e1r dturais fh\u00edor\u00fala mar \u00e1bhair spreagtha tharraingteacha agat.<\/p>\n<\/div>\n<\/div>\n<\/a><\/div>\n<\/div>\n\n\n\n<div class=\"wp-block-column is-layout-flow wp-block-column-is-layout-flow\" style=\"padding-right:0;padding-left:0\">\n<div class=\"wp-block-group card-block is-style-full-height is-layout-constrained wp-block-group-is-layout-constrained\" style=\"min-height:100%\"><a style=\"--color-bkg-hover:#fbfbfb;\" href=\"https:\/\/www.archaeology.ie\/ga\/bailiuchain-agus-foilseachain\/acmhainni-ilmheain\/taispeantais\/\"  aria-label=\"Exhibitions\"  class=\"full-height wp-block-tiptip-hyperlink-group-block\" >\n<div class=\"wp-block-group has-background is-layout-constrained wp-container-core-group-is-layout-c06d165c wp-block-group-is-layout-constrained\" style=\"background-color:#f2f2f2;min-height:100%;padding-top:0;padding-right:0;padding-bottom:0;padding-left:0\">\n<div class=\"wp-block-group is-layout-constrained wp-block-group-is-layout-constrained\">\n<div class=\"wp-block-uagb-image uagb-block-f3d14515 wp-block-uagb-image--layout-default wp-block-uagb-image--effect-static wp-block-uagb-image--align-none\"><figure class=\"wp-block-uagb-image__figure\"><img decoding=\"async\" srcset=\"https:\/\/www.archaeology.ie\/app\/uploads\/2024\/09\/Trim-Exhibition-2-1024x683.jpg ,https:\/\/www.archaeology.ie\/app\/uploads\/2024\/09\/Trim-Exhibition-2-scaled.jpg 780w, https:\/\/www.archaeology.ie\/app\/uploads\/2024\/09\/Trim-Exhibition-2-scaled.jpg 360w\" sizes=\"auto, (max-width: 480px) 150px\" src=\"https:\/\/www.archaeology.ie\/app\/uploads\/2024\/09\/Trim-Exhibition-2-1024x683.jpg\" alt=\"Catalogue for a photographic exhibition\" class=\"uag-image-1998\" width=\"1024\" height=\"537\" title=\"Catalogue for a photographic exhibition\" loading=\"lazy\" role=\"img\"\/><\/figure><\/div>\n<\/div>\n\n\n\n<div class=\"wp-block-group is-layout-constrained wp-container-core-group-is-layout-8aa3d7c1 wp-block-group-is-layout-constrained\" style=\"min-height:100%;margin-top:var(--wp--preset--spacing--20);margin-bottom:var(--wp--preset--spacing--20);padding-top:var(--wp--preset--spacing--30);padding-right:var(--wp--preset--spacing--30);padding-bottom:var(--wp--preset--spacing--30);padding-left:var(--wp--preset--spacing--30)\">\n<div class=\"wp-block-uagb-advanced-heading uagb-block-629c09c0\"><h2 class=\"uagb-heading-text\">Taispe\u00e1ntais<\/h2><\/div>\n\n\n\n<p style=\"margin-top:0;margin-bottom:0;padding-top:0;padding-right:0;padding-bottom:0;padding-left:0\">Tum t\u00fa f\u00e9in in\u00e1r dtaispe\u00e1ntais mhealltacha ar l\u00edne. <\/p>\n<\/div>\n<\/div>\n<\/a><\/div>\n<\/div>\n<\/div>\n\n\n\n<div class=\"wp-block-columns is-layout-flex wp-container-core-columns-is-layout-51c0b34d wp-block-columns-is-layout-flex\" style=\"padding-top:var(--wp--preset--spacing--50);padding-bottom:var(--wp--preset--spacing--50)\">\n<div class=\"wp-block-column is-layout-flow wp-block-column-is-layout-flow\" style=\"padding-right:0;padding-left:0\">\n<div class=\"wp-block-group card-block is-style-full-height is-layout-constrained wp-block-group-is-layout-constrained\" style=\"min-height:100%\"><a style=\"--color-bkg-hover:#fbfbfb;\" href=\"https:\/\/www.archaeology.ie\/ga\/bailiuchain-agus-foilseachain\/acmhainni-ilmheain\/tionscadail-sa-taispeantas\/\"  aria-label=\"Featured Projects\"  class=\"full-height wp-block-tiptip-hyperlink-group-block\" >\n<div class=\"wp-block-group has-background is-layout-constrained wp-container-core-group-is-layout-c06d165c wp-block-group-is-layout-constrained\" style=\"background-color:#f2f2f2;min-height:100%;padding-top:0;padding-right:0;padding-bottom:0;padding-left:0\">\n<div class=\"wp-block-group is-layout-constrained wp-block-group-is-layout-constrained\">\n<div class=\"wp-block-uagb-image uagb-block-8e94680b wp-block-uagb-image--layout-default wp-block-uagb-image--effect-static wp-block-uagb-image--align-none\"><figure class=\"wp-block-uagb-image__figure\"><img decoding=\"async\" srcset=\"https:\/\/www.archaeology.ie\/app\/uploads\/2024\/09\/Projects-copy-1024x758.jpg ,https:\/\/www.archaeology.ie\/app\/uploads\/2024\/09\/Projects-copy-scaled.jpg 780w, https:\/\/www.archaeology.ie\/app\/uploads\/2024\/09\/Projects-copy-scaled.jpg 360w\" sizes=\"auto, (max-width: 480px) 150px\" src=\"https:\/\/www.archaeology.ie\/app\/uploads\/2024\/09\/Projects-copy-1024x758.jpg\" alt=\"Winter Solstice at Newgrange Passage Tomb, County Meath\" class=\"uag-image-1907\" width=\"1024\" height=\"537\" title=\"Winter Solstice at Newgrange Passage Tomb, County Meath\" loading=\"lazy\" role=\"img\"\/><\/figure><\/div>\n<\/div>\n\n\n\n<div class=\"wp-block-group is-layout-constrained wp-container-core-group-is-layout-8aa3d7c1 wp-block-group-is-layout-constrained\" style=\"min-height:100%;margin-top:var(--wp--preset--spacing--20);margin-bottom:var(--wp--preset--spacing--20);padding-top:var(--wp--preset--spacing--30);padding-right:var(--wp--preset--spacing--30);padding-bottom:var(--wp--preset--spacing--30);padding-left:var(--wp--preset--spacing--30)\">\n<div class=\"wp-block-uagb-advanced-heading uagb-block-fd545c4d\"><h2 class=\"uagb-heading-text\">Tionscadail sa Taispe\u00e1ntas<\/h2><\/div>\n\n\n\n<p style=\"margin-top:0;margin-bottom:0;padding-top:0;padding-right:0;padding-bottom:0;padding-left:0\">F\u00e9ach thart ar \u00e1r dtionscadail ghn\u00e9itheacha at\u00e1 nu\u00e1lach agus a rachaidh \u00ed bhfeidhm ort.<\/p>\n<\/div>\n<\/div>\n<\/a><\/div>\n<\/div>\n\n\n\n<div class=\"wp-block-column is-layout-flow wp-block-column-is-layout-flow\" style=\"padding-right:0;padding-left:0\"><\/div>\n\n\n\n<div class=\"wp-block-column is-layout-flow wp-block-column-is-layout-flow\" style=\"padding-right:0;padding-left:0\"><\/div>\n<\/div>\n","protected":false},"excerpt":{"rendered":"<p>F\u00e1ilte chuig su\u00edomh gr\u00e9as\u00e1in \u00e1r n-acmhainn\u00ed ilmhe\u00e1nacha, \u00e1it ina bhfuil r\u00e9imse \u00e9ags\u00fail inneachair chun aird \u00e1r lucht f\u00e9achana a mhealladh [&hellip;]<\/p>\n","protected":false},"author":7,"featured_media":0,"parent":3121,"menu_order":0,"comment_status":"closed","ping_status":"closed","template":"","meta":{"_acf_changed":false,"_uag_custom_page_level_css":"","site-sidebar-layout":"default","site-content-layout":"","ast-site-content-layout":"default","site-content-style":"default","site-sidebar-style":"default","ast-global-header-display":"","ast-banner-title-visibility":"","ast-main-header-display":"","ast-hfb-above-header-display":"","ast-hfb-below-header-display":"","ast-hfb-mobile-header-display":"","site-post-title":"","ast-breadcrumbs-content":"","ast-featured-img":"","footer-sml-layout":"","ast-disable-related-posts":"","theme-transparent-header-meta":"","adv-header-id-meta":"","stick-header-meta":"","header-above-stick-meta":"","header-main-stick-meta":"","header-below-stick-meta":"","astra-migrate-meta-layouts":"default","ast-page-background-enabled":"default","ast-page-background-meta":{"desktop":{"background-color":"var(--ast-global-color-4)","background-image":"","background-repeat":"repeat","background-position":"center center","background-size":"auto","background-attachment":"scroll","background-type":"","background-media":"","overlay-type":"","overlay-color":"","overlay-opacity":"","overlay-gradient":""},"tablet":{"background-color":"","background-image":"","background-repeat":"repeat","background-position":"center center","background-size":"auto","background-attachment":"scroll","background-type":"","background-media":"","overlay-type":"","overlay-color":"","overlay-opacity":"","overlay-gradient":""},"mobile":{"background-color":"","background-image":"","background-repeat":"repeat","background-position":"center center","background-size":"auto","background-attachment":"scroll","background-type":"","background-media":"","overlay-type":"","overlay-color":"","overlay-opacity":"","overlay-gradient":""}},"ast-content-background-meta":{"desktop":{"background-color":"var(--ast-global-color-5)","background-image":"","background-repeat":"repeat","background-position":"center center","background-size":"auto","background-attachment":"scroll","background-type":"","background-media":"","overlay-type":"","overlay-color":"","overlay-opacity":"","overlay-gradient":""},"tablet":{"background-color":"var(--ast-global-color-5)","background-image":"","background-repeat":"repeat","background-position":"center center","background-size":"auto","background-attachment":"scroll","background-type":"","background-media":"","overlay-type":"","overlay-color":"","overlay-opacity":"","overlay-gradient":""},"mobile":{"background-color":"var(--ast-global-color-5)","background-image":"","background-repeat":"repeat","background-position":"center center","background-size":"auto","background-attachment":"scroll","background-type":"","background-media":"","overlay-type":"","overlay-color":"","overlay-opacity":"","overlay-gradient":""}},"footnotes":""},"class_list":["post-3953","page","type-page","status-publish","hentry"],"acf":[],"yoast_head":"<!-- This site is optimized with the Yoast SEO plugin v27.3 - https:\/\/yoast.com\/product\/yoast-seo-wordpress\/ -->\n<title>Acmhainn\u00ed Ilmhe\u00e1in - Seirbh\u00eds na S\u00e9adchomhartha\u00edN\u00e1isi\u00fanta<\/title>\n<meta name=\"robots\" content=\"index, follow, max-snippet:-1, max-image-preview:large, max-video-preview:-1\" \/>\n<link rel=\"canonical\" href=\"https:\/\/www.archaeology.ie\/ga\/bailiuchain-agus-foilseachain\/acmhainni-ilmheain\/\" \/>\n<meta property=\"og:locale\" content=\"ga_IE\" \/>\n<meta property=\"og:type\" content=\"article\" \/>\n<meta property=\"og:title\" content=\"Acmhainn\u00ed Ilmhe\u00e1in - Seirbh\u00eds na S\u00e9adchomhartha\u00edN\u00e1isi\u00fanta\" \/>\n<meta property=\"og:description\" content=\"F\u00e1ilte chuig su\u00edomh gr\u00e9as\u00e1in \u00e1r n-acmhainn\u00ed ilmhe\u00e1nacha, \u00e1it ina bhfuil r\u00e9imse \u00e9ags\u00fail inneachair chun aird \u00e1r lucht f\u00e9achana a mhealladh [&hellip;]\" \/>\n<meta property=\"og:url\" content=\"https:\/\/www.archaeology.ie\/ga\/bailiuchain-agus-foilseachain\/acmhainni-ilmheain\/\" \/>\n<meta property=\"og:site_name\" content=\"Seirbh\u00eds na S\u00e9adchomhartha\u00edN\u00e1isi\u00fanta\" \/>\n<meta property=\"article:publisher\" content=\"https:\/\/www.facebook.com\/NationalMons\/\" \/>\n<meta property=\"article:modified_time\" content=\"2025-04-11T13:03:33+00:00\" \/>\n<meta property=\"og:image\" content=\"https:\/\/www.archaeology.ie\/app\/uploads\/2024\/09\/Conferences-1024x683.jpg\" \/>\n<meta name=\"twitter:card\" content=\"summary_large_image\" \/>\n<meta name=\"twitter:site\" content=\"@NationalMons\" \/>\n<!-- \/ Yoast SEO plugin. -->","yoast_head_json":{"title":"Acmhainn\u00ed Ilmhe\u00e1in - Seirbh\u00eds na S\u00e9adchomhartha\u00edN\u00e1isi\u00fanta","robots":{"index":"index","follow":"follow","max-snippet":"max-snippet:-1","max-image-preview":"max-image-preview:large","max-video-preview":"max-video-preview:-1"},"canonical":"https:\/\/www.archaeology.ie\/ga\/bailiuchain-agus-foilseachain\/acmhainni-ilmheain\/","og_locale":"ga_IE","og_type":"article","og_title":"Acmhainn\u00ed Ilmhe\u00e1in - Seirbh\u00eds na S\u00e9adchomhartha\u00edN\u00e1isi\u00fanta","og_description":"F\u00e1ilte chuig su\u00edomh gr\u00e9as\u00e1in \u00e1r n-acmhainn\u00ed ilmhe\u00e1nacha, \u00e1it ina bhfuil r\u00e9imse \u00e9ags\u00fail inneachair chun aird \u00e1r lucht f\u00e9achana a mhealladh [&hellip;]","og_url":"https:\/\/www.archaeology.ie\/ga\/bailiuchain-agus-foilseachain\/acmhainni-ilmheain\/","og_site_name":"Seirbh\u00eds na S\u00e9adchomhartha\u00edN\u00e1isi\u00fanta","article_publisher":"https:\/\/www.facebook.com\/NationalMons\/","article_modified_time":"2025-04-11T13:03:33+00:00","og_image":[{"url":"https:\/\/www.archaeology.ie\/app\/uploads\/2024\/09\/Conferences-1024x683.jpg","type":"","width":"","height":""}],"twitter_card":"summary_large_image","twitter_site":"@NationalMons","schema":{"@context":"https:\/\/schema.org","@graph":[{"@type":"WebPage","@id":"https:\/\/www.archaeology.ie\/ga\/bailiuchain-agus-foilseachain\/acmhainni-ilmheain\/","url":"https:\/\/www.archaeology.ie\/ga\/bailiuchain-agus-foilseachain\/acmhainni-ilmheain\/","name":"Acmhainn\u00ed Ilmhe\u00e1in - Seirbh\u00eds na S\u00e9adchomhartha\u00edN\u00e1isi\u00fanta","isPartOf":{"@id":"https:\/\/www.archaeology.ie\/ga\/#website"},"primaryImageOfPage":{"@id":"https:\/\/www.archaeology.ie\/ga\/bailiuchain-agus-foilseachain\/acmhainni-ilmheain\/#primaryimage"},"image":{"@id":"https:\/\/www.archaeology.ie\/ga\/bailiuchain-agus-foilseachain\/acmhainni-ilmheain\/#primaryimage"},"thumbnailUrl":"https:\/\/www.archaeology.ie\/app\/uploads\/2024\/09\/Conferences-1024x683.jpg","datePublished":"2024-09-23T19:49:30+00:00","dateModified":"2025-04-11T13:03:33+00:00","breadcrumb":{"@id":"https:\/\/www.archaeology.ie\/ga\/bailiuchain-agus-foilseachain\/acmhainni-ilmheain\/#breadcrumb"},"inLanguage":"ga-IE","potentialAction":[{"@type":"ReadAction","target":["https:\/\/www.archaeology.ie\/ga\/bailiuchain-agus-foilseachain\/acmhainni-ilmheain\/"]}]},{"@type":"ImageObject","inLanguage":"ga-IE","@id":"https:\/\/www.archaeology.ie\/ga\/bailiuchain-agus-foilseachain\/acmhainni-ilmheain\/#primaryimage","url":"https:\/\/www.archaeology.ie\/app\/uploads\/2024\/09\/Conferences-1024x683.jpg","contentUrl":"https:\/\/www.archaeology.ie\/app\/uploads\/2024\/09\/Conferences-1024x683.jpg"},{"@type":"BreadcrumbList","@id":"https:\/\/www.archaeology.ie\/ga\/bailiuchain-agus-foilseachain\/acmhainni-ilmheain\/#breadcrumb","itemListElement":[{"@type":"ListItem","position":1,"name":"Baile","item":"https:\/\/www.archaeology.ie\/ga\/"},{"@type":"ListItem","position":2,"name":"Baili\u00fach\u00e1in agus Foilseach\u00e1in","item":"https:\/\/www.archaeology.ie\/ga\/bailiuchain-agus-foilseachain\/"},{"@type":"ListItem","position":3,"name":"Acmhainn\u00ed Ilmhe\u00e1in"}]},{"@type":"WebSite","@id":"https:\/\/www.archaeology.ie\/ga\/#website","url":"https:\/\/www.archaeology.ie\/ga\/","name":"National Monuments Service","description":"National Monuments Service","publisher":{"@id":"https:\/\/www.archaeology.ie\/ga\/#organization"},"potentialAction":[{"@type":"SearchAction","target":{"@type":"EntryPoint","urlTemplate":"https:\/\/www.archaeology.ie\/ga\/?s={search_term_string}"},"query-input":{"@type":"PropertyValueSpecification","valueRequired":true,"valueName":"search_term_string"}}],"inLanguage":"ga-IE"},{"@type":"Organization","@id":"https:\/\/www.archaeology.ie\/ga\/#organization","name":"National Monuments Service","url":"https:\/\/www.archaeology.ie\/ga\/","logo":{"@type":"ImageObject","inLanguage":"ga-IE","@id":"https:\/\/www.archaeology.ie\/ga\/#\/schema\/logo\/image\/","url":"https:\/\/www.archaeology.ie\/app\/uploads\/2024\/07\/nms-logo.png","contentUrl":"https:\/\/www.archaeology.ie\/app\/uploads\/2024\/07\/nms-logo.png","width":503,"height":124,"caption":"National Monuments Service"},"image":{"@id":"https:\/\/www.archaeology.ie\/ga\/#\/schema\/logo\/image\/"},"sameAs":["https:\/\/www.facebook.com\/NationalMons\/","https:\/\/x.com\/NationalMons"]}]}},"spectra_custom_meta":{"_wpml_media_duplicate":["1"],"_wpml_media_featured":["1"],"_top_nav_excluded":[""],"_cms_nav_minihome":[""],"_last_translation_edit_mode":["native-editor"],"_wp_page_template":[""],"_wpml_media_has_media":["1"],"_edit_lock":["1744376616:5"],"_edit_last":["5"],"cmplz_hide_cookiebanner":[""],"_yoast_wpseo_content_score":["90"],"_yoast_wpseo_estimated-reading-time-minutes":["2"],"_wpml_word_count":["161"],"_uag_css_file_name":["uag-css-3953.css"]},"uagb_featured_image_src":{"full":false,"thumbnail":false,"medium":false,"medium_large":false,"large":false,"1536x1536":false,"2048x2048":false,"gform-image-choice-sm":false,"gform-image-choice-md":false,"gform-image-choice-lg":false},"uagb_author_info":{"display_name":"Gareth John","author_link":"https:\/\/www.archaeology.ie\/ga\/author\/gar-john\/"},"uagb_comment_info":0,"uagb_excerpt":"F\u00e1ilte chuig su\u00edomh gr\u00e9as\u00e1in \u00e1r n-acmhainn\u00ed ilmhe\u00e1nacha, \u00e1it ina bhfuil r\u00e9imse \u00e9ags\u00fail inneachair chun aird \u00e1r lucht f\u00e9achana a mhealladh [&hellip;]","_links":{"self":[{"href":"https:\/\/www.archaeology.ie\/ga\/wp-json\/wp\/v2\/pages\/3953","targetHints":{"allow":["GET"]}}],"collection":[{"href":"https:\/\/www.archaeology.ie\/ga\/wp-json\/wp\/v2\/pages"}],"about":[{"href":"https:\/\/www.archaeology.ie\/ga\/wp-json\/wp\/v2\/types\/page"}],"author":[{"embeddable":true,"href":"https:\/\/www.archaeology.ie\/ga\/wp-json\/wp\/v2\/users\/7"}],"replies":[{"embeddable":true,"href":"https:\/\/www.archaeology.ie\/ga\/wp-json\/wp\/v2\/comments?post=3953"}],"version-history":[{"count":8,"href":"https:\/\/www.archaeology.ie\/ga\/wp-json\/wp\/v2\/pages\/3953\/revisions"}],"predecessor-version":[{"id":4949,"href":"https:\/\/www.archaeology.ie\/ga\/wp-json\/wp\/v2\/pages\/3953\/revisions\/4949"}],"up":[{"embeddable":true,"href":"https:\/\/www.archaeology.ie\/ga\/wp-json\/wp\/v2\/pages\/3121"}],"wp:attachment":[{"href":"https:\/\/www.archaeology.ie\/ga\/wp-json\/wp\/v2\/media?parent=3953"}],"curies":[{"name":"wp","href":"https:\/\/api.w.org\/{rel}","templated":true}]}}