{"id":3962,"date":"2024-09-12T09:57:49","date_gmt":"2024-09-12T09:57:49","guid":{"rendered":"https:\/\/www.archaeology.ie\/cosaint-agus-caomhnu\/"},"modified":"2025-03-03T09:58:02","modified_gmt":"2025-03-03T09:58:02","slug":"cosaint-agus-caomhnu","status":"publish","type":"page","link":"https:\/\/www.archaeology.ie\/ga\/fuinne\/cad-a-dheanaimid\/cosaint-agus-caomhnu\/","title":{"rendered":"Cosaint agus Caomhn\u00fa"},"content":{"rendered":"\n<p>Cinnt\u00edonn Seirbh\u00eds na S\u00e9adchomhartha\u00ed N\u00e1isi\u00fanta cosaint agus caomhn\u00fa s\u00e9adchomhartha\u00ed tr\u00ed:<\/p>\n\n<ul class=\"wp-block-list\">\n<li>\u00c1r n-oidhreacht seand\u00e1la\u00edochta a chosaint tr\u00ed chreat na reachta\u00edochta infheidhmithe;<\/li>\n\n\n\n<li>Fhreagairt do thuairisc\u00ed faoi bhagairt n\u00f3 dam\u00e1iste do sh\u00e9adchomhartha\u00ed seand\u00e1la\u00edochta, lena n-\u00e1ir\u00edtear tuairisc\u00ed ar choireacht oidhreachta;<\/li>\n\n\n\n<li>Athbhreithni\u00fa a dh\u00e9anamh ar mholta\u00ed chun oibreacha a dh\u00e9anamh ar sh\u00e9adchomhartha\u00ed seand\u00e1la\u00edochta;<\/li>\n\n\n\n<li>Dhul i ngleic le p\u00e1irtithe leasmhara agus le pobail chun feasacht a ard\u00fa faoi chosaint \u00e1r n-oidhreacht seand\u00e1la\u00edochta;<\/li>\n\n\n\n<li>Chiste na S\u00e9adchomhartha\u00ed Pobail a mhaoini\u00fa agus a bhainisti\u00fa;<\/li>\n\n\n\n<li>Chomhord\u00fa a dh\u00e9anamh ar sheachadadh cusp\u00f3ir\u00ed faoin <a href=\"https:\/\/www.gov.ie\/ga\/foilsiuchan\/94986-gniomhu-ar-son-na-haeraide-oidhreacht-thogtha-agus-seandalaiochta\/?\">bPlean Oiri\u00fanaithe Earn\u00e1la um Athr\u00fa Aer\u00e1ide don Oidhreacht Th\u00f3gtha agus Seand\u00e1la\u00edochta.<\/a><\/li>\n<\/ul>\n\n<p><\/p>\n","protected":false},"excerpt":{"rendered":"<p>Cinnt\u00edonn Seirbh\u00eds na S\u00e9adchomhartha\u00ed N\u00e1isi\u00fanta cosaint agus caomhn\u00fa s\u00e9adchomhartha\u00ed tr\u00ed:<\/p>\n","protected":false},"author":7,"featured_media":0,"parent":4090,"menu_order":0,"comment_status":"closed","ping_status":"closed","template":"","meta":{"_acf_changed":false,"_uag_custom_page_level_css":"","site-sidebar-layout":"default","site-content-layout":"","ast-site-content-layout":"default","site-content-style":"default","site-sidebar-style":"default","ast-global-header-display":"","ast-banner-title-visibility":"","ast-main-header-display":"","ast-hfb-above-header-display":"","ast-hfb-below-header-display":"","ast-hfb-mobile-header-display":"","site-post-title":"","ast-breadcrumbs-content":"","ast-featured-img":"","footer-sml-layout":"","ast-disable-related-posts":"","theme-transparent-header-meta":"","adv-header-id-meta":"","stick-header-meta":"","header-above-stick-meta":"","header-main-stick-meta":"","header-below-stick-meta":"","astra-migrate-meta-layouts":"default","ast-page-background-enabled":"default","ast-page-background-meta":{"desktop":{"background-color":"var(--ast-global-color-4)","background-image":"","background-repeat":"repeat","background-position":"center center","background-size":"auto","background-attachment":"scroll","background-type":"","background-media":"","overlay-type":"","overlay-color":"","overlay-opacity":"","overlay-gradient":""},"tablet":{"background-color":"","background-image":"","background-repeat":"repeat","background-position":"center center","background-size":"auto","background-attachment":"scroll","background-type":"","background-media":"","overlay-type":"","overlay-color":"","overlay-opacity":"","overlay-gradient":""},"mobile":{"background-color":"","background-image":"","background-repeat":"repeat","background-position":"center center","background-size":"auto","background-attachment":"scroll","background-type":"","background-media":"","overlay-type":"","overlay-color":"","overlay-opacity":"","overlay-gradient":""}},"ast-content-background-meta":{"desktop":{"background-color":"var(--ast-global-color-5)","background-image":"","background-repeat":"repeat","background-position":"center center","background-size":"auto","background-attachment":"scroll","background-type":"","background-media":"","overlay-type":"","overlay-color":"","overlay-opacity":"","overlay-gradient":""},"tablet":{"background-color":"var(--ast-global-color-5)","background-image":"","background-repeat":"repeat","background-position":"center center","background-size":"auto","background-attachment":"scroll","background-type":"","background-media":"","overlay-type":"","overlay-color":"","overlay-opacity":"","overlay-gradient":""},"mobile":{"background-color":"var(--ast-global-color-5)","background-image":"","background-repeat":"repeat","background-position":"center center","background-size":"auto","background-attachment":"scroll","background-type":"","background-media":"","overlay-type":"","overlay-color":"","overlay-opacity":"","overlay-gradient":""}},"footnotes":""},"class_list":["post-3962","page","type-page","status-publish","hentry"],"acf":[],"yoast_head":"<!-- This site is optimized with the Yoast SEO plugin v27.3 - https:\/\/yoast.com\/product\/yoast-seo-wordpress\/ -->\n<title>Cosaint agus Caomhn\u00fa - Seirbh\u00eds na S\u00e9adchomhartha\u00edN\u00e1isi\u00fanta<\/title>\n<meta name=\"robots\" content=\"index, follow, max-snippet:-1, max-image-preview:large, max-video-preview:-1\" \/>\n<link rel=\"canonical\" href=\"https:\/\/www.archaeology.ie\/ga\/fuinne\/cad-a-dheanaimid\/cosaint-agus-caomhnu\/\" \/>\n<meta property=\"og:locale\" content=\"ga_IE\" \/>\n<meta property=\"og:type\" content=\"article\" \/>\n<meta property=\"og:title\" content=\"Cosaint agus Caomhn\u00fa - Seirbh\u00eds na S\u00e9adchomhartha\u00edN\u00e1isi\u00fanta\" \/>\n<meta property=\"og:description\" content=\"Cinnt\u00edonn Seirbh\u00eds na S\u00e9adchomhartha\u00ed N\u00e1isi\u00fanta cosaint agus caomhn\u00fa s\u00e9adchomhartha\u00ed tr\u00ed:\" \/>\n<meta property=\"og:url\" content=\"https:\/\/www.archaeology.ie\/ga\/fuinne\/cad-a-dheanaimid\/cosaint-agus-caomhnu\/\" \/>\n<meta property=\"og:site_name\" content=\"Seirbh\u00eds na S\u00e9adchomhartha\u00edN\u00e1isi\u00fanta\" \/>\n<meta property=\"article:publisher\" content=\"https:\/\/www.facebook.com\/NationalMons\/\" \/>\n<meta property=\"article:modified_time\" content=\"2025-03-03T09:58:02+00:00\" \/>\n<meta name=\"twitter:card\" content=\"summary_large_image\" \/>\n<meta name=\"twitter:site\" content=\"@NationalMons\" \/>\n<!-- \/ Yoast SEO plugin. -->","yoast_head_json":{"title":"Cosaint agus Caomhn\u00fa - Seirbh\u00eds na S\u00e9adchomhartha\u00edN\u00e1isi\u00fanta","robots":{"index":"index","follow":"follow","max-snippet":"max-snippet:-1","max-image-preview":"max-image-preview:large","max-video-preview":"max-video-preview:-1"},"canonical":"https:\/\/www.archaeology.ie\/ga\/fuinne\/cad-a-dheanaimid\/cosaint-agus-caomhnu\/","og_locale":"ga_IE","og_type":"article","og_title":"Cosaint agus Caomhn\u00fa - Seirbh\u00eds na S\u00e9adchomhartha\u00edN\u00e1isi\u00fanta","og_description":"Cinnt\u00edonn Seirbh\u00eds na S\u00e9adchomhartha\u00ed N\u00e1isi\u00fanta cosaint agus caomhn\u00fa s\u00e9adchomhartha\u00ed tr\u00ed:","og_url":"https:\/\/www.archaeology.ie\/ga\/fuinne\/cad-a-dheanaimid\/cosaint-agus-caomhnu\/","og_site_name":"Seirbh\u00eds na S\u00e9adchomhartha\u00edN\u00e1isi\u00fanta","article_publisher":"https:\/\/www.facebook.com\/NationalMons\/","article_modified_time":"2025-03-03T09:58:02+00:00","twitter_card":"summary_large_image","twitter_site":"@NationalMons","schema":{"@context":"https:\/\/schema.org","@graph":[{"@type":"WebPage","@id":"https:\/\/www.archaeology.ie\/ga\/fuinne\/cad-a-dheanaimid\/cosaint-agus-caomhnu\/","url":"https:\/\/www.archaeology.ie\/ga\/fuinne\/cad-a-dheanaimid\/cosaint-agus-caomhnu\/","name":"Cosaint agus Caomhn\u00fa - Seirbh\u00eds na S\u00e9adchomhartha\u00edN\u00e1isi\u00fanta","isPartOf":{"@id":"https:\/\/www.archaeology.ie\/ga\/#website"},"datePublished":"2024-09-12T09:57:49+00:00","dateModified":"2025-03-03T09:58:02+00:00","breadcrumb":{"@id":"https:\/\/www.archaeology.ie\/ga\/fuinne\/cad-a-dheanaimid\/cosaint-agus-caomhnu\/#breadcrumb"},"inLanguage":"ga-IE","potentialAction":[{"@type":"ReadAction","target":["https:\/\/www.archaeology.ie\/ga\/fuinne\/cad-a-dheanaimid\/cosaint-agus-caomhnu\/"]}]},{"@type":"BreadcrumbList","@id":"https:\/\/www.archaeology.ie\/ga\/fuinne\/cad-a-dheanaimid\/cosaint-agus-caomhnu\/#breadcrumb","itemListElement":[{"@type":"ListItem","position":1,"name":"Baile","item":"https:\/\/www.archaeology.ie\/ga\/"},{"@type":"ListItem","position":2,"name":"F\u00fainne","item":"https:\/\/www.archaeology.ie\/ga\/about-us\/"},{"@type":"ListItem","position":3,"name":"Cad a Dh\u00e9anaimid","item":"https:\/\/www.archaeology.ie\/ga\/about-us\/what-we-do\/"},{"@type":"ListItem","position":4,"name":"Cosaint agus Caomhn\u00fa"}]},{"@type":"WebSite","@id":"https:\/\/www.archaeology.ie\/ga\/#website","url":"https:\/\/www.archaeology.ie\/ga\/","name":"National Monuments Service","description":"National Monuments Service","publisher":{"@id":"https:\/\/www.archaeology.ie\/ga\/#organization"},"potentialAction":[{"@type":"SearchAction","target":{"@type":"EntryPoint","urlTemplate":"https:\/\/www.archaeology.ie\/ga\/?s={search_term_string}"},"query-input":{"@type":"PropertyValueSpecification","valueRequired":true,"valueName":"search_term_string"}}],"inLanguage":"ga-IE"},{"@type":"Organization","@id":"https:\/\/www.archaeology.ie\/ga\/#organization","name":"National Monuments Service","url":"https:\/\/www.archaeology.ie\/ga\/","logo":{"@type":"ImageObject","inLanguage":"ga-IE","@id":"https:\/\/www.archaeology.ie\/ga\/#\/schema\/logo\/image\/","url":"https:\/\/www.archaeology.ie\/app\/uploads\/2024\/07\/nms-logo.png","contentUrl":"https:\/\/www.archaeology.ie\/app\/uploads\/2024\/07\/nms-logo.png","width":503,"height":124,"caption":"National Monuments Service"},"image":{"@id":"https:\/\/www.archaeology.ie\/ga\/#\/schema\/logo\/image\/"},"sameAs":["https:\/\/www.facebook.com\/NationalMons\/","https:\/\/x.com\/NationalMons"]}]}},"spectra_custom_meta":{"_wpml_media_duplicate":["1"],"_wpml_media_featured":["1"],"_top_nav_excluded":[""],"_cms_nav_minihome":[""],"_last_translation_edit_mode":["translation-editor"],"_wp_page_template":[""],"_uag_css_file_name":["uag-css-3962.css"]},"uagb_featured_image_src":{"full":false,"thumbnail":false,"medium":false,"medium_large":false,"large":false,"1536x1536":false,"2048x2048":false,"gform-image-choice-sm":false,"gform-image-choice-md":false,"gform-image-choice-lg":false},"uagb_author_info":{"display_name":"Gareth John","author_link":"https:\/\/www.archaeology.ie\/ga\/author\/gar-john\/"},"uagb_comment_info":0,"uagb_excerpt":"Cinnt\u00edonn Seirbh\u00eds na S\u00e9adchomhartha\u00ed N\u00e1isi\u00fanta cosaint agus caomhn\u00fa s\u00e9adchomhartha\u00ed tr\u00ed:","_links":{"self":[{"href":"https:\/\/www.archaeology.ie\/ga\/wp-json\/wp\/v2\/pages\/3962","targetHints":{"allow":["GET"]}}],"collection":[{"href":"https:\/\/www.archaeology.ie\/ga\/wp-json\/wp\/v2\/pages"}],"about":[{"href":"https:\/\/www.archaeology.ie\/ga\/wp-json\/wp\/v2\/types\/page"}],"author":[{"embeddable":true,"href":"https:\/\/www.archaeology.ie\/ga\/wp-json\/wp\/v2\/users\/7"}],"replies":[{"embeddable":true,"href":"https:\/\/www.archaeology.ie\/ga\/wp-json\/wp\/v2\/comments?post=3962"}],"version-history":[{"count":13,"href":"https:\/\/www.archaeology.ie\/ga\/wp-json\/wp\/v2\/pages\/3962\/revisions"}],"predecessor-version":[{"id":4028,"href":"https:\/\/www.archaeology.ie\/ga\/wp-json\/wp\/v2\/pages\/3962\/revisions\/4028"}],"up":[{"embeddable":true,"href":"https:\/\/www.archaeology.ie\/ga\/wp-json\/wp\/v2\/pages\/4090"}],"wp:attachment":[{"href":"https:\/\/www.archaeology.ie\/ga\/wp-json\/wp\/v2\/media?parent=3962"}],"curies":[{"name":"wp","href":"https:\/\/api.w.org\/{rel}","templated":true}]}}