{"id":4097,"date":"2024-09-06T14:27:15","date_gmt":"2024-09-06T14:27:15","guid":{"rendered":"https:\/\/www.archaeology.ie\/comhairle-agus-tacaiocht\/pleanail-agus-treoir\/"},"modified":"2025-03-14T16:44:25","modified_gmt":"2025-03-14T16:44:25","slug":"pleanail-agus-treoir","status":"publish","type":"page","link":"https:\/\/www.archaeology.ie\/ga\/comhairle-agus-tacaiocht\/pleanail-agus-treoir\/","title":{"rendered":"Plean\u00e1il agus Treoir"},"content":{"rendered":"\n<div class=\"wp-block-columns is-layout-flex wp-container-core-columns-is-layout-51c0b34d wp-block-columns-is-layout-flex\" style=\"padding-top:var(--wp--preset--spacing--50);padding-bottom:var(--wp--preset--spacing--50)\">\n<div class=\"wp-block-column is-layout-flow wp-block-column-is-layout-flow\" style=\"padding-right:0;padding-left:0\">\n<div class=\"wp-block-group card-block is-style-full-height is-layout-constrained wp-block-group-is-layout-constrained\" style=\"min-height:100%\"><a style=\"--color-bkg-hover:#fbfbfb;\" href=\"https:\/\/www.archaeology.ie\/ga\/comhairle-agus-tacaiocht\/pleanail-agus-treoir\/ar-rol-sa-phroiseas-pleanala\/\"  aria-label=\"Locate a Monument or Wreck\"  class=\"full-height wp-block-tiptip-hyperlink-group-block\" >\n<div class=\"wp-block-group has-background is-layout-constrained wp-container-core-group-is-layout-c06d165c wp-block-group-is-layout-constrained\" style=\"background-color:#f2f2f2;min-height:100%;padding-top:0;padding-right:0;padding-bottom:0;padding-left:0\">\n<div class=\"wp-block-group is-layout-constrained wp-block-group-is-layout-constrained\">\n<div class=\"wp-block-uagb-image uagb-block-42d59268 wp-block-uagb-image--layout-default wp-block-uagb-image--effect-static wp-block-uagb-image--align-none\"><figure class=\"wp-block-uagb-image__figure\"><img decoding=\"async\" srcset=\"https:\/\/www.archaeology.ie\/app\/uploads\/2024\/10\/Role-in-the-Planning-Process-1024x683.jpg ,https:\/\/www.archaeology.ie\/app\/uploads\/2024\/10\/Role-in-the-Planning-Process.jpg 780w, https:\/\/www.archaeology.ie\/app\/uploads\/2024\/10\/Role-in-the-Planning-Process.jpg 360w\" sizes=\"auto, (max-width: 480px) 150px\" src=\"https:\/\/www.archaeology.ie\/app\/uploads\/2024\/10\/Role-in-the-Planning-Process-1024x683.jpg\" alt=\"Team of people at a site meeting\" class=\"uag-image-2430\" width=\"1024\" height=\"537\" title=\"Team of people at a site meeting\" loading=\"lazy\" role=\"img\"\/><\/figure><\/div>\n<\/div>\n\n\n\n<div class=\"wp-block-group is-layout-constrained wp-container-core-group-is-layout-8aa3d7c1 wp-block-group-is-layout-constrained\" style=\"min-height:100%;margin-top:var(--wp--preset--spacing--20);margin-bottom:var(--wp--preset--spacing--20);padding-top:var(--wp--preset--spacing--30);padding-right:var(--wp--preset--spacing--30);padding-bottom:var(--wp--preset--spacing--30);padding-left:var(--wp--preset--spacing--30)\">\n<div class=\"wp-block-uagb-advanced-heading uagb-block-8f8c8f38\"><h2 class=\"uagb-heading-text\">\u00c1r R\u00f3l sa Phr\u00f3iseas Plean\u00e1la<\/h2><\/div>\n\n\n\n<p style=\"margin-top:0;margin-bottom:0;padding-top:0;padding-right:0;padding-bottom:0;padding-left:0\">Foghlaim tuilleadh faoin\u00e1r R\u00f3l sa Phr\u00f3iseas Plean\u00e1la.<\/p>\n<\/div>\n<\/div>\n<\/a><\/div>\n<\/div>\n\n\n\n<div class=\"wp-block-column is-layout-flow wp-block-column-is-layout-flow\" style=\"padding-right:0;padding-left:0\">\n<div class=\"wp-block-group card-block is-style-full-height is-layout-constrained wp-block-group-is-layout-constrained\" style=\"min-height:100%\"><a style=\"--color-bkg-hover:#fbfbfb;\" href=\"https:\/\/www.archaeology.ie\/ga\/comhairle-agus-tacaiocht\/pleanail-agus-treoir\/coid-chleachtais\/\"    class=\"full-height wp-block-tiptip-hyperlink-group-block\" >\n<div class=\"wp-block-group has-background is-layout-constrained wp-container-core-group-is-layout-c06d165c wp-block-group-is-layout-constrained\" style=\"background-color:#f2f2f2;min-height:100%;padding-top:0;padding-right:0;padding-bottom:0;padding-left:0\">\n<div class=\"wp-block-group is-layout-constrained wp-block-group-is-layout-constrained\">\n<div class=\"wp-block-uagb-image uagb-block-ce48cf90 wp-block-uagb-image--layout-default wp-block-uagb-image--effect-static wp-block-uagb-image--align-none\"><figure class=\"wp-block-uagb-image__figure\"><img decoding=\"async\" srcset=\"https:\/\/www.archaeology.ie\/app\/uploads\/2024\/10\/Codes-of-Practice-1024x683.jpg ,https:\/\/www.archaeology.ie\/app\/uploads\/2024\/10\/Codes-of-Practice.jpg 780w, https:\/\/www.archaeology.ie\/app\/uploads\/2024\/10\/Codes-of-Practice.jpg 360w\" sizes=\"auto, (max-width: 480px) 150px\" src=\"https:\/\/www.archaeology.ie\/app\/uploads\/2024\/10\/Codes-of-Practice-1024x683.jpg\" alt=\"A person researches planning guidelines\" class=\"uag-image-2432\" width=\"1024\" height=\"537\" title=\"A person researches planning guidelines\" loading=\"lazy\" role=\"img\"\/><\/figure><\/div>\n<\/div>\n\n\n\n<div class=\"wp-block-group is-layout-constrained wp-container-core-group-is-layout-8aa3d7c1 wp-block-group-is-layout-constrained\" style=\"min-height:100%;margin-top:var(--wp--preset--spacing--20);margin-bottom:var(--wp--preset--spacing--20);padding-top:var(--wp--preset--spacing--30);padding-right:var(--wp--preset--spacing--30);padding-bottom:var(--wp--preset--spacing--30);padding-left:var(--wp--preset--spacing--30)\">\n<div class=\"wp-block-uagb-advanced-heading uagb-block-bef379d1\"><h2 class=\"uagb-heading-text\">C\u00f3id Chleachtais<\/h2><\/div>\n\n\n\n<p style=\"margin-top:0;margin-bottom:0;padding-top:0;padding-right:0;padding-bottom:0;padding-left:0\">C\u00e9ard is C\u00f3id Chleachtais ann, c\u00e9n chaoi a n-oibr\u00edonn siad agus c\u00e9ard iad na heagra\u00edochta\u00ed a mbaineann siad leo?<\/p>\n<\/div>\n<\/div>\n<\/a><\/div>\n<\/div>\n\n\n\n<div class=\"wp-block-column is-layout-flow wp-block-column-is-layout-flow\" style=\"padding-right:0;padding-left:0\">\n<div class=\"wp-block-group card-block is-style-full-height is-layout-constrained wp-block-group-is-layout-constrained\" style=\"min-height:100%\"><a style=\"--color-bkg-hover:#fbfbfb;\" href=\"https:\/\/www.archaeology.ie\/ga\/comhairle-agus-tacaiocht\/pleanail-agus-treoir\/an-chaoi-chun-comhairle-a-fhail-uainn\/\"    class=\"full-height wp-block-tiptip-hyperlink-group-block\" >\n<div class=\"wp-block-group has-background is-layout-constrained wp-container-core-group-is-layout-c06d165c wp-block-group-is-layout-constrained\" style=\"background-color:#f2f2f2;min-height:100%;padding-top:0;padding-right:0;padding-bottom:0;padding-left:0\">\n<div class=\"wp-block-group is-layout-constrained wp-block-group-is-layout-constrained\">\n<div class=\"wp-block-uagb-image uagb-block-f3d14515 wp-block-uagb-image--layout-default wp-block-uagb-image--effect-static wp-block-uagb-image--align-none\"><figure class=\"wp-block-uagb-image__figure\"><img decoding=\"async\" srcset=\"https:\/\/www.archaeology.ie\/app\/uploads\/2024\/10\/Contact-Us-1024x683.jpg ,https:\/\/www.archaeology.ie\/app\/uploads\/2024\/10\/Contact-Us-scaled.jpg 780w, https:\/\/www.archaeology.ie\/app\/uploads\/2024\/10\/Contact-Us-scaled.jpg 360w\" sizes=\"auto, (max-width: 480px) 150px\" src=\"https:\/\/www.archaeology.ie\/app\/uploads\/2024\/10\/Contact-Us-1024x683.jpg\" alt=\"The Custom House, Dublin City\" class=\"uag-image-2053\" width=\"1024\" height=\"537\" title=\"The Custom House, Dublin City\" loading=\"lazy\" role=\"img\"\/><\/figure><\/div>\n<\/div>\n\n\n\n<div class=\"wp-block-group is-layout-constrained wp-container-core-group-is-layout-8aa3d7c1 wp-block-group-is-layout-constrained\" style=\"min-height:100%;margin-top:var(--wp--preset--spacing--20);margin-bottom:var(--wp--preset--spacing--20);padding-top:var(--wp--preset--spacing--30);padding-right:var(--wp--preset--spacing--30);padding-bottom:var(--wp--preset--spacing--30);padding-left:var(--wp--preset--spacing--30)\">\n<div class=\"wp-block-uagb-advanced-heading uagb-block-629c09c0\"><h2 class=\"uagb-heading-text\">An chaoi chun Comhairle a Fh\u00e1il uainn<\/h2><\/div>\n\n\n\n<p style=\"margin-top:0;margin-bottom:0;padding-top:0;padding-right:0;padding-bottom:0;padding-left:0\">Faigh amach conas comhairle a fh\u00e1il uainn maidir le d\u2019fhorbairt n\u00f3 do thogra.<\/p>\n<\/div>\n<\/div>\n<\/a><\/div>\n<\/div>\n<\/div>\n","protected":false},"excerpt":{"rendered":"","protected":false},"author":8,"featured_media":0,"parent":3335,"menu_order":0,"comment_status":"closed","ping_status":"closed","template":"","meta":{"_acf_changed":false,"_uag_custom_page_level_css":"","site-sidebar-layout":"default","site-content-layout":"","ast-site-content-layout":"default","site-content-style":"default","site-sidebar-style":"default","ast-global-header-display":"","ast-banner-title-visibility":"","ast-main-header-display":"","ast-hfb-above-header-display":"","ast-hfb-below-header-display":"","ast-hfb-mobile-header-display":"","site-post-title":"","ast-breadcrumbs-content":"","ast-featured-img":"","footer-sml-layout":"","ast-disable-related-posts":"","theme-transparent-header-meta":"","adv-header-id-meta":"","stick-header-meta":"","header-above-stick-meta":"","header-main-stick-meta":"","header-below-stick-meta":"","astra-migrate-meta-layouts":"default","ast-page-background-enabled":"default","ast-page-background-meta":{"desktop":{"background-color":"var(--ast-global-color-4)","background-image":"","background-repeat":"repeat","background-position":"center center","background-size":"auto","background-attachment":"scroll","background-type":"","background-media":"","overlay-type":"","overlay-color":"","overlay-opacity":"","overlay-gradient":""},"tablet":{"background-color":"","background-image":"","background-repeat":"repeat","background-position":"center center","background-size":"auto","background-attachment":"scroll","background-type":"","background-media":"","overlay-type":"","overlay-color":"","overlay-opacity":"","overlay-gradient":""},"mobile":{"background-color":"","background-image":"","background-repeat":"repeat","background-position":"center center","background-size":"auto","background-attachment":"scroll","background-type":"","background-media":"","overlay-type":"","overlay-color":"","overlay-opacity":"","overlay-gradient":""}},"ast-content-background-meta":{"desktop":{"background-color":"var(--ast-global-color-5)","background-image":"","background-repeat":"repeat","background-position":"center center","background-size":"auto","background-attachment":"scroll","background-type":"","background-media":"","overlay-type":"","overlay-color":"","overlay-opacity":"","overlay-gradient":""},"tablet":{"background-color":"var(--ast-global-color-5)","background-image":"","background-repeat":"repeat","background-position":"center center","background-size":"auto","background-attachment":"scroll","background-type":"","background-media":"","overlay-type":"","overlay-color":"","overlay-opacity":"","overlay-gradient":""},"mobile":{"background-color":"var(--ast-global-color-5)","background-image":"","background-repeat":"repeat","background-position":"center center","background-size":"auto","background-attachment":"scroll","background-type":"","background-media":"","overlay-type":"","overlay-color":"","overlay-opacity":"","overlay-gradient":""}},"footnotes":""},"class_list":["post-4097","page","type-page","status-publish","hentry"],"acf":[],"yoast_head":"<!-- This site is optimized with the Yoast SEO plugin v27.3 - https:\/\/yoast.com\/product\/yoast-seo-wordpress\/ -->\n<title>Plean\u00e1il agus Treoir - Seirbh\u00eds na S\u00e9adchomhartha\u00edN\u00e1isi\u00fanta<\/title>\n<meta name=\"robots\" content=\"index, follow, max-snippet:-1, max-image-preview:large, max-video-preview:-1\" \/>\n<link rel=\"canonical\" href=\"https:\/\/www.archaeology.ie\/ga\/comhairle-agus-tacaiocht\/pleanail-agus-treoir\/\" \/>\n<meta property=\"og:locale\" content=\"ga_IE\" \/>\n<meta property=\"og:type\" content=\"article\" \/>\n<meta property=\"og:title\" content=\"Plean\u00e1il agus Treoir - Seirbh\u00eds na S\u00e9adchomhartha\u00edN\u00e1isi\u00fanta\" \/>\n<meta property=\"og:url\" content=\"https:\/\/www.archaeology.ie\/ga\/comhairle-agus-tacaiocht\/pleanail-agus-treoir\/\" \/>\n<meta property=\"og:site_name\" content=\"Seirbh\u00eds na S\u00e9adchomhartha\u00edN\u00e1isi\u00fanta\" \/>\n<meta property=\"article:publisher\" content=\"https:\/\/www.facebook.com\/NationalMons\/\" \/>\n<meta property=\"article:modified_time\" content=\"2025-03-14T16:44:25+00:00\" \/>\n<meta property=\"og:image\" content=\"https:\/\/www.archaeology.ie\/app\/uploads\/2024\/10\/Role-in-the-Planning-Process-1024x683.jpg\" \/>\n<meta name=\"twitter:card\" content=\"summary_large_image\" \/>\n<meta name=\"twitter:site\" content=\"@NationalMons\" \/>\n<!-- \/ Yoast SEO plugin. -->","yoast_head_json":{"title":"Plean\u00e1il agus Treoir - Seirbh\u00eds na S\u00e9adchomhartha\u00edN\u00e1isi\u00fanta","robots":{"index":"index","follow":"follow","max-snippet":"max-snippet:-1","max-image-preview":"max-image-preview:large","max-video-preview":"max-video-preview:-1"},"canonical":"https:\/\/www.archaeology.ie\/ga\/comhairle-agus-tacaiocht\/pleanail-agus-treoir\/","og_locale":"ga_IE","og_type":"article","og_title":"Plean\u00e1il agus Treoir - Seirbh\u00eds na S\u00e9adchomhartha\u00edN\u00e1isi\u00fanta","og_url":"https:\/\/www.archaeology.ie\/ga\/comhairle-agus-tacaiocht\/pleanail-agus-treoir\/","og_site_name":"Seirbh\u00eds na S\u00e9adchomhartha\u00edN\u00e1isi\u00fanta","article_publisher":"https:\/\/www.facebook.com\/NationalMons\/","article_modified_time":"2025-03-14T16:44:25+00:00","og_image":[{"url":"https:\/\/www.archaeology.ie\/app\/uploads\/2024\/10\/Role-in-the-Planning-Process-1024x683.jpg","type":"","width":"","height":""}],"twitter_card":"summary_large_image","twitter_site":"@NationalMons","schema":{"@context":"https:\/\/schema.org","@graph":[{"@type":"WebPage","@id":"https:\/\/www.archaeology.ie\/ga\/comhairle-agus-tacaiocht\/pleanail-agus-treoir\/","url":"https:\/\/www.archaeology.ie\/ga\/comhairle-agus-tacaiocht\/pleanail-agus-treoir\/","name":"Plean\u00e1il agus Treoir - Seirbh\u00eds na S\u00e9adchomhartha\u00edN\u00e1isi\u00fanta","isPartOf":{"@id":"https:\/\/www.archaeology.ie\/ga\/#website"},"primaryImageOfPage":{"@id":"https:\/\/www.archaeology.ie\/ga\/comhairle-agus-tacaiocht\/pleanail-agus-treoir\/#primaryimage"},"image":{"@id":"https:\/\/www.archaeology.ie\/ga\/comhairle-agus-tacaiocht\/pleanail-agus-treoir\/#primaryimage"},"thumbnailUrl":"https:\/\/www.archaeology.ie\/app\/uploads\/2024\/10\/Role-in-the-Planning-Process-1024x683.jpg","datePublished":"2024-09-06T14:27:15+00:00","dateModified":"2025-03-14T16:44:25+00:00","breadcrumb":{"@id":"https:\/\/www.archaeology.ie\/ga\/comhairle-agus-tacaiocht\/pleanail-agus-treoir\/#breadcrumb"},"inLanguage":"ga-IE","potentialAction":[{"@type":"ReadAction","target":["https:\/\/www.archaeology.ie\/ga\/comhairle-agus-tacaiocht\/pleanail-agus-treoir\/"]}]},{"@type":"ImageObject","inLanguage":"ga-IE","@id":"https:\/\/www.archaeology.ie\/ga\/comhairle-agus-tacaiocht\/pleanail-agus-treoir\/#primaryimage","url":"https:\/\/www.archaeology.ie\/app\/uploads\/2024\/10\/Role-in-the-Planning-Process-1024x683.jpg","contentUrl":"https:\/\/www.archaeology.ie\/app\/uploads\/2024\/10\/Role-in-the-Planning-Process-1024x683.jpg"},{"@type":"BreadcrumbList","@id":"https:\/\/www.archaeology.ie\/ga\/comhairle-agus-tacaiocht\/pleanail-agus-treoir\/#breadcrumb","itemListElement":[{"@type":"ListItem","position":1,"name":"Baile","item":"https:\/\/www.archaeology.ie\/ga\/"},{"@type":"ListItem","position":2,"name":"Comhairle agus Taca\u00edocht","item":"https:\/\/www.archaeology.ie\/ga\/advice-and-support\/"},{"@type":"ListItem","position":3,"name":"Plean\u00e1il agus Treoir"}]},{"@type":"WebSite","@id":"https:\/\/www.archaeology.ie\/ga\/#website","url":"https:\/\/www.archaeology.ie\/ga\/","name":"National Monuments Service","description":"National Monuments Service","publisher":{"@id":"https:\/\/www.archaeology.ie\/ga\/#organization"},"potentialAction":[{"@type":"SearchAction","target":{"@type":"EntryPoint","urlTemplate":"https:\/\/www.archaeology.ie\/ga\/?s={search_term_string}"},"query-input":{"@type":"PropertyValueSpecification","valueRequired":true,"valueName":"search_term_string"}}],"inLanguage":"ga-IE"},{"@type":"Organization","@id":"https:\/\/www.archaeology.ie\/ga\/#organization","name":"National Monuments Service","url":"https:\/\/www.archaeology.ie\/ga\/","logo":{"@type":"ImageObject","inLanguage":"ga-IE","@id":"https:\/\/www.archaeology.ie\/ga\/#\/schema\/logo\/image\/","url":"https:\/\/www.archaeology.ie\/app\/uploads\/2024\/07\/nms-logo.png","contentUrl":"https:\/\/www.archaeology.ie\/app\/uploads\/2024\/07\/nms-logo.png","width":503,"height":124,"caption":"National Monuments Service"},"image":{"@id":"https:\/\/www.archaeology.ie\/ga\/#\/schema\/logo\/image\/"},"sameAs":["https:\/\/www.facebook.com\/NationalMons\/","https:\/\/x.com\/NationalMons"]}]}},"spectra_custom_meta":{"_wpml_media_duplicate":["1"],"_wpml_media_featured":["1"],"_top_nav_excluded":[""],"_cms_nav_minihome":[""],"_last_translation_edit_mode":["native-editor"],"_edit_lock":["1741970674:5"],"_wp_page_template":[""],"_edit_last":["5"],"_wpml_media_has_media":["1"],"cmplz_hide_cookiebanner":[""],"_yoast_wpseo_content_score":["90"],"_yoast_wpseo_estimated-reading-time-minutes":["1"],"_uag_css_file_name":["uag-css-4097.css"]},"uagb_featured_image_src":{"full":false,"thumbnail":false,"medium":false,"medium_large":false,"large":false,"1536x1536":false,"2048x2048":false,"gform-image-choice-sm":false,"gform-image-choice-md":false,"gform-image-choice-lg":false},"uagb_author_info":{"display_name":"Teresa Bolger","author_link":"https:\/\/www.archaeology.ie\/ga\/author\/teresa-bolger\/"},"uagb_comment_info":0,"uagb_excerpt":null,"_links":{"self":[{"href":"https:\/\/www.archaeology.ie\/ga\/wp-json\/wp\/v2\/pages\/4097","targetHints":{"allow":["GET"]}}],"collection":[{"href":"https:\/\/www.archaeology.ie\/ga\/wp-json\/wp\/v2\/pages"}],"about":[{"href":"https:\/\/www.archaeology.ie\/ga\/wp-json\/wp\/v2\/types\/page"}],"author":[{"embeddable":true,"href":"https:\/\/www.archaeology.ie\/ga\/wp-json\/wp\/v2\/users\/8"}],"replies":[{"embeddable":true,"href":"https:\/\/www.archaeology.ie\/ga\/wp-json\/wp\/v2\/comments?post=4097"}],"version-history":[{"count":5,"href":"https:\/\/www.archaeology.ie\/ga\/wp-json\/wp\/v2\/pages\/4097\/revisions"}],"predecessor-version":[{"id":4409,"href":"https:\/\/www.archaeology.ie\/ga\/wp-json\/wp\/v2\/pages\/4097\/revisions\/4409"}],"up":[{"embeddable":true,"href":"https:\/\/www.archaeology.ie\/ga\/wp-json\/wp\/v2\/pages\/3335"}],"wp:attachment":[{"href":"https:\/\/www.archaeology.ie\/ga\/wp-json\/wp\/v2\/media?parent=4097"}],"curies":[{"name":"wp","href":"https:\/\/api.w.org\/{rel}","templated":true}]}}