{"id":4369,"date":"2025-03-14T10:55:28","date_gmt":"2025-03-14T10:55:28","guid":{"rendered":"https:\/\/www.archaeology.ie\/bailiuchain-agus-foilseachain\/bailiuchain\/bailiuchain-a-catalogaiodh\/taifead-seadchomharthai-agus-aiteanna-tsa\/"},"modified":"2025-03-26T06:23:17","modified_gmt":"2025-03-26T06:23:17","slug":"taifead-seadchomharthai-agus-aiteanna-tsa","status":"publish","type":"page","link":"https:\/\/www.archaeology.ie\/ga\/bailiuchain-agus-foilseachain\/bailiuchain\/bailiuchain-a-catalogaiodh\/taifead-seadchomharthai-agus-aiteanna-tsa\/","title":{"rendered":"Taifead S\u00e9adchomhartha\u00ed agus \u00c1iteanna (TS\u00c1)"},"content":{"rendered":"\n<figure class=\"wp-block-table\"><table class=\"has-fixed-layout\"><figcaption><strong>T\u00e1bla:<\/strong> L\u00e9arsc\u00e1ileanna agus liosta\u00ed a bhaineann leis an Taifead S\u00e9adchomhartha\u00ed agus \u00c1iteanna (TS\u00c1)<\/figcaption><tbody><tr><th style=\"width:50%\">Ainm Acmhainne<\/th><th>Form\u00e1id Chomhaid<\/th><th>M\u00e9id Chomhaid<\/th><\/tr>\n\n<tr><td><a href=\"https:\/\/www.archaeology.ie\/app\/uploads\/2025\/03\/Archaeology-RMP-Carlow-Manual-1995-0001-1.pdf\">L\u00e1mhleabhar TS\u00c1 de Cheatharlach (1995)<\/a><\/td><td>PDF<\/td><td>2.5MB<\/td><\/tr>\n<tr><td><a href=\"https:\/\/www.archaeology.ie\/app\/uploads\/2025\/03\/Archaeology-RMP-Carlow-Map-1995-0002-1.pdf\">L\u00e9arsc\u00e1il TS\u00c1 de Cheatharlach (1995) <\/a><\/td><td>PDF<\/td><td>9.2MB<\/td><\/tr>\n<tr><td><a href=\"https:\/\/www.archaeology.ie\/app\/uploads\/2025\/03\/Archaeology-RMP-Cavan-Manual-1997-0003.pdf\" target=\"_blank\" rel=\"noreferrer noopener\">L\u00e1mhleabhar TS\u00c1 le haghaidh an Chabh\u00e1in (1997) <\/a><\/td><td>PDF<\/td><td>7MB<\/td><\/tr>\n<tr><td><a href=\"https:\/\/www.archaeology.ie\/app\/uploads\/2025\/03\/Archaeology-RMP-Cavan-Map-1997-0004.pdf\" target=\"_blank\" rel=\"noreferrer noopener\">L\u00e9arsc\u00e1il TS\u00c1 den Chabh\u00e1n (1997) <\/a><\/td><td>PDF<\/td><td>29.4MB<\/td><\/tr>\n<tr><td><a href=\"https:\/\/www.archaeology.ie\/app\/uploads\/2025\/03\/Archaeology-RMP-Clare-Manual-1997-0005.pdf\" target=\"_blank\" rel=\"noreferrer noopener\">L\u00e1mhleabhar TS\u00c1 le haghaidh an Chl\u00e1ir (1997) <\/a><\/td><td>PDF<\/td><td>10.6MB<\/td><\/tr>\n<tr><td><a href=\"https:\/\/www.archaeology.ie\/app\/uploads\/2025\/03\/Archaeology-RMP-Clare-Map-1997-0006.pdf\" target=\"_blank\" rel=\"noreferrer noopener\">L\u00e9arsc\u00e1il TS\u00c1 den Chl\u00e1r (1997)<\/a><\/td><td>PDF<\/td><td>45.6MB<\/td><\/tr>\n<tr><td><a href=\"https:\/\/www.archaeology.ie\/app\/uploads\/2025\/03\/Archaeology-RMP-Cork-Manual-1-1998-0007.pdf\" target=\"_blank\" rel=\"noreferrer noopener\">L\u00e1mhleabhar TS\u00c1 Chorcaigh Iml. 1 (1998) <\/a><\/td><td>PDF<\/td><td>17.3MB<\/td><\/tr>\n<tr><td><a href=\"https:\/\/www.archaeology.ie\/app\/uploads\/2025\/03\/Archaeology-RMP-Cork-Manual-2-1998-0008.pdf\" target=\"_blank\" rel=\"noreferrer noopener\">L\u00e1mhleabhar TS\u00c1 Chorcaigh Iml. 2 (1998) <\/a><\/td><td>PDF<\/td><td>11.2MB<\/td><\/tr>\n<tr><td><a href=\"https:\/\/www.archaeology.ie\/app\/uploads\/2025\/03\/Archaeology-RMP-Cork-Map-vol-1-1998-0009.pdf\" target=\"_blank\" rel=\"noreferrer noopener\">L\u00e9arsc\u00e1il TS\u00c1 de Chorcaigh Iml. 1 (1998) <\/a><\/td><td>PDF<\/td><td>59.2MB<\/td><\/tr>\n<tr><td><a href=\"https:\/\/www.archaeology.ie\/app\/uploads\/2025\/03\/Archaeology-RMP-Cork-Map-vol-2-1998-0010.pdf\" target=\"_blank\" rel=\"noreferrer noopener\">L\u00e9arsc\u00e1il TS\u00c1 de Chorcaigh Iml. 2 (1998) <\/a><\/td><td>PDF<\/td><td>56.2MB<\/td><\/tr>\n<tr><td><a href=\"https:\/\/www.archaeology.ie\/app\/uploads\/2025\/03\/Archaeology-RMP-Donegal-Manual-1996-0011.pdf\" target=\"_blank\" rel=\"noreferrer noopener\">L\u00e1mhleabhar TS\u00c1 Dh\u00fan na nGall (1996) <\/a><\/td><td>PDF<\/td><td>5MB<\/td><\/tr>\n<tr><td><a href=\"https:\/\/www.archaeology.ie\/app\/uploads\/2025\/03\/Archaeology-RMP-Donegal-Map-1996-0012.pdf\" target=\"_blank\" rel=\"noreferrer noopener\">L\u00e9arsc\u00e1il TS\u00c1 de Dh\u00fan na nGall (1996) <\/a><\/td><td>PDF<\/td><td>112.5 MB<\/td><\/tr>\n<tr><td><a href=\"https:\/\/www.archaeology.ie\/app\/uploads\/2025\/03\/Archaeology-RMP-Dublin-Manual-1998-0013.pdf\" target=\"_blank\" rel=\"noreferrer noopener\">L\u00e1mhleabhar TS\u00c1 Bhaile \u00c1tha Cliath (1998) <\/a><\/td><td>PDF<\/td><td>8.1MB<\/td><\/tr>\n<tr><td><a href=\"https:\/\/www.archaeology.ie\/app\/uploads\/2025\/03\/Archaeology-RMP-Dublin-Map-1998-0014.pdf\" target=\"_blank\" rel=\"noreferrer noopener\">L\u00e9arsc\u00e1il TS\u00c1 de Bhaile \u00c1tha Cliath (1998)<\/a><\/td><td>PDF<\/td><td>166MB<\/td><\/tr>\n<tr><td><a href=\"https:\/\/www.archaeology.ie\/app\/uploads\/2025\/03\/Archaeology-RMP-Galway-Manual-1997-0015.pdf\" target=\"_blank\" rel=\"noreferrer noopener\">L\u00e1mhleabhar TS\u00c1 le haghaidh na Gaillimhe (1997)<\/a><\/td><td>PDF<\/td><td>12.3MB<\/td><\/tr>\n<tr><td><a href=\"https:\/\/www.archaeology.ie\/app\/uploads\/2025\/03\/Archaeology-RMP-Galway-Map-vol-1-1997-0016.pdf\" target=\"_blank\" rel=\"noreferrer noopener\">L\u00e9arsc\u00e1il TS\u00c1 de Ghaillimh Iml. 1 (1997) <\/a><\/td><td>PDF<\/td><td>54MB<\/td><\/tr>\n<tr><td><a href=\"https:\/\/www.archaeology.ie\/app\/uploads\/2025\/03\/Archaeology-RMP-Galway-Map-vol-2-1997-0017.pdf\" target=\"_blank\" rel=\"noreferrer noopener\">L\u00e9arsc\u00e1il TS\u00c1 de Ghaillimh Iml. 2 (1997)<\/a><\/td><td>PDF<\/td><td>41.3MB<\/td><\/tr>\n<tr><td><a href=\"https:\/\/www.archaeology.ie\/app\/uploads\/2025\/03\/Archaeology-RMP-Kerry-Manual-1998-0018.pdf\" target=\"_blank\" rel=\"noreferrer noopener\">L\u00e1mhleabhar TS\u00c1 le haghaidh Chiarra\u00ed (1998)<\/a><\/td><td>PDF<\/td><td>15.6MB<\/td><\/tr>\n<tr><td><a href=\"https:\/\/www.archaeology.ie\/app\/uploads\/2025\/03\/Archaeology-RMP-Kerry-Map-1998-0019.pdf\" target=\"_blank\" rel=\"noreferrer noopener\">L\u00e9arsc\u00e1il TS\u00c1 de Chiarra\u00ed (1998)<\/a><\/td><td>PDF<\/td><td>73.7MB<\/td><\/tr>\n<tr><td><a href=\"https:\/\/www.archaeology.ie\/app\/uploads\/2025\/03\/Archaeology-RMP-Kildare-Manual-1996-0020.pdf\" target=\"_blank\" rel=\"noreferrer noopener\">L\u00e1mhleabhar TS\u00c1 Chill Dara (1996) <\/a><\/td><td>PDF<\/td><td>3.3MB<\/td><\/tr>\n<tr><td><a href=\"https:\/\/www.archaeology.ie\/app\/uploads\/2025\/03\/Archaeology-RMP-Kildare-Map-1996-0021.pdf\" target=\"_blank\" rel=\"noreferrer noopener\">L\u00e9arsc\u00e1il TS\u00c1 de Chill Dara (1996)<\/a><\/td><td>PDF<\/td><td>15MB<\/td><\/tr>\n<tr><td><a href=\"https:\/\/www.archaeology.ie\/app\/uploads\/2025\/03\/Archaeology-RMP-Kilkenny-Manual-1996-0022.pdf\" target=\"_blank\" rel=\"noreferrer noopener\">L\u00e1mhleabhar TS\u00c1 Chill Chainnigh (1996) <\/a><\/td><td>PDF<\/td><td>6MB<\/td><\/tr>\n<tr><td><a href=\"https:\/\/www.archaeology.ie\/app\/uploads\/2025\/03\/Archaeology-RMP-Kilkenny-Map-1996-0023.pdf\" target=\"_blank\" rel=\"noreferrer noopener\">L\u00e9arsc\u00e1il TS\u00c1 de Chill Chainnigh (1996) <\/a><\/td><td>PDF<\/td><td>25.6MB<\/td><\/tr>\n<tr><td><a href=\"https:\/\/www.archaeology.ie\/app\/uploads\/2025\/03\/Archaeology-RMP-Laois-Manual-1995-0024.pdf\" target=\"_blank\" rel=\"noreferrer noopener\">L\u00e1mhleabhar TS\u00c1 le haghaidh Laoise (1995) <\/a><\/td><td>PDF<\/td><td>3MB<\/td><\/tr>\n<tr><td><a href=\"https:\/\/www.archaeology.ie\/app\/uploads\/2025\/03\/Archaeology-RMP-Laois-Map-1995-0025.pdf\" target=\"_blank\" rel=\"noreferrer noopener\">L\u00e9arsc\u00e1il TS\u00c1 de Laois (1995) <\/a><\/td><td>PDF<\/td><td>16.4MB<\/td><\/tr>\n<tr><td><a href=\"https:\/\/www.archaeology.ie\/app\/uploads\/2025\/03\/Archaeology-RMP-Leitrim-Manual-1995-0026.pdf\" target=\"_blank\" rel=\"noreferrer noopener\">L\u00e1mhleabhar TS\u00c1 le haghaidh Liatroma (1995) <\/a><\/td><td>PDF<\/td><td>3.2MB<\/td><\/tr>\n<tr><td><a href=\"https:\/\/www.archaeology.ie\/app\/uploads\/2025\/03\/Archaeology-RMP-Leitrim-Map-1995-0027.pdf\" target=\"_blank\" rel=\"noreferrer noopener\">L\u00e9arsc\u00e1il TS\u00c1 de Liatroim (1995) <\/a><\/td><td>PDF<\/td><td>21.7MB<\/td><\/tr>\n<tr><td><a href=\"https:\/\/www.archaeology.ie\/app\/uploads\/2025\/03\/Archaeology-RMP-Limerick-Manual-1997-0028.pdf\" target=\"_blank\" rel=\"noreferrer noopener\">L\u00e1mhleabhar TS\u00c1 Luimneach (1997) <\/a><\/td><td>PDF<\/td><td>10.9MB<\/td><\/tr>\n<tr><td><a href=\"https:\/\/www.archaeology.ie\/app\/uploads\/2025\/03\/Archaeology-RMP-Limerick-Map-1997-0029.pdf\" target=\"_blank\" rel=\"noreferrer noopener\">L\u00e9arsc\u00e1il TS\u00c1 de Luimneach (1997) <\/a><\/td><td>PDF<\/td><td>34MB<\/td><\/tr>\n<tr><td><a href=\"https:\/\/www.archaeology.ie\/app\/uploads\/2025\/03\/Archaeology-RMP-Longford-Manual-1996-0030.pdf\" target=\"_blank\" rel=\"noreferrer noopener\">L\u00e1mhleabhar TS\u00c1 le haghaidh an Longfoirt (1996) <\/a><\/td><td>PDF<\/td><td>2.5MB<\/td><\/tr>\n<tr><td><a href=\"https:\/\/www.archaeology.ie\/app\/uploads\/2025\/03\/Archaeology-RMP-Longford-Map-1996-0031.pdf\" target=\"_blank\" rel=\"noreferrer noopener\">L\u00e9arsc\u00e1il TS\u00c1 den Longfort (1996) <\/a><\/td><td>PDF<\/td><td>14.6MB<\/td><\/tr>\n<tr><td><a href=\"https:\/\/www.archaeology.ie\/app\/uploads\/2025\/03\/Archaeology-RMP-Louth-Manual-1997-0032.pdf\" target=\"_blank\" rel=\"noreferrer noopener\">L\u00e1mhleabhar TS\u00c1 le haghaidh L\u00fa (1997) <\/a><\/td><td>PDF<\/td><td>3.5MB<\/td><\/tr>\n<tr><td><a href=\"https:\/\/www.archaeology.ie\/app\/uploads\/2025\/03\/Archaeology-RMP-Louth-Map-1997-0033.pdf\" target=\"_blank\" rel=\"noreferrer noopener\">L\u00e9arsc\u00e1il TS\u00c1 de L\u00fa (1997) <\/a><\/td><td>PDF<\/td><td>11.6MB<\/td><\/tr>\n<tr><td><a href=\"https:\/\/www.archaeology.ie\/app\/uploads\/2025\/03\/Archaeology-RMP-Monaghan-Manual-1996-0038.pdf\" target=\"_blank\" rel=\"noreferrer noopener\">L\u00e1mhleabhar TS\u00c1 Mhuineach\u00e1n (1996) <\/a><\/td><td>PDF<\/td><td>3MB<\/td><\/tr>\n<tr><td><a href=\"https:\/\/www.archaeology.ie\/app\/uploads\/2025\/03\/Archaeology-RMP-Monaghan-Map-1996-0039.pdf\" target=\"_blank\" rel=\"noreferrer noopener\">L\u00e9arsc\u00e1il TS\u00c1 de Mhuineach\u00e1n (1996) <\/a><\/td><td>PDF<\/td><td>21.2MB<\/td><\/tr>\n<tr><td><a href=\"https:\/\/www.archaeology.ie\/app\/uploads\/2025\/03\/Archaeology-RMP-Offaly-Manual-1995-0040.pdf\" target=\"_blank\" rel=\"noreferrer noopener\">L\u00e1mhleabhar TS\u00c1 le haghaidh U\u00edbh Fhail\u00ed (1995) <\/a><\/td><td>PDF<\/td><td>3.7MB<\/td><\/tr>\n<tr><td><a href=\"https:\/\/www.archaeology.ie\/app\/uploads\/2025\/03\/Archaeology-RMP-Offaly-Map-1995-0041.pdf\" target=\"_blank\" rel=\"noreferrer noopener\">L\u00e9arsc\u00e1il TS\u00c1 d\u2019U\u00edbh Fhail\u00ed (1995) ) <\/a><\/td><td>PDF<\/td><td>18.3MB<\/td><\/tr>\n<tr><td><a href=\"https:\/\/www.archaeology.ie\/app\/uploads\/2025\/03\/Archaeology-RMP-Roscommon-Manual-1998-0042.pdf\" target=\"_blank\" rel=\"noreferrer noopener\">L\u00e1mhleabhar TS\u00c1 le haghaidh Ros Com\u00e1in (1998) <\/a><\/td><td>PDF<\/td><td>9.7MB<\/td><\/tr>\n<tr><td><a href=\"https:\/\/www.archaeology.ie\/app\/uploads\/2025\/03\/Archaeology-RMP-Roscommon-Map-1998-0043.pdf\" target=\"_blank\" rel=\"noreferrer noopener\">L\u00e9arsc\u00e1il TS\u00c1 de Ros Com\u00e1in (1998) <\/a><\/td><td>PDF<\/td><td>32.6MB<\/td><\/tr>\n<tr><td><a href=\"https:\/\/www.archaeology.ie\/app\/uploads\/2025\/03\/Archaeology-RMP-Sligo-Manual-1995-0044.pdf\" target=\"_blank\" rel=\"noreferrer noopener\">L\u00e1mhleabhar TS\u00c1 Shligeach (1995) <\/a><\/td><td>PDF<\/td><td>10.7MB<\/td><\/tr>\n<tr><td><a href=\"https:\/\/www.archaeology.ie\/app\/uploads\/2025\/03\/Archaeology-RMP-Sligo-Map-1995-0045.pdf\" target=\"_blank\" rel=\"noreferrer noopener\">L\u00e9arsc\u00e1il TS\u00c1 de Shligeach (1995) <\/a><\/td><td>PDF<\/td><td>21MB<\/td><\/tr>\n<tr><td><a href=\"https:\/\/www.archaeology.ie\/app\/uploads\/2025\/03\/Archaeology-RMP-Tipperary-NR-Manual-1998-0046.pdf\" target=\"_blank\" rel=\"noreferrer noopener\">L\u00e1mhleabhar TS\u00c1 Thiobraid \u00c1rann Thuaidh (1998) <\/a><\/td><td>PDF<\/td><td>5MB<\/td><\/tr>\n<tr><td><a href=\"https:\/\/www.archaeology.ie\/app\/uploads\/2025\/03\/Archaeology-RMP-Tipperary-NR-Map-1998-0047.pdf\" target=\"_blank\" rel=\"noreferrer noopener\">L\u00e9arsc\u00e1il TS\u00c1 de Thiobraid \u00c1rann Thuaidh (1998) <\/a><\/td><td>PDF<\/td><td>25.6MB<\/td><\/tr>\n<tr><td><a href=\"https:\/\/www.archaeology.ie\/app\/uploads\/2025\/03\/Archaeology-RMP-Tipperary-SR-Manual-1998-0048.pdf\" target=\"_blank\" rel=\"noreferrer noopener\">L\u00e1mhleabhar TS\u00c1 Thiobraid \u00c1rann Theas (1998) <\/a><\/td><td>PDF<\/td><td>6.2MB<\/td><\/tr>\n<tr><td><a href=\"https:\/\/www.archaeology.ie\/app\/uploads\/2025\/03\/Archaeology-RMP-Tipperary-SR-Map-1998-0049.pdf\" target=\"_blank\" rel=\"noreferrer noopener\">L\u00e9arsc\u00e1il TS\u00c1 de Thiobraid \u00c1rann Theas (1998) <\/a><\/td><td>PDF<\/td><td>28MB<\/td><\/tr>\n<tr><td><a href=\"https:\/\/www.archaeology.ie\/app\/uploads\/2025\/03\/Archaeology-RMP-Waterford-Manual-1995-0050.pdf\" target=\"_blank\" rel=\"noreferrer noopener\">L\u00e1mhleabhar TS\u00c1 Phort L\u00e1irge (1995) <\/a><\/td><td>PDF<\/td><td>3.2MB<\/td><\/tr>\n<tr><td><a href=\"https:\/\/www.archaeology.ie\/app\/uploads\/2025\/03\/Archaeology-RMP-Waterford-Map-1995-0051.pdf\" target=\"_blank\" rel=\"noreferrer noopener\">L\u00e9arsc\u00e1il TS\u00c1 de Phort L\u00e1irge (1995) <\/a><\/td><td>PDF<\/td><td>20MB<\/td><\/tr>\n<tr><td><a href=\"https:\/\/www.archaeology.ie\/app\/uploads\/2025\/03\/Archaeology-RMP-Westmeath-Manual-1997-0052.pdf\" target=\"_blank\" rel=\"noreferrer noopener\">L\u00e1mhleabhar TS\u00c1 an Iarmh\u00ed (1997) <\/a><\/td><td>PDF<\/td><td>6.5MB<\/td><\/tr>\n<tr><td><a href=\"https:\/\/www.archaeology.ie\/app\/uploads\/2025\/03\/Archaeology-RMP-Westmeath-Map-1997-0053-1.pdf\" target=\"_blank\" rel=\"noreferrer noopener\">L\u00e9arsc\u00e1il TS\u00c1 den Iarmh\u00ed (1997) <\/a><\/td><td>PDF<\/td><td>22.6MB<\/td><\/tr>\n<tr><td><a href=\"https:\/\/www.archaeology.ie\/app\/uploads\/2025\/03\/Archaeology-RMP-Wexford-Manual-1995-0054.pdf\" target=\"_blank\" rel=\"noreferrer noopener\">L\u00e1mhleabhar TS\u00c1 le haghaidh Loch Garman (1995) <\/a><\/td><td>PDF<\/td><td>4.5Mb<\/td><\/tr>\n<tr><td><a href=\"https:\/\/www.archaeology.ie\/app\/uploads\/2025\/03\/Archaeology-RMP-Wexford-Map-1995-0055.pdf\" target=\"_blank\" rel=\"noreferrer noopener\">L\u00e9arsc\u00e1il TS\u00c1 de Loch Garman (1995) <\/a><\/td><td>PDF<\/td><td>25MB<\/td><\/tr>\n<tr><td><a href=\"https:\/\/www.archaeology.ie\/app\/uploads\/2025\/03\/Archaeology-RMP-Wicklow-Manual-1995-0056.pdf\" target=\"_blank\" rel=\"noreferrer noopener\">L\u00e1mhleabhar TS\u00c1 Chill Mhant\u00e1in (1995) <\/a><\/td><td>PDF<\/td><td>3.3MB<\/td><\/tr>\n<tr><td><a href=\"https:\/\/www.archaeology.ie\/app\/uploads\/2025\/03\/Archaeology-RMP-Wicklow-Map-1995-0057.pdf\" target=\"_blank\" rel=\"noreferrer noopener\">L\u00e9arsc\u00e1il TS\u00c1 de Chill Mhant\u00e1in (1995) <\/a><\/td><td>PDF<\/td><td>39MB<\/td><\/tr>\n<\/tbody><\/table><\/figure>\n\n<p><\/p>\n\n<p><\/p>\n\n<p><\/p>\n","protected":false},"excerpt":{"rendered":"<p>T\u00e1bla: L\u00e9arsc\u00e1ileanna agus liosta\u00ed a bhaineann leis an Taifead S\u00e9adchomhartha\u00ed agus \u00c1iteanna (TS\u00c1) Ainm Acmhainne Form\u00e1id Chomhaid M\u00e9id Chomhaid L\u00e1mhleabhar [&hellip;]<\/p>\n","protected":false},"author":7,"featured_media":0,"parent":3730,"menu_order":0,"comment_status":"closed","ping_status":"closed","template":"","meta":{"_acf_changed":false,"_uag_custom_page_level_css":"","site-sidebar-layout":"default","site-content-layout":"","ast-site-content-layout":"default","site-content-style":"default","site-sidebar-style":"default","ast-global-header-display":"","ast-banner-title-visibility":"","ast-main-header-display":"","ast-hfb-above-header-display":"","ast-hfb-below-header-display":"","ast-hfb-mobile-header-display":"","site-post-title":"","ast-breadcrumbs-content":"","ast-featured-img":"","footer-sml-layout":"","ast-disable-related-posts":"","theme-transparent-header-meta":"","adv-header-id-meta":"","stick-header-meta":"","header-above-stick-meta":"","header-main-stick-meta":"","header-below-stick-meta":"","astra-migrate-meta-layouts":"default","ast-page-background-enabled":"default","ast-page-background-meta":{"desktop":{"background-color":"var(--ast-global-color-4)","background-image":"","background-repeat":"repeat","background-position":"center center","background-size":"auto","background-attachment":"scroll","background-type":"","background-media":"","overlay-type":"","overlay-color":"","overlay-opacity":"","overlay-gradient":""},"tablet":{"background-color":"","background-image":"","background-repeat":"repeat","background-position":"center center","background-size":"auto","background-attachment":"scroll","background-type":"","background-media":"","overlay-type":"","overlay-color":"","overlay-opacity":"","overlay-gradient":""},"mobile":{"background-color":"","background-image":"","background-repeat":"repeat","background-position":"center center","background-size":"auto","background-attachment":"scroll","background-type":"","background-media":"","overlay-type":"","overlay-color":"","overlay-opacity":"","overlay-gradient":""}},"ast-content-background-meta":{"desktop":{"background-color":"var(--ast-global-color-5)","background-image":"","background-repeat":"repeat","background-position":"center center","background-size":"auto","background-attachment":"scroll","background-type":"","background-media":"","overlay-type":"","overlay-color":"","overlay-opacity":"","overlay-gradient":""},"tablet":{"background-color":"var(--ast-global-color-5)","background-image":"","background-repeat":"repeat","background-position":"center center","background-size":"auto","background-attachment":"scroll","background-type":"","background-media":"","overlay-type":"","overlay-color":"","overlay-opacity":"","overlay-gradient":""},"mobile":{"background-color":"var(--ast-global-color-5)","background-image":"","background-repeat":"repeat","background-position":"center center","background-size":"auto","background-attachment":"scroll","background-type":"","background-media":"","overlay-type":"","overlay-color":"","overlay-opacity":"","overlay-gradient":""}},"footnotes":""},"class_list":["post-4369","page","type-page","status-publish","hentry"],"acf":[],"yoast_head":"<!-- This site is optimized with the Yoast SEO plugin v27.3 - https:\/\/yoast.com\/product\/yoast-seo-wordpress\/ -->\n<title>Taifead S\u00e9adchomhartha\u00ed agus \u00c1iteanna (TS\u00c1) - Seirbh\u00eds na S\u00e9adchomhartha\u00edN\u00e1isi\u00fanta<\/title>\n<meta name=\"robots\" content=\"index, follow, max-snippet:-1, max-image-preview:large, max-video-preview:-1\" \/>\n<link rel=\"canonical\" href=\"https:\/\/www.archaeology.ie\/ga\/bailiuchain-agus-foilseachain\/bailiuchain\/bailiuchain-a-catalogaiodh\/taifead-seadchomharthai-agus-aiteanna-tsa\/\" \/>\n<meta property=\"og:locale\" content=\"ga_IE\" \/>\n<meta property=\"og:type\" content=\"article\" \/>\n<meta property=\"og:title\" content=\"Taifead S\u00e9adchomhartha\u00ed agus \u00c1iteanna (TS\u00c1) - Seirbh\u00eds na S\u00e9adchomhartha\u00edN\u00e1isi\u00fanta\" \/>\n<meta property=\"og:description\" content=\"T\u00e1bla: L\u00e9arsc\u00e1ileanna agus liosta\u00ed a bhaineann leis an Taifead S\u00e9adchomhartha\u00ed agus \u00c1iteanna (TS\u00c1) Ainm Acmhainne Form\u00e1id Chomhaid M\u00e9id Chomhaid L\u00e1mhleabhar [&hellip;]\" \/>\n<meta property=\"og:url\" content=\"https:\/\/www.archaeology.ie\/ga\/bailiuchain-agus-foilseachain\/bailiuchain\/bailiuchain-a-catalogaiodh\/taifead-seadchomharthai-agus-aiteanna-tsa\/\" \/>\n<meta property=\"og:site_name\" content=\"Seirbh\u00eds na S\u00e9adchomhartha\u00edN\u00e1isi\u00fanta\" \/>\n<meta property=\"article:publisher\" content=\"https:\/\/www.facebook.com\/NationalMons\/\" \/>\n<meta property=\"article:modified_time\" content=\"2025-03-26T06:23:17+00:00\" \/>\n<meta name=\"twitter:card\" content=\"summary_large_image\" \/>\n<meta name=\"twitter:site\" content=\"@NationalMons\" \/>\n<!-- \/ Yoast SEO plugin. -->","yoast_head_json":{"title":"Taifead S\u00e9adchomhartha\u00ed agus \u00c1iteanna (TS\u00c1) - Seirbh\u00eds na S\u00e9adchomhartha\u00edN\u00e1isi\u00fanta","robots":{"index":"index","follow":"follow","max-snippet":"max-snippet:-1","max-image-preview":"max-image-preview:large","max-video-preview":"max-video-preview:-1"},"canonical":"https:\/\/www.archaeology.ie\/ga\/bailiuchain-agus-foilseachain\/bailiuchain\/bailiuchain-a-catalogaiodh\/taifead-seadchomharthai-agus-aiteanna-tsa\/","og_locale":"ga_IE","og_type":"article","og_title":"Taifead S\u00e9adchomhartha\u00ed agus \u00c1iteanna (TS\u00c1) - Seirbh\u00eds na S\u00e9adchomhartha\u00edN\u00e1isi\u00fanta","og_description":"T\u00e1bla: L\u00e9arsc\u00e1ileanna agus liosta\u00ed a bhaineann leis an Taifead S\u00e9adchomhartha\u00ed agus \u00c1iteanna (TS\u00c1) Ainm Acmhainne Form\u00e1id Chomhaid M\u00e9id Chomhaid L\u00e1mhleabhar [&hellip;]","og_url":"https:\/\/www.archaeology.ie\/ga\/bailiuchain-agus-foilseachain\/bailiuchain\/bailiuchain-a-catalogaiodh\/taifead-seadchomharthai-agus-aiteanna-tsa\/","og_site_name":"Seirbh\u00eds na S\u00e9adchomhartha\u00edN\u00e1isi\u00fanta","article_publisher":"https:\/\/www.facebook.com\/NationalMons\/","article_modified_time":"2025-03-26T06:23:17+00:00","twitter_card":"summary_large_image","twitter_site":"@NationalMons","schema":{"@context":"https:\/\/schema.org","@graph":[{"@type":"WebPage","@id":"https:\/\/www.archaeology.ie\/ga\/bailiuchain-agus-foilseachain\/bailiuchain\/bailiuchain-a-catalogaiodh\/taifead-seadchomharthai-agus-aiteanna-tsa\/","url":"https:\/\/www.archaeology.ie\/ga\/bailiuchain-agus-foilseachain\/bailiuchain\/bailiuchain-a-catalogaiodh\/taifead-seadchomharthai-agus-aiteanna-tsa\/","name":"Taifead S\u00e9adchomhartha\u00ed agus \u00c1iteanna (TS\u00c1) - Seirbh\u00eds na S\u00e9adchomhartha\u00edN\u00e1isi\u00fanta","isPartOf":{"@id":"https:\/\/www.archaeology.ie\/ga\/#website"},"datePublished":"2025-03-14T10:55:28+00:00","dateModified":"2025-03-26T06:23:17+00:00","breadcrumb":{"@id":"https:\/\/www.archaeology.ie\/ga\/bailiuchain-agus-foilseachain\/bailiuchain\/bailiuchain-a-catalogaiodh\/taifead-seadchomharthai-agus-aiteanna-tsa\/#breadcrumb"},"inLanguage":"ga-IE","potentialAction":[{"@type":"ReadAction","target":["https:\/\/www.archaeology.ie\/ga\/bailiuchain-agus-foilseachain\/bailiuchain\/bailiuchain-a-catalogaiodh\/taifead-seadchomharthai-agus-aiteanna-tsa\/"]}]},{"@type":"BreadcrumbList","@id":"https:\/\/www.archaeology.ie\/ga\/bailiuchain-agus-foilseachain\/bailiuchain\/bailiuchain-a-catalogaiodh\/taifead-seadchomharthai-agus-aiteanna-tsa\/#breadcrumb","itemListElement":[{"@type":"ListItem","position":1,"name":"Baile","item":"https:\/\/www.archaeology.ie\/ga\/"},{"@type":"ListItem","position":2,"name":"Baili\u00fach\u00e1in agus Foilseach\u00e1in","item":"https:\/\/www.archaeology.ie\/ga\/bailiuchain-agus-foilseachain\/"},{"@type":"ListItem","position":3,"name":"Baili\u00fach\u00e1in","item":"https:\/\/www.archaeology.ie\/ga\/collections-and-publications\/collections\/"},{"@type":"ListItem","position":4,"name":"Baili\u00fach\u00e1in a Catal\u00f3ga\u00edodh","item":"https:\/\/www.archaeology.ie\/ga\/collections-and-publications\/collections\/catalogued-collections\/"},{"@type":"ListItem","position":5,"name":"Taifead S\u00e9adchomhartha\u00ed agus \u00c1iteanna (TS\u00c1)"}]},{"@type":"WebSite","@id":"https:\/\/www.archaeology.ie\/ga\/#website","url":"https:\/\/www.archaeology.ie\/ga\/","name":"National Monuments Service","description":"National Monuments Service","publisher":{"@id":"https:\/\/www.archaeology.ie\/ga\/#organization"},"potentialAction":[{"@type":"SearchAction","target":{"@type":"EntryPoint","urlTemplate":"https:\/\/www.archaeology.ie\/ga\/?s={search_term_string}"},"query-input":{"@type":"PropertyValueSpecification","valueRequired":true,"valueName":"search_term_string"}}],"inLanguage":"ga-IE"},{"@type":"Organization","@id":"https:\/\/www.archaeology.ie\/ga\/#organization","name":"National Monuments Service","url":"https:\/\/www.archaeology.ie\/ga\/","logo":{"@type":"ImageObject","inLanguage":"ga-IE","@id":"https:\/\/www.archaeology.ie\/ga\/#\/schema\/logo\/image\/","url":"https:\/\/www.archaeology.ie\/app\/uploads\/2024\/07\/nms-logo.png","contentUrl":"https:\/\/www.archaeology.ie\/app\/uploads\/2024\/07\/nms-logo.png","width":503,"height":124,"caption":"National Monuments Service"},"image":{"@id":"https:\/\/www.archaeology.ie\/ga\/#\/schema\/logo\/image\/"},"sameAs":["https:\/\/www.facebook.com\/NationalMons\/","https:\/\/x.com\/NationalMons"]}]}},"spectra_custom_meta":{"_wpml_media_duplicate":["1"],"_wpml_media_featured":["1"],"_top_nav_excluded":[""],"_cms_nav_minihome":[""],"_last_translation_edit_mode":["translation-editor"],"_wp_page_template":[""],"_uag_css_file_name":["uag-css-4369.css"],"_cmplz_scanned_post":["1"]},"uagb_featured_image_src":{"full":false,"thumbnail":false,"medium":false,"medium_large":false,"large":false,"1536x1536":false,"2048x2048":false,"gform-image-choice-sm":false,"gform-image-choice-md":false,"gform-image-choice-lg":false},"uagb_author_info":{"display_name":"Gareth John","author_link":"https:\/\/www.archaeology.ie\/ga\/author\/gar-john\/"},"uagb_comment_info":0,"uagb_excerpt":"T\u00e1bla: L\u00e9arsc\u00e1ileanna agus liosta\u00ed a bhaineann leis an Taifead S\u00e9adchomhartha\u00ed agus \u00c1iteanna (TS\u00c1) Ainm Acmhainne Form\u00e1id Chomhaid M\u00e9id Chomhaid L\u00e1mhleabhar [&hellip;]","_links":{"self":[{"href":"https:\/\/www.archaeology.ie\/ga\/wp-json\/wp\/v2\/pages\/4369","targetHints":{"allow":["GET"]}}],"collection":[{"href":"https:\/\/www.archaeology.ie\/ga\/wp-json\/wp\/v2\/pages"}],"about":[{"href":"https:\/\/www.archaeology.ie\/ga\/wp-json\/wp\/v2\/types\/page"}],"author":[{"embeddable":true,"href":"https:\/\/www.archaeology.ie\/ga\/wp-json\/wp\/v2\/users\/7"}],"replies":[{"embeddable":true,"href":"https:\/\/www.archaeology.ie\/ga\/wp-json\/wp\/v2\/comments?post=4369"}],"version-history":[{"count":10,"href":"https:\/\/www.archaeology.ie\/ga\/wp-json\/wp\/v2\/pages\/4369\/revisions"}],"predecessor-version":[{"id":4749,"href":"https:\/\/www.archaeology.ie\/ga\/wp-json\/wp\/v2\/pages\/4369\/revisions\/4749"}],"up":[{"embeddable":true,"href":"https:\/\/www.archaeology.ie\/ga\/wp-json\/wp\/v2\/pages\/3730"}],"wp:attachment":[{"href":"https:\/\/www.archaeology.ie\/ga\/wp-json\/wp\/v2\/media?parent=4369"}],"curies":[{"name":"wp","href":"https:\/\/api.w.org\/{rel}","templated":true}]}}