{"id":4796,"date":"2025-03-19T11:19:29","date_gmt":"2025-03-19T11:19:29","guid":{"rendered":"https:\/\/www.archaeology.ie\/fuinne\/cad-a-dheanaimid\/seadchomharthai-faoi-churam-an-stait\/seadchomharthai-naisiunta-faoi-churam-an-stait\/"},"modified":"2025-04-17T08:46:29","modified_gmt":"2025-04-17T08:46:29","slug":"seadchomharthai-naisiunta-faoi-churam-an-stait","status":"publish","type":"page","link":"https:\/\/www.archaeology.ie\/ga\/fuinne\/cad-a-dheanaimid\/seadchomharthai-faoi-churam-an-stait\/seadchomharthai-naisiunta-faoi-churam-an-stait\/","title":{"rendered":"S\u00e9adchomhartha\u00ed N\u00e1isi\u00fanta faoi Ch\u00faram an St\u00e1it"},"content":{"rendered":"\n<p>Roghnaigh contae \u00f3n liosta th\u00edos le haghaidh liosta de na s\u00e9adchomhartha\u00ed n\u00e1isi\u00fanta faoi ch\u00faram an St\u00e1it sa chontae sin, le do thoil:<\/p>\n\n<p><strong>Cl\u00e1sal S\u00e9anta<\/strong><\/p>\n\n<p>T\u00e1 na tacair sonra\u00ed seo bunaithe ar thaifid a dt\u00e9ann go leor acu siar go dt\u00ed deireadh an 19\u00fa haois \/ t\u00fas an 20\u00fa haois. T\u00e1 taighde ar si\u00fal chun l\u00edon agus m\u00e9id chruinn cuid de na s\u00e9adchomhartha\u00ed a tugadh faoi ch\u00faram an St\u00e1it a shoil\u00e9iri\u00fa. D\u00e1 bhr\u00ed sin, ba cheart an fhaisn\u00e9is a chuirtear i l\u00e1thair anseo a mheas mar obair at\u00e1 idir l\u00e1mha; cuirfear athruithe chun feidhme \u00f3 am go ch\u00e9ile.  <\/p>\n\n<figure class=\"wp-block-table table-monuments\"><table class=\"has-fixed-layout\"><thead><tr><th>Ainm Acmhainne<\/th><th>Form\u00e1id Chomhaid<\/th><th>File Size<\/th><\/tr><\/thead><tbody><tr><td><a href=\"https:\/\/www.archaeology.ie\/app\/uploads\/2025\/03\/monuments-in-state-care-carlow.pdf\">Ceatharlach<\/a><\/td><td>PDF<\/td><td>458KB<\/td><\/tr><tr><td><a href=\"https:\/\/www.archaeology.ie\/app\/uploads\/2025\/03\/monuments-in-state-care-cavan.pdf\" target=\"_blank\" rel=\"noreferrer noopener\">An Cabh\u00e1n<\/a><\/td><td>PDF<\/td><td>577KB<\/td><\/tr><tr><td><a href=\"https:\/\/www.archaeology.ie\/app\/uploads\/2025\/03\/monuments-in-state-care-clare.pdf\" target=\"_blank\" rel=\"noreferrer noopener\">An Cl\u00e1r<\/a><\/td><td>PDF<\/td><td>536KB<\/td><\/tr><tr><td><a href=\"https:\/\/www.archaeology.ie\/app\/uploads\/2025\/03\/monuments-in-state-care-cork.pdf\" target=\"_blank\" rel=\"noreferrer noopener\">Corcaigh<\/a><\/td><td>PDF<\/td><td>544KB<\/td><\/tr><tr><td><a href=\"https:\/\/www.archaeology.ie\/app\/uploads\/2025\/03\/monuments-in-state-care-donegal.pdf\" target=\"_blank\" rel=\"noreferrer noopener\">D\u00fan na nGall<\/a><\/td><td>PDF<\/td><td>538KB<\/td><\/tr><tr><td><a href=\"https:\/\/www.archaeology.ie\/app\/uploads\/2025\/03\/monuments-in-state-care-dublin.pdf\" target=\"_blank\" rel=\"noreferrer noopener\">Baile \u00c1tha Cliath<\/a><\/td><td>PDF<\/td><td>539KB<\/td><\/tr><tr><td><a href=\"https:\/\/www.archaeology.ie\/app\/uploads\/2025\/03\/monuments-in-state-care-galway.pdf\" target=\"_blank\" rel=\"noreferrer noopener\">Gaillimh<\/a><\/td><td>PDF<\/td><td>551KB<\/td><\/tr><tr><td><a href=\"https:\/\/www.archaeology.ie\/app\/uploads\/2025\/03\/monuments-in-state-care-kerry.pdf\" target=\"_blank\" rel=\"noreferrer noopener\">Ciarra\u00ed<\/a><\/td><td>PDF<\/td><td>558KB<\/td><\/tr><tr><td><a href=\"https:\/\/www.archaeology.ie\/app\/uploads\/2025\/03\/monuments-in-state-care-kildare.pdf\" target=\"_blank\" rel=\"noreferrer noopener\">Cill Dara<\/a><\/td><td>PDF<\/td><td>547KB<\/td><\/tr><tr><td><a href=\"https:\/\/www.archaeology.ie\/app\/uploads\/2025\/03\/monuments-in-state-care-kilkenny.pdf\" target=\"_blank\" rel=\"noreferrer noopener\">Cill Chainnigh<\/a><\/td><td>PDF<\/td><td>561KB<\/td><\/tr><tr><td><a href=\"https:\/\/www.archaeology.ie\/app\/uploads\/2025\/03\/monuments-in-state-care-laois.pdf\" target=\"_blank\" rel=\"noreferrer noopener\">Laois<\/a><\/td><td>PDF<\/td><td>533KB<\/td><\/tr><tr><td><a href=\"https:\/\/www.archaeology.ie\/app\/uploads\/2025\/03\/monuments-in-state-care-leitrim.pdf\" target=\"_blank\" rel=\"noreferrer noopener\">Liatroim<\/a><\/td><td>PDF<\/td><td>532KB<\/td><\/tr><tr><td><a href=\"https:\/\/www.archaeology.ie\/app\/uploads\/2025\/03\/monuments-in-state-care-limerick.pdf\" target=\"_blank\" rel=\"noreferrer noopener\">Luimneach<\/a><\/td><td>PDF<\/td><td>546KB<\/td><\/tr><tr><td><a href=\"https:\/\/www.archaeology.ie\/app\/uploads\/2025\/03\/monuments-in-state-care-longford.pdf\" target=\"_blank\" rel=\"noreferrer noopener\">An Longfort<\/a><\/td><td>PDF<\/td><td>536KB<\/td><\/tr><tr><td><a href=\"https:\/\/www.archaeology.ie\/app\/uploads\/2025\/03\/monuments-in-state-care-louth.pdf\" target=\"_blank\" rel=\"noreferrer noopener\">L\u00fa<\/a><\/td><td>PDF<\/td><td>537KB<\/td><\/tr><tr><td><a href=\"https:\/\/www.archaeology.ie\/app\/uploads\/2025\/03\/monuments-in-state-care-mayo.pdf\" target=\"_blank\" rel=\"noreferrer noopener\">Maigh Eo<\/a><\/td><td>PDF<\/td><td>542KB<\/td><\/tr><tr><td><a href=\"https:\/\/www.archaeology.ie\/app\/uploads\/2025\/03\/monuments-in-state-care-meath.pdf\" target=\"_blank\" rel=\"noreferrer noopener\">An Mh\u00ed<\/a><\/td><td>PDF<\/td><td>546KB<\/td><\/tr><tr><td><a href=\"https:\/\/www.archaeology.ie\/app\/uploads\/2025\/03\/monuments-in-state-care-monaghan.pdf\" target=\"_blank\" rel=\"noreferrer noopener\">Muineach\u00e1n<\/a><\/td><td>PDF<\/td><td>531KB<\/td><\/tr><tr><td><a href=\"https:\/\/www.archaeology.ie\/app\/uploads\/2025\/03\/monuments-in-state-care-offaly.pdf\" target=\"_blank\" rel=\"noreferrer noopener\">U\u00edbh Fhail\u00ed<\/a><\/td><td>PDF<\/td><td>533KB<\/td><\/tr><tr><td><a href=\"https:\/\/www.archaeology.ie\/app\/uploads\/2025\/03\/monuments-in-state-care-roscommon.pdf\" target=\"_blank\" rel=\"noreferrer noopener\">Ros Com\u00e1in<\/a><\/td><td>PDF<\/td><td>537KB<\/td><\/tr><tr><td><a href=\"https:\/\/www.archaeology.ie\/app\/uploads\/2025\/03\/monuments-in-state-care-sligo.pdf\" target=\"_blank\" rel=\"noreferrer noopener\">Sligeach<\/a><\/td><td>PDF<\/td><td>541KB<\/td><\/tr><tr><td><a href=\"https:\/\/www.archaeology.ie\/app\/uploads\/2025\/03\/monuments-in-state-care-tipperary-north.pdf\" target=\"_blank\" rel=\"noreferrer noopener\">Tiobraid \u00c1rann (North Riding)<\/a><\/td><td>PDF<\/td><td>539KB<\/td><\/tr><tr><td><a href=\"https:\/\/www.archaeology.ie\/app\/uploads\/2025\/03\/monuments-in-state-care-tipperary-south.pdf\" target=\"_blank\" rel=\"noreferrer noopener\">Tiobraid \u00c1rann (South Riding)<\/a><\/td><td>PDF<\/td><td>542KB<\/td><\/tr><tr><td><a href=\"https:\/\/www.archaeology.ie\/app\/uploads\/2025\/03\/monuments-in-state-care-waterford.pdf\" target=\"_blank\" rel=\"noreferrer noopener\">Port L\u00e1irge<\/a><\/td><td>PDF<\/td><td>533KB<\/td><\/tr><tr><td><a href=\"https:\/\/www.archaeology.ie\/app\/uploads\/2025\/03\/monuments-in-state-care-westmeath.pdf\" target=\"_blank\" rel=\"noreferrer noopener\">An Iarmh\u00ed<\/a><\/td><td>PDF<\/td><td>533KB<\/td><\/tr><tr><td><a href=\"https:\/\/www.archaeology.ie\/app\/uploads\/2025\/03\/monuments-in-state-care-wexford.pdf\" target=\"_blank\" rel=\"noreferrer noopener\">Loch Garman<\/a><\/td><td>PDF<\/td><td>534KB<\/td><\/tr><tr><td><a href=\"https:\/\/www.archaeology.ie\/app\/uploads\/2025\/03\/monuments-in-state-care-wicklow.pdf\" target=\"_blank\" rel=\"noreferrer noopener\">Cill Mhant\u00e1in<\/a><\/td><td>PDF<\/td><td>540KB<\/td><\/tr><\/tbody><\/table><figcaption class=\"wp-element-caption\"><strong>T\u00e1bla<\/strong>: S\u00e9adchomhartha\u00ed N\u00e1isi\u00fanta faoi Ch\u00faram an St\u00e1it de r\u00e9ir Contae<\/figcaption><\/figure>\n","protected":false},"excerpt":{"rendered":"<p>Roghnaigh contae \u00f3n liosta th\u00edos le haghaidh liosta de na s\u00e9adchomhartha\u00ed n\u00e1isi\u00fanta faoi ch\u00faram an St\u00e1it sa chontae sin, le [&hellip;]<\/p>\n","protected":false},"author":7,"featured_media":0,"parent":3998,"menu_order":0,"comment_status":"closed","ping_status":"closed","template":"","meta":{"_acf_changed":false,"_uag_custom_page_level_css":"","site-sidebar-layout":"default","site-content-layout":"","ast-site-content-layout":"","site-content-style":"default","site-sidebar-style":"default","ast-global-header-display":"","ast-banner-title-visibility":"","ast-main-header-display":"","ast-hfb-above-header-display":"","ast-hfb-below-header-display":"","ast-hfb-mobile-header-display":"","site-post-title":"","ast-breadcrumbs-content":"","ast-featured-img":"","footer-sml-layout":"","ast-disable-related-posts":"","theme-transparent-header-meta":"","adv-header-id-meta":"","stick-header-meta":"","header-above-stick-meta":"","header-main-stick-meta":"","header-below-stick-meta":"","astra-migrate-meta-layouts":"default","ast-page-background-enabled":"default","ast-page-background-meta":{"desktop":{"background-color":"var(--ast-global-color-4)","background-image":"","background-repeat":"repeat","background-position":"center center","background-size":"auto","background-attachment":"scroll","background-type":"","background-media":"","overlay-type":"","overlay-color":"","overlay-opacity":"","overlay-gradient":""},"tablet":{"background-color":"","background-image":"","background-repeat":"repeat","background-position":"center center","background-size":"auto","background-attachment":"scroll","background-type":"","background-media":"","overlay-type":"","overlay-color":"","overlay-opacity":"","overlay-gradient":""},"mobile":{"background-color":"","background-image":"","background-repeat":"repeat","background-position":"center center","background-size":"auto","background-attachment":"scroll","background-type":"","background-media":"","overlay-type":"","overlay-color":"","overlay-opacity":"","overlay-gradient":""}},"ast-content-background-meta":{"desktop":{"background-color":"var(--ast-global-color-5)","background-image":"","background-repeat":"repeat","background-position":"center center","background-size":"auto","background-attachment":"scroll","background-type":"","background-media":"","overlay-type":"","overlay-color":"","overlay-opacity":"","overlay-gradient":""},"tablet":{"background-color":"var(--ast-global-color-5)","background-image":"","background-repeat":"repeat","background-position":"center center","background-size":"auto","background-attachment":"scroll","background-type":"","background-media":"","overlay-type":"","overlay-color":"","overlay-opacity":"","overlay-gradient":""},"mobile":{"background-color":"var(--ast-global-color-5)","background-image":"","background-repeat":"repeat","background-position":"center center","background-size":"auto","background-attachment":"scroll","background-type":"","background-media":"","overlay-type":"","overlay-color":"","overlay-opacity":"","overlay-gradient":""}},"footnotes":""},"class_list":["post-4796","page","type-page","status-publish","hentry"],"acf":[],"yoast_head":"<!-- This site is optimized with the Yoast SEO plugin v27.3 - https:\/\/yoast.com\/product\/yoast-seo-wordpress\/ -->\n<title>S\u00e9adchomhartha\u00ed N\u00e1isi\u00fanta faoi Ch\u00faram an St\u00e1it - Seirbh\u00eds na S\u00e9adchomhartha\u00edN\u00e1isi\u00fanta<\/title>\n<meta name=\"robots\" content=\"index, follow, max-snippet:-1, max-image-preview:large, max-video-preview:-1\" \/>\n<link rel=\"canonical\" href=\"https:\/\/www.archaeology.ie\/ga\/fuinne\/cad-a-dheanaimid\/seadchomharthai-faoi-churam-an-stait\/seadchomharthai-naisiunta-faoi-churam-an-stait\/\" \/>\n<meta property=\"og:locale\" content=\"ga_IE\" \/>\n<meta property=\"og:type\" content=\"article\" \/>\n<meta property=\"og:title\" content=\"S\u00e9adchomhartha\u00ed N\u00e1isi\u00fanta faoi Ch\u00faram an St\u00e1it - Seirbh\u00eds na S\u00e9adchomhartha\u00edN\u00e1isi\u00fanta\" \/>\n<meta property=\"og:description\" content=\"Roghnaigh contae \u00f3n liosta th\u00edos le haghaidh liosta de na s\u00e9adchomhartha\u00ed n\u00e1isi\u00fanta faoi ch\u00faram an St\u00e1it sa chontae sin, le [&hellip;]\" \/>\n<meta property=\"og:url\" content=\"https:\/\/www.archaeology.ie\/ga\/fuinne\/cad-a-dheanaimid\/seadchomharthai-faoi-churam-an-stait\/seadchomharthai-naisiunta-faoi-churam-an-stait\/\" \/>\n<meta property=\"og:site_name\" content=\"Seirbh\u00eds na S\u00e9adchomhartha\u00edN\u00e1isi\u00fanta\" \/>\n<meta property=\"article:publisher\" content=\"https:\/\/www.facebook.com\/NationalMons\/\" \/>\n<meta property=\"article:modified_time\" content=\"2025-04-17T08:46:29+00:00\" \/>\n<meta name=\"twitter:card\" content=\"summary_large_image\" \/>\n<meta name=\"twitter:site\" content=\"@NationalMons\" \/>\n<!-- \/ Yoast SEO plugin. -->","yoast_head_json":{"title":"S\u00e9adchomhartha\u00ed N\u00e1isi\u00fanta faoi Ch\u00faram an St\u00e1it - Seirbh\u00eds na S\u00e9adchomhartha\u00edN\u00e1isi\u00fanta","robots":{"index":"index","follow":"follow","max-snippet":"max-snippet:-1","max-image-preview":"max-image-preview:large","max-video-preview":"max-video-preview:-1"},"canonical":"https:\/\/www.archaeology.ie\/ga\/fuinne\/cad-a-dheanaimid\/seadchomharthai-faoi-churam-an-stait\/seadchomharthai-naisiunta-faoi-churam-an-stait\/","og_locale":"ga_IE","og_type":"article","og_title":"S\u00e9adchomhartha\u00ed N\u00e1isi\u00fanta faoi Ch\u00faram an St\u00e1it - Seirbh\u00eds na S\u00e9adchomhartha\u00edN\u00e1isi\u00fanta","og_description":"Roghnaigh contae \u00f3n liosta th\u00edos le haghaidh liosta de na s\u00e9adchomhartha\u00ed n\u00e1isi\u00fanta faoi ch\u00faram an St\u00e1it sa chontae sin, le [&hellip;]","og_url":"https:\/\/www.archaeology.ie\/ga\/fuinne\/cad-a-dheanaimid\/seadchomharthai-faoi-churam-an-stait\/seadchomharthai-naisiunta-faoi-churam-an-stait\/","og_site_name":"Seirbh\u00eds na S\u00e9adchomhartha\u00edN\u00e1isi\u00fanta","article_publisher":"https:\/\/www.facebook.com\/NationalMons\/","article_modified_time":"2025-04-17T08:46:29+00:00","twitter_card":"summary_large_image","twitter_site":"@NationalMons","schema":{"@context":"https:\/\/schema.org","@graph":[{"@type":"WebPage","@id":"https:\/\/www.archaeology.ie\/ga\/fuinne\/cad-a-dheanaimid\/seadchomharthai-faoi-churam-an-stait\/seadchomharthai-naisiunta-faoi-churam-an-stait\/","url":"https:\/\/www.archaeology.ie\/ga\/fuinne\/cad-a-dheanaimid\/seadchomharthai-faoi-churam-an-stait\/seadchomharthai-naisiunta-faoi-churam-an-stait\/","name":"S\u00e9adchomhartha\u00ed N\u00e1isi\u00fanta faoi Ch\u00faram an St\u00e1it - Seirbh\u00eds na S\u00e9adchomhartha\u00edN\u00e1isi\u00fanta","isPartOf":{"@id":"https:\/\/www.archaeology.ie\/ga\/#website"},"datePublished":"2025-03-19T11:19:29+00:00","dateModified":"2025-04-17T08:46:29+00:00","breadcrumb":{"@id":"https:\/\/www.archaeology.ie\/ga\/fuinne\/cad-a-dheanaimid\/seadchomharthai-faoi-churam-an-stait\/seadchomharthai-naisiunta-faoi-churam-an-stait\/#breadcrumb"},"inLanguage":"ga-IE","potentialAction":[{"@type":"ReadAction","target":["https:\/\/www.archaeology.ie\/ga\/fuinne\/cad-a-dheanaimid\/seadchomharthai-faoi-churam-an-stait\/seadchomharthai-naisiunta-faoi-churam-an-stait\/"]}]},{"@type":"BreadcrumbList","@id":"https:\/\/www.archaeology.ie\/ga\/fuinne\/cad-a-dheanaimid\/seadchomharthai-faoi-churam-an-stait\/seadchomharthai-naisiunta-faoi-churam-an-stait\/#breadcrumb","itemListElement":[{"@type":"ListItem","position":1,"name":"Baile","item":"https:\/\/www.archaeology.ie\/ga\/"},{"@type":"ListItem","position":2,"name":"F\u00fainne","item":"https:\/\/www.archaeology.ie\/ga\/about-us\/"},{"@type":"ListItem","position":3,"name":"Cad a Dh\u00e9anaimid","item":"https:\/\/www.archaeology.ie\/ga\/about-us\/what-we-do\/"},{"@type":"ListItem","position":4,"name":"S\u00e9adchomhartha\u00ed faoi Ch\u00faram an St\u00e1it","item":"https:\/\/www.archaeology.ie\/ga\/fuinne\/cad-a-dheanaimid\/seadchomharthai-faoi-churam-an-stait\/"},{"@type":"ListItem","position":5,"name":"S\u00e9adchomhartha\u00ed N\u00e1isi\u00fanta faoi Ch\u00faram an St\u00e1it"}]},{"@type":"WebSite","@id":"https:\/\/www.archaeology.ie\/ga\/#website","url":"https:\/\/www.archaeology.ie\/ga\/","name":"National Monuments Service","description":"National Monuments Service","publisher":{"@id":"https:\/\/www.archaeology.ie\/ga\/#organization"},"potentialAction":[{"@type":"SearchAction","target":{"@type":"EntryPoint","urlTemplate":"https:\/\/www.archaeology.ie\/ga\/?s={search_term_string}"},"query-input":{"@type":"PropertyValueSpecification","valueRequired":true,"valueName":"search_term_string"}}],"inLanguage":"ga-IE"},{"@type":"Organization","@id":"https:\/\/www.archaeology.ie\/ga\/#organization","name":"National Monuments Service","url":"https:\/\/www.archaeology.ie\/ga\/","logo":{"@type":"ImageObject","inLanguage":"ga-IE","@id":"https:\/\/www.archaeology.ie\/ga\/#\/schema\/logo\/image\/","url":"https:\/\/www.archaeology.ie\/app\/uploads\/2024\/07\/nms-logo.png","contentUrl":"https:\/\/www.archaeology.ie\/app\/uploads\/2024\/07\/nms-logo.png","width":503,"height":124,"caption":"National Monuments Service"},"image":{"@id":"https:\/\/www.archaeology.ie\/ga\/#\/schema\/logo\/image\/"},"sameAs":["https:\/\/www.facebook.com\/NationalMons\/","https:\/\/x.com\/NationalMons"]}]}},"spectra_custom_meta":{"_wpml_media_duplicate":["1"],"_wpml_media_featured":["1"],"_top_nav_excluded":[""],"_cms_nav_minihome":[""],"_last_translation_edit_mode":["translation-editor"],"_wp_page_template":[""],"ast-main-header-display":[""],"ast-hfb-above-header-display":[""],"ast-hfb-below-header-display":[""],"ast-hfb-mobile-header-display":[""],"adv-header-id-meta":[""],"footer-sml-layout":[""],"stick-header-meta":[""],"header-main-stick-meta":[""],"header-above-stick-meta":[""],"header-below-stick-meta":[""],"site-post-title":[""],"site-sidebar-layout":["default"],"site-content-layout":[""],"ast-featured-img":[""],"ast-breadcrumbs-content":[""],"theme-transparent-header-meta":[""],"ast-banner-title-visibility":[""],"ast-global-header-display":[""],"ast-site-content-layout":[""],"site-content-style":["default"],"site-sidebar-style":["default"],"_wpml_word_count":["207"]},"uagb_featured_image_src":{"full":false,"thumbnail":false,"medium":false,"medium_large":false,"large":false,"1536x1536":false,"2048x2048":false,"gform-image-choice-sm":false,"gform-image-choice-md":false,"gform-image-choice-lg":false},"uagb_author_info":{"display_name":"Gareth John","author_link":"https:\/\/www.archaeology.ie\/ga\/author\/gar-john\/"},"uagb_comment_info":0,"uagb_excerpt":"Roghnaigh contae \u00f3n liosta th\u00edos le haghaidh liosta de na s\u00e9adchomhartha\u00ed n\u00e1isi\u00fanta faoi ch\u00faram an St\u00e1it sa chontae sin, le [&hellip;]","_links":{"self":[{"href":"https:\/\/www.archaeology.ie\/ga\/wp-json\/wp\/v2\/pages\/4796","targetHints":{"allow":["GET"]}}],"collection":[{"href":"https:\/\/www.archaeology.ie\/ga\/wp-json\/wp\/v2\/pages"}],"about":[{"href":"https:\/\/www.archaeology.ie\/ga\/wp-json\/wp\/v2\/types\/page"}],"author":[{"embeddable":true,"href":"https:\/\/www.archaeology.ie\/ga\/wp-json\/wp\/v2\/users\/7"}],"replies":[{"embeddable":true,"href":"https:\/\/www.archaeology.ie\/ga\/wp-json\/wp\/v2\/comments?post=4796"}],"version-history":[{"count":4,"href":"https:\/\/www.archaeology.ie\/ga\/wp-json\/wp\/v2\/pages\/4796\/revisions"}],"predecessor-version":[{"id":4995,"href":"https:\/\/www.archaeology.ie\/ga\/wp-json\/wp\/v2\/pages\/4796\/revisions\/4995"}],"up":[{"embeddable":true,"href":"https:\/\/www.archaeology.ie\/ga\/wp-json\/wp\/v2\/pages\/3998"}],"wp:attachment":[{"href":"https:\/\/www.archaeology.ie\/ga\/wp-json\/wp\/v2\/media?parent=4796"}],"curies":[{"name":"wp","href":"https:\/\/api.w.org\/{rel}","templated":true}]}}